{"id":911,"date":"2021-01-27T12:37:31","date_gmt":"2021-01-27T11:37:31","guid":{"rendered":"https:\/\/agora.xtec.cat\/ies-domenechimontaner\/?page_id=911"},"modified":"2023-01-11T09:59:23","modified_gmt":"2023-01-11T08:59:23","slug":"batxillerat","status":"publish","type":"page","link":"https:\/\/agora.xtec.cat\/ies-domenechimontaner\/estudis\/batxillerat\/","title":{"rendered":"Batxillerat"},"content":{"rendered":"<p>El\u00a0<strong>Batxillerat<\/strong>\u00a0\u00e9s una etapa formativa d&#8217;educaci\u00f3\u00a0<strong>no obligat\u00f2ria<\/strong>\u00a0que t\u00e9 una durada de\u00a0<strong>dos cursos<\/strong>. Normalment es realitza entre els 16 i els 18 anys.<\/p>\n<p>S&#8217;organitza en\u00a0<strong>modalitats,<\/strong>\u00a0amb diferents vies dintre de cada modalitat, per poder oferir una formaci\u00f3 m\u00e9s especialitzada tenint en compte els interessos professionals de l&#8217;alumnat.<\/p>\n<p>En definitiva, el Batxillerat ha d&#8217;ajudar-te a adquirir tant una maduresa intel\u00b7lectual i humana com els coneixements i habilitats per desenvolupar funcions socials amb responsabilitat i compet\u00e8ncia, i un cop finalitzat incorporar-te al m\u00f3n laboral o b\u00e9 seguir estudis posteriors.<\/p>\n<p><a href=\"https:\/\/agora.xtec.cat\/ies-domenechimontaner\/estudis\/batxillerat\/criteris-davaluacio-batxillerat\/\">CRITERIS D&#8217;AVALUACI\u00d3<\/a><\/p>\n<p><a href=\"https:\/\/agora.xtec.cat\/ies-domenechimontaner\/estudis\/batxillerat\/treball-de-recerca\/\">TREBALL DE RECERCA<\/a><\/p>\n","protected":false},"excerpt":{"rendered":"<p>El\u00a0Batxillerat\u00a0\u00e9s una etapa formativa d&#8217;educaci\u00f3\u00a0no obligat\u00f2ria\u00a0que t\u00e9 una durada de\u00a0dos cursos. Normalment es realitza entre els 16 i els 18 anys.<br \/>\nS&#8217;organitza en\u00a0modalitats,\u00a0amb diferents vies dintre de cada modalitat, per poder oferir una formaci\u00f3 m\u00e9s especialitzada tenint en compte els interessos professionals de l&#8217;alumnat.<br \/>\nEn definitiva, el&hellip;  <a href=\"https:\/\/agora.xtec.cat\/ies-domenechimontaner\/estudis\/batxillerat\/\" title=\"Read Batxillerat\">Llegeix m\u00e9s\u00bb<\/a><\/p>\n","protected":false},"author":3,"featured_media":0,"parent":195,"menu_order":2,"comment_status":"closed","ping_status":"closed","template":"page-templates\/side-menu.php","meta":{"_bbp_topic_count":0,"_bbp_reply_count":0,"_bbp_total_topic_count":0,"_bbp_total_reply_count":0,"_bbp_voice_count":0,"_bbp_anonymous_reply_count":0,"_bbp_topic_count_hidden":0,"_bbp_reply_count_hidden":0,"_bbp_forum_subforum_count":0,"footnotes":""},"class_list":["post-911","page","type-page","status-publish","hentry"],"post_mailing_queue_ids":[],"_links":{"self":[{"href":"https:\/\/agora.xtec.cat\/ies-domenechimontaner\/wp-json\/wp\/v2\/pages\/911","targetHints":{"allow":["GET"]}}],"collection":[{"href":"https:\/\/agora.xtec.cat\/ies-domenechimontaner\/wp-json\/wp\/v2\/pages"}],"about":[{"href":"https:\/\/agora.xtec.cat\/ies-domenechimontaner\/wp-json\/wp\/v2\/types\/page"}],"author":[{"embeddable":true,"href":"https:\/\/agora.xtec.cat\/ies-domenechimontaner\/wp-json\/wp\/v2\/users\/3"}],"replies":[{"embeddable":true,"href":"https:\/\/agora.xtec.cat\/ies-domenechimontaner\/wp-json\/wp\/v2\/comments?post=911"}],"version-history":[{"count":5,"href":"https:\/\/agora.xtec.cat\/ies-domenechimontaner\/wp-json\/wp\/v2\/pages\/911\/revisions"}],"predecessor-version":[{"id":2860,"href":"https:\/\/agora.xtec.cat\/ies-domenechimontaner\/wp-json\/wp\/v2\/pages\/911\/revisions\/2860"}],"up":[{"embeddable":true,"href":"https:\/\/agora.xtec.cat\/ies-domenechimontaner\/wp-json\/wp\/v2\/pages\/195"}],"wp:attachment":[{"href":"https:\/\/agora.xtec.cat\/ies-domenechimontaner\/wp-json\/wp\/v2\/media?parent=911"}],"curies":[{"name":"wp","href":"https:\/\/api.w.org\/{rel}","templated":true}]}}