{"id":898,"date":"2021-01-27T12:20:55","date_gmt":"2021-01-27T11:20:55","guid":{"rendered":"https:\/\/agora.xtec.cat\/ies-domenechimontaner\/?page_id=898"},"modified":"2023-01-11T10:00:31","modified_gmt":"2023-01-11T09:00:31","slug":"eso","status":"publish","type":"page","link":"https:\/\/agora.xtec.cat\/ies-domenechimontaner\/estudis\/eso\/","title":{"rendered":"ESO"},"content":{"rendered":"<p>L&#8217;Educaci\u00f3 Secund\u00e0ria Obligat\u00f2ria (ESO)\u00a0\u00e9s una\u00a0etapa educativa\u00a0que s&#8217;est\u00e9n al llarg de quatre cursos acad\u00e8mics\u00a0una vegada finalitzada l&#8217;Educaci\u00f3 Prim\u00e0ria.<\/p>\n<p>Normalment es realitza\u00a0<strong>entre els\u00a012 i els\u00a016 anys<\/strong>, per\u00f2 l&#8217;alumnat t\u00e9 dret a\u00a0romandre cursant aquests estudis fins als 18 anys, ampliant-se 1 any m\u00e9s en cas de repetir el quart curs.<\/p>\n<p>La Llei Org\u00e0nica 3\/2020 d&#8217;Educaci\u00f3, m\u00e9s coneguda com a\u00a0LOMLOE, ha comportat algunes modificacions en l&#8217;Educaci\u00f3 Secund\u00e0ria Obligat\u00f2ria. Els canvis que afecten el curr\u00edculum d&#8217;aquesta etapa s&#8217;implanten durant el\u00a0curs 2022-2023 en 1r i 3r, mentre que per al curs\u00a02023-2024\u00a0s&#8217;aplicaran en\u00a03r i 4t.<\/p>\n<p><a href=\"https:\/\/agora.xtec.cat\/ies-domenechimontaner\/estudis\/eso\/criteris-davaluacio-eso\/\">CRITERIS D&#8217;AVALUACI\u00d3<\/a><\/p>\n<p><a href=\"https:\/\/agora.xtec.cat\/ies-domenechimontaner\/competencies-basiques\/\">COMPET\u00c8NCIES B\u00c0SIQUES 4T D&#8217;ESO<\/a><\/p>\n<p><a href=\"https:\/\/agora.xtec.cat\/ies-domenechimontaner\/optatives\/\">OPTATIVES<\/a><\/p>\n","protected":false},"excerpt":{"rendered":"<p>L&#8217;Educaci\u00f3 Secund\u00e0ria Obligat\u00f2ria (ESO)\u00a0\u00e9s una\u00a0etapa educativa\u00a0que s&#8217;est\u00e9n al llarg de quatre cursos acad\u00e8mics\u00a0una vegada finalitzada l&#8217;Educaci\u00f3 Prim\u00e0ria.<br \/>\nNormalment es realitza\u00a0entre els\u00a012 i els\u00a016 anys, per\u00f2 l&#8217;alumnat t\u00e9 dret a\u00a0romandre cursant aquests estudis fins als 18 anys, ampliant-se 1 any m\u00e9s en cas de repetir el quart&hellip;  <a href=\"https:\/\/agora.xtec.cat\/ies-domenechimontaner\/estudis\/eso\/\" title=\"Read ESO\">Llegeix m\u00e9s\u00bb<\/a><\/p>\n","protected":false},"author":3,"featured_media":0,"parent":195,"menu_order":1,"comment_status":"closed","ping_status":"closed","template":"page-templates\/side-menu.php","meta":{"_bbp_topic_count":0,"_bbp_reply_count":0,"_bbp_total_topic_count":0,"_bbp_total_reply_count":0,"_bbp_voice_count":0,"_bbp_anonymous_reply_count":0,"_bbp_topic_count_hidden":0,"_bbp_reply_count_hidden":0,"_bbp_forum_subforum_count":0,"footnotes":""},"class_list":["post-898","page","type-page","status-publish","hentry"],"post_mailing_queue_ids":[],"_links":{"self":[{"href":"https:\/\/agora.xtec.cat\/ies-domenechimontaner\/wp-json\/wp\/v2\/pages\/898","targetHints":{"allow":["GET"]}}],"collection":[{"href":"https:\/\/agora.xtec.cat\/ies-domenechimontaner\/wp-json\/wp\/v2\/pages"}],"about":[{"href":"https:\/\/agora.xtec.cat\/ies-domenechimontaner\/wp-json\/wp\/v2\/types\/page"}],"author":[{"embeddable":true,"href":"https:\/\/agora.xtec.cat\/ies-domenechimontaner\/wp-json\/wp\/v2\/users\/3"}],"replies":[{"embeddable":true,"href":"https:\/\/agora.xtec.cat\/ies-domenechimontaner\/wp-json\/wp\/v2\/comments?post=898"}],"version-history":[{"count":4,"href":"https:\/\/agora.xtec.cat\/ies-domenechimontaner\/wp-json\/wp\/v2\/pages\/898\/revisions"}],"predecessor-version":[{"id":2861,"href":"https:\/\/agora.xtec.cat\/ies-domenechimontaner\/wp-json\/wp\/v2\/pages\/898\/revisions\/2861"}],"up":[{"embeddable":true,"href":"https:\/\/agora.xtec.cat\/ies-domenechimontaner\/wp-json\/wp\/v2\/pages\/195"}],"wp:attachment":[{"href":"https:\/\/agora.xtec.cat\/ies-domenechimontaner\/wp-json\/wp\/v2\/media?parent=898"}],"curies":[{"name":"wp","href":"https:\/\/api.w.org\/{rel}","templated":true}]}}