{"id":3592,"date":"2024-11-13T11:37:49","date_gmt":"2024-11-13T10:37:49","guid":{"rendered":"https:\/\/agora.xtec.cat\/ies-domenechimontaner\/?page_id=3592"},"modified":"2024-12-04T16:42:39","modified_gmt":"2024-12-04T15:42:39","slug":"logo-i-lema-de-linstitut","status":"publish","type":"page","link":"https:\/\/agora.xtec.cat\/ies-domenechimontaner\/linstitut\/logo-i-lema-de-linstitut\/","title":{"rendered":"Logo i lema de l&#8217;institut"},"content":{"rendered":"<p>El lema de l\u2019institut, \u201cSom en Dom\u00e8nech!\u201d, es va crear l\u2019any 2021 en el marc del nou Projecte de<br \/>\ndirecci\u00f3 iniciat aquell curs. El prop\u00f2sit del lema era refor\u00e7ar l\u2019orgull institucional de la comunitat<br \/>\neducativa de l\u2019institut. El lema va ser adoptat r\u00e0pidament com a element identificatiu del centre per<br \/>\npart de tota la comunitat escolar.<\/p>\n<p><a href=\"https:\/\/agora.xtec.cat\/ies-domenechimontaner\/wp-content\/uploads\/usu1984\/2024\/12\/Captura-de-pantalla-2024-12-04-163948.png\"><img loading=\"lazy\" decoding=\"async\" class=\"size-full wp-image-3597 aligncenter\" src=\"https:\/\/agora.xtec.cat\/ies-domenechimontaner\/wp-content\/uploads\/usu1984\/2024\/12\/Captura-de-pantalla-2024-12-04-163948.png\" alt=\"\" width=\"529\" height=\"148\" srcset=\"https:\/\/agora.xtec.cat\/ies-domenechimontaner\/wp-content\/uploads\/usu1984\/2024\/12\/Captura-de-pantalla-2024-12-04-163948.png 529w, https:\/\/agora.xtec.cat\/ies-domenechimontaner\/wp-content\/uploads\/usu1984\/2024\/12\/Captura-de-pantalla-2024-12-04-163948-300x84.png 300w\" sizes=\"auto, (max-width: 529px) 100vw, 529px\" \/><\/a><\/p>\n<p>El curs 2022-2023, tamb\u00e9 dins el marc del projecte de direcci\u00f3 2021-2025, es va realitzar un<br \/>\nconcurs p\u00fablic, adre\u00e7at a tots els membres de la comunitat escolar (alumnat, professorat i<br \/>\nfam\u00edlies) per a dissenyar un logotip de centre.<\/p>\n<p><a href=\"https:\/\/agora.xtec.cat\/ies-domenechimontaner\/wp-content\/uploads\/usu1984\/2024\/12\/Captura-de-pantalla-2024-12-04-164042.png\"><img loading=\"lazy\" decoding=\"async\" class=\"size-full wp-image-3598 aligncenter\" src=\"https:\/\/agora.xtec.cat\/ies-domenechimontaner\/wp-content\/uploads\/usu1984\/2024\/12\/Captura-de-pantalla-2024-12-04-164042.png\" alt=\"\" width=\"372\" height=\"388\" srcset=\"https:\/\/agora.xtec.cat\/ies-domenechimontaner\/wp-content\/uploads\/usu1984\/2024\/12\/Captura-de-pantalla-2024-12-04-164042.png 372w, https:\/\/agora.xtec.cat\/ies-domenechimontaner\/wp-content\/uploads\/usu1984\/2024\/12\/Captura-de-pantalla-2024-12-04-164042-288x300.png 288w\" sizes=\"auto, (max-width: 372px) 100vw, 372px\" \/><\/a><\/p>\n<p>&nbsp;<\/p>\n<p>La proposta guanyadora va ser presentada pel pare d\u2019una alumna de l\u2019institut. El logotip<br \/>\nseleccionat reuneix les seg\u00fcents caracter\u00edstiques:<br \/>\n\u2010 La forma del logotip es basa en les cer\u00e0miques decoratives de la fa\u00e7ana del Castell dels Tres<br \/>\nDragons, situat al Parc de la Ciutadella, obra de l\u2019arquitecte Llu\u00eds Dom\u00e8nech i Montaner.<\/p>\n<p><a href=\"https:\/\/agora.xtec.cat\/ies-domenechimontaner\/wp-content\/uploads\/usu1984\/2024\/12\/Captura-de-pantalla-2024-12-04-164128.png\"><img loading=\"lazy\" decoding=\"async\" class=\"size-full wp-image-3599 aligncenter\" src=\"https:\/\/agora.xtec.cat\/ies-domenechimontaner\/wp-content\/uploads\/usu1984\/2024\/12\/Captura-de-pantalla-2024-12-04-164128.png\" alt=\"\" width=\"658\" height=\"286\" srcset=\"https:\/\/agora.xtec.cat\/ies-domenechimontaner\/wp-content\/uploads\/usu1984\/2024\/12\/Captura-de-pantalla-2024-12-04-164128.png 658w, https:\/\/agora.xtec.cat\/ies-domenechimontaner\/wp-content\/uploads\/usu1984\/2024\/12\/Captura-de-pantalla-2024-12-04-164128-300x130.png 300w\" sizes=\"auto, (max-width: 658px) 100vw, 658px\" \/><\/a><\/p>\n<p>\u2010 Inclou les siluetes de noies i nois, en diferents tons de blau, que representen la diversitat de<br \/>\nl\u2019alumnat. Aquestes siluetes estan situades a la part baixa del logotip per simbolitzar que l\u2019alumnat<br \/>\n\u00e9s la base del centre educatiu.<br \/>\n\u2010 Al centre del logotip hi apareix el lema de l\u2019institut: Som el Dom\u00e8nech!, el qual t\u00e9 un significat<br \/>\nmolt important per a la instituci\u00f3.<br \/>\n\u2010 A la part superior s\u2019hi veu un llibre obert del qual neix una planta, simbolitzant el<br \/>\ndesenvolupament del coneixement a partir de l\u2019estudi.<br \/>\n\u2010 Els tons blaus del logotip corresponen als colors de diferents elements arquitect\u00f2nics de l\u2019edifici.<\/p>\n<p>&nbsp;<\/p>\n<p><a href=\"https:\/\/agora.xtec.cat\/ies-domenechimontaner\/wp-content\/uploads\/usu1984\/2024\/11\/Info-logo-i-lema-web.pdf\">Logo i lema de l&#8217;institut<\/a><\/p>\n","protected":false},"excerpt":{"rendered":"<p>El lema de l\u2019institut, \u201cSom en Dom\u00e8nech!\u201d, es va crear l\u2019any 2021 en el marc del nou Projecte de<br \/>\ndirecci\u00f3 iniciat aquell curs. El prop\u00f2sit del lema era refor\u00e7ar l\u2019orgull institucional de la comunitat<br \/>\neducativa de l\u2019institut. El lema va ser adoptat r\u00e0pidament com a element identificatiu&hellip;  <a href=\"https:\/\/agora.xtec.cat\/ies-domenechimontaner\/linstitut\/logo-i-lema-de-linstitut\/\" title=\"Read Logo i lema de l&#8217;institut\">Llegeix m\u00e9s\u00bb<\/a><\/p>\n","protected":false},"author":5,"featured_media":0,"parent":19,"menu_order":12,"comment_status":"closed","ping_status":"closed","template":"","meta":{"_bbp_topic_count":0,"_bbp_reply_count":0,"_bbp_total_topic_count":0,"_bbp_total_reply_count":0,"_bbp_voice_count":0,"_bbp_anonymous_reply_count":0,"_bbp_topic_count_hidden":0,"_bbp_reply_count_hidden":0,"_bbp_forum_subforum_count":0,"footnotes":""},"class_list":["post-3592","page","type-page","status-publish","hentry"],"post_mailing_queue_ids":[],"_links":{"self":[{"href":"https:\/\/agora.xtec.cat\/ies-domenechimontaner\/wp-json\/wp\/v2\/pages\/3592","targetHints":{"allow":["GET"]}}],"collection":[{"href":"https:\/\/agora.xtec.cat\/ies-domenechimontaner\/wp-json\/wp\/v2\/pages"}],"about":[{"href":"https:\/\/agora.xtec.cat\/ies-domenechimontaner\/wp-json\/wp\/v2\/types\/page"}],"author":[{"embeddable":true,"href":"https:\/\/agora.xtec.cat\/ies-domenechimontaner\/wp-json\/wp\/v2\/users\/5"}],"replies":[{"embeddable":true,"href":"https:\/\/agora.xtec.cat\/ies-domenechimontaner\/wp-json\/wp\/v2\/comments?post=3592"}],"version-history":[{"count":4,"href":"https:\/\/agora.xtec.cat\/ies-domenechimontaner\/wp-json\/wp\/v2\/pages\/3592\/revisions"}],"predecessor-version":[{"id":3601,"href":"https:\/\/agora.xtec.cat\/ies-domenechimontaner\/wp-json\/wp\/v2\/pages\/3592\/revisions\/3601"}],"up":[{"embeddable":true,"href":"https:\/\/agora.xtec.cat\/ies-domenechimontaner\/wp-json\/wp\/v2\/pages\/19"}],"wp:attachment":[{"href":"https:\/\/agora.xtec.cat\/ies-domenechimontaner\/wp-json\/wp\/v2\/media?parent=3592"}],"curies":[{"name":"wp","href":"https:\/\/api.w.org\/{rel}","templated":true}]}}