{"id":2671,"date":"2022-11-16T12:35:38","date_gmt":"2022-11-16T11:35:38","guid":{"rendered":"https:\/\/agora.xtec.cat\/ies-domenechimontaner\/?page_id=2671"},"modified":"2024-12-17T00:23:20","modified_gmt":"2024-12-16T23:23:20","slug":"criteris-davaluacio-batxillerat","status":"publish","type":"page","link":"https:\/\/agora.xtec.cat\/ies-domenechimontaner\/estudis\/batxillerat\/criteris-davaluacio-batxillerat\/","title":{"rendered":"Criteris d&#8217;avaluaci\u00f3"},"content":{"rendered":"<p>PRIMER DE BATXILLERAT<\/p>\n<table style=\"border-collapse: collapse; width: 100%; height: 222px;\">\n<tbody>\n<tr style=\"height: 32px;\">\n<td style=\"width: 22.973%; height: 32px;\"><a href=\"https:\/\/agora.xtec.cat\/ies-domenechimontaner\/wp-content\/uploads\/usu1984\/2024\/12\/BTX1_Llengua-catalana-i-literatura.pdf\">Llengua catalana i literatura<\/a><\/td>\n<td style=\"width: 22.9729%; height: 32px;\"><a href=\"https:\/\/agora.xtec.cat\/ies-domenechimontaner\/wp-content\/uploads\/usu1984\/2024\/12\/BTX1_Llengua-castellana-i-literatura-Informacio-materies-families.pdf\">Llengua castellana i literatura<\/a><\/td>\n<td style=\"width: 21.815%; height: 32px;\"><a href=\"https:\/\/agora.xtec.cat\/ies-domenechimontaner\/wp-content\/uploads\/usu1984\/2024\/12\/BTX1_Llengua-Anglesa.docx.pdf\">Llengua Anglesa<\/a><\/td>\n<td style=\"width: 17.3743%; height: 32px;\"><a href=\"https:\/\/agora.xtec.cat\/ies-domenechimontaner\/wp-content\/uploads\/usu1984\/2024\/12\/BTX1_FILOSOFIA-Informacio-materies-families-2425.pdf\">Filosofia<\/a><\/td>\n<td style=\"width: 34.8648%; height: 32px;\"><a href=\"https:\/\/agora.xtec.cat\/ies-domenechimontaner\/wp-content\/uploads\/usu1984\/2024\/12\/BTX1_Educacio-Fisica.pdf\">Educaci\u00f3 F\u00edsica<\/a><\/td>\n<\/tr>\n<tr style=\"height: 32px;\">\n<td style=\"width: 22.973%; height: 32px;\"><a href=\"https:\/\/agora.xtec.cat\/ies-domenechimontaner\/wp-content\/uploads\/usu1984\/2024\/12\/BTX1-CT-MATEMATIQUES.pdf\">MOD. Matem\u00e0tiques cient\u00edfico-tecnol\u00f2giques<\/a><\/td>\n<td style=\"width: 22.9729%; height: 32px;\"><a href=\"https:\/\/agora.xtec.cat\/ies-domenechimontaner\/wp-content\/uploads\/usu1984\/2024\/12\/BATX1-BIOLOGIA.docx.pdf\">MOD. Biologia<\/a><\/td>\n<td style=\"width: 21.815%; height: 32px;\"><a href=\"https:\/\/agora.xtec.cat\/ies-domenechimontaner\/wp-content\/uploads\/usu1984\/2024\/12\/BTX1A-TECNOLOGIA-I-ENGINYERIA-I.pdf\">MOD. Tecnologia i enginyeria<\/a><\/td>\n<td style=\"width: 17.3743%; height: 32px;\"><a href=\"https:\/\/agora.xtec.cat\/ies-domenechimontaner\/wp-content\/uploads\/usu1984\/2024\/12\/BATX1-FISICA.docx.pdf\">MOD. F\u00edsica<\/a><\/td>\n<td style=\"width: 34.8648%; height: 32px;\"><a href=\"https:\/\/agora.xtec.cat\/ies-domenechimontaner\/wp-content\/uploads\/usu1984\/2024\/12\/BATX1-QUIMICA.docx.pdf\">MOD. Qu\u00edmica<\/a><\/td>\n<\/tr>\n<tr style=\"height: 32px;\">\n<td style=\"width: 22.973%; height: 32px;\"><a href=\"https:\/\/agora.xtec.cat\/ies-domenechimontaner\/wp-content\/uploads\/usu1984\/2024\/12\/BATX1_DIBUIX-TECNIC1.docx.pdf\">MOD. Dibuix t\u00e8cnic<\/a><\/td>\n<td style=\"width: 22.9729%; height: 32px;\"><a href=\"https:\/\/agora.xtec.cat\/ies-domenechimontaner\/wp-content\/uploads\/usu1984\/2024\/12\/BTX1A-ROBOTICA.pdf\">MOD. Rob\u00f2tica<\/a><\/td>\n<td style=\"width: 21.815%; height: 32px;\"><a href=\"https:\/\/agora.xtec.cat\/ies-domenechimontaner\/wp-content\/uploads\/usu1984\/2024\/12\/BTX1_LLATI-Informe-families.pdf\">MOD. Llat\u00ed<\/a><\/td>\n<td style=\"width: 17.3743%; height: 32px;\"><a href=\"https:\/\/agora.xtec.cat\/ies-domenechimontaner\/wp-content\/uploads\/usu1984\/2024\/12\/BTX1-CCSS-1.pdf\">MOD. Matem\u00e0tiques aplicades a les ci\u00e8ncies socials<\/a><\/td>\n<td style=\"width: 34.8648%; height: 32px;\"><a href=\"https:\/\/agora.xtec.cat\/ies-domenechimontaner\/wp-content\/uploads\/usu1984\/2024\/12\/BTX1_Literatura-universal-1.pdf\">MOD. Literatura universal<\/a><\/td>\n<\/tr>\n<tr style=\"height: 63px;\">\n<td style=\"width: 22.973%; height: 63px;\"><a href=\"https:\/\/agora.xtec.cat\/ies-domenechimontaner\/wp-content\/uploads\/usu1984\/2024\/12\/BATX-1-ECONOMIA.pdf\">MOD. Economia<\/a><\/td>\n<td style=\"width: 22.9729%; height: 63px;\"><a href=\"https:\/\/agora.xtec.cat\/ies-domenechimontaner\/wp-content\/uploads\/usu1984\/2024\/12\/BTX1_HISTORIA-MON-CONTEMPORANI.pdf\">MOD. Hist\u00f2ria del m\u00f3n contemporani<\/a><\/td>\n<td style=\"width: 21.815%; height: 63px;\"><a href=\"https:\/\/agora.xtec.cat\/ies-domenechimontaner\/wp-content\/uploads\/usu1984\/2024\/12\/BTX1_GREC-informe-familias.pdf\">MOD. Grec<\/a><\/td>\n<td style=\"width: 17.3743%; height: 63px;\"><a href=\"https:\/\/agora.xtec.cat\/ies-domenechimontaner\/wp-content\/uploads\/usu1984\/2024\/12\/BTX1_PSICOLOGIA-Informacio-materies-families-2425.pdf\">OPT. Psicologia<\/a><\/td>\n<td style=\"width: 34.8648%; height: 63px;\"><a href=\"https:\/\/agora.xtec.cat\/ies-domenechimontaner\/wp-content\/uploads\/usu1984\/2024\/12\/BATX-1-FUNCIONAMENT-DE-LEMP.pdf\">OPT. Funcionament de l&#8217;empresa<\/a><\/td>\n<\/tr>\n<tr style=\"height: 63px;\">\n<td style=\"width: 22.973%; height: 63px;\"><a href=\"https:\/\/agora.xtec.cat\/ies-domenechimontaner\/wp-content\/uploads\/usu1984\/2024\/12\/BATX1-BIOMEDICINA.docx.pdf\">OPT. Biomedicina<\/a><\/td>\n<td style=\"width: 22.9729%; height: 63px;\"><a href=\"https:\/\/agora.xtec.cat\/ies-domenechimontaner\/wp-content\/uploads\/usu1984\/2024\/12\/BATX1-RCA.docx.pdf\">OPT. Reptes cient\u00edfics actuals<\/a><\/td>\n<td style=\"width: 21.815%; height: 63px;\"><a href=\"https:\/\/agora.xtec.cat\/ies-domenechimontaner\/wp-content\/uploads\/usu1984\/2024\/12\/BTX1_PROBLEMATIQUES_SOCIALS.pdf\">OPT. Problem\u00e0tiques socials<\/a><\/td>\n<td style=\"width: 17.3743%; height: 63px;\"><a href=\"https:\/\/agora.xtec.cat\/ies-domenechimontaner\/wp-content\/uploads\/usu1984\/2024\/12\/BATX1_CULTURA-AUDIOVISUAL.docx.pdf\">MOD. Cultura audiovisual<\/a><\/td>\n<td style=\"width: 34.8648%; height: 63px;\"><a href=\"https:\/\/agora.xtec.cat\/ies-domenechimontaner\/wp-content\/uploads\/usu1984\/2024\/12\/BTX1_CIUTADANIA_POLITICA_I_DRET.pdf\">OPT. Ciutadania, pol\u00edtica i dret<\/a><\/td>\n<\/tr>\n<\/tbody>\n<\/table>\n<p><span style=\"font-family: inherit; font-size: 1em;\">SEGON DE BATXILLERAT<\/span><\/p>\n<table style=\"border-collapse: collapse; width: 100%; height: 156px;\">\n<tbody>\n<tr style=\"height: 32px;\">\n<td style=\"width: 25.3448%; height: 32px;\"><a href=\"https:\/\/agora.xtec.cat\/ies-domenechimontaner\/wp-content\/uploads\/usu1984\/2024\/12\/BTX2_LLENGUA-CATALANA-Informacio-materies-families.pdf\">Llengua catalana i literatura<\/a><\/td>\n<td style=\"width: 24.6552%; height: 32px;\"><a href=\"https:\/\/agora.xtec.cat\/ies-domenechimontaner\/wp-content\/uploads\/usu1984\/2024\/12\/BTX2_Llengua-castellana-i-literatura-Informacio-materies-families.pdf\">Llengua castellana i literatura<\/a><\/td>\n<td style=\"width: 24.1242%; height: 32px;\"><a href=\"https:\/\/agora.xtec.cat\/ies-domenechimontaner\/wp-content\/uploads\/usu1984\/2024\/12\/BTX2-Llengua-Anglesa.docx.pdf\">Llengua Anglesa<\/a><\/td>\n<td style=\"width: 25.8758%; height: 32px;\"><a href=\"https:\/\/agora.xtec.cat\/ies-domenechimontaner\/wp-content\/uploads\/usu1984\/2024\/12\/BTX2_HaFILOSOFIA-Informacio-materies-families-2425.pdf\">Hist\u00f2ria de la filosofia<\/a><\/td>\n<\/tr>\n<tr style=\"height: 32px;\">\n<td style=\"width: 25.3448%; height: 33px;\"><a href=\"https:\/\/agora.xtec.cat\/ies-domenechimontaner\/wp-content\/uploads\/usu1984\/2024\/12\/BTX2_-HISTORIA-DESPANYA.pdf\">Hist\u00f2ria d&#8217;Espanya<\/a><\/td>\n<td style=\"width: 24.6552%; height: 33px;\"><a href=\"https:\/\/agora.xtec.cat\/ies-domenechimontaner\/wp-content\/uploads\/usu1984\/2024\/12\/BATX-2-CT-MATEMATIQUES.pdf\">MOD. Matem\u00e0tiques CT<\/a><\/td>\n<td style=\"width: 24.1242%; height: 33px;\"><a href=\"https:\/\/agora.xtec.cat\/ies-domenechimontaner\/wp-content\/uploads\/usu1984\/2024\/12\/BTX2-BIO.docx.pdf\">MOD. Biologia<\/a><\/td>\n<td style=\"width: 25.8758%; height: 33px;\"><a href=\"https:\/\/agora.xtec.cat\/ies-domenechimontaner\/wp-content\/uploads\/usu1984\/2024\/12\/BTX2A-TECNOLOGIA-I-ENGINYERIA-II.pdf\">MOD. Tecnologia i enginyeria<\/a><\/td>\n<\/tr>\n<tr style=\"height: 48px;\">\n<td style=\"width: 25.3448%; height: 27px;\"><a href=\"https:\/\/agora.xtec.cat\/ies-domenechimontaner\/wp-content\/uploads\/usu1984\/2024\/12\/BTX2-CTMA.docx-1.pdf\">MOD. Ci\u00e8ncies de la terra i del medi ambient<\/a><\/td>\n<td style=\"width: 24.6552%; height: 27px;\"><a href=\"https:\/\/agora.xtec.cat\/ies-domenechimontaner\/wp-content\/uploads\/usu1984\/2024\/12\/BTX2-FISICA.docx.pdf\">MOD. F\u00edsica<\/a><\/td>\n<td style=\"width: 24.1242%; height: 27px;\"><a href=\"https:\/\/agora.xtec.cat\/ies-domenechimontaner\/wp-content\/uploads\/usu1984\/2024\/12\/BATX2-QUIMICA.docx.pdf\">MOD. Qu\u00edmica<\/a><\/td>\n<td style=\"width: 25.8758%; height: 27px;\"><a href=\"https:\/\/agora.xtec.cat\/ies-domenechimontaner\/wp-content\/uploads\/usu1984\/2024\/12\/BATX2_DIBUIX-TECNIC2.docx.pdf\">MOD. Dibuix t\u00e8cnic<\/a><\/td>\n<\/tr>\n<tr style=\"height: 32px;\">\n<td style=\"width: 25.3448%; height: 32px;\"><a href=\"https:\/\/agora.xtec.cat\/ies-domenechimontaner\/wp-content\/uploads\/usu1984\/2024\/12\/BTX2_LLATI-Informacio-families.pdf\">MOD. Llat\u00ed<\/a><\/td>\n<td style=\"width: 24.6552%; height: 32px;\"><a href=\"https:\/\/agora.xtec.cat\/ies-domenechimontaner\/wp-content\/uploads\/usu1984\/2024\/12\/BATX-2-CCSS-MATEMATIQUES.pdf\">MOD. Matem\u00e0tiques CCSS<\/a><\/td>\n<td style=\"width: 24.1242%; height: 32px;\"><a href=\"https:\/\/agora.xtec.cat\/ies-domenechimontaner\/wp-content\/uploads\/usu1984\/2024\/12\/BTX2_GEOGRAFIA.pdf\">MOD. Geografia<\/a><\/td>\n<td style=\"width: 25.8758%; height: 32px;\"><a href=\"https:\/\/agora.xtec.cat\/ies-domenechimontaner\/wp-content\/uploads\/usu1984\/2024\/12\/BATX-2-FUNC.DE-LEMPRESA-DISSENY-NEGOCIS.pdf\">MOD. Funcionament de l&#8217;empresa<\/a><\/td>\n<\/tr>\n<tr style=\"height: 32px;\">\n<td style=\"height: 32px; width: 25.3448%;\"><a href=\"https:\/\/agora.xtec.cat\/ies-domenechimontaner\/wp-content\/uploads\/usu1984\/2024\/12\/BTX2_HISTORIA-DE-LART.pdf\">MOD. Hist\u00f2ria de l&#8217;art<\/a><\/td>\n<td style=\"width: 24.6552%; height: 32px;\"><a href=\"https:\/\/agora.xtec.cat\/ies-domenechimontaner\/wp-content\/uploads\/usu1984\/2024\/12\/BTX2_Literatura-Castellana.pdf\">Literatura Castellana<\/a><\/td>\n<td style=\"height: 32px; width: 24.1242%;\"><a href=\"https:\/\/agora.xtec.cat\/ies-domenechimontaner\/wp-content\/uploads\/usu1984\/2024\/12\/BTX2_Literatura-catalana.pdf\">MOD. Literatura catalana<\/a><\/td>\n<td style=\"width: 25.8758%;\"><a href=\"https:\/\/agora.xtec.cat\/ies-domenechimontaner\/wp-content\/uploads\/usu1984\/2024\/12\/BTX2_ODS.pdf\">ODS<\/a><\/td>\n<\/tr>\n<\/tbody>\n<\/table>\n<p>CRITERIS DE PROMOCI\u00d3 I DE RECUPERACI\u00d3 AL BATXILLERAT<\/p>\n<p><a href=\"https:\/\/agora.xtec.cat\/ies-domenechimontaner\/wp-content\/uploads\/usu1984\/2024\/01\/Criteris-de-promocio-i-recuperacio-al-batxillerat-1.pdf\">Criteris <\/a><\/p>\n<p style=\"text-align: center;\">\n","protected":false},"excerpt":{"rendered":"<p>PRIMER DE BATXILLERAT<\/p>\n<p><a href=\"https:\/\/agora.xtec.cat\/ies-domenechimontaner\/wp-content\/uploads\/usu1984\/2024\/12\/BTX1_Llengua-catalana-i-literatura.pdf\">Llengua catalana i literatura<\/a><br \/>\n<a href=\"https:\/\/agora.xtec.cat\/ies-domenechimontaner\/wp-content\/uploads\/usu1984\/2024\/12\/BTX1_Llengua-castellana-i-literatura-Informacio-materies-families.pdf\">Llengua castellana i literatura<\/a><br \/>\n<a href=\"https:\/\/agora.xtec.cat\/ies-domenechimontaner\/wp-content\/uploads\/usu1984\/2024\/12\/BTX1_Llengua-Anglesa.docx.pdf\">Llengua Anglesa<\/a><br \/>\n<a href=\"https:\/\/agora.xtec.cat\/ies-domenechimontaner\/wp-content\/uploads\/usu1984\/2024\/12\/BTX1_FILOSOFIA-Informacio-materies-families-2425.pdf\">Filosofia<\/a><br \/>\n<a href=\"https:\/\/agora.xtec.cat\/ies-domenechimontaner\/wp-content\/uploads\/usu1984\/2024\/12\/BTX1_Educacio-Fisica.pdf\">Educaci\u00f3 F\u00edsica<\/a><\/p>\n<p><a href=\"https:\/\/agora.xtec.cat\/ies-domenechimontaner\/wp-content\/uploads\/usu1984\/2024\/12\/BTX1-CT-MATEMATIQUES.pdf\">MOD. Matem\u00e0tiques cient\u00edfico-tecnol\u00f2giques<\/a><br \/>\n<a href=\"https:\/\/agora.xtec.cat\/ies-domenechimontaner\/wp-content\/uploads\/usu1984\/2024\/12\/BATX1-BIOLOGIA.docx.pdf\">MOD. Biologia<\/a><br \/>\n<a href=\"https:\/\/agora.xtec.cat\/ies-domenechimontaner\/wp-content\/uploads\/usu1984\/2024\/12\/BTX1A-TECNOLOGIA-I-ENGINYERIA-I.pdf\">MOD. Tecnologia i enginyeria<\/a><br \/>\n<a href=\"https:\/\/agora.xtec.cat\/ies-domenechimontaner\/wp-content\/uploads\/usu1984\/2024\/12\/BATX1-FISICA.docx.pdf\">MOD. F\u00edsica<\/a><br \/>\n<a href=\"https:\/\/agora.xtec.cat\/ies-domenechimontaner\/wp-content\/uploads\/usu1984\/2024\/12\/BATX1-QUIMICA.docx.pdf\">MOD. Qu\u00edmica<\/a><\/p>\n<p><a href=\"https:\/\/agora.xtec.cat\/ies-domenechimontaner\/wp-content\/uploads\/usu1984\/2024\/12\/BATX1_DIBUIX-TECNIC1.docx.pdf\">MOD. Dibuix t\u00e8cnic<\/a><br \/>\n<a href=\"https:\/\/agora.xtec.cat\/ies-domenechimontaner\/wp-content\/uploads\/usu1984\/2024\/12\/BTX1A-ROBOTICA.pdf\">MOD. Rob\u00f2tica<\/a><br \/>\n<a href=\"https:\/\/agora.xtec.cat\/ies-domenechimontaner\/wp-content\/uploads\/usu1984\/2024\/12\/BTX1_LLATI-Informe-families.pdf\">MOD. Llat\u00ed<\/a><br \/>\n<a href=\"https:\/\/agora.xtec.cat\/ies-domenechimontaner\/wp-content\/uploads\/usu1984\/2024\/12\/BTX1-CCSS-1.pdf\">MOD. Matem\u00e0tiques aplicades a les ci\u00e8ncies socials<\/a><br \/>\n<a href=\"https:\/\/agora.xtec.cat\/ies-domenechimontaner\/wp-content\/uploads\/usu1984\/2024\/12\/BTX1_Literatura-universal-1.pdf\">MOD. Literatura&hellip;  <a href=\"https:\/\/agora.xtec.cat\/ies-domenechimontaner\/estudis\/batxillerat\/criteris-davaluacio-batxillerat\/\" title=\"Read Criteris d&#8217;avaluaci\u00f3\">Llegeix m\u00e9s\u00bb<\/a><\/p>\n","protected":false},"author":7,"featured_media":0,"parent":911,"menu_order":0,"comment_status":"closed","ping_status":"closed","template":"page-templates\/side-menu.php","meta":{"_bbp_topic_count":0,"_bbp_reply_count":0,"_bbp_total_topic_count":0,"_bbp_total_reply_count":0,"_bbp_voice_count":0,"_bbp_anonymous_reply_count":0,"_bbp_topic_count_hidden":0,"_bbp_reply_count_hidden":0,"_bbp_forum_subforum_count":0,"footnotes":""},"class_list":["post-2671","page","type-page","status-publish","hentry"],"post_mailing_queue_ids":[],"_links":{"self":[{"href":"https:\/\/agora.xtec.cat\/ies-domenechimontaner\/wp-json\/wp\/v2\/pages\/2671","targetHints":{"allow":["GET"]}}],"collection":[{"href":"https:\/\/agora.xtec.cat\/ies-domenechimontaner\/wp-json\/wp\/v2\/pages"}],"about":[{"href":"https:\/\/agora.xtec.cat\/ies-domenechimontaner\/wp-json\/wp\/v2\/types\/page"}],"author":[{"embeddable":true,"href":"https:\/\/agora.xtec.cat\/ies-domenechimontaner\/wp-json\/wp\/v2\/users\/7"}],"replies":[{"embeddable":true,"href":"https:\/\/agora.xtec.cat\/ies-domenechimontaner\/wp-json\/wp\/v2\/comments?post=2671"}],"version-history":[{"count":7,"href":"https:\/\/agora.xtec.cat\/ies-domenechimontaner\/wp-json\/wp\/v2\/pages\/2671\/revisions"}],"predecessor-version":[{"id":3662,"href":"https:\/\/agora.xtec.cat\/ies-domenechimontaner\/wp-json\/wp\/v2\/pages\/2671\/revisions\/3662"}],"up":[{"embeddable":true,"href":"https:\/\/agora.xtec.cat\/ies-domenechimontaner\/wp-json\/wp\/v2\/pages\/911"}],"wp:attachment":[{"href":"https:\/\/agora.xtec.cat\/ies-domenechimontaner\/wp-json\/wp\/v2\/media?parent=2671"}],"curies":[{"name":"wp","href":"https:\/\/api.w.org\/{rel}","templated":true}]}}