{"id":2312,"date":"2022-02-10T10:41:08","date_gmt":"2022-02-10T09:41:08","guid":{"rendered":"https:\/\/agora.xtec.cat\/ies-domenechimontaner\/?page_id=2312"},"modified":"2023-01-11T09:56:55","modified_gmt":"2023-01-11T08:56:55","slug":"competencies-basiques","status":"publish","type":"page","link":"https:\/\/agora.xtec.cat\/ies-domenechimontaner\/estudis\/eso\/competencies-basiques\/","title":{"rendered":"Compet\u00e8ncies b\u00e0siques 4t d&#8217;ESO"},"content":{"rendered":"<p>La prova de quart d\u2019ESO avalua les compet\u00e8ncies i coneixements b\u00e0sics que els alumnes han d\u2019haver adquirit en compet\u00e8ncia comunicativa ling\u00fc\u00edstica, en compet\u00e8ncia cientificotecnol\u00f2gica i en compet\u00e8ncia matem\u00e0tica. Aquesta prova externa, elaborada i organitzada pel Consell Superior d\u2019Avaluaci\u00f3 del Sistema Educatiu.<\/p>\n<p><a href=\"https:\/\/agora.xtec.cat\/ies-domenechimontaner\/wp-content\/uploads\/usu1984\/2022\/02\/informacio-alumnes-2022.pdf\">Informaci\u00f3 CB alumnes 2022<\/a><\/p>\n<p><a href=\"https:\/\/agora.xtec.cat\/ies-domenechimontaner\/wp-content\/uploads\/usu1984\/2022\/02\/informacio-families-2022.pdf\">Informaci\u00f3 CB fam\u00edlies 2022<\/a><\/p>\n","protected":false},"excerpt":{"rendered":"<p>La prova de quart d\u2019ESO avalua les compet\u00e8ncies i coneixements b\u00e0sics que els alumnes han d\u2019haver adquirit en compet\u00e8ncia comunicativa ling\u00fc\u00edstica, en compet\u00e8ncia cientificotecnol\u00f2gica i en compet\u00e8ncia matem\u00e0tica. Aquesta prova externa, elaborada i organitzada pel Consell Superior d\u2019Avaluaci\u00f3 del Sistema Educatiu.<br \/>\n<a href=\"https:\/\/agora.xtec.cat\/ies-domenechimontaner\/wp-content\/uploads\/usu1984\/2022\/02\/informacio-alumnes-2022.pdf\">Informaci\u00f3 CB alumnes 2022<\/a><br \/>\n<a&hellip;  <a href=\"https:\/\/agora.xtec.cat\/ies-domenechimontaner\/estudis\/eso\/competencies-basiques\/\" title=\"Read Compet\u00e8ncies b\u00e0siques 4t d&#8217;ESO\">Llegeix m\u00e9s\u00bb<\/a><\/p>\n","protected":false},"author":7,"featured_media":0,"parent":898,"menu_order":0,"comment_status":"closed","ping_status":"closed","template":"page-templates\/side-menu.php","meta":{"_bbp_topic_count":0,"_bbp_reply_count":0,"_bbp_total_topic_count":0,"_bbp_total_reply_count":0,"_bbp_voice_count":0,"_bbp_anonymous_reply_count":0,"_bbp_topic_count_hidden":0,"_bbp_reply_count_hidden":0,"_bbp_forum_subforum_count":0,"footnotes":""},"class_list":["post-2312","page","type-page","status-publish","hentry"],"post_mailing_queue_ids":[],"_links":{"self":[{"href":"https:\/\/agora.xtec.cat\/ies-domenechimontaner\/wp-json\/wp\/v2\/pages\/2312","targetHints":{"allow":["GET"]}}],"collection":[{"href":"https:\/\/agora.xtec.cat\/ies-domenechimontaner\/wp-json\/wp\/v2\/pages"}],"about":[{"href":"https:\/\/agora.xtec.cat\/ies-domenechimontaner\/wp-json\/wp\/v2\/types\/page"}],"author":[{"embeddable":true,"href":"https:\/\/agora.xtec.cat\/ies-domenechimontaner\/wp-json\/wp\/v2\/users\/7"}],"replies":[{"embeddable":true,"href":"https:\/\/agora.xtec.cat\/ies-domenechimontaner\/wp-json\/wp\/v2\/comments?post=2312"}],"version-history":[{"count":4,"href":"https:\/\/agora.xtec.cat\/ies-domenechimontaner\/wp-json\/wp\/v2\/pages\/2312\/revisions"}],"predecessor-version":[{"id":2857,"href":"https:\/\/agora.xtec.cat\/ies-domenechimontaner\/wp-json\/wp\/v2\/pages\/2312\/revisions\/2857"}],"up":[{"embeddable":true,"href":"https:\/\/agora.xtec.cat\/ies-domenechimontaner\/wp-json\/wp\/v2\/pages\/898"}],"wp:attachment":[{"href":"https:\/\/agora.xtec.cat\/ies-domenechimontaner\/wp-json\/wp\/v2\/media?parent=2312"}],"curies":[{"name":"wp","href":"https:\/\/api.w.org\/{rel}","templated":true}]}}