{"id":2027,"date":"2021-09-23T12:19:37","date_gmt":"2021-09-23T10:19:37","guid":{"rendered":"https:\/\/agora.xtec.cat\/ies-domenechimontaner\/?page_id=2027"},"modified":"2025-09-14T10:45:40","modified_gmt":"2025-09-14T08:45:40","slug":"guia-comunicacio-families","status":"publish","type":"page","link":"https:\/\/agora.xtec.cat\/ies-domenechimontaner\/secretaria\/guia-comunicacio-families\/","title":{"rendered":"FAQ &#8211; Preguntes Freq\u00fcents"},"content":{"rendered":"<p><a href=\"https:\/\/agora.xtec.cat\/ies-domenechimontaner\/wp-content\/uploads\/usu1984\/2025\/09\/faq.jpg\"><img loading=\"lazy\" decoding=\"async\" class=\"size-full wp-image-3819 aligncenter\" src=\"https:\/\/agora.xtec.cat\/ies-domenechimontaner\/wp-content\/uploads\/usu1984\/2025\/09\/faq.jpg\" alt=\"\" width=\"206\" height=\"118\" \/><\/a><\/p>\n<p>Benvolgudes fam\u00edlies, si us plau, cliqueu aqu\u00ed per trobar resposta als vostres dubtes m\u00e9s freq\u00fcents:<\/p>\n<p><a href=\"https:\/\/agora.xtec.cat\/ies-domenechimontaner\/wp-content\/uploads\/usu1984\/2025\/09\/FAQ-Families.pdf\">FAQ Fam\u00edlies<\/a><\/p>\n<p>&nbsp;<\/p>\n","protected":false},"excerpt":{"rendered":"<p><a href=\"https:\/\/agora.xtec.cat\/ies-domenechimontaner\/wp-content\/uploads\/usu1984\/2025\/09\/faq.jpg\"><\/a><br \/>\nBenvolgudes fam\u00edlies, si us plau, cliqueu aqu\u00ed per trobar resposta als vostres dubtes m\u00e9s freq\u00fcents:<br \/>\n<a href=\"https:\/\/agora.xtec.cat\/ies-domenechimontaner\/wp-content\/uploads\/usu1984\/2025\/09\/FAQ-Families.pdf\">FAQ Fam\u00edlies<\/a><br \/>\n&nbsp;<\/p>\n","protected":false},"author":7,"featured_media":0,"parent":81,"menu_order":0,"comment_status":"closed","ping_status":"closed","template":"page-templates\/side-menu.php","meta":{"_bbp_topic_count":0,"_bbp_reply_count":0,"_bbp_total_topic_count":0,"_bbp_total_reply_count":0,"_bbp_voice_count":0,"_bbp_anonymous_reply_count":0,"_bbp_topic_count_hidden":0,"_bbp_reply_count_hidden":0,"_bbp_forum_subforum_count":0,"footnotes":""},"class_list":["post-2027","page","type-page","status-publish","hentry"],"post_mailing_queue_ids":[],"_links":{"self":[{"href":"https:\/\/agora.xtec.cat\/ies-domenechimontaner\/wp-json\/wp\/v2\/pages\/2027","targetHints":{"allow":["GET"]}}],"collection":[{"href":"https:\/\/agora.xtec.cat\/ies-domenechimontaner\/wp-json\/wp\/v2\/pages"}],"about":[{"href":"https:\/\/agora.xtec.cat\/ies-domenechimontaner\/wp-json\/wp\/v2\/types\/page"}],"author":[{"embeddable":true,"href":"https:\/\/agora.xtec.cat\/ies-domenechimontaner\/wp-json\/wp\/v2\/users\/7"}],"replies":[{"embeddable":true,"href":"https:\/\/agora.xtec.cat\/ies-domenechimontaner\/wp-json\/wp\/v2\/comments?post=2027"}],"version-history":[{"count":6,"href":"https:\/\/agora.xtec.cat\/ies-domenechimontaner\/wp-json\/wp\/v2\/pages\/2027\/revisions"}],"predecessor-version":[{"id":3821,"href":"https:\/\/agora.xtec.cat\/ies-domenechimontaner\/wp-json\/wp\/v2\/pages\/2027\/revisions\/3821"}],"up":[{"embeddable":true,"href":"https:\/\/agora.xtec.cat\/ies-domenechimontaner\/wp-json\/wp\/v2\/pages\/81"}],"wp:attachment":[{"href":"https:\/\/agora.xtec.cat\/ies-domenechimontaner\/wp-json\/wp\/v2\/media?parent=2027"}],"curies":[{"name":"wp","href":"https:\/\/api.w.org\/{rel}","templated":true}]}}