{"id":1966,"date":"2021-09-12T17:55:06","date_gmt":"2021-09-12T15:55:06","guid":{"rendered":"https:\/\/agora.xtec.cat\/ies-domenechimontaner\/?page_id=1966"},"modified":"2024-09-02T08:47:00","modified_gmt":"2024-09-02T06:47:00","slug":"secretaria-2","status":"publish","type":"page","link":"https:\/\/agora.xtec.cat\/ies-domenechimontaner\/linstitut\/secretaria-2\/","title":{"rendered":"Secretaria"},"content":{"rendered":"<p><strong>Horari de Secretaria:<\/strong><\/p>\n<p>MATINS: de dilluns a divendres, de 8:00h a 14:00h<\/p>\n<p>TARDES: dilluns, dimarts i dimecres, de 15:00h a 17:30h<\/p>\n<p><strong>Tel\u00e8fon de contacte: 932969729<\/strong><\/p>\n<p>A la Secretaria podeu realitzar tots els tr\u00e0mits relacionats amb la gesti\u00f3 acad\u00e8mica-administrativa (matr\u00edcules, certificats, notes, t\u00edtols, etc).<\/p>\n<div class=\"addtoany_share_save_container addtoany_content addtoany_content_bottom\">\n<div class=\"a2a_kit a2a_kit_size_25 addtoany_list\" data-a2a-url=\"https:\/\/agora.xtec.cat\/ies-domenechimontaner\/secretaria\/horaris\/\" data-a2a-title=\"Horaris\"><\/div>\n<\/div>\n","protected":false},"excerpt":{"rendered":"<p>Horari de Secretaria:<br \/>\nMATINS: de dilluns a divendres, de 8:00h a 14:00h<br \/>\nTARDES: dilluns, dimarts i dimecres, de 15:00h a 17:30h<br \/>\nTel\u00e8fon de contacte: 932969729<br \/>\nA la Secretaria podeu realitzar tots els tr\u00e0mits relacionats amb la gesti\u00f3 acad\u00e8mica-administrativa (matr\u00edcules, certificats, notes, t\u00edtols, etc).<\/p>\n","protected":false},"author":5,"featured_media":0,"parent":19,"menu_order":4,"comment_status":"closed","ping_status":"closed","template":"","meta":{"_bbp_topic_count":0,"_bbp_reply_count":0,"_bbp_total_topic_count":0,"_bbp_total_reply_count":0,"_bbp_voice_count":0,"_bbp_anonymous_reply_count":0,"_bbp_topic_count_hidden":0,"_bbp_reply_count_hidden":0,"_bbp_forum_subforum_count":0,"footnotes":""},"class_list":["post-1966","page","type-page","status-publish","hentry"],"post_mailing_queue_ids":[],"_links":{"self":[{"href":"https:\/\/agora.xtec.cat\/ies-domenechimontaner\/wp-json\/wp\/v2\/pages\/1966","targetHints":{"allow":["GET"]}}],"collection":[{"href":"https:\/\/agora.xtec.cat\/ies-domenechimontaner\/wp-json\/wp\/v2\/pages"}],"about":[{"href":"https:\/\/agora.xtec.cat\/ies-domenechimontaner\/wp-json\/wp\/v2\/types\/page"}],"author":[{"embeddable":true,"href":"https:\/\/agora.xtec.cat\/ies-domenechimontaner\/wp-json\/wp\/v2\/users\/5"}],"replies":[{"embeddable":true,"href":"https:\/\/agora.xtec.cat\/ies-domenechimontaner\/wp-json\/wp\/v2\/comments?post=1966"}],"version-history":[{"count":7,"href":"https:\/\/agora.xtec.cat\/ies-domenechimontaner\/wp-json\/wp\/v2\/pages\/1966\/revisions"}],"predecessor-version":[{"id":3523,"href":"https:\/\/agora.xtec.cat\/ies-domenechimontaner\/wp-json\/wp\/v2\/pages\/1966\/revisions\/3523"}],"up":[{"embeddable":true,"href":"https:\/\/agora.xtec.cat\/ies-domenechimontaner\/wp-json\/wp\/v2\/pages\/19"}],"wp:attachment":[{"href":"https:\/\/agora.xtec.cat\/ies-domenechimontaner\/wp-json\/wp\/v2\/media?parent=1966"}],"curies":[{"name":"wp","href":"https:\/\/api.w.org\/{rel}","templated":true}]}}