{"id":1367,"date":"2021-04-07T11:58:31","date_gmt":"2021-04-07T09:58:31","guid":{"rendered":"https:\/\/agora.xtec.cat\/ies-domenechimontaner\/?page_id=1367"},"modified":"2024-01-15T12:40:10","modified_gmt":"2024-01-15T11:40:10","slug":"treball-de-recerca","status":"publish","type":"page","link":"https:\/\/agora.xtec.cat\/ies-domenechimontaner\/estudis\/batxillerat\/treball-de-recerca\/","title":{"rendered":"Treball de recerca"},"content":{"rendered":"<p>El\u00a0<strong>treball de recerca<\/strong>\u00a0\u00e9s un conjunt d&#8217;activitats estructurades i orientades a la investigaci\u00f3 que realitza tot l&#8217;alumnat de batxillerat amb l&#8217;orientaci\u00f3 i seguiment del professorat, per tal de consolidar la compet\u00e8ncia en recerca. Es pot emmarcar dins un \u00e0mbit disciplinari, o pot ser interdisciplinari o transversal.<\/p>\n<p>La dedicaci\u00f3 hor\u00e0ria de l&#8217;alumnat \u00e9s de 70 hores aproximadament i es realitza durant el segon i tercer trimestre del primer curs i el primer trimestre del segon curs del batxillerat.<\/p>\n","protected":false},"excerpt":{"rendered":"<p>El\u00a0treball de recerca\u00a0\u00e9s un conjunt d&#8217;activitats estructurades i orientades a la investigaci\u00f3 que realitza tot l&#8217;alumnat de batxillerat amb l&#8217;orientaci\u00f3 i seguiment del professorat, per tal de consolidar la compet\u00e8ncia en recerca. Es pot emmarcar dins un \u00e0mbit disciplinari, o pot ser interdisciplinari o transversal.<br \/>\nLa&hellip;  <a href=\"https:\/\/agora.xtec.cat\/ies-domenechimontaner\/estudis\/batxillerat\/treball-de-recerca\/\" title=\"Read Treball de recerca\">Llegeix m\u00e9s\u00bb<\/a><\/p>\n","protected":false},"author":3,"featured_media":0,"parent":911,"menu_order":1,"comment_status":"closed","ping_status":"closed","template":"page-templates\/side-menu.php","meta":{"_bbp_topic_count":0,"_bbp_reply_count":0,"_bbp_total_topic_count":0,"_bbp_total_reply_count":0,"_bbp_voice_count":0,"_bbp_anonymous_reply_count":0,"_bbp_topic_count_hidden":0,"_bbp_reply_count_hidden":0,"_bbp_forum_subforum_count":0,"footnotes":""},"class_list":["post-1367","page","type-page","status-publish","hentry"],"post_mailing_queue_ids":[],"_links":{"self":[{"href":"https:\/\/agora.xtec.cat\/ies-domenechimontaner\/wp-json\/wp\/v2\/pages\/1367","targetHints":{"allow":["GET"]}}],"collection":[{"href":"https:\/\/agora.xtec.cat\/ies-domenechimontaner\/wp-json\/wp\/v2\/pages"}],"about":[{"href":"https:\/\/agora.xtec.cat\/ies-domenechimontaner\/wp-json\/wp\/v2\/types\/page"}],"author":[{"embeddable":true,"href":"https:\/\/agora.xtec.cat\/ies-domenechimontaner\/wp-json\/wp\/v2\/users\/3"}],"replies":[{"embeddable":true,"href":"https:\/\/agora.xtec.cat\/ies-domenechimontaner\/wp-json\/wp\/v2\/comments?post=1367"}],"version-history":[{"count":4,"href":"https:\/\/agora.xtec.cat\/ies-domenechimontaner\/wp-json\/wp\/v2\/pages\/1367\/revisions"}],"predecessor-version":[{"id":3348,"href":"https:\/\/agora.xtec.cat\/ies-domenechimontaner\/wp-json\/wp\/v2\/pages\/1367\/revisions\/3348"}],"up":[{"embeddable":true,"href":"https:\/\/agora.xtec.cat\/ies-domenechimontaner\/wp-json\/wp\/v2\/pages\/911"}],"wp:attachment":[{"href":"https:\/\/agora.xtec.cat\/ies-domenechimontaner\/wp-json\/wp\/v2\/media?parent=1367"}],"curies":[{"name":"wp","href":"https:\/\/api.w.org\/{rel}","templated":true}]}}