{"id":715,"date":"2020-11-05T13:19:19","date_gmt":"2020-11-05T12:19:19","guid":{"rendered":"https:\/\/agora.xtec.cat\/ies-castelldelquer-prats\/?page_id=715"},"modified":"2025-09-10T09:39:48","modified_gmt":"2025-09-10T07:39:48","slug":"1r-eso","status":"publish","type":"page","link":"https:\/\/agora.xtec.cat\/ies-castelldelquer-prats\/estudis\/1r-eso\/","title":{"rendered":"Informacions 1r ESO"},"content":{"rendered":"<h6><\/h6>\n<h1>Presentaci\u00f3 inici de curs<\/h1>\n<h6><span style=\"color: #ff0000;\"><strong>(adjuntarem aquesta informaci\u00f3 despr\u00e9s de la reuni\u00f3 amb les fam\u00edlies)<\/strong><\/span><\/h6>\n<p>Podeu trobar en aquesta presentaci\u00f3 la informaci\u00f3 sobre l&#8217;equip de tutoria, l&#8217;equip docent, l&#8217;organitzaci\u00f3 de les classes, els projectes i altres informacions d&#8217;inter\u00e8s.<\/p>\n<p>&nbsp;<\/p>\n<h1><span style=\"font-size: 1.6875em; font-weight: bold;\"><br \/>\n<\/span>Horaris<\/h1>\n<p>&nbsp;<\/p>\n","protected":false},"excerpt":{"rendered":"<p>Presentaci\u00f3 inici de curs<br \/>\n(adjuntarem aquesta informaci\u00f3 despr\u00e9s de la reuni\u00f3 amb les fam\u00edlies)<br \/>\nPodeu trobar en aquesta presentaci\u00f3 la informaci\u00f3 sobre l&#8217;equip de tutoria, l&#8217;equip docent, l&#8217;organitzaci\u00f3 de les classes, els projectes i altres informacions d&#8217;inter\u00e8s.<br \/>\n&nbsp;<\/p>\n<p>Horaris<br \/>\n&nbsp;<\/p>\n","protected":false},"author":1,"featured_media":0,"parent":195,"menu_order":1,"comment_status":"closed","ping_status":"closed","template":"","meta":{"_bbp_topic_count":0,"_bbp_reply_count":0,"_bbp_total_topic_count":0,"_bbp_total_reply_count":0,"_bbp_voice_count":0,"_bbp_anonymous_reply_count":0,"_bbp_topic_count_hidden":0,"_bbp_reply_count_hidden":0,"_bbp_forum_subforum_count":0,"footnotes":""},"class_list":["post-715","page","type-page","status-publish","hentry"],"post_mailing_queue_ids":[],"_links":{"self":[{"href":"https:\/\/agora.xtec.cat\/ies-castelldelquer-prats\/wp-json\/wp\/v2\/pages\/715","targetHints":{"allow":["GET"]}}],"collection":[{"href":"https:\/\/agora.xtec.cat\/ies-castelldelquer-prats\/wp-json\/wp\/v2\/pages"}],"about":[{"href":"https:\/\/agora.xtec.cat\/ies-castelldelquer-prats\/wp-json\/wp\/v2\/types\/page"}],"author":[{"embeddable":true,"href":"https:\/\/agora.xtec.cat\/ies-castelldelquer-prats\/wp-json\/wp\/v2\/users\/1"}],"replies":[{"embeddable":true,"href":"https:\/\/agora.xtec.cat\/ies-castelldelquer-prats\/wp-json\/wp\/v2\/comments?post=715"}],"version-history":[{"count":6,"href":"https:\/\/agora.xtec.cat\/ies-castelldelquer-prats\/wp-json\/wp\/v2\/pages\/715\/revisions"}],"predecessor-version":[{"id":5500,"href":"https:\/\/agora.xtec.cat\/ies-castelldelquer-prats\/wp-json\/wp\/v2\/pages\/715\/revisions\/5500"}],"up":[{"embeddable":true,"href":"https:\/\/agora.xtec.cat\/ies-castelldelquer-prats\/wp-json\/wp\/v2\/pages\/195"}],"wp:attachment":[{"href":"https:\/\/agora.xtec.cat\/ies-castelldelquer-prats\/wp-json\/wp\/v2\/media?parent=715"}],"curies":[{"name":"wp","href":"https:\/\/api.w.org\/{rel}","templated":true}]}}