{"id":634,"date":"2020-10-22T12:37:43","date_gmt":"2020-10-22T10:37:43","guid":{"rendered":"https:\/\/agora.xtec.cat\/ies-castelldelquer-prats\/?page_id=634"},"modified":"2025-09-10T13:40:25","modified_gmt":"2025-09-10T11:40:25","slug":"departaments-didactics","status":"publish","type":"page","link":"https:\/\/agora.xtec.cat\/ies-castelldelquer-prats\/projecte-educatiu\/departaments-didactics\/","title":{"rendered":"Departaments did\u00e0ctics"},"content":{"rendered":"<p style=\"text-align: justify;\">A part de l\u2019equip directiu, l\u2019institut t\u00e9 un organigrama d\u2019estructura matricial en el que hi ha un seguit de professors i professores que actuen de caps de departament per vetllar per la coordinaci\u00f3 dels diferents\u00a0departaments did\u00e0ctics, de manera que els continguts que s\u2019imparteixin segueixin una seq\u00fc\u00e8ncia ordenada al llarg de l\u2019etapa d\u2019ESO i despr\u00e9s al Batxillerat, es comparteixin estrat\u00e8gies metodol\u00f2giques i experi\u00e8ncies did\u00e0ctiques entre professors del mateix \u00e0mbit, s\u2019apliquin uns criteris d\u2019avaluaci\u00f3 consensuats, es fomenti la cooperaci\u00f3 entre departaments \u00a0i es desenvolupin projectes interdisciplinars.<\/p>\n<p>Els departaments did\u00e0ctics estan formats per:<\/p>\n<div>\n<table style=\"width: 740px; height: 158px;\" border=\"1\" cellspacing=\"0\">\n<tbody>\n<tr>\n<td style=\"width: 225px;\">\u00a0<span style=\"color: #0b5394; font-size: large;\"><b>Departament \u00a0did\u00e0ctic\u00a0\u00a0<\/b><\/span><\/td>\n<td style=\"width: 218px;\"><span style=\"color: #0b5394; font-size: large;\"><b>\u00a0Cap de departament\u00a0\u00a0<\/b><\/span><\/td>\n<td style=\"width: 295px;\"><span style=\"color: #0b5394; font-size: large;\"><b>Professorat del departament <\/b><\/span><\/td>\n<\/tr>\n<tr>\n<td style=\"width: 225px;\">\u00a0Ci\u00e8ncies Naturals i tecnologia<\/td>\n<td style=\"width: 218px;\">\u00a0Roger Casanovas<\/td>\n<td style=\"width: 295px;\">Anna Deg\u00e8s, Ferran Ferrero, David Franco, Susana Ortega, Carme Sellabona, Llu\u00eds Soler<\/td>\n<\/tr>\n<tr>\n<td style=\"width: 225px;\">\u00a0Matem\u00e0tiques<\/td>\n<td style=\"width: 218px;\">\u00a0Ruth Salvador<\/td>\n<td style=\"width: 295px;\">Ester Bascuas, Quim Chaves, Carme Vall<\/td>\n<\/tr>\n<tr>\n<td style=\"width: 225px;\">\u00a0Lleng\u00fces<\/td>\n<td style=\"width: 218px;\">Ricard Torres<\/td>\n<td style=\"width: 295px;\">Ariadna Cabiscol, Ton Artigas, Elisenda Plana, Isabel P\u00e9rez, Miguel Villanueva , Toni Xifr\u00e9<\/td>\n<\/tr>\n<tr>\n<td style=\"width: 225px;\">\u00a0Lleng\u00fces estrangeres<\/td>\n<td style=\"width: 218px;\">Alba Busquet<\/td>\n<td style=\"width: 295px;\">M\u00edriam Busquets, Laia Isus, Montse Pint\u00f3, Javier Sancho,<\/td>\n<\/tr>\n<tr>\n<td style=\"width: 225px;\">\u00a0Ci\u00e8ncies socials<\/td>\n<td style=\"width: 218px;\">Marc Pons<\/td>\n<td style=\"width: 295px;\">Sherpa Castell\u00e0, Irene Garcia, L\u00eddia Sadurn\u00ed, Arcadi Vil\u00e0, Marta Vilardell<\/td>\n<\/tr>\n<tr>\n<td style=\"width: 225px;\">\u00a0Expressions<\/td>\n<td style=\"width: 218px;\">Esther L\u00f3pez<\/td>\n<td style=\"width: 295px;\">Gl\u00f2ria Ambr\u00f3s, J\u00falia Camprub\u00ed, Laura Garcia, Gustau Ib\u00e1\u00f1ez<\/td>\n<\/tr>\n<tr>\n<td style=\"width: 225px;\">\u00a0Orientaci\u00f3<\/td>\n<td style=\"width: 218px;\">\u00a0N\u00faria Capdevila<\/td>\n<td style=\"width: 295px;\">Judit Boix,\u00a0 Ferran Sala, Sanela Selimovic<\/td>\n<\/tr>\n<\/tbody>\n<\/table>\n<h6 style=\"text-align: center;\"><em>informaci\u00f3 actualitzada setembre 2025<\/em><\/h6>\n<\/div>\n","protected":false},"excerpt":{"rendered":"<p>A part de l\u2019equip directiu, l\u2019institut t\u00e9 un organigrama d\u2019estructura matricial en el que hi ha un seguit de professors i professores que actuen de caps de departament per vetllar per la coordinaci\u00f3 dels diferents\u00a0departaments did\u00e0ctics, de manera que els continguts que s\u2019imparteixin segueixin una&hellip;  <a href=\"https:\/\/agora.xtec.cat\/ies-castelldelquer-prats\/projecte-educatiu\/departaments-didactics\/\" title=\"Read Departaments did\u00e0ctics\">Llegeix m\u00e9s\u00bb<\/a><\/p>\n","protected":false},"author":1,"featured_media":0,"parent":57,"menu_order":4,"comment_status":"closed","ping_status":"closed","template":"","meta":{"_bbp_topic_count":0,"_bbp_reply_count":0,"_bbp_total_topic_count":0,"_bbp_total_reply_count":0,"_bbp_voice_count":0,"_bbp_anonymous_reply_count":0,"_bbp_topic_count_hidden":0,"_bbp_reply_count_hidden":0,"_bbp_forum_subforum_count":0,"footnotes":""},"class_list":["post-634","page","type-page","status-publish","hentry"],"post_mailing_queue_ids":[],"_links":{"self":[{"href":"https:\/\/agora.xtec.cat\/ies-castelldelquer-prats\/wp-json\/wp\/v2\/pages\/634","targetHints":{"allow":["GET"]}}],"collection":[{"href":"https:\/\/agora.xtec.cat\/ies-castelldelquer-prats\/wp-json\/wp\/v2\/pages"}],"about":[{"href":"https:\/\/agora.xtec.cat\/ies-castelldelquer-prats\/wp-json\/wp\/v2\/types\/page"}],"author":[{"embeddable":true,"href":"https:\/\/agora.xtec.cat\/ies-castelldelquer-prats\/wp-json\/wp\/v2\/users\/1"}],"replies":[{"embeddable":true,"href":"https:\/\/agora.xtec.cat\/ies-castelldelquer-prats\/wp-json\/wp\/v2\/comments?post=634"}],"version-history":[{"count":6,"href":"https:\/\/agora.xtec.cat\/ies-castelldelquer-prats\/wp-json\/wp\/v2\/pages\/634\/revisions"}],"predecessor-version":[{"id":5514,"href":"https:\/\/agora.xtec.cat\/ies-castelldelquer-prats\/wp-json\/wp\/v2\/pages\/634\/revisions\/5514"}],"up":[{"embeddable":true,"href":"https:\/\/agora.xtec.cat\/ies-castelldelquer-prats\/wp-json\/wp\/v2\/pages\/57"}],"wp:attachment":[{"href":"https:\/\/agora.xtec.cat\/ies-castelldelquer-prats\/wp-json\/wp\/v2\/media?parent=634"}],"curies":[{"name":"wp","href":"https:\/\/api.w.org\/{rel}","templated":true}]}}