{"id":624,"date":"2020-10-15T12:29:00","date_gmt":"2020-10-15T10:29:00","guid":{"rendered":"https:\/\/agora.xtec.cat\/ies-castelldelquer-prats\/?page_id=624"},"modified":"2022-10-17T11:35:44","modified_gmt":"2022-10-17T09:35:44","slug":"normes-de-funcionament","status":"publish","type":"page","link":"https:\/\/agora.xtec.cat\/ies-castelldelquer-prats\/projecte-educatiu\/normes-de-funcionament\/","title":{"rendered":"Normes de funcionament"},"content":{"rendered":"<p>Les Normes d\u2019Organitzaci\u00f3 i Funcionament recullen els aspectes relatius al funcionament de l\u2019INS Castell del Quer en all\u00f2 que no est\u00e0 previst en la legislaci\u00f3 i normativa de rang superior.<br \/>\nAquestes NOFC s\u00f3n participatives, flexibles i revisables at\u00e8s que s\u2019han d\u2019ajustar a una realitat que \u00e9s canviant. En la seva revisi\u00f3 hi participa el claustre de professors.<br \/>\nLa casu\u00edstica que es doni i no sigui prevista en les NOFC ser\u00e0 resolta per l\u2019Equip Directiu del centre, despr\u00e9s d\u2019escoltar les parts afectades o implicades i, si s\u2019escau, s\u2019incorporaran en el text.<\/p>\n<p>Fes clic en el requadre per veure les normes de funcionament del centre.<\/p>\n<table>\n<tbody>\n<tr>\n<td><a href=\"https:\/\/fliphtml5.com\/luvkq\/aosr\" target=\"_blank\" rel=\"noopener\">Normes d\u2019Organitzaci\u00f3 i Funcionament<\/a><\/td>\n<td><a href=\"https:\/\/fliphtml5.com\/luvkq\/aosr\" target=\"_blank\" rel=\"noopener\">NOF<\/a><\/td>\n<\/tr>\n<\/tbody>\n<\/table>\n<p>&nbsp;<\/p>\n","protected":false},"excerpt":{"rendered":"<p>Les Normes d\u2019Organitzaci\u00f3 i Funcionament recullen els aspectes relatius al funcionament de l\u2019INS Castell del Quer en all\u00f2 que no est\u00e0 previst en la legislaci\u00f3 i normativa de rang superior.<br \/>\nAquestes NOFC s\u00f3n participatives, flexibles i revisables at\u00e8s que s\u2019han d\u2019ajustar a una realitat que \u00e9s&hellip;  <a href=\"https:\/\/agora.xtec.cat\/ies-castelldelquer-prats\/projecte-educatiu\/normes-de-funcionament\/\" title=\"Read Normes de funcionament\">Llegeix m\u00e9s\u00bb<\/a><\/p>\n","protected":false},"author":1,"featured_media":0,"parent":57,"menu_order":6,"comment_status":"closed","ping_status":"closed","template":"","meta":{"_bbp_topic_count":0,"_bbp_reply_count":0,"_bbp_total_topic_count":0,"_bbp_total_reply_count":0,"_bbp_voice_count":0,"_bbp_anonymous_reply_count":0,"_bbp_topic_count_hidden":0,"_bbp_reply_count_hidden":0,"_bbp_forum_subforum_count":0,"footnotes":""},"class_list":["post-624","page","type-page","status-publish","hentry"],"post_mailing_queue_ids":[],"_links":{"self":[{"href":"https:\/\/agora.xtec.cat\/ies-castelldelquer-prats\/wp-json\/wp\/v2\/pages\/624","targetHints":{"allow":["GET"]}}],"collection":[{"href":"https:\/\/agora.xtec.cat\/ies-castelldelquer-prats\/wp-json\/wp\/v2\/pages"}],"about":[{"href":"https:\/\/agora.xtec.cat\/ies-castelldelquer-prats\/wp-json\/wp\/v2\/types\/page"}],"author":[{"embeddable":true,"href":"https:\/\/agora.xtec.cat\/ies-castelldelquer-prats\/wp-json\/wp\/v2\/users\/1"}],"replies":[{"embeddable":true,"href":"https:\/\/agora.xtec.cat\/ies-castelldelquer-prats\/wp-json\/wp\/v2\/comments?post=624"}],"version-history":[{"count":4,"href":"https:\/\/agora.xtec.cat\/ies-castelldelquer-prats\/wp-json\/wp\/v2\/pages\/624\/revisions"}],"predecessor-version":[{"id":3074,"href":"https:\/\/agora.xtec.cat\/ies-castelldelquer-prats\/wp-json\/wp\/v2\/pages\/624\/revisions\/3074"}],"up":[{"embeddable":true,"href":"https:\/\/agora.xtec.cat\/ies-castelldelquer-prats\/wp-json\/wp\/v2\/pages\/57"}],"wp:attachment":[{"href":"https:\/\/agora.xtec.cat\/ies-castelldelquer-prats\/wp-json\/wp\/v2\/media?parent=624"}],"curies":[{"name":"wp","href":"https:\/\/api.w.org\/{rel}","templated":true}]}}