{"id":587,"date":"2020-10-01T12:43:01","date_gmt":"2020-10-01T10:43:01","guid":{"rendered":"https:\/\/agora.xtec.cat\/ies-castelldelquer-prats\/?page_id=587"},"modified":"2021-06-03T12:44:23","modified_gmt":"2021-06-03T10:44:23","slug":"camino-de-santiago","status":"publish","type":"page","link":"https:\/\/agora.xtec.cat\/ies-castelldelquer-prats\/projectes\/camino-de-santiago\/","title":{"rendered":"Camino de Santiago"},"content":{"rendered":"<p dir=\"ltr\"><strong>Professors i professores del Camino\u00a0<\/strong> \/\/\u00a0 Un any m\u00e9s, i esperat amb moltes ganes, l&#8217;alumnat de tercer d\u2019ESO ha portat a terme el projecte interdisciplinari \u201cEl Camino de Santiago\u201d en el que hi participen les mat\u00e8ries de socials, cultura i valors \u00e8tics, educaci\u00f3 f\u00edsica i castell\u00e0.<\/p>\n<p dir=\"ltr\">Fonamentat en el treball en equip, la companyonia, l\u2019assoliment d\u2019objectius i el tractament de diverses fonts i tipologies de treball, s\u2019ha buscat potenciar la creativitat, l\u2019esperit cr\u00edtic i el respecte en cada un dels nostres alumnes.<\/p>\n<p dir=\"ltr\">Despr\u00e9s d\u2019investigar setmana rere setmana sobre tots els aspectes (geogr\u00e0fics, arquitect\u00f2nics, gastron\u00f2mics, culturals, religiosos, etc.) que impliquen aquesta m\u00edtica ruta de pelegrinatge que s&#8217;est\u00e9n per tota la pen\u00ednsula i m\u00e9s enll\u00e0 dels Pirineus, i coneguda per gran part de la poblaci\u00f3, culminem aquest projecte amb un viatge de quatre dies pel nord peninsular on es realitzaran diverses etapes del cam\u00ed i es visitaran diferents monuments, espais i llocs emblem\u00e0tics, tancant aquest projecte de la millor manera possible: coneixent de primera m\u00e0 i vivint en primera persona el que experimenta un pelegr\u00ed.<\/p>\n<p>&nbsp;<\/p>\n","protected":false},"excerpt":{"rendered":"<p>Professors i professores del Camino\u00a0 \/\/\u00a0 Un any m\u00e9s, i esperat amb moltes ganes, l&#8217;alumnat de tercer d\u2019ESO ha portat a terme el projecte interdisciplinari \u201cEl Camino de Santiago\u201d en el que hi participen les mat\u00e8ries de socials, cultura i valors \u00e8tics, educaci\u00f3 f\u00edsica i&hellip;  <a href=\"https:\/\/agora.xtec.cat\/ies-castelldelquer-prats\/projectes\/camino-de-santiago\/\" title=\"Read Camino de Santiago\">Llegeix m\u00e9s\u00bb<\/a><\/p>\n","protected":false},"author":1,"featured_media":0,"parent":584,"menu_order":1,"comment_status":"closed","ping_status":"closed","template":"","meta":{"_bbp_topic_count":0,"_bbp_reply_count":0,"_bbp_total_topic_count":0,"_bbp_total_reply_count":0,"_bbp_voice_count":0,"_bbp_anonymous_reply_count":0,"_bbp_topic_count_hidden":0,"_bbp_reply_count_hidden":0,"_bbp_forum_subforum_count":0,"footnotes":""},"class_list":["post-587","page","type-page","status-publish","hentry"],"post_mailing_queue_ids":[],"_links":{"self":[{"href":"https:\/\/agora.xtec.cat\/ies-castelldelquer-prats\/wp-json\/wp\/v2\/pages\/587","targetHints":{"allow":["GET"]}}],"collection":[{"href":"https:\/\/agora.xtec.cat\/ies-castelldelquer-prats\/wp-json\/wp\/v2\/pages"}],"about":[{"href":"https:\/\/agora.xtec.cat\/ies-castelldelquer-prats\/wp-json\/wp\/v2\/types\/page"}],"author":[{"embeddable":true,"href":"https:\/\/agora.xtec.cat\/ies-castelldelquer-prats\/wp-json\/wp\/v2\/users\/1"}],"replies":[{"embeddable":true,"href":"https:\/\/agora.xtec.cat\/ies-castelldelquer-prats\/wp-json\/wp\/v2\/comments?post=587"}],"version-history":[{"count":3,"href":"https:\/\/agora.xtec.cat\/ies-castelldelquer-prats\/wp-json\/wp\/v2\/pages\/587\/revisions"}],"predecessor-version":[{"id":1704,"href":"https:\/\/agora.xtec.cat\/ies-castelldelquer-prats\/wp-json\/wp\/v2\/pages\/587\/revisions\/1704"}],"up":[{"embeddable":true,"href":"https:\/\/agora.xtec.cat\/ies-castelldelquer-prats\/wp-json\/wp\/v2\/pages\/584"}],"wp:attachment":[{"href":"https:\/\/agora.xtec.cat\/ies-castelldelquer-prats\/wp-json\/wp\/v2\/media?parent=587"}],"curies":[{"name":"wp","href":"https:\/\/api.w.org\/{rel}","templated":true}]}}