{"id":569,"date":"2020-09-24T12:46:16","date_gmt":"2020-09-24T10:46:16","guid":{"rendered":"https:\/\/agora.xtec.cat\/ies-castelldelquer-prats\/?page_id=569"},"modified":"2025-09-10T13:40:08","modified_gmt":"2025-09-10T11:40:08","slug":"equip-directiu","status":"publish","type":"page","link":"https:\/\/agora.xtec.cat\/ies-castelldelquer-prats\/projecte-educatiu\/equip-directiu\/","title":{"rendered":"Equip directiu"},"content":{"rendered":"<p><span style=\"font-size: medium;\">L&#8217;<a href=\"https:\/\/agora.xtec.cat\/ies-castelldelquer-prats\/projecte-educatiu\/equip-directiu\/\">Equip directiu<\/a> est\u00e0 format per Ferran Ferrero que fa les funcions de director, en Quim Chaves que \u00e9s el cap d&#8217;estudis, N\u00faria Capdevila que ocupa al c\u00e0rrec de coordinadora pedag\u00f2gica i la Gl\u00f2ria Ambr\u00f2s que \u00e9s la secret\u00e0ria..<\/span><\/p>\n<table style=\"height: 212px;\" width=\"489\">\n<tbody>\n<tr>\n<td style=\"width: 483px; background-color: #7fb6eb;\" colspan=\"2\">\n<h4 style=\"text-align: center;\"><span style=\"color: #000080;\">EQUIP DIRECTIU<\/span><\/h4>\n<\/td>\n<\/tr>\n<tr>\n<td style=\"width: 239px;\">DIRECCI\u00d3<\/td>\n<td style=\"width: 242px;\">Ferran Ferrero<\/td>\n<\/tr>\n<tr>\n<td style=\"width: 239px;\">CAP D&#8217;ESTUDIS<\/td>\n<td style=\"width: 242px;\">Quim Chaves<\/td>\n<\/tr>\n<tr>\n<td style=\"width: 239px;\">COORDINACI\u00d3 PEDAG\u00d2GICA<\/td>\n<td style=\"width: 242px;\">N\u00faria Capdevila<\/td>\n<\/tr>\n<tr>\n<td style=\"width: 239px;\">SECRET\u00c0RIA<\/td>\n<td style=\"width: 242px;\">Gl\u00f2ria Ambr\u00f2s<\/td>\n<\/tr>\n<\/tbody>\n<\/table>\n<h6 style=\"text-align: center;\"><em>informaci\u00f3 actualitzada setembre 2025<\/em><\/h6>\n","protected":false},"excerpt":{"rendered":"<p>L&#8217;<a href=\"https:\/\/agora.xtec.cat\/ies-castelldelquer-prats\/projecte-educatiu\/equip-directiu\/\">Equip directiu<\/a> est\u00e0 format per Ferran Ferrero que fa les funcions de director, en Quim Chaves que \u00e9s el cap d&#8217;estudis, N\u00faria Capdevila que ocupa al c\u00e0rrec de coordinadora pedag\u00f2gica i la Gl\u00f2ria Ambr\u00f2s que \u00e9s la secret\u00e0ria..<\/p>\n<p>EQUIP DIRECTIU<\/p>\n<p>DIRECCI\u00d3<br \/>\nFerran Ferrero<\/p>\n<p>CAP D&#8217;ESTUDIS<br \/>\nQuim Chaves<\/p>\n<p>COORDINACI\u00d3 PEDAG\u00d2GICA<br \/>\nN\u00faria Capdevila<\/p>\n<p>SECRET\u00c0RIA<br \/>\nGl\u00f2ria&hellip;  <a href=\"https:\/\/agora.xtec.cat\/ies-castelldelquer-prats\/projecte-educatiu\/equip-directiu\/\" title=\"Read Equip directiu\">Llegeix m\u00e9s\u00bb<\/a><\/p>\n","protected":false},"author":1,"featured_media":0,"parent":57,"menu_order":3,"comment_status":"closed","ping_status":"closed","template":"","meta":{"_bbp_topic_count":0,"_bbp_reply_count":0,"_bbp_total_topic_count":0,"_bbp_total_reply_count":0,"_bbp_voice_count":0,"_bbp_anonymous_reply_count":0,"_bbp_topic_count_hidden":0,"_bbp_reply_count_hidden":0,"_bbp_forum_subforum_count":0,"footnotes":""},"class_list":["post-569","page","type-page","status-publish","hentry"],"post_mailing_queue_ids":[],"_links":{"self":[{"href":"https:\/\/agora.xtec.cat\/ies-castelldelquer-prats\/wp-json\/wp\/v2\/pages\/569","targetHints":{"allow":["GET"]}}],"collection":[{"href":"https:\/\/agora.xtec.cat\/ies-castelldelquer-prats\/wp-json\/wp\/v2\/pages"}],"about":[{"href":"https:\/\/agora.xtec.cat\/ies-castelldelquer-prats\/wp-json\/wp\/v2\/types\/page"}],"author":[{"embeddable":true,"href":"https:\/\/agora.xtec.cat\/ies-castelldelquer-prats\/wp-json\/wp\/v2\/users\/1"}],"replies":[{"embeddable":true,"href":"https:\/\/agora.xtec.cat\/ies-castelldelquer-prats\/wp-json\/wp\/v2\/comments?post=569"}],"version-history":[{"count":6,"href":"https:\/\/agora.xtec.cat\/ies-castelldelquer-prats\/wp-json\/wp\/v2\/pages\/569\/revisions"}],"predecessor-version":[{"id":5513,"href":"https:\/\/agora.xtec.cat\/ies-castelldelquer-prats\/wp-json\/wp\/v2\/pages\/569\/revisions\/5513"}],"up":[{"embeddable":true,"href":"https:\/\/agora.xtec.cat\/ies-castelldelquer-prats\/wp-json\/wp\/v2\/pages\/57"}],"wp:attachment":[{"href":"https:\/\/agora.xtec.cat\/ies-castelldelquer-prats\/wp-json\/wp\/v2\/media?parent=569"}],"curies":[{"name":"wp","href":"https:\/\/api.w.org\/{rel}","templated":true}]}}