{"id":43,"date":"2020-09-08T10:22:07","date_gmt":"2020-09-08T08:22:07","guid":{"rendered":"http:\/\/agora.xtec.cat\/ies-castelldelquer-prats\/?page_id=43"},"modified":"2025-11-26T11:29:29","modified_gmt":"2025-11-26T10:29:29","slug":"consell-escolar","status":"publish","type":"page","link":"https:\/\/agora.xtec.cat\/ies-castelldelquer-prats\/projecte-educatiu\/consell-escolar\/","title":{"rendered":"Consell escolar"},"content":{"rendered":"<p>&nbsp;<\/p>\n<table style=\"height: 759px; width: 99.9099%;\" width=\"740\">\n<tbody>\n<tr style=\"height: 54px;\">\n<td style=\"width: 366px; background-color: #7fb6eb; text-align: center; height: 54px;\" colspan=\"2\">\n<h3><span style=\"color: #000080;\"><strong>CONSELL ESCOLAR<\/strong><\/span><\/h3>\n<\/td>\n<\/tr>\n<tr style=\"height: 33px;\">\n<td style=\"width: 366px; height: 33px;\">\n<div dir=\"ltr\">\n<div><span style=\"font-family: arial, sans-serif;\">PRESIDENT<\/span><\/div>\n<\/div>\n<\/td>\n<td style=\"width: 366px; height: 33px;\"><span style=\"font-family: arial, sans-serif;\">Ferran Ferrero Ferri\u00a0<\/span><\/td>\n<\/tr>\n<tr style=\"height: 49px;\">\n<td style=\"width: 366px; height: 49px;\">\n<div dir=\"ltr\">\n<div>CAP D&#8217;ESTUDIS<span style=\"font-family: arial, sans-serif;\"><br \/>\n<\/span><\/div>\n<\/div>\n<div dir=\"ltr\"><\/div>\n<\/td>\n<td style=\"width: 366px; height: 49px;\">Quim Chaves<\/td>\n<\/tr>\n<tr style=\"height: 33px;\">\n<td style=\"width: 366px; height: 33px;\">SECRETARI<\/td>\n<td style=\"width: 366px; height: 33px;\">Gl\u00f2ria Ambr\u00f2s<\/td>\n<\/tr>\n<tr style=\"height: 257px;\">\n<td style=\"width: 366px; height: 257px;\">\n<div dir=\"ltr\"><span style=\"font-family: arial, sans-serif;\">REPRESENTANTS PROFESSORAT\u00a0<\/span><\/div>\n<div dir=\"ltr\"><\/div>\n<div dir=\"ltr\">\n<div><span style=\"font-family: arial, sans-serif;\">\u00a0<\/span><\/div>\n<\/div>\n<\/td>\n<td style=\"width: 366px; height: 257px;\">\n<p style=\"font-weight: 400;\">\n<p>Ariadna Cabiscol<\/p>\n<p>Gustau Iba\u00f1ez<\/p>\n<p>Sherpa Castell\u00e0<\/p>\n<p>Marc Pons<\/p>\n<p>Roger Casanovas<\/td>\n<\/tr>\n<tr style=\"height: 137px;\">\n<td style=\"width: 366px; height: 111px;\">\n<div dir=\"ltr\"><span style=\"font-family: arial, sans-serif;\">REPRESENTANTS ALUMNAT<\/span><\/div>\n<div dir=\"ltr\"><\/div>\n<div dir=\"ltr\"><span style=\"font-family: arial, sans-serif;\">\u00a0<\/span><\/div>\n<\/td>\n<td style=\"width: 366px; height: 111px;\">\n<p style=\"font-weight: 400;\">Berta D\u00e9u<\/p>\n<p style=\"font-weight: 400;\"><span style=\"font-family: inherit; font-size: 1em;\">Diego Alberto Escoto\u00a0<\/span><\/p>\n<\/td>\n<\/tr>\n<tr style=\"height: 97px;\">\n<td style=\"width: 366px; height: 79px;\">\n<div dir=\"ltr\"><span style=\"font-family: arial, sans-serif;\">REPRESENTANTS PARES I MARES<\/span><\/div>\n<div dir=\"ltr\"><\/div>\n<div dir=\"ltr\"><span style=\"font-family: arial, sans-serif;\">\u00a0<\/span><\/div>\n<\/td>\n<td style=\"width: 366px; height: 79px;\">\n<p style=\"font-weight: 400;\">Queralt Valldaura<\/p>\n<p>N\u00faria Ra\u00f1\u00e9<\/td>\n<\/tr>\n<tr style=\"height: 113px;\">\n<td style=\"width: 366px; height: 12px;\"><span style=\"font-family: arial, sans-serif;\">REPRESENTATS AFA<\/span><\/p>\n<p>&nbsp;<\/p>\n<div dir=\"ltr\"><span style=\"font-family: arial, sans-serif;\">\u00a0<\/span><\/div>\n<\/td>\n<td style=\"width: 366px; height: 12px;\">Albert Blanco<\/td>\n<\/tr>\n<tr style=\"height: 49px;\">\n<td style=\"width: 366px; height: 49px;\"><span style=\"font-family: arial, sans-serif;\">REPRESENTANT PAS i PAE<\/span><br \/>\n<span style=\"font-family: arial, sans-serif;\"><br \/>\n<\/span><\/td>\n<td style=\"width: 366px; height: 49px;\">Marga Borrull<\/td>\n<\/tr>\n<tr style=\"height: 33px;\">\n<td style=\"width: 366px; height: 33px;\">REPRESENTANT AJUNTAMENT<\/td>\n<td style=\"width: 366px; height: 33px;\">Rosa Vil\u00e0 Garet<\/td>\n<\/tr>\n<\/tbody>\n<\/table>\n","protected":false},"excerpt":{"rendered":"<p>&nbsp;<\/p>\n<p>CONSELL ESCOLAR<\/p>\n<p>PRESIDENT<\/p>\n<p>Ferran Ferrero Ferri\u00a0<\/p>\n<p>CAP D&#8217;ESTUDIS<\/p>\n<p>Quim Chaves<\/p>\n<p>SECRETARI<br \/>\nGl\u00f2ria Ambr\u00f2s<\/p>\n<p>REPRESENTANTS PROFESSORAT\u00a0<\/p>\n<p>\u00a0<\/p>\n<p>Ariadna Cabiscol<br \/>\nGustau Iba\u00f1ez<br \/>\nSherpa Castell\u00e0<br \/>\nMarc Pons<br \/>\nRoger Casanovas<\/p>\n<p>REPRESENTANTS ALUMNAT<\/p>\n<p>\u00a0<\/p>\n<p>Berta D\u00e9u<br \/>\nDiego Alberto Escoto\u00a0<\/p>\n<p>REPRESENTANTS PARES I MARES<\/p>\n<p>\u00a0<\/p>\n<p>Queralt Valldaura<br \/>\nN\u00faria Ra\u00f1\u00e9<\/p>\n<p>REPRESENTATS AFA<br \/>\n&nbsp;<br \/>\n\u00a0<\/p>\n<p>Albert Blanco<\/p>\n<p>REPRESENTANT PAS i PAE<\/p>\n<p>Marga Borrull<\/p>\n<p>REPRESENTANT AJUNTAMENT<br \/>\nRosa Vil\u00e0 Garet<\/p>\n","protected":false},"author":1,"featured_media":0,"parent":57,"menu_order":1,"comment_status":"closed","ping_status":"closed","template":"","meta":{"_bbp_topic_count":0,"_bbp_reply_count":0,"_bbp_total_topic_count":0,"_bbp_total_reply_count":0,"_bbp_voice_count":0,"_bbp_anonymous_reply_count":0,"_bbp_topic_count_hidden":0,"_bbp_reply_count_hidden":0,"_bbp_forum_subforum_count":0,"footnotes":""},"class_list":["post-43","page","type-page","status-publish","hentry"],"post_mailing_queue_ids":[],"_links":{"self":[{"href":"https:\/\/agora.xtec.cat\/ies-castelldelquer-prats\/wp-json\/wp\/v2\/pages\/43","targetHints":{"allow":["GET"]}}],"collection":[{"href":"https:\/\/agora.xtec.cat\/ies-castelldelquer-prats\/wp-json\/wp\/v2\/pages"}],"about":[{"href":"https:\/\/agora.xtec.cat\/ies-castelldelquer-prats\/wp-json\/wp\/v2\/types\/page"}],"author":[{"embeddable":true,"href":"https:\/\/agora.xtec.cat\/ies-castelldelquer-prats\/wp-json\/wp\/v2\/users\/1"}],"replies":[{"embeddable":true,"href":"https:\/\/agora.xtec.cat\/ies-castelldelquer-prats\/wp-json\/wp\/v2\/comments?post=43"}],"version-history":[{"count":6,"href":"https:\/\/agora.xtec.cat\/ies-castelldelquer-prats\/wp-json\/wp\/v2\/pages\/43\/revisions"}],"predecessor-version":[{"id":5929,"href":"https:\/\/agora.xtec.cat\/ies-castelldelquer-prats\/wp-json\/wp\/v2\/pages\/43\/revisions\/5929"}],"up":[{"embeddable":true,"href":"https:\/\/agora.xtec.cat\/ies-castelldelquer-prats\/wp-json\/wp\/v2\/pages\/57"}],"wp:attachment":[{"href":"https:\/\/agora.xtec.cat\/ies-castelldelquer-prats\/wp-json\/wp\/v2\/media?parent=43"}],"curies":[{"name":"wp","href":"https:\/\/api.w.org\/{rel}","templated":true}]}}