{"id":3027,"date":"2022-08-01T09:57:46","date_gmt":"2022-08-01T07:57:46","guid":{"rendered":"https:\/\/agora.xtec.cat\/ies-castelldelquer-prats\/?page_id=3027"},"modified":"2024-06-03T11:29:59","modified_gmt":"2024-06-03T09:29:59","slug":"objectius","status":"publish","type":"page","link":"https:\/\/agora.xtec.cat\/ies-castelldelquer-prats\/estrategia-digital-de-centre\/part-estrategica\/objectius\/","title":{"rendered":"Objectius, Activitats, Planificaci\u00f3 i Seguiment"},"content":{"rendered":"<p><a href=\"https:\/\/docs.google.com\/spreadsheets\/d\/1mhgUc5L3iMYdY-UmrhI0hzofDt5CTgbO\/edit?usp=sharing&amp;ouid=115647049002133522586&amp;rtpof=true&amp;sd=true\" target=\"_blank\" rel=\"noopener\">Enlla\u00e7 full (per veure les activitats i temporitzaci\u00f3)<\/a><br \/>\nUna vegada analitzats tots els indicadors de la compet\u00e8ncia digital de la comunitat educativa, i havent valorat els punts febles i forts resultants, l&#8217;Institut Castell del Quer, es proposa assolir els seg\u00fcents objectius:<\/p>\n<p><strong><span style=\"font-family: inherit; font-size: 1em;\">Assoliment de la compet\u00e8ncia digital<\/span><\/strong><br \/>\nOBJECTIU 1: Proporcionar espais de trobada per compartir bones pr\u00e0ctiques docents en l\u2019\u00e0mbit digital i fer una planificaci\u00f3 i seguiment d\u2019aquestes.<\/p>\n<p>OBJECTIU 2: Fer \u00fas d\u2019eines digitals d\u2019autoavaluaci\u00f3, coavaluaci\u00f3 i portafoli digital per millorar el proc\u00e9s d\u2019aprenentatge dels alumnes.<\/p>\n<p><strong>Planificaci\u00f3 estrat\u00e8gica i organitzaci\u00f3<\/strong><br \/>\nOBJECTIU 3: Millorar la comunicaci\u00f3 externa del centre per tal que les fam\u00edlies augmentin el seu inter\u00e8s.<\/p>\n<p><strong>Metodologies did\u00e0ctiques i innovaci\u00f3<\/strong><br \/>\nOBJECTIU 4: Implementar el desplegament curricular de la compet\u00e8ncia digital i adaptar-lo al nou curr\u00edculum per millorar la compet\u00e8ncia digital dels alumnes.<\/p>\n<p><strong>Seguretat i protecci\u00f3 de dades<\/strong><br \/>\nOBJECTIU 5: Planificar l\u2019ensenyament de bones pr\u00e0ctiques per tal que l\u2019alumnat tingui un comportament cr\u00edtic, responsable i segur enfront la informaci\u00f3 de la xarxa i les xarxes socials.<\/p>\n<p>&nbsp;<\/p>\n<p>&nbsp;<\/p>\n","protected":false},"excerpt":{"rendered":"<p><a href=\"https:\/\/docs.google.com\/spreadsheets\/d\/1mhgUc5L3iMYdY-UmrhI0hzofDt5CTgbO\/edit?usp=sharing&amp;ouid=115647049002133522586&amp;rtpof=true&amp;sd=true\" target=\"_blank\" rel=\"noopener\">Enlla\u00e7 full (per veure les activitats i temporitzaci\u00f3)<\/a><br \/>\nUna vegada analitzats tots els indicadors de la compet\u00e8ncia digital de la comunitat educativa, i havent valorat els punts febles i forts resultants, l&#8217;Institut Castell del Quer, es proposa assolir els seg\u00fcents objectius:<br \/>\nAssoliment de la&hellip;  <a href=\"https:\/\/agora.xtec.cat\/ies-castelldelquer-prats\/estrategia-digital-de-centre\/part-estrategica\/objectius\/\" title=\"Read Objectius, Activitats, Planificaci\u00f3 i Seguiment\">Llegeix m\u00e9s\u00bb<\/a><\/p>\n","protected":false},"author":1,"featured_media":0,"parent":3014,"menu_order":3,"comment_status":"closed","ping_status":"closed","template":"page-templates\/side-menu.php","meta":{"_bbp_topic_count":0,"_bbp_reply_count":0,"_bbp_total_topic_count":0,"_bbp_total_reply_count":0,"_bbp_voice_count":0,"_bbp_anonymous_reply_count":0,"_bbp_topic_count_hidden":0,"_bbp_reply_count_hidden":0,"_bbp_forum_subforum_count":0,"footnotes":""},"class_list":["post-3027","page","type-page","status-publish","hentry"],"post_mailing_queue_ids":[],"_links":{"self":[{"href":"https:\/\/agora.xtec.cat\/ies-castelldelquer-prats\/wp-json\/wp\/v2\/pages\/3027","targetHints":{"allow":["GET"]}}],"collection":[{"href":"https:\/\/agora.xtec.cat\/ies-castelldelquer-prats\/wp-json\/wp\/v2\/pages"}],"about":[{"href":"https:\/\/agora.xtec.cat\/ies-castelldelquer-prats\/wp-json\/wp\/v2\/types\/page"}],"author":[{"embeddable":true,"href":"https:\/\/agora.xtec.cat\/ies-castelldelquer-prats\/wp-json\/wp\/v2\/users\/1"}],"replies":[{"embeddable":true,"href":"https:\/\/agora.xtec.cat\/ies-castelldelquer-prats\/wp-json\/wp\/v2\/comments?post=3027"}],"version-history":[{"count":5,"href":"https:\/\/agora.xtec.cat\/ies-castelldelquer-prats\/wp-json\/wp\/v2\/pages\/3027\/revisions"}],"predecessor-version":[{"id":4727,"href":"https:\/\/agora.xtec.cat\/ies-castelldelquer-prats\/wp-json\/wp\/v2\/pages\/3027\/revisions\/4727"}],"up":[{"embeddable":true,"href":"https:\/\/agora.xtec.cat\/ies-castelldelquer-prats\/wp-json\/wp\/v2\/pages\/3014"}],"wp:attachment":[{"href":"https:\/\/agora.xtec.cat\/ies-castelldelquer-prats\/wp-json\/wp\/v2\/media?parent=3027"}],"curies":[{"name":"wp","href":"https:\/\/api.w.org\/{rel}","templated":true}]}}