{"id":3014,"date":"2022-08-01T09:54:26","date_gmt":"2022-08-01T07:54:26","guid":{"rendered":"https:\/\/agora.xtec.cat\/ies-castelldelquer-prats\/?page_id=3014"},"modified":"2022-10-23T19:23:35","modified_gmt":"2022-10-23T17:23:35","slug":"part-estrategica","status":"publish","type":"page","link":"https:\/\/agora.xtec.cat\/ies-castelldelquer-prats\/estrategia-digital-de-centre\/part-estrategica\/","title":{"rendered":"Part estrat\u00e8gica"},"content":{"rendered":"<p>Els objectius de l&#8217;EDC es poden agrupar en cinc \u00e0mbits, que tenen com a fita el m\u00e0xim assoliment de la compet\u00e8ncia digital de l\u2019alumnat, del professorat i del centre:<\/p>\n<ul>\n<li>Assoliment de la compet\u00e8ncia digital<\/li>\n<li>Planificaci\u00f3 estrat\u00e8gica i organitzaci\u00f3<\/li>\n<li>Metodologies did\u00e0ctiques i innovaci\u00f3<\/li>\n<li>Inclusi\u00f3 digital i de g\u00e8nere<\/li>\n<li>Seguretat i protecci\u00f3 de dades<\/li>\n<\/ul>\n<p>&nbsp;<\/p>\n","protected":false},"excerpt":{"rendered":"<p>Els objectius de l&#8217;EDC es poden agrupar en cinc \u00e0mbits, que tenen com a fita el m\u00e0xim assoliment de la compet\u00e8ncia digital de l\u2019alumnat, del professorat i del centre:<\/p>\n<ul>\n<li>Assoliment de la compet\u00e8ncia digital<\/li>\n<li>Planificaci\u00f3 estrat\u00e8gica i organitzaci\u00f3<\/li>\n<li>Metodologies did\u00e0ctiques i innovaci\u00f3<\/li>\n<li>Inclusi\u00f3 digital i de g\u00e8nere<\/li>\n<li>Seguretat i protecci\u00f3&hellip;  <a href=\"https:\/\/agora.xtec.cat\/ies-castelldelquer-prats\/estrategia-digital-de-centre\/part-estrategica\/\" title=\"Read Part estrat\u00e8gica\">Llegeix m\u00e9s\u00bb<\/a><br \/>\n","protected":false},"author":5,"featured_media":0,"parent":3008,"menu_order":1,"comment_status":"closed","ping_status":"closed","template":"page-templates\/side-menu.php","meta":{"_bbp_topic_count":0,"_bbp_reply_count":0,"_bbp_total_topic_count":0,"_bbp_total_reply_count":0,"_bbp_voice_count":0,"_bbp_anonymous_reply_count":0,"_bbp_topic_count_hidden":0,"_bbp_reply_count_hidden":0,"_bbp_forum_subforum_count":0,"footnotes":""},"class_list":["post-3014","page","type-page","status-publish","hentry"],"post_mailing_queue_ids":[],"_links":{"self":[{"href":"https:\/\/agora.xtec.cat\/ies-castelldelquer-prats\/wp-json\/wp\/v2\/pages\/3014","targetHints":{"allow":["GET"]}}],"collection":[{"href":"https:\/\/agora.xtec.cat\/ies-castelldelquer-prats\/wp-json\/wp\/v2\/pages"}],"about":[{"href":"https:\/\/agora.xtec.cat\/ies-castelldelquer-prats\/wp-json\/wp\/v2\/types\/page"}],"author":[{"embeddable":true,"href":"https:\/\/agora.xtec.cat\/ies-castelldelquer-prats\/wp-json\/wp\/v2\/users\/5"}],"replies":[{"embeddable":true,"href":"https:\/\/agora.xtec.cat\/ies-castelldelquer-prats\/wp-json\/wp\/v2\/comments?post=3014"}],"version-history":[{"count":3,"href":"https:\/\/agora.xtec.cat\/ies-castelldelquer-prats\/wp-json\/wp\/v2\/pages\/3014\/revisions"}],"predecessor-version":[{"id":3250,"href":"https:\/\/agora.xtec.cat\/ies-castelldelquer-prats\/wp-json\/wp\/v2\/pages\/3014\/revisions\/3250"}],"up":[{"embeddable":true,"href":"https:\/\/agora.xtec.cat\/ies-castelldelquer-prats\/wp-json\/wp\/v2\/pages\/3008"}],"wp:attachment":[{"href":"https:\/\/agora.xtec.cat\/ies-castelldelquer-prats\/wp-json\/wp\/v2\/media?parent=3014"}],"curies":[{"name":"wp","href":"https:\/\/api.w.org\/{rel}","templated":true}]}}