{"id":27,"date":"2020-09-08T10:15:03","date_gmt":"2020-09-08T08:15:03","guid":{"rendered":"http:\/\/agora.xtec.cat\/ies-castelldelquer-prats\/?page_id=27"},"modified":"2021-03-04T12:25:04","modified_gmt":"2021-03-04T11:25:04","slug":"historia","status":"publish","type":"page","link":"https:\/\/agora.xtec.cat\/ies-castelldelquer-prats\/linstitut\/historia\/","title":{"rendered":"Hist\u00f2ria"},"content":{"rendered":"<p class=\"western\" lang=\"es-ES\" align=\"justify\"><span style=\"font-size: medium;\"><span lang=\"ca-ES\">La comarca del Llu\u00e7an\u00e8s \u00e9s un lloc privilegiat per viure, ja sigui per la naturalesa, amb <\/span><\/span><span style=\"font-size: medium;\"><span lang=\"ca-ES\">els <\/span><\/span><span style=\"font-size: medium;\"><span lang=\"ca-ES\">paratges verds <\/span><\/span><span style=\"font-size: medium;\"><span lang=\"ca-ES\">o la<\/span><\/span><span style=\"font-size: medium;\"><span lang=\"ca-ES\"> terra verge <\/span><\/span><span style=\"font-size: medium;\"><span lang=\"ca-ES\">o amb les vistes al Pirineu&#8230;,<\/span><\/span><span style=\"font-size: medium;\"><span lang=\"ca-ES\"> com per la gent que hi viu i que durant molts anys s\u2019ha esfor\u00e7at per tirar endavant i llaurar-se el seu futur i el dels seus fills.<\/span><\/span><\/p>\n<p class=\"western\" lang=\"es-ES\" align=\"justify\"><span style=\"font-size: medium;\"><span lang=\"ca-ES\">Junts van aconseguir que es fes realitat la<\/span><\/span><span style=\"font-size: medium;\"><span lang=\"ca-ES\"> posada en funcionament d\u2019un centre educatiu <\/span><\/span><span style=\"font-size: medium;\"><span lang=\"ca-ES\">on els nens i <\/span><\/span><span style=\"font-size: medium;\"><span lang=\"ca-ES\">les <\/span><\/span><span style=\"font-size: medium;\"><span lang=\"ca-ES\">nenes del poble i la comarca poguessin tenir una educaci\u00f3 bona, de qualitat i a prop de casa, ja que amb la implantaci\u00f3 de l\u2019ESO els <\/span><\/span><span style=\"font-size: medium;\"><span lang=\"ca-ES\"> nois i les noies <\/span><\/span><span style=\"font-size: medium;\"><span lang=\"ca-ES\">amb 12 anys s\u2019 <\/span><\/span><span style=\"font-size: medium;\"><span lang=\"ca-ES\">haurien hagut<\/span><\/span><span style=\"font-size: medium;\"><span lang=\"ca-ES\"> de despla\u00e7ar a Vic, Berga o Manresa.\u00a0<\/span><\/span><span style=\"font-size: medium;\"><span lang=\"ca-ES\">Aix\u00ed doncs, u<\/span><\/span><span style=\"font-size: medium;\"><span lang=\"ca-ES\">na de les fites m\u00e9s importants per <\/span><\/span><span style=\"font-size: medium;\"><span lang=\"ca-ES\">a<\/span><\/span><span style=\"font-size: medium;\"><span lang=\"ca-ES\"> la comarca es va aconseguir amb l\u2019Institut Castell del Quer, gr\u00e0cies a l\u2019esfor\u00e7 dels ajuntaments del Llu\u00e7an\u00e8s, especialment el de Prats, i el de moltes persones\u00a0que en aquell moment hi van dedicar molt del seu temps i els seus esfor\u00e7os.<\/span><\/span><\/p>\n<p class=\"western\" lang=\"es-ES\" align=\"justify\"><span style=\"font-size: medium;\"><span lang=\"ca-ES\">L\u2019Institut Castell del Quer es va inaugurar el curs escolar 1995-96, i s\u2019hi va impartir nom\u00e9s tercer curs d\u2019ESO.\u00a0 A partir del curs 1996-1997, ja s\u2019hi va poder cursar des de primer a quart d\u2019ESO. El curs 1997-98, a m\u00e9s de quatre cursos d\u2019ESO s\u2019hi va fer primer curs de Batxillerat. El curs 1998-99 ja s\u2019hi feien els quatre cursos d\u2019ESO i el Batxillerat complet. I el curs 2009-2010, es va comen\u00e7ar un cicle formatiu de grau mitj\u00e0, <\/span><\/span><span style=\"font-size: medium;\"><span lang=\"ca-ES\">el de<\/span><\/span><span style=\"font-size: medium;\"><span lang=\"ca-ES\"> Sistemes Microinform\u00e0tics i Xarxes<\/span><\/span><span style=\"text-decoration: line-through;\"><span style=\"font-size: medium;\"><span lang=\"ca-ES\">,<\/span><\/span><\/span><span style=\"font-size: medium;\"><span lang=\"ca-ES\"> que va desapar\u00e8ixer per manca de matr\u00edcula l\u2019any 2015<\/span><\/span><span style=\"font-size: medium;\"><span lang=\"ca-ES\">. Actualment <\/span><\/span><span style=\"font-size: medium;\"><span lang=\"ca-ES\">l\u2019Institut continua impartint les classes d\u2019<\/span><\/span><span style=\"font-size: medium;\"><span lang=\"ca-ES\">ESO i de Batxillerat.<\/span><\/span><\/p>\n<p class=\"western\" lang=\"es-ES\"><a name=\"_GoBack\"><\/a> <span style=\"color: #444444;\"><span style=\"font-size: medium;\"><span lang=\"ca-ES\">El curs 2019-20 es van programar diversos actes per a la commemoraci\u00f3 del 25\u00e8 aniversari.\u00a0 Malauradament <\/span><\/span><\/span><span style=\"font-size: medium;\"><span lang=\"ca-ES\"> molts <\/span><\/span><span style=\"font-size: medium;\"><span lang=\"ca-ES\">no <\/span><\/span><span style=\"color: #444444;\"><span style=\"font-size: medium;\"><span lang=\"ca-ES\">es van poder celebrar.<\/span><\/span><\/span><\/p>\n","protected":false},"excerpt":{"rendered":"<p>La comarca del Llu\u00e7an\u00e8s \u00e9s un lloc privilegiat per viure, ja sigui per la naturalesa, amb els paratges verds o la terra verge o amb les vistes al Pirineu&#8230;, com per la gent que hi viu i que durant molts anys s\u2019ha esfor\u00e7at per tirar&hellip;  <a href=\"https:\/\/agora.xtec.cat\/ies-castelldelquer-prats\/linstitut\/historia\/\" title=\"Read Hist\u00f2ria\">Llegeix m\u00e9s\u00bb<\/a><\/p>\n","protected":false},"author":1,"featured_media":0,"parent":19,"menu_order":2,"comment_status":"closed","ping_status":"closed","template":"page-templates\/side-menu.php","meta":{"_bbp_topic_count":0,"_bbp_reply_count":0,"_bbp_total_topic_count":0,"_bbp_total_reply_count":0,"_bbp_voice_count":0,"_bbp_anonymous_reply_count":0,"_bbp_topic_count_hidden":0,"_bbp_reply_count_hidden":0,"_bbp_forum_subforum_count":0,"footnotes":""},"class_list":["post-27","page","type-page","status-publish","hentry"],"post_mailing_queue_ids":[],"_links":{"self":[{"href":"https:\/\/agora.xtec.cat\/ies-castelldelquer-prats\/wp-json\/wp\/v2\/pages\/27","targetHints":{"allow":["GET"]}}],"collection":[{"href":"https:\/\/agora.xtec.cat\/ies-castelldelquer-prats\/wp-json\/wp\/v2\/pages"}],"about":[{"href":"https:\/\/agora.xtec.cat\/ies-castelldelquer-prats\/wp-json\/wp\/v2\/types\/page"}],"author":[{"embeddable":true,"href":"https:\/\/agora.xtec.cat\/ies-castelldelquer-prats\/wp-json\/wp\/v2\/users\/1"}],"replies":[{"embeddable":true,"href":"https:\/\/agora.xtec.cat\/ies-castelldelquer-prats\/wp-json\/wp\/v2\/comments?post=27"}],"version-history":[{"count":3,"href":"https:\/\/agora.xtec.cat\/ies-castelldelquer-prats\/wp-json\/wp\/v2\/pages\/27\/revisions"}],"predecessor-version":[{"id":1353,"href":"https:\/\/agora.xtec.cat\/ies-castelldelquer-prats\/wp-json\/wp\/v2\/pages\/27\/revisions\/1353"}],"up":[{"embeddable":true,"href":"https:\/\/agora.xtec.cat\/ies-castelldelquer-prats\/wp-json\/wp\/v2\/pages\/19"}],"wp:attachment":[{"href":"https:\/\/agora.xtec.cat\/ies-castelldelquer-prats\/wp-json\/wp\/v2\/media?parent=27"}],"curies":[{"name":"wp","href":"https:\/\/api.w.org\/{rel}","templated":true}]}}