{"id":21,"date":"2020-09-08T10:10:14","date_gmt":"2020-09-08T08:10:14","guid":{"rendered":"http:\/\/agora.xtec.cat\/ies-castelldelquer-prats\/?page_id=21"},"modified":"2020-10-29T12:31:51","modified_gmt":"2020-10-29T11:31:51","slug":"on-som","status":"publish","type":"page","link":"https:\/\/agora.xtec.cat\/ies-castelldelquer-prats\/linstitut\/on-som\/","title":{"rendered":"On som"},"content":{"rendered":"<h6><strong>Institut Castell del Quer<\/strong><\/h6>\n<h6>C\/ Mateu Garreta<\/h6>\n<h6>08513 Prats de Llu\u00e7an\u00e8s<\/h6>\n<h6><iframe loading=\"lazy\" src=\"https:\/\/www.google.com\/maps\/embed?pb=!1m14!1m8!1m3!1d2964.302008061192!2d2.0298392!3d42.0152532!3m2!1i1024!2i768!4f13.1!3m3!1m2!1s0x12a51ba941388b73%3A0x5b667817b77f6843!2sInstitut%20Castell%20del%20Quer!5e0!3m2!1sca!2ses!4v1601551046831!5m2!1sca!2ses\" width=\"600\" height=\"450\" frameborder=\"0\" aria-hidden=\"false\"><\/iframe><\/h6>\n<p>L&#8217;institut est\u00e0 situat els afores del poble de Prats de Llu\u00e7an\u00e8s,al nord del municipi, en l&#8217;espai on s&#8217;hi concentren els espais d&#8217;educaci\u00f3 i d&#8217;activitats esportives. \u00a0Comparteix edifici amb l&#8217;escola de prim\u00e0ria, per accedir-hi doncs, cal entrar per l&#8217;escala esquerra que troba a la fa\u00e7ana principal.<\/p>\n<p><strong>Com arribar-hi:<\/strong><\/p>\n<ul>\n<li>En cotxe particular<\/li>\n<li>En bus des de Vic: <a href=\"https:\/\/www.sagales.com\/linies\/4?origenCL=133&amp;destiCL=92\">https:\/\/www.sagales.com\/linies\/4?origenCL=133&amp;destiCL=92<\/a><\/li>\n<li>En bus des de Manresa <a href=\"https:\/\/www.sagales.com\/linies\/4?origenCL=133&amp;destiCL=92\">https:\/\/www.sagales.com\/linies\/4?origenCL=133&amp;destiCL=92\u00a0<\/a><\/li>\n<\/ul>\n<p><strong>Escoles adscrites a l&#8217;institut:<br \/>\n<\/strong><\/p>\n<ul>\n<li>Escola Terra Nostra d&#8217;Olost<\/li>\n<li>Escola Llevant d&#8217;Orist\u00e0<\/li>\n<li>Escola Llu\u00e7an\u00e8s de Prats de Llu\u00e7an\u00e8s<\/li>\n<li>FEDAC Prats<\/li>\n<li>Escola Heurom de Perafita<\/li>\n<li>Escola Aurora de Sant Boi de Llu\u00e7an\u00e8s<\/li>\n<li>Escola Gafarr\u00f3 de Santa Eul\u00e0lia de Puigoriol<\/li>\n<li>Escola Els Roures de Sant Feliu Sasserra<\/li>\n<\/ul>\n","protected":false},"excerpt":{"rendered":"<p>Institut Castell del Quer<br \/>\nC\/ Mateu Garreta<br \/>\n08513 Prats de Llu\u00e7an\u00e8s<\/p>\n<p>L&#8217;institut est\u00e0 situat els afores del poble de Prats de Llu\u00e7an\u00e8s,al nord del municipi, en l&#8217;espai on s&#8217;hi concentren els espais d&#8217;educaci\u00f3 i d&#8217;activitats esportives. \u00a0Comparteix edifici amb l&#8217;escola de prim\u00e0ria, per accedir-hi doncs, cal entrar per&hellip;  <a href=\"https:\/\/agora.xtec.cat\/ies-castelldelquer-prats\/linstitut\/on-som\/\" title=\"Read On som\">Llegeix m\u00e9s\u00bb<\/a><\/p>\n","protected":false},"author":1,"featured_media":0,"parent":19,"menu_order":2,"comment_status":"closed","ping_status":"closed","template":"page-templates\/side-menu.php","meta":{"_bbp_topic_count":0,"_bbp_reply_count":0,"_bbp_total_topic_count":0,"_bbp_total_reply_count":0,"_bbp_voice_count":0,"_bbp_anonymous_reply_count":0,"_bbp_topic_count_hidden":0,"_bbp_reply_count_hidden":0,"_bbp_forum_subforum_count":0,"footnotes":""},"class_list":["post-21","page","type-page","status-publish","hentry"],"post_mailing_queue_ids":[],"_links":{"self":[{"href":"https:\/\/agora.xtec.cat\/ies-castelldelquer-prats\/wp-json\/wp\/v2\/pages\/21","targetHints":{"allow":["GET"]}}],"collection":[{"href":"https:\/\/agora.xtec.cat\/ies-castelldelquer-prats\/wp-json\/wp\/v2\/pages"}],"about":[{"href":"https:\/\/agora.xtec.cat\/ies-castelldelquer-prats\/wp-json\/wp\/v2\/types\/page"}],"author":[{"embeddable":true,"href":"https:\/\/agora.xtec.cat\/ies-castelldelquer-prats\/wp-json\/wp\/v2\/users\/1"}],"replies":[{"embeddable":true,"href":"https:\/\/agora.xtec.cat\/ies-castelldelquer-prats\/wp-json\/wp\/v2\/comments?post=21"}],"version-history":[{"count":3,"href":"https:\/\/agora.xtec.cat\/ies-castelldelquer-prats\/wp-json\/wp\/v2\/pages\/21\/revisions"}],"predecessor-version":[{"id":607,"href":"https:\/\/agora.xtec.cat\/ies-castelldelquer-prats\/wp-json\/wp\/v2\/pages\/21\/revisions\/607"}],"up":[{"embeddable":true,"href":"https:\/\/agora.xtec.cat\/ies-castelldelquer-prats\/wp-json\/wp\/v2\/pages\/19"}],"wp:attachment":[{"href":"https:\/\/agora.xtec.cat\/ies-castelldelquer-prats\/wp-json\/wp\/v2\/media?parent=21"}],"curies":[{"name":"wp","href":"https:\/\/api.w.org\/{rel}","templated":true}]}}