{"id":1468,"date":"2021-04-15T12:29:37","date_gmt":"2021-04-15T10:29:37","guid":{"rendered":"https:\/\/agora.xtec.cat\/ies-castelldelquer-prats\/?page_id=1468"},"modified":"2025-09-10T08:39:38","modified_gmt":"2025-09-10T06:39:38","slug":"equips-docents","status":"publish","type":"page","link":"https:\/\/agora.xtec.cat\/ies-castelldelquer-prats\/projecte-educatiu\/equips-docents\/","title":{"rendered":"Equips docents"},"content":{"rendered":"<table style=\"height: 557px; width: 116.22%;\" width=\"856\">\n<tbody>\n<tr style=\"height: 65px;\">\n<td style=\"width: 99.0132%; height: 65px;\" colspan=\"2\">\n<h3>1R ESO &#8211; Coordinaci\u00f3: Judit Boix<\/h3>\n<\/td>\n<\/tr>\n<tr style=\"height: 32px;\">\n<td style=\"width: 27.1382%; height: 32px;\"><strong>Tutores<\/strong><\/td>\n<td style=\"width: 71.875%; height: 32px;\"><strong>Judit Boix (1rA), Gustau Ib\u00e1\u00f1ez (1rB), M\u00edriam Busquets (1rC)<\/strong><\/td>\n<\/tr>\n<tr>\n<td style=\"width: 27.1382%;\"><b>Matem\u00e0tiques<\/b><\/td>\n<td style=\"width: 71.875%;\"><span style=\"font-weight: 400;\">Judit Boix (1rA i 1rB), Quim Chaves (1rC)<\/span><\/td>\n<\/tr>\n<tr>\n<td style=\"width: 27.1382%;\"><b>Castell\u00e0<\/b><\/td>\n<td style=\"width: 71.875%;\"><span style=\"font-weight: 400;\">Miquel Villanueva<\/span><\/td>\n<\/tr>\n<tr>\n<td style=\"width: 27.1382%;\"><b>Catal\u00e0<\/b><\/td>\n<td style=\"width: 71.875%;\"><span style=\"font-weight: 400;\">Ton Artigas (1rA), Miquel Villanueva (1rB i 1r C)<\/span><\/td>\n<\/tr>\n<tr>\n<td style=\"width: 27.1382%;\"><b>Angl\u00e8s<\/b><\/td>\n<td style=\"width: 71.875%;\"><span style=\"font-weight: 400;\">Miriam Busquets\u00a0<\/span><\/td>\n<\/tr>\n<tr>\n<td style=\"width: 27.1382%;\"><b>Socials<\/b><\/td>\n<td style=\"width: 71.875%;\"><span style=\"font-weight: 400;\">Ricard Torres (1rA i 1rB), Irene Garcia (1r C)<\/span><\/td>\n<\/tr>\n<tr>\n<td style=\"width: 27.1382%;\"><b>Biologia i Geologia<\/b><\/td>\n<td style=\"width: 71.875%;\"><span style=\"font-weight: 400;\">Carme Sellabona<\/span><\/td>\n<\/tr>\n<tr>\n<td style=\"width: 27.1382%;\"><b>Tecnologia i Digitalitzaci\u00f3<\/b><\/td>\n<td style=\"width: 71.875%;\"><span style=\"font-weight: 400;\">Susana Ortega<\/span><\/td>\n<\/tr>\n<tr>\n<td style=\"width: 27.1382%;\"><b>Educaci\u00f3 Pl\u00e0stica Visual i Audiovisual<\/b><\/td>\n<td style=\"width: 71.875%;\"><span style=\"font-weight: 400;\">Laura Garcia<\/span><\/td>\n<\/tr>\n<tr>\n<td style=\"width: 27.1382%;\"><b>M\u00fasica<\/b><\/td>\n<td style=\"width: 71.875%;\"><span style=\"font-weight: 400;\">Gustau Ib\u00e1\u00f1ez<\/span><\/td>\n<\/tr>\n<tr>\n<td style=\"width: 27.1382%;\"><b>Educaci\u00f3 F\u00edsica<\/b><\/td>\n<td style=\"width: 71.875%;\"><span style=\"font-weight: 400;\">Gl\u00f2ria Ambr\u00f3s<\/span><\/td>\n<\/tr>\n<tr>\n<td style=\"width: 27.1382%;\"><b>Optatives (TES\/FR)<\/b><\/td>\n<td style=\"width: 71.875%;\"><span style=\"font-weight: 400;\">Judit Boix, N\u00faria Capdevila, Ferran Sala, Alba Busquet<\/span><\/td>\n<\/tr>\n<tr>\n<td style=\"width: 27.1382%;\"><b>Religi\u00f3\/Activitats c\u00edviques i culturals<\/b><\/td>\n<td style=\"width: 71.875%;\"><span style=\"font-weight: 400;\">L\u00eddia Sadurn\u00ed<\/span><\/td>\n<\/tr>\n<tr>\n<td style=\"width: 27.1382%;\"><b>SIEI<\/b><\/td>\n<td style=\"width: 71.875%;\"><span style=\"font-weight: 400;\">Ferran Sala<\/span><\/td>\n<\/tr>\n<tr>\n<td style=\"width: 27.1382%;\"><strong>Tutors\/es individuals<\/strong><\/td>\n<td style=\"width: 71.875%;\"><span style=\"font-weight: 400;\">Judit Boix, Gustau Ib\u00e1\u00f1ez, M\u00edriam Busquets, Carme Sellabona, Laura Garcia,\u00a0 Ricard Torres, Miquel Villanueva<\/span><\/td>\n<\/tr>\n<\/tbody>\n<\/table>\n<p>&nbsp;<\/p>\n<table style=\"height: 517px; width: 138.939%;\" width=\"858\">\n<tbody>\n<tr style=\"height: 54px;\">\n<td style=\"width: 99.3122%; height: 54px;\" colspan=\"2\">\n<h3>2N ESO &#8211; Coordinaci\u00f3: Llu\u00eds Soler<\/h3>\n<\/td>\n<\/tr>\n<tr>\n<td style=\"width: 21.8707%;\"><b>Tutors\/es<\/b><\/td>\n<td style=\"width: 77.4415%;\"><span style=\"font-weight: 400;\">Toni Xifr\u00e9 (2nA), Ton Artigas (2nB), Llu\u00eds Soler (2nC)<\/span><\/td>\n<\/tr>\n<tr>\n<td style=\"width: 21.8707%;\"><b>Matem\u00e0tiques<\/b><\/td>\n<td style=\"width: 77.4415%;\"><span style=\"font-weight: 400;\">Carme Vall<\/span><\/td>\n<\/tr>\n<tr>\n<td style=\"width: 21.8707%;\"><b>Castell\u00e0<\/b><\/td>\n<td style=\"width: 77.4415%;\"><span style=\"font-weight: 400;\">Toni Xifr\u00e9<\/span><\/td>\n<\/tr>\n<tr>\n<td style=\"width: 21.8707%;\"><b>Catal\u00e0<\/b><\/td>\n<td style=\"width: 77.4415%;\"><span style=\"font-weight: 400;\">Ton Artigas<\/span><\/td>\n<\/tr>\n<tr>\n<td style=\"width: 21.8707%;\"><b>Angl\u00e8s<\/b><\/td>\n<td style=\"width: 77.4415%;\"><span style=\"font-weight: 400;\">Laia Isus<\/span><\/td>\n<\/tr>\n<tr>\n<td style=\"width: 21.8707%;\"><b>Socials<\/b><\/td>\n<td style=\"width: 77.4415%;\"><span style=\"font-weight: 400;\">Irene Garcia<\/span><\/td>\n<\/tr>\n<tr>\n<td style=\"width: 21.8707%;\"><b>F\u00edsica i qu\u00edmica<\/b><\/td>\n<td style=\"width: 77.4415%;\"><span style=\"font-weight: 400;\">David Franco<\/span><\/td>\n<\/tr>\n<tr>\n<td style=\"width: 21.8707%;\"><b>Tecnologia<\/b><\/td>\n<td style=\"width: 77.4415%;\"><span style=\"font-weight: 400;\">Llu\u00eds Soler<\/span><\/td>\n<\/tr>\n<tr>\n<td style=\"width: 21.8707%;\"><b>Visual i Pl\u00e0stica<\/b><\/td>\n<td style=\"width: 77.4415%;\"><span style=\"font-weight: 400;\">Sherpa Castell\u00e0<\/span><\/td>\n<\/tr>\n<tr>\n<td style=\"width: 21.8707%;\"><b>Educaci\u00f3 F\u00edsica<\/b><\/td>\n<td style=\"width: 77.4415%;\"><span style=\"font-weight: 400;\">Gl\u00f2ria Ambr\u00f3s<\/span><\/td>\n<\/tr>\n<tr>\n<td style=\"width: 21.8707%;\"><b>Optatives<\/b><\/td>\n<td style=\"width: 77.4415%;\"><span style=\"font-weight: 400;\">Ferran Sala, Gustau Ib\u00e1\u00f1ez, Ricard Torres, Alba Busquet<\/span><\/td>\n<\/tr>\n<tr>\n<td style=\"width: 21.8707%;\"><b>Religi\u00f3\/Activitats c\u00edviques i culturals<\/b><\/td>\n<td style=\"width: 77.4415%;\"><span style=\"font-weight: 400;\">L\u00eddia Sadurn\u00ed<\/span><\/td>\n<\/tr>\n<tr>\n<td style=\"width: 21.8707%;\"><b>SIEI<\/b><\/td>\n<td style=\"width: 77.4415%;\"><span style=\"font-weight: 400;\">Ferran Sala<\/span><\/td>\n<\/tr>\n<tr style=\"height: 47px;\">\n<td style=\"width: 21.8707%; height: 47px;\"><b>Tutors\/es individuals<\/b><\/td>\n<td style=\"width: 77.4415%; height: 47px;\"><span style=\"font-weight: 400;\">Toni Xifr\u00e9, Ton Artigas, Llu\u00eds Soler, Gl\u00f2ria Ambr\u00f3s, David Franco, Irene Garcia, Laia Isus<\/span><\/td>\n<\/tr>\n<\/tbody>\n<\/table>\n<table style=\"height: 513px; width: 138.073%;\" width=\"858\">\n<tbody>\n<tr style=\"height: 54px;\">\n<td style=\"width: 99.1701%; height: 54px;\" colspan=\"2\">\n<h3>3R ESO &#8211; Coordinaci\u00f3: Anna Deg\u00e8s<\/h3>\n<\/td>\n<\/tr>\n<tr>\n<td style=\"width: 23.3748%;\"><b>Tutores<\/b><\/td>\n<td style=\"width: 75.7953%;\"><span style=\"font-weight: 400;\">Montse Pint\u00f3 (3rA), Esther L\u00f3pez (3rB), Anna Deg\u00e8s (3rC)<\/span><\/td>\n<\/tr>\n<tr>\n<td style=\"width: 23.3748%;\"><b>Matem\u00e0tiques<\/b><\/td>\n<td style=\"width: 75.7953%;\"><span style=\"font-weight: 400;\">Ruth Salvador<\/span><\/td>\n<\/tr>\n<tr>\n<td style=\"width: 23.3748%;\"><b>Castell\u00e0<\/b><\/td>\n<td style=\"width: 75.7953%;\"><span style=\"font-weight: 400;\">Isabel P\u00e9rez<\/span><\/td>\n<\/tr>\n<tr>\n<td style=\"width: 23.3748%;\"><b>Catal\u00e0<\/b><\/td>\n<td style=\"width: 75.7953%;\"><span style=\"font-weight: 400;\">Eli Plana<\/span><\/td>\n<\/tr>\n<tr>\n<td style=\"width: 23.3748%;\"><b>Angl\u00e8s<\/b><\/td>\n<td style=\"width: 75.7953%;\"><span style=\"font-weight: 400;\">Montse Pint\u00f3<\/span><\/td>\n<\/tr>\n<tr>\n<td style=\"width: 23.3748%;\"><b>Socials<\/b><\/td>\n<td style=\"width: 75.7953%;\"><span style=\"font-weight: 400;\">Marc Pons<\/span><\/td>\n<\/tr>\n<tr>\n<td style=\"width: 23.3748%;\"><b>Biologia i geologia<\/b><\/td>\n<td style=\"width: 75.7953%;\"><span style=\"font-weight: 400;\">Roger Casanovas<\/span><\/td>\n<\/tr>\n<tr>\n<td style=\"width: 23.3748%;\"><b>F\u00edsica i qu\u00edmica<\/b><\/td>\n<td style=\"width: 75.7953%;\"><span style=\"font-weight: 400;\">Anna Deg\u00e8s<\/span><\/td>\n<\/tr>\n<tr>\n<td style=\"width: 23.3748%;\"><b>Tecnologia i Digitalitzaci\u00f3<\/b><\/td>\n<td style=\"width: 75.7953%;\"><span style=\"font-weight: 400;\">Carme Vall (1rA i 1rC), LLu\u00eds Soler<\/span><\/td>\n<\/tr>\n<tr>\n<td style=\"width: 23.3748%;\"><b>M\u00fasica<\/b><\/td>\n<td style=\"width: 75.7953%;\"><span style=\"font-weight: 400;\">J\u00falia Camprub\u00ed<\/span><\/td>\n<\/tr>\n<tr>\n<td style=\"width: 23.3748%;\"><b>Educaci\u00f3 F\u00edsica<\/b><\/td>\n<td style=\"width: 75.7953%;\"><span style=\"font-weight: 400;\">Esther L\u00f3pez<\/span><\/td>\n<\/tr>\n<tr>\n<td style=\"width: 23.3748%;\"><b>Optatives<\/b><\/td>\n<td style=\"width: 75.7953%;\"><span style=\"font-weight: 400;\">Marc Pons, Ferran Sala, Quim Chaves<\/span><\/td>\n<\/tr>\n<tr>\n<td style=\"width: 23.3748%;\"><b>Activitats c\u00edviques i culturals<\/b><\/td>\n<td style=\"width: 75.7953%;\"><span style=\"font-weight: 400;\">L\u00eddia Sadurn\u00ed<\/span><\/td>\n<\/tr>\n<tr>\n<td style=\"width: 23.3748%;\"><b>SIEI<\/b><\/td>\n<td style=\"width: 75.7953%;\"><span style=\"font-weight: 400;\">Ferran Sala<\/span><\/td>\n<\/tr>\n<tr style=\"height: 32px;\">\n<td style=\"width: 23.3748%; height: 10px;\"><strong>Tutories individuals<\/strong><\/td>\n<td style=\"width: 75.7953%; height: 10px;\"><span style=\"font-weight: 400;\">Montse Pint\u00f3, Esther L\u00f3pez, Anna Deg\u00e8s, Marc Pons, Eli Plana, Ruth Salvador, Isabel P\u00e9rez, Ferran Sala<\/span><\/td>\n<\/tr>\n<\/tbody>\n<\/table>\n<table style=\"height: 458px; width: 137.371%;\" width=\"851\">\n<tbody>\n<tr style=\"height: 54px;\">\n<td style=\"width: 99.1655%; height: 54px;\" colspan=\"2\">\n<h3>4t ESO &#8211; Coordinaci\u00f3: Ariadna Cabiscol<\/h3>\n<\/td>\n<\/tr>\n<tr>\n<td style=\"width: 21.2796%;\"><b>Tutores<\/b><\/td>\n<td style=\"width: 77.886%;\"><span style=\"font-weight: 400;\">J\u00falia Camprub\u00ed (4tA), Ariadna Cabiscol (4tB), Ester Bascuas (4tC)<\/span><\/td>\n<\/tr>\n<tr>\n<td style=\"width: 21.2796%;\"><b>Matem\u00e0tiques<\/b><\/td>\n<td style=\"width: 77.886%;\"><span style=\"font-weight: 400;\">Ester Bascuas<\/span><\/td>\n<\/tr>\n<tr>\n<td style=\"width: 21.2796%;\"><b>Castell\u00e0<\/b><\/td>\n<td style=\"width: 77.886%;\"><span style=\"font-weight: 400;\">Isabel P\u00e9rez<\/span><\/td>\n<\/tr>\n<tr>\n<td style=\"width: 21.2796%;\"><b>Catal\u00e0<\/b><\/td>\n<td style=\"width: 77.886%;\"><span style=\"font-weight: 400;\">Ariadna Cabiscol<\/span><\/td>\n<\/tr>\n<tr>\n<td style=\"width: 21.2796%;\"><b>Angl\u00e8s<\/b><\/td>\n<td style=\"width: 77.886%;\"><span style=\"font-weight: 400;\">Montse Pint\u00f3 (4tA i 4tC), Alba Busquet (4tB)<\/span><\/td>\n<\/tr>\n<tr>\n<td style=\"width: 21.2796%;\"><b>Socials<\/b><\/td>\n<td style=\"width: 77.886%;\"><span style=\"font-weight: 400;\">Marc Pons (4tA), Arcadi Vil\u00e0 (4tB i 4tC)<\/span><\/td>\n<\/tr>\n<tr>\n<td style=\"width: 21.2796%;\"><b>Educaci\u00f3 F\u00edsica<\/b><\/td>\n<td style=\"width: 77.886%;\"><span style=\"font-weight: 400;\">Esther L\u00f3pez<\/span><\/td>\n<\/tr>\n<tr>\n<td style=\"width: 21.2796%;\"><b>OPTATIVES FRANJA 1<\/b><\/td>\n<td style=\"width: 77.886%;\"><span style=\"font-weight: 400;\">N\u00faria Capdevila (Expressi\u00f3 Art\u00edstica), Roger Casanovas (Biologia), Llu\u00eds Soler (Tecnologia), J\u00falia Camprub\u00ed (M\u00fasica)<\/span><\/td>\n<\/tr>\n<tr>\n<td style=\"width: 21.2796%;\"><b>OPTATIVES FRANJA 2<\/b><\/td>\n<td style=\"width: 77.886%;\"><span style=\"font-weight: 400;\">F\u00edsica i Qu\u00edmica (Ferran Ferrero), Sherpa Castell\u00e0 (Filosofia),\u00a0<\/span><span style=\"font-weight: 400;\">Susana Ortega (Digitalitzaci\u00f3)<\/span><\/td>\n<\/tr>\n<tr>\n<td style=\"width: 21.2796%;\"><b>OPTATIVES FRANJA 3<\/b><\/td>\n<td style=\"width: 77.886%;\"><span style=\"font-weight: 400;\">J\u00falia Camprub\u00ed (M\u00fasica), Marta Vilardell (Economia), Quim Chaves (Digitalitzaci\u00f3)<\/span><\/td>\n<\/tr>\n<tr>\n<td style=\"width: 21.2796%;\"><b>TEATRE \/ CVE<\/b><\/td>\n<td style=\"width: 77.886%;\"><span style=\"font-weight: 400;\">J\u00falia Camprub\u00ed (4tA), Ariadna Cabiscol (4t B), N\u00faria Capdevila (4tC)<\/span><\/td>\n<\/tr>\n<tr>\n<td style=\"width: 21.2796%;\"><b>SIEI<\/b><\/td>\n<td style=\"width: 77.886%;\"><span style=\"font-weight: 400;\">Ferran Sala<\/span><\/td>\n<\/tr>\n<tr style=\"height: 32px;\">\n<td style=\"width: 21.2796%; height: 32px;\"><strong>Tutories individuals<\/strong><\/td>\n<td style=\"width: 77.886%; height: 32px;\"><span style=\"font-weight: 400;\">J\u00falia Camprub\u00ed, Ariadna Cabiscol, Ester Bascuas, N\u00faria Capdevila, Alba Busquet, Roger Casanovas<\/span><\/td>\n<\/tr>\n<\/tbody>\n<\/table>\n<table style=\"height: 796px; width: 136.18%;\" width=\"838\">\n<tbody>\n<tr style=\"height: 54px;\">\n<td style=\"width: 99.1585%; height: 54px;\" colspan=\"2\">\n<h3>1r BAT &#8211; Coordinaci\u00f3: Marta Vilardell<\/h3>\n<\/td>\n<\/tr>\n<tr>\n<td style=\"width: 27.3493%;\"><b>Tutor<\/b><\/td>\n<td style=\"width: 71.8092%;\"><span style=\"font-weight: 400;\">Arcadi Vil\u00e0<\/span><\/td>\n<\/tr>\n<tr>\n<td style=\"width: 27.3493%;\"><b>Catal\u00e0<\/b><\/td>\n<td style=\"width: 71.8092%;\"><span style=\"font-weight: 400;\">Ton Artigas<\/span><\/td>\n<\/tr>\n<tr>\n<td style=\"width: 27.3493%;\"><b>Castell\u00e0<\/b><\/td>\n<td style=\"width: 71.8092%;\"><span style=\"font-weight: 400;\">Miquel Villanueva<\/span><\/td>\n<\/tr>\n<tr>\n<td style=\"width: 27.3493%;\"><b>Angl\u00e8s<\/b><\/td>\n<td style=\"width: 71.8092%;\"><span style=\"font-weight: 400;\">Miriam Busquets<\/span><\/td>\n<\/tr>\n<tr>\n<td style=\"width: 27.3493%;\"><b>Filosofia<\/b><\/td>\n<td style=\"width: 71.8092%;\"><span style=\"font-weight: 400;\">Sherpa Castell\u00e0<\/span><\/td>\n<\/tr>\n<tr>\n<td style=\"width: 27.3493%;\"><b>Educaci\u00f3 F\u00edsica<\/b><\/td>\n<td style=\"width: 71.8092%;\"><span style=\"font-weight: 400;\">Esther L\u00f3pez<\/span><\/td>\n<\/tr>\n<tr>\n<td style=\"width: 27.3493%;\"><b>Matem\u00e0tiques<\/b><\/td>\n<td style=\"width: 71.8092%;\"><span style=\"font-weight: 400;\">Quim Chaves<\/span><\/td>\n<\/tr>\n<tr>\n<td style=\"width: 27.3493%;\"><b>Biologia<\/b><\/td>\n<td style=\"width: 71.8092%;\"><span style=\"font-weight: 400;\">Carme Sellabona<\/span><\/td>\n<\/tr>\n<tr>\n<td style=\"width: 27.3493%;\"><b>F\u00edsica<\/b><\/td>\n<td style=\"width: 71.8092%;\"><span style=\"font-weight: 400;\">Anna Deg\u00e8s<\/span><\/td>\n<\/tr>\n<tr>\n<td style=\"width: 27.3493%;\"><b>Qu\u00edmica<\/b><\/td>\n<td style=\"width: 71.8092%;\"><span style=\"font-weight: 400;\">Ferran Ferrero<\/span><\/td>\n<\/tr>\n<tr>\n<td style=\"width: 27.3493%;\"><b>Tecnologia i Enginyeria<\/b><\/td>\n<td style=\"width: 71.8092%;\"><span style=\"font-weight: 400;\">Llu\u00eds Soler<\/span><\/td>\n<\/tr>\n<tr>\n<td style=\"width: 27.3493%;\"><b>Dibuix T\u00e8cnic<\/b><\/td>\n<td style=\"width: 71.8092%;\"><span style=\"font-weight: 400;\">Laura Garcia<\/span><\/td>\n<\/tr>\n<tr>\n<td style=\"width: 27.3493%;\"><b>Matem\u00e0tiques aplicades a les Ci\u00e8ncies Socials<\/b><\/td>\n<td style=\"width: 71.8092%;\"><span style=\"font-weight: 400;\">Ruth Salvador<\/span><\/td>\n<\/tr>\n<tr>\n<td style=\"width: 27.3493%;\"><b>Literatura Universal<\/b><\/td>\n<td style=\"width: 71.8092%;\"><span style=\"font-weight: 400;\">Ariadna Cabiscol<\/span><\/td>\n<\/tr>\n<tr>\n<td style=\"width: 27.3493%;\"><b>Llengua i Cultura Llatines<\/b><\/td>\n<td style=\"width: 71.8092%;\"><span style=\"font-weight: 400;\">Ricard Torres<\/span><\/td>\n<\/tr>\n<tr>\n<td style=\"width: 27.3493%;\"><b>Hist\u00f2ria del M\u00f3n Contemporani<\/b><\/td>\n<td style=\"width: 71.8092%;\"><span style=\"font-weight: 400;\">Arcadi Vil\u00e0<\/span><\/td>\n<\/tr>\n<tr>\n<td style=\"width: 27.3493%;\"><b>Economia<\/b><\/td>\n<td style=\"width: 71.8092%;\"><span style=\"font-weight: 400;\">Marta Vilardell<\/span><\/td>\n<\/tr>\n<tr>\n<td style=\"width: 27.3493%;\"><b>Funcionament de l\u2019Empresa<\/b><\/td>\n<td style=\"width: 71.8092%;\"><span style=\"font-weight: 400;\">Marta Vilardell<\/span><\/td>\n<\/tr>\n<tr>\n<td style=\"width: 27.3493%;\"><b>Psicologia<\/b><\/td>\n<td style=\"width: 71.8092%;\"><span style=\"font-weight: 400;\">Judit Boix<\/span><\/td>\n<\/tr>\n<tr>\n<td style=\"width: 27.3493%;\"><b>Programaci\u00f3 i Rob\u00f2tica<\/b><\/td>\n<td style=\"width: 71.8092%;\"><span style=\"font-weight: 400;\">Susana Ortega<\/span><\/td>\n<\/tr>\n<tr>\n<td style=\"width: 27.3493%;\"><b>Reptes cient\u00edfics<\/b><\/td>\n<td style=\"width: 71.8092%;\"><span style=\"font-weight: 400;\">Roger Casanovas<\/span><\/td>\n<\/tr>\n<tr>\n<td style=\"width: 27.3493%;\"><b>Joves reporters<\/b><\/td>\n<td style=\"width: 71.8092%;\"><span style=\"font-weight: 400;\">Elisenda Plana<\/span><\/td>\n<\/tr>\n<tr style=\"height: 32px;\">\n<td style=\"width: 27.3493%; height: 32px;\"><strong>Tutories individuals<\/strong><\/td>\n<td style=\"width: 71.8092%; height: 32px;\"><span style=\"font-weight: 400;\">Arcadi Vil\u00e0, Susana Ortega, Ferran Ferrero, Quim Chaves <\/span><\/td>\n<\/tr>\n<\/tbody>\n<\/table>\n<table style=\"height: 661px; width: 82.3852%;\" width=\"837\">\n<tbody>\n<tr style=\"height: 67px;\">\n<td style=\"width: 118.663%; height: 67px;\" colspan=\"2\">\n<h3>2n BAT &#8211; Coordinaci\u00f3: Marta Vilardell<\/h3>\n<\/td>\n<\/tr>\n<tr>\n<td style=\"width: 47.5515%;\"><b>Tutor 2n BAT A<\/b><\/td>\n<td style=\"width: 71.1114%;\"><span style=\"font-weight: 400;\">Sherpa Castell\u00e0<\/span><\/td>\n<\/tr>\n<tr>\n<td style=\"width: 47.5515%;\"><b>Tutora 2n BAT B<\/b><\/td>\n<td style=\"width: 71.1114%;\"><span style=\"font-weight: 400;\">Marta Vilardell<\/span><\/td>\n<\/tr>\n<tr>\n<td style=\"width: 47.5515%;\"><b>Catal\u00e0<\/b><\/td>\n<td style=\"width: 71.1114%;\"><span style=\"font-weight: 400;\">Elisenda Plana<\/span><\/td>\n<\/tr>\n<tr>\n<td style=\"width: 47.5515%;\"><b>Castell\u00e0<\/b><\/td>\n<td style=\"width: 71.1114%;\"><span style=\"font-weight: 400;\">Toni Xifr\u00e9<\/span><\/td>\n<\/tr>\n<tr>\n<td style=\"width: 47.5515%;\"><b>Angl\u00e8s<\/b><\/td>\n<td style=\"width: 71.1114%;\"><span style=\"font-weight: 400;\">Alba Busquet<\/span><\/td>\n<\/tr>\n<tr>\n<td style=\"width: 47.5515%;\"><b>Hist\u00f2ria de la Filosofia<\/b><\/td>\n<td style=\"width: 71.1114%;\"><span style=\"font-weight: 400;\">Sherpa Castell\u00e0<\/span><\/td>\n<\/tr>\n<tr>\n<td style=\"width: 47.5515%;\"><b>Hist\u00f2ria<\/b><\/td>\n<td style=\"width: 71.1114%;\"><span style=\"font-weight: 400;\">Arcadi Vil\u00e0<\/span><\/td>\n<\/tr>\n<tr>\n<td style=\"width: 47.5515%;\"><b>Biologia<\/b><\/td>\n<td style=\"width: 71.1114%;\"><span style=\"font-weight: 400;\">Roger Casanovas<\/span><\/td>\n<\/tr>\n<tr>\n<td style=\"width: 47.5515%;\"><b>F\u00edsica<\/b><\/td>\n<td style=\"width: 71.1114%;\"><span style=\"font-weight: 400;\">Ferran Ferrero<\/span><\/td>\n<\/tr>\n<tr>\n<td style=\"width: 47.5515%;\"><b>Qu\u00edmica<\/b><\/td>\n<td style=\"width: 71.1114%;\"><span style=\"font-weight: 400;\">Anna Deg\u00e8s<\/span><\/td>\n<\/tr>\n<tr>\n<td style=\"width: 47.5515%;\"><b>Matem\u00e0tiques<\/b><\/td>\n<td style=\"width: 71.1114%;\"><span style=\"font-weight: 400;\">Ester Bascuas<\/span><\/td>\n<\/tr>\n<tr>\n<td style=\"width: 47.5515%;\"><b>Dibuix T\u00e8cnic<\/b><\/td>\n<td style=\"width: 71.1114%;\"><span style=\"font-weight: 400;\">Laura Garcia<\/span><\/td>\n<\/tr>\n<tr>\n<td style=\"width: 47.5515%;\"><b>Tecnologia i Enginyeria<\/b><\/td>\n<td style=\"width: 71.1114%;\"><span style=\"font-weight: 400;\">Susana Ortega<\/span><\/td>\n<\/tr>\n<tr>\n<td style=\"width: 47.5515%;\"><b>Matem\u00e0tiques aplicades a les Ci\u00e8ncies Socials<\/b><\/td>\n<td style=\"width: 71.1114%;\"><span style=\"font-weight: 400;\">Carme Vall<\/span><\/td>\n<\/tr>\n<tr>\n<td style=\"width: 47.5515%;\"><b>Literatura Catalana<\/b><\/td>\n<td style=\"width: 71.1114%;\"><span style=\"font-weight: 400;\">Ariadna Cabiscol<\/span><\/td>\n<\/tr>\n<tr>\n<td style=\"width: 47.5515%;\"><b>Hist\u00f2ria de l\u2019Art<\/b><\/td>\n<td style=\"width: 71.1114%;\"><span style=\"font-weight: 400;\">Irene Garcia<\/span><\/td>\n<\/tr>\n<tr>\n<td style=\"width: 47.5515%;\"><b>Geografia<\/b><\/td>\n<td style=\"width: 71.1114%;\"><span style=\"font-weight: 400;\">Marc Pons<\/span><\/td>\n<\/tr>\n<tr>\n<td style=\"width: 47.5515%;\"><b>Funcionament de l\u2019Empresa i Disseny de Models de Negoci<\/b><\/td>\n<td style=\"width: 71.1114%;\"><span style=\"font-weight: 400;\">Marta Vilardell<\/span><\/td>\n<\/tr>\n<tr>\n<td style=\"width: 47.5515%;\"><strong>Tutories individuals<\/strong><b><br \/>\n<\/b><\/td>\n<td style=\"width: 71.1114%;\"><span style=\"font-weight: 400;\"> Sherpa Castell\u00e0, Marta Vilardell, Carme Vall<\/span><\/td>\n<\/tr>\n<\/tbody>\n<\/table>\n","protected":false},"excerpt":{"rendered":"<p>1R ESO &#8211; Coordinaci\u00f3: Judit Boix<\/p>\n<p>Tutores<br \/>\nJudit Boix (1rA), Gustau Ib\u00e1\u00f1ez (1rB), M\u00edriam Busquets (1rC)<\/p>\n<p>Matem\u00e0tiques<br \/>\nJudit Boix (1rA i 1rB), Quim Chaves (1rC)<\/p>\n<p>Castell\u00e0<br \/>\nMiquel Villanueva<\/p>\n<p>Catal\u00e0<br \/>\nTon Artigas (1rA), Miquel Villanueva (1rB i 1r C)<\/p>\n<p>Angl\u00e8s<br \/>\nMiriam Busquets\u00a0<\/p>\n<p>Socials<br \/>\nRicard Torres (1rA i 1rB), Irene Garcia (1r C)<\/p>\n<p>Biologia i Geologia<br \/>\nCarme Sellabona<\/p>\n<p>Tecnologia i Digitalitzaci\u00f3<br \/>\nSusana Ortega<\/p>\n<p>Educaci\u00f3&hellip;  <a href=\"https:\/\/agora.xtec.cat\/ies-castelldelquer-prats\/projecte-educatiu\/equips-docents\/\" title=\"Read Equips docents\">Llegeix m\u00e9s\u00bb<\/a><\/p>\n","protected":false},"author":1,"featured_media":0,"parent":57,"menu_order":5,"comment_status":"closed","ping_status":"closed","template":"","meta":{"_bbp_topic_count":0,"_bbp_reply_count":0,"_bbp_total_topic_count":0,"_bbp_total_reply_count":0,"_bbp_voice_count":0,"_bbp_anonymous_reply_count":0,"_bbp_topic_count_hidden":0,"_bbp_reply_count_hidden":0,"_bbp_forum_subforum_count":0,"footnotes":""},"class_list":["post-1468","page","type-page","status-publish","hentry"],"post_mailing_queue_ids":[],"_links":{"self":[{"href":"https:\/\/agora.xtec.cat\/ies-castelldelquer-prats\/wp-json\/wp\/v2\/pages\/1468","targetHints":{"allow":["GET"]}}],"collection":[{"href":"https:\/\/agora.xtec.cat\/ies-castelldelquer-prats\/wp-json\/wp\/v2\/pages"}],"about":[{"href":"https:\/\/agora.xtec.cat\/ies-castelldelquer-prats\/wp-json\/wp\/v2\/types\/page"}],"author":[{"embeddable":true,"href":"https:\/\/agora.xtec.cat\/ies-castelldelquer-prats\/wp-json\/wp\/v2\/users\/1"}],"replies":[{"embeddable":true,"href":"https:\/\/agora.xtec.cat\/ies-castelldelquer-prats\/wp-json\/wp\/v2\/comments?post=1468"}],"version-history":[{"count":6,"href":"https:\/\/agora.xtec.cat\/ies-castelldelquer-prats\/wp-json\/wp\/v2\/pages\/1468\/revisions"}],"predecessor-version":[{"id":5489,"href":"https:\/\/agora.xtec.cat\/ies-castelldelquer-prats\/wp-json\/wp\/v2\/pages\/1468\/revisions\/5489"}],"up":[{"embeddable":true,"href":"https:\/\/agora.xtec.cat\/ies-castelldelquer-prats\/wp-json\/wp\/v2\/pages\/57"}],"wp:attachment":[{"href":"https:\/\/agora.xtec.cat\/ies-castelldelquer-prats\/wp-json\/wp\/v2\/media?parent=1468"}],"curies":[{"name":"wp","href":"https:\/\/api.w.org\/{rel}","templated":true}]}}