{"id":1440,"date":"2021-03-25T12:35:58","date_gmt":"2021-03-25T11:35:58","guid":{"rendered":"https:\/\/agora.xtec.cat\/ies-castelldelquer-prats\/?page_id=1440"},"modified":"2023-10-06T12:45:04","modified_gmt":"2023-10-06T10:45:04","slug":"comisio-de-convivencia","status":"publish","type":"page","link":"https:\/\/agora.xtec.cat\/ies-castelldelquer-prats\/projectes\/comisio-de-convivencia\/","title":{"rendered":"Comissi\u00f3 de conviv\u00e8ncia"},"content":{"rendered":"<p>&nbsp;<\/p>\n<p><span style=\"font-family: inherit; font-size: 1em;\">\u00c9s un\u00a0 organisme que creat a l\u2019Institut el curs 2020-21 com a resultat de l\u2019aplicaci\u00f3 del Pla de conviv\u00e8ncia. La Comissi\u00f3 t\u00e9 les funcions de coordinar les seccions d\u2019activitats i de conflictes, estableix les pautes generals i trimestrals sobre les que treballar, fixa les l\u00ednies d\u2019actuaci\u00f3, detecta les necessitats i estableix directrius per millorar la cohesi\u00f3 al centre.<\/span><\/p>\n<p style=\"font-weight: 400;\">S\u2019estructura en quatre \u00f2rgans:<\/p>\n<p style=\"font-weight: 400;\">\uf0b7 Plenari ( Format per\u00a0 2 membre de l\u2019equip directiu, 7 Professores, 1 PAS i 14 alumnes. Es un cop el trimestre)<br \/>\n\uf0b7 Comissi\u00f3 Permanent<br \/>\n\uf0b7 Secci\u00f3\u00a0d\u2019Activitats<br \/>\n\uf0b7 Secci\u00f3 de resoluci\u00f3\u00a0positiva de conflictes<\/p>\n<p>Enguany el plenari est\u00e0 format per:<\/p>\n<ul>\n<li><b>1r ESO:<\/b><\/li>\n<li><b>2n ESO:\u00a0<\/b><\/li>\n<li><b>3r ESO:<\/b><\/li>\n<li><b>4t ESO:<\/b><\/li>\n<li><b>1r batx:<\/b><\/li>\n<li><b>2n batx:<\/b><\/li>\n<\/ul>\n<h3>Funcionament de la <em><strong>Resolub\u00fastia<\/strong><\/em><\/h3>\n<p style=\"font-weight: 400; text-align: justify;\"><a href=\"https:\/\/agora.xtec.cat\/ies-castelldelquer-prats\/wp-content\/uploads\/usu2163\/2021\/12\/Captura-nova-resolubustia-1.png\"><img loading=\"lazy\" decoding=\"async\" class=\"size-full wp-image-2273 alignright\" src=\"https:\/\/agora.xtec.cat\/ies-castelldelquer-prats\/wp-content\/uploads\/usu2163\/2021\/12\/Captura-nova-resolubustia-1.png\" alt=\"\" width=\"224\" height=\"184\" \/><\/a>Dintre de la Comissi\u00f3 de Conviv\u00e8ncia s\u2019ha constitu\u00eft la\u00a0<strong>Secci\u00f3 de Resoluci\u00f3 Positiva de Conflictes<\/strong>, que es reuneix en el moment que es t\u00e9 const\u00e0ncia d\u2019un conflicte que requereix de la seva actuaci\u00f3. Per tal de posar en coneixement d&#8217;aquesta secci\u00f3 qualsevol conflicte del que\u00a0es tingui coneixement, per part de la persona afectada o\u00a0d\u2019una\u00a0tercera persona,\u00a0us facilitem un formulari que podeu respondre de manera telem\u00e0tica en aquest enlla\u00e7:\u00a0<a href=\"https:\/\/forms.gle\/zanZgS4YPX2ESH668\" data-saferedirecturl=\"https:\/\/www.google.com\/url?q=https:\/\/forms.gle\/zanZgS4YPX2ESH668&amp;source=gmail&amp;ust=1638434567296000&amp;usg=AOvVaw3U2kL5N6HCrS9ee0gup5TZ\">https:\/\/forms.gle\/zanZgS4YPX2ESH668<\/a>, o en paper, omplint la sol\u00b7licitud que trobareu al costat de secretaria i depositant-la a la\u00a0<em><strong>Resolub\u00fastia<\/strong><\/em>.<\/p>\n<p style=\"font-weight: 400; text-align: justify;\">Un cop rebut el formulari, la Secci\u00f3 de Resoluci\u00f3 Positiva de Conflictes estudiar\u00e0 el cas i emprendr\u00e0 les accions necess\u00e0ries (derivar el cas a tutoria o coordinaci\u00f3 o resoldre\u2019l des de la mateixa comissi\u00f3 i dictar resoluci\u00f3 en la major brevetat possible).<\/p>\n<p style=\"font-weight: 400; text-align: justify;\">Aquesta secci\u00f3 est\u00e0 formada per un membre de l\u2019equip directiu, dos membres del professorat, un membre del PAS i dos alumnes de 4t o batxillerat i garanteix la confidencialitat i el secret en les seves actuacions i mentre aquesta no es doni per tancada (deure de confidencialitat) i si es detecta que qualsevol dels seus membres pot mantenir una posici\u00f3 de persona interessada, afectada o que directament en sigui part, no podr\u00e0 formar part de les reunions per resoldre aquell conflicte (r\u00e8gim d\u2019incompatibilitat), sent substitu\u00efda per una persona de la Secci\u00f3 Permanent i en cas de no ser possible, per una persona del plenari de la Comissi\u00f3 de conviv\u00e8ncia.<\/p>\n<p style=\"font-weight: 400; text-align: justify;\">Per \u00faltim us animem a que si detecteu algun conflicte que afecti a la conviv\u00e8ncia al centre, feu \u00fas d\u2019aquesta via de resoluci\u00f3 que posem al vostre abast.<\/p>\n","protected":false},"excerpt":{"rendered":"<p>&nbsp;<br \/>\n\u00c9s un\u00a0 organisme que creat a l\u2019Institut el curs 2020-21 com a resultat de l\u2019aplicaci\u00f3 del Pla de conviv\u00e8ncia. La Comissi\u00f3 t\u00e9 les funcions de coordinar les seccions d\u2019activitats i de conflictes, estableix les pautes generals i trimestrals sobre les que treballar, fixa les l\u00ednies&hellip;  <a href=\"https:\/\/agora.xtec.cat\/ies-castelldelquer-prats\/projectes\/comisio-de-convivencia\/\" title=\"Read Comissi\u00f3 de conviv\u00e8ncia\">Llegeix m\u00e9s\u00bb<\/a><\/p>\n","protected":false},"author":1,"featured_media":0,"parent":584,"menu_order":3,"comment_status":"closed","ping_status":"closed","template":"","meta":{"_bbp_topic_count":0,"_bbp_reply_count":0,"_bbp_total_topic_count":0,"_bbp_total_reply_count":0,"_bbp_voice_count":0,"_bbp_anonymous_reply_count":0,"_bbp_topic_count_hidden":0,"_bbp_reply_count_hidden":0,"_bbp_forum_subforum_count":0,"footnotes":""},"class_list":["post-1440","page","type-page","status-publish","hentry"],"post_mailing_queue_ids":[],"_links":{"self":[{"href":"https:\/\/agora.xtec.cat\/ies-castelldelquer-prats\/wp-json\/wp\/v2\/pages\/1440","targetHints":{"allow":["GET"]}}],"collection":[{"href":"https:\/\/agora.xtec.cat\/ies-castelldelquer-prats\/wp-json\/wp\/v2\/pages"}],"about":[{"href":"https:\/\/agora.xtec.cat\/ies-castelldelquer-prats\/wp-json\/wp\/v2\/types\/page"}],"author":[{"embeddable":true,"href":"https:\/\/agora.xtec.cat\/ies-castelldelquer-prats\/wp-json\/wp\/v2\/users\/1"}],"replies":[{"embeddable":true,"href":"https:\/\/agora.xtec.cat\/ies-castelldelquer-prats\/wp-json\/wp\/v2\/comments?post=1440"}],"version-history":[{"count":5,"href":"https:\/\/agora.xtec.cat\/ies-castelldelquer-prats\/wp-json\/wp\/v2\/pages\/1440\/revisions"}],"predecessor-version":[{"id":4082,"href":"https:\/\/agora.xtec.cat\/ies-castelldelquer-prats\/wp-json\/wp\/v2\/pages\/1440\/revisions\/4082"}],"up":[{"embeddable":true,"href":"https:\/\/agora.xtec.cat\/ies-castelldelquer-prats\/wp-json\/wp\/v2\/pages\/584"}],"wp:attachment":[{"href":"https:\/\/agora.xtec.cat\/ies-castelldelquer-prats\/wp-json\/wp\/v2\/media?parent=1440"}],"curies":[{"name":"wp","href":"https:\/\/api.w.org\/{rel}","templated":true}]}}