{"id":1232,"date":"2021-02-10T12:51:24","date_gmt":"2021-02-10T11:51:24","guid":{"rendered":"https:\/\/agora.xtec.cat\/ies-castelldelquer-prats\/?page_id=1232"},"modified":"2026-02-04T11:41:08","modified_gmt":"2026-02-04T10:41:08","slug":"beques-i-ajuts","status":"publish","type":"page","link":"https:\/\/agora.xtec.cat\/ies-castelldelquer-prats\/secretaria\/beques-i-ajuts\/","title":{"rendered":"Beques i Ajuts"},"content":{"rendered":"<p>L&#8217;Institut comunica a les fam\u00edlies per TPV quan s&#8217;obren els terminis de sol\u00b7licitud d&#8217;ajuts.<\/p>\n<p>Els alumnes poden sol\u00b7licitar tots els ajuts i beques que convoquin els diferents organismes competents en mat\u00e8ria d&#8217;educaci\u00f3:<\/p>\n<ul>\n<li><strong>Departament d&#8217;Educaci\u00f3 de la Generalitat de Catalunya<\/strong><br \/>\n(beques generals per a estudis postobligatoris)<\/li>\n<li><strong>Ministeri d\u2019Educaci\u00f3, Formaci\u00f3 Professional i Esports<\/strong><br \/>\n(beques generals per a ensenyaments postobligatoris i ajuts per a necessitats educatives especials)<\/li>\n<li><strong>Consorci del Llu\u00e7an\u00e8s<\/strong><br \/>\n(ajuts per a llibres i material escolar)<\/li>\n<\/ul>\n<p>Les convocat\u00f2ries, requisits i terminis de presentaci\u00f3 es publiquen anualment als respectius portals oficials i tamb\u00e9 es difonen a trav\u00e9s de la secretaria del centre.<\/p>\n","protected":false},"excerpt":{"rendered":"<p>L&#8217;Institut comunica a les fam\u00edlies per TPV quan s&#8217;obren els terminis de sol\u00b7licitud d&#8217;ajuts.<br \/>\nEls alumnes poden sol\u00b7licitar tots els ajuts i beques que convoquin els diferents organismes competents en mat\u00e8ria d&#8217;educaci\u00f3:<\/p>\n<ul>\n<li>Departament d&#8217;Educaci\u00f3 de la Generalitat de Catalunya<br \/>\n(beques generals per a estudis postobligatoris)<\/li>\n<li>Ministeri d\u2019Educaci\u00f3, Formaci\u00f3 Professional&hellip;  <a href=\"https:\/\/agora.xtec.cat\/ies-castelldelquer-prats\/secretaria\/beques-i-ajuts\/\" title=\"Read Beques i Ajuts\">Llegeix m\u00e9s\u00bb<\/a><br \/>\n","protected":false},"author":1,"featured_media":0,"parent":81,"menu_order":3,"comment_status":"closed","ping_status":"closed","template":"page-templates\/side-menu.php","meta":{"_bbp_topic_count":0,"_bbp_reply_count":0,"_bbp_total_topic_count":0,"_bbp_total_reply_count":0,"_bbp_voice_count":0,"_bbp_anonymous_reply_count":0,"_bbp_topic_count_hidden":0,"_bbp_reply_count_hidden":0,"_bbp_forum_subforum_count":0,"footnotes":""},"class_list":["post-1232","page","type-page","status-publish","hentry"],"post_mailing_queue_ids":[],"_links":{"self":[{"href":"https:\/\/agora.xtec.cat\/ies-castelldelquer-prats\/wp-json\/wp\/v2\/pages\/1232","targetHints":{"allow":["GET"]}}],"collection":[{"href":"https:\/\/agora.xtec.cat\/ies-castelldelquer-prats\/wp-json\/wp\/v2\/pages"}],"about":[{"href":"https:\/\/agora.xtec.cat\/ies-castelldelquer-prats\/wp-json\/wp\/v2\/types\/page"}],"author":[{"embeddable":true,"href":"https:\/\/agora.xtec.cat\/ies-castelldelquer-prats\/wp-json\/wp\/v2\/users\/1"}],"replies":[{"embeddable":true,"href":"https:\/\/agora.xtec.cat\/ies-castelldelquer-prats\/wp-json\/wp\/v2\/comments?post=1232"}],"version-history":[{"count":2,"href":"https:\/\/agora.xtec.cat\/ies-castelldelquer-prats\/wp-json\/wp\/v2\/pages\/1232\/revisions"}],"predecessor-version":[{"id":6127,"href":"https:\/\/agora.xtec.cat\/ies-castelldelquer-prats\/wp-json\/wp\/v2\/pages\/1232\/revisions\/6127"}],"up":[{"embeddable":true,"href":"https:\/\/agora.xtec.cat\/ies-castelldelquer-prats\/wp-json\/wp\/v2\/pages\/81"}],"wp:attachment":[{"href":"https:\/\/agora.xtec.cat\/ies-castelldelquer-prats\/wp-json\/wp\/v2\/media?parent=1232"}],"curies":[{"name":"wp","href":"https:\/\/api.w.org\/{rel}","templated":true}]}}