{"id":1230,"date":"2021-02-10T12:51:05","date_gmt":"2021-02-10T11:51:05","guid":{"rendered":"https:\/\/agora.xtec.cat\/ies-castelldelquer-prats\/?page_id=1230"},"modified":"2026-02-04T11:45:02","modified_gmt":"2026-02-04T10:45:02","slug":"transport-escolar","status":"publish","type":"page","link":"https:\/\/agora.xtec.cat\/ies-castelldelquer-prats\/secretaria\/transport-escolar\/","title":{"rendered":"Transport Escolar"},"content":{"rendered":"<p>El\u00a0<strong>Consell Comarcal d\u2019Osona<\/strong>\u00a0\u00e9s l&#8217;organisme encarregat de gestionar el\u00a0<strong>servei de transport escolar<\/strong>\u00a0i de convocar els\u00a0<strong>diferents ajuts<\/strong>\u00a0destinats als alumnes provinents dels centres adscrits a l\u2019Institut.<\/p>\n<p>Durant l\u2019etapa d\u2019Educaci\u00f3 Secund\u00e0ria Obligat\u00f2ria<b>\u00a0(ESO)<\/b>, el servei \u00e9s\u00a0<strong>gratu\u00eft<\/strong>. Les fam\u00edlies que en vulguin fer \u00fas hauran de\u00a0<strong>formalitzar la inscripci\u00f3<\/strong>\u00a0mitjan\u00e7ant l\u2019enlla\u00e7 que el Consell Comarcal facilita anualment i que s&#8217;envia des de la secretaria del cenrtre.<\/p>\n<p>Els alumnes de\u00a0<strong>Batxillerat<\/strong>\u00a0tamb\u00e9 poden utilitzar aquest servei,\u00a0<strong>abonant la taxa corresponent<\/strong>.<\/p>\n<p>D\u2019altra banda, i d\u2019acord amb all\u00f2 que s\u2019estableix a la convocat\u00f2ria anual d\u2019ajuts, existeix l\u2019<b>ajut AID\u00a0<\/b>(Ajuts Individuals per Despla\u00e7ament), adre\u00e7at a aquelles fam\u00edlies que\u00a0<strong>tinguin m\u00e9s de 3 km de dist\u00e0ncia<\/strong>\u00a0entre el seu domicili i la\u00a0<strong>parada del servei de transport<\/strong>.<\/p>\n<p>&nbsp;<\/p>\n","protected":false},"excerpt":{"rendered":"<p>El\u00a0Consell Comarcal d\u2019Osona\u00a0\u00e9s l&#8217;organisme encarregat de gestionar el\u00a0servei de transport escolar\u00a0i de convocar els\u00a0diferents ajuts\u00a0destinats als alumnes provinents dels centres adscrits a l\u2019Institut.<br \/>\nDurant l\u2019etapa d\u2019Educaci\u00f3 Secund\u00e0ria Obligat\u00f2ria\u00a0(ESO), el servei \u00e9s\u00a0gratu\u00eft. Les fam\u00edlies que en vulguin fer \u00fas hauran de\u00a0formalitzar la inscripci\u00f3\u00a0mitjan\u00e7ant l\u2019enlla\u00e7 que el Consell&hellip;  <a href=\"https:\/\/agora.xtec.cat\/ies-castelldelquer-prats\/secretaria\/transport-escolar\/\" title=\"Read Transport Escolar\">Llegeix m\u00e9s\u00bb<\/a><\/p>\n","protected":false},"author":1,"featured_media":0,"parent":81,"menu_order":4,"comment_status":"closed","ping_status":"closed","template":"page-templates\/side-menu.php","meta":{"_bbp_topic_count":0,"_bbp_reply_count":0,"_bbp_total_topic_count":0,"_bbp_total_reply_count":0,"_bbp_voice_count":0,"_bbp_anonymous_reply_count":0,"_bbp_topic_count_hidden":0,"_bbp_reply_count_hidden":0,"_bbp_forum_subforum_count":0,"footnotes":""},"class_list":["post-1230","page","type-page","status-publish","hentry"],"post_mailing_queue_ids":[],"_links":{"self":[{"href":"https:\/\/agora.xtec.cat\/ies-castelldelquer-prats\/wp-json\/wp\/v2\/pages\/1230","targetHints":{"allow":["GET"]}}],"collection":[{"href":"https:\/\/agora.xtec.cat\/ies-castelldelquer-prats\/wp-json\/wp\/v2\/pages"}],"about":[{"href":"https:\/\/agora.xtec.cat\/ies-castelldelquer-prats\/wp-json\/wp\/v2\/types\/page"}],"author":[{"embeddable":true,"href":"https:\/\/agora.xtec.cat\/ies-castelldelquer-prats\/wp-json\/wp\/v2\/users\/1"}],"replies":[{"embeddable":true,"href":"https:\/\/agora.xtec.cat\/ies-castelldelquer-prats\/wp-json\/wp\/v2\/comments?post=1230"}],"version-history":[{"count":2,"href":"https:\/\/agora.xtec.cat\/ies-castelldelquer-prats\/wp-json\/wp\/v2\/pages\/1230\/revisions"}],"predecessor-version":[{"id":6129,"href":"https:\/\/agora.xtec.cat\/ies-castelldelquer-prats\/wp-json\/wp\/v2\/pages\/1230\/revisions\/6129"}],"up":[{"embeddable":true,"href":"https:\/\/agora.xtec.cat\/ies-castelldelquer-prats\/wp-json\/wp\/v2\/pages\/81"}],"wp:attachment":[{"href":"https:\/\/agora.xtec.cat\/ies-castelldelquer-prats\/wp-json\/wp\/v2\/media?parent=1230"}],"curies":[{"name":"wp","href":"https:\/\/api.w.org\/{rel}","templated":true}]}}