{"id":1214,"date":"2021-02-10T11:18:16","date_gmt":"2021-02-10T10:18:16","guid":{"rendered":"https:\/\/agora.xtec.cat\/ies-castelldelquer-prats\/?page_id=1214"},"modified":"2025-10-24T08:17:53","modified_gmt":"2025-10-24T06:17:53","slug":"tramits-secretaria","status":"publish","type":"page","link":"https:\/\/agora.xtec.cat\/ies-castelldelquer-prats\/secretaria\/tramits-secretaria\/","title":{"rendered":"Tr\u00e0mits secretaria"},"content":{"rendered":"<p>Per fer qualsevol d&#8217;aquests tr\u00e0mits, fes clic al nom i s&#8217;obrir\u00e0 un men\u00fa amb les instruccions.<\/p>\n<ul>\n<li style=\"list-style-type: none;\">\n<ul>\n<li><a href=\"https:\/\/agora.xtec.cat\/ies-castelldelquer-prats\/secretaria\/tramits-secretaria\/dirigir-una-instancia-o-sollicitud\/\">Dirigir una inst\u00e0ncia o sol\u00b7licitud.<\/a><\/li>\n<li><a href=\"https:\/\/agora.xtec.cat\/ies-castelldelquer-prats\/secretaria\/tramits-secretaria\/convalidacio-dassignatures\/\">Convalidacions d&#8217;assignatures.<\/a><\/li>\n<li><a href=\"https:\/\/agora.xtec.cat\/ies-castelldelquer-prats\/secretaria\/tramits-secretaria\/reconeixement-equivalencia-catala\/\">Reconeixement equival\u00e8ncia catal\u00e0.<\/a><\/li>\n<li><a href=\"https:\/\/agora.xtec.cat\/ies-castelldelquer-prats\/secretaria\/tramits-secretaria\/solicita-el-titol-de-batxillerat\/\" target=\"_blank\" rel=\"noopener\">Sol\u00b7licitud t\u00edtol batxillerat<\/a><\/li>\n<\/ul>\n<\/li>\n<\/ul>\n<p>segueix les instruccions i per fer el tr\u00e0mit a secretaria, lliura\u2019l a trav\u00e9s de\u00a0<strong>\u00a0secretaria<\/strong><span class=\"\"><strong>@castelldelquer.cat\u00a0<\/strong>\u00a0(no oblidis d\u2019adjuntar els documents que es demanen)\u00a0\u00a0<\/span><\/p>\n","protected":false},"excerpt":{"rendered":"<p>Per fer qualsevol d&#8217;aquests tr\u00e0mits, fes clic al nom i s&#8217;obrir\u00e0 un men\u00fa amb les instruccions.<\/p>\n<ul>\n<li style=\"list-style-type: none;\">\n<ul>\n<li><a href=\"https:\/\/agora.xtec.cat\/ies-castelldelquer-prats\/secretaria\/tramits-secretaria\/dirigir-una-instancia-o-sollicitud\/\">Dirigir una inst\u00e0ncia o sol\u00b7licitud.<\/a><\/li>\n<li><a href=\"https:\/\/agora.xtec.cat\/ies-castelldelquer-prats\/secretaria\/tramits-secretaria\/convalidacio-dassignatures\/\">Convalidacions d&#8217;assignatures.<\/a><\/li>\n<li><a href=\"https:\/\/agora.xtec.cat\/ies-castelldelquer-prats\/secretaria\/tramits-secretaria\/reconeixement-equivalencia-catala\/\">Reconeixement equival\u00e8ncia catal\u00e0.<\/a><\/li>\n<li><a href=\"https:\/\/agora.xtec.cat\/ies-castelldelquer-prats\/secretaria\/tramits-secretaria\/solicita-el-titol-de-batxillerat\/\" target=\"_blank\" rel=\"noopener\">Sol\u00b7licitud t\u00edtol batxillerat<\/a><\/li>\n<\/ul>\n<\/li>\n<\/ul>\n<p>segueix les instruccions i per fer el tr\u00e0mit a secretaria, lliura\u2019l a trav\u00e9s&hellip;  <a href=\"https:\/\/agora.xtec.cat\/ies-castelldelquer-prats\/secretaria\/tramits-secretaria\/\" title=\"Read Tr\u00e0mits secretaria\">Llegeix m\u00e9s\u00bb<\/a><\/p>\n","protected":false},"author":1,"featured_media":0,"parent":81,"menu_order":2,"comment_status":"closed","ping_status":"closed","template":"page-templates\/side-menu.php","meta":{"_bbp_topic_count":0,"_bbp_reply_count":0,"_bbp_total_topic_count":0,"_bbp_total_reply_count":0,"_bbp_voice_count":0,"_bbp_anonymous_reply_count":0,"_bbp_topic_count_hidden":0,"_bbp_reply_count_hidden":0,"_bbp_forum_subforum_count":0,"footnotes":""},"class_list":["post-1214","page","type-page","status-publish","hentry"],"post_mailing_queue_ids":[],"_links":{"self":[{"href":"https:\/\/agora.xtec.cat\/ies-castelldelquer-prats\/wp-json\/wp\/v2\/pages\/1214","targetHints":{"allow":["GET"]}}],"collection":[{"href":"https:\/\/agora.xtec.cat\/ies-castelldelquer-prats\/wp-json\/wp\/v2\/pages"}],"about":[{"href":"https:\/\/agora.xtec.cat\/ies-castelldelquer-prats\/wp-json\/wp\/v2\/types\/page"}],"author":[{"embeddable":true,"href":"https:\/\/agora.xtec.cat\/ies-castelldelquer-prats\/wp-json\/wp\/v2\/users\/1"}],"replies":[{"embeddable":true,"href":"https:\/\/agora.xtec.cat\/ies-castelldelquer-prats\/wp-json\/wp\/v2\/comments?post=1214"}],"version-history":[{"count":6,"href":"https:\/\/agora.xtec.cat\/ies-castelldelquer-prats\/wp-json\/wp\/v2\/pages\/1214\/revisions"}],"predecessor-version":[{"id":5543,"href":"https:\/\/agora.xtec.cat\/ies-castelldelquer-prats\/wp-json\/wp\/v2\/pages\/1214\/revisions\/5543"}],"up":[{"embeddable":true,"href":"https:\/\/agora.xtec.cat\/ies-castelldelquer-prats\/wp-json\/wp\/v2\/pages\/81"}],"wp:attachment":[{"href":"https:\/\/agora.xtec.cat\/ies-castelldelquer-prats\/wp-json\/wp\/v2\/media?parent=1214"}],"curies":[{"name":"wp","href":"https:\/\/api.w.org\/{rel}","templated":true}]}}