{"id":661,"date":"2023-01-25T19:24:52","date_gmt":"2023-01-25T18:24:52","guid":{"rendered":"https:\/\/agora.xtec.cat\/ies-carles-vallbona\/?page_id=661"},"modified":"2025-10-16T08:34:38","modified_gmt":"2025-10-16T06:34:38","slug":"intercanvis","status":"publish","type":"page","link":"https:\/\/agora.xtec.cat\/ies-carles-vallbona\/intercanvis\/","title":{"rendered":"Intercanvis i viatges fi de curs"},"content":{"rendered":"<h3><span style=\"color: #ff0000;\">Intercanvis<\/span><\/h3>\n<p>El proper curs 2025-2026 l\u2019institut realitzaran dos intercanvis amb alumnes francesos vinculat a les lleng\u00fces estrangeres que ofertem. Es realitza un intercanvi amb fam\u00edlies, i aix\u00ed, l&#8217;alumnat fa una immersi\u00f3 ling\u00fc\u00edstica completa.<\/p>\n<p><strong>Intercanvis previstos:<\/strong><\/p>\n<p>4t ESO &#8211; Intercanvi amb Par\u00eds<\/p>\n<p>1R Batxillerat &#8211; Intercanvi amb Occitania.<\/p>\n<p>Les fam\u00edlies acullen l&#8217;alumnat a casa i son acollits quan viatgen.<\/p>\n<p>&#8212;&#8212;&#8212;&#8212;&#8212;&#8212;&#8212;&#8212;&#8212;&#8212;&#8212;&#8212;&#8212;&#8212;&#8212;&#8212;&#8212;&#8212;&#8212;&#8212;&#8212;&#8212;&#8212;&#8212;&#8212;&#8212;&#8212;&#8212;&#8212;&#8212;&#8212;&#8212;&#8212;&#8212;&#8212;&#8212;&#8212;&#8212;&#8212;&#8212;&#8212;&#8212;&#8212;&#8212;&#8212;&#8212;&#8212;&#8212;&#8212;&#8212;&#8212;&#8212;&#8212;-<\/p>\n<p>A continuaci\u00f3 trobareu els diferents intercanvis que hem realitzat en cursos anteriors:<\/p>\n<p><strong>Curs 18-19 &#8211; Intercanvi amb Bulg\u00e0ria\u00a0 <img loading=\"lazy\" decoding=\"async\" class=\"\" src=\"https:\/\/em-content.zobj.net\/thumbs\/120\/lg\/307\/flag-bulgaria_1f1e7-1f1ec.png\" srcset=\"https:\/\/em-content.zobj.net\/thumbs\/240\/lg\/307\/flag-bulgaria_1f1e7-1f1ec.png 2x\" alt=\"Flag: Bulgaria on LG Velvet\" width=\"50\" height=\"47\" \/><\/strong><\/p>\n<p>Els alumnes van tenir la sort de poder visitar Blagoevgrad a l&#8217;octubre durant una setmana. Va ser molt enriquidor con\u00e8ixer un altre pa\u00eds i haver pogut fer noves amistats arreu del m\u00f3n, i combinar classes, tallers i activitats.<\/p>\n<table style=\"border-collapse: collapse; width: 100%;\">\n<tbody>\n<tr>\n<td style=\"width: 33.3333%; border-style: hidden;\"><img loading=\"lazy\" decoding=\"async\" class=\"wp-image-1341 aligncenter\" src=\"https:\/\/agora.xtec.cat\/ies-carles-vallbona\/wp-content\/uploads\/usu2364\/2023\/02\/bulgaria-1.png\" alt=\"\" width=\"206\" height=\"245\" srcset=\"https:\/\/agora.xtec.cat\/ies-carles-vallbona\/wp-content\/uploads\/usu2364\/2023\/02\/bulgaria-1.png 262w, https:\/\/agora.xtec.cat\/ies-carles-vallbona\/wp-content\/uploads\/usu2364\/2023\/02\/bulgaria-1-253x300.png 253w\" sizes=\"auto, (max-width: 206px) 100vw, 206px\" \/><\/td>\n<td style=\"width: 33.3333%; border-style: hidden;\"><img loading=\"lazy\" decoding=\"async\" class=\"alignleft wp-image-1342\" src=\"https:\/\/agora.xtec.cat\/ies-carles-vallbona\/wp-content\/uploads\/usu2364\/2023\/02\/bulgaria-2.png\" alt=\"\" width=\"354\" height=\"197\" \/><\/td>\n<td style=\"width: 33.3333%; border-style: hidden;\"><img loading=\"lazy\" decoding=\"async\" class=\"alignleft wp-image-1340\" src=\"https:\/\/agora.xtec.cat\/ies-carles-vallbona\/wp-content\/uploads\/usu2364\/2023\/02\/bulgaria3.png\" alt=\"\" width=\"364\" height=\"205\" \/><\/td>\n<\/tr>\n<\/tbody>\n<\/table>\n<p><strong>Curs 18-19 -Intercanvi amb It\u00e0lia\u00a0 <img loading=\"lazy\" decoding=\"async\" class=\"\" src=\"https:\/\/em-content.zobj.net\/thumbs\/120\/lg\/307\/flag-italy_1f1ee-1f1f9.png\" srcset=\"https:\/\/em-content.zobj.net\/thumbs\/240\/lg\/307\/flag-italy_1f1ee-1f1f9.png 2x\" alt=\"Flag: Italy on LG Velvet\" width=\"54\" height=\"51\" \/><\/strong><\/p>\n<p>Entre els dies 5 i 12 de febrer del 2019, 21 estudiants de batxillerat del Carles Vallbona van participar en un intercanvi a N\u00e0pols amb estudiants del Liceo di Carlo, de la ciutat de Giugliano in Campania. Durant aquest intercanvi els alumnes van con\u00e8ixer de prop la cultura i monuments napolitans, aix\u00ed com les ru\u00efnes de la ciutat de Pompeia. Elseg\u00fcent mes de mar\u00e7, entre el 13 i el 20, els alumnes italians van venir a Granollers i van poder con\u00e8ixer tamb\u00e9 els principals monuments de Barcelona.<\/p>\n<table style=\"width: 100%; border-collapse: collapse; border-style: hidden;\">\n<tbody>\n<tr>\n<td style=\"width: 33.3333%;\"><img loading=\"lazy\" decoding=\"async\" class=\"wp-image-1336 aligncenter\" src=\"https:\/\/agora.xtec.cat\/ies-carles-vallbona\/wp-content\/uploads\/usu2364\/2023\/02\/napols.png\" alt=\"\" width=\"318\" height=\"196\" \/><\/td>\n<td style=\"width: 33.3333%; border-style: hidden;\"><img loading=\"lazy\" decoding=\"async\" class=\"size-large wp-image-1335 aligncenter\" src=\"https:\/\/agora.xtec.cat\/ies-carles-vallbona\/wp-content\/uploads\/usu2364\/2023\/02\/napols2.png\" alt=\"\" width=\"291\" height=\"196\" \/><\/td>\n<td style=\"width: 33.3333%;\"><img loading=\"lazy\" decoding=\"async\" class=\"wp-image-1334 aligncenter\" src=\"https:\/\/agora.xtec.cat\/ies-carles-vallbona\/wp-content\/uploads\/usu2364\/2023\/02\/napols3.png\" alt=\"\" width=\"291\" height=\"203\" \/><\/td>\n<\/tr>\n<\/tbody>\n<\/table>\n<h3>&#8212;&#8212;&#8212;&#8212;&#8212;&#8212;&#8212;&#8212;&#8212;&#8212;&#8212;&#8212;&#8212;&#8212;&#8212;&#8212;&#8212;&#8212;&#8212;&#8212;&#8212;&#8212;&#8212;&#8212;&#8212;&#8212;&#8212;&#8212;&#8212;&#8212;&#8212;&#8212;&#8212;&#8212;&#8212;&#8212;&#8212;&#8212;&#8212;&#8212;&#8212;-<\/h3>\n<h3><span style=\"color: #ff0000;\">Viatge fi de curs \/ Viatges culturals<\/span><\/h3>\n<p>Els alumnes de 4t d&#8217;ESO normalment realitzen el viatge fi de curs a finals de mar\u00e7 o abril, coincidint amb la setmana Santa. Cada any la destinaci\u00f3 dep\u00e8n de diversos factors.\u00a0 Aquest curs 22-23, els nostres alumnes marxen a Roma la setmana del 27 al 31 de mar\u00e7.<\/p>\n<p><strong>Curs 22-23\u00a0 &#8211; Roma<\/strong>\u00a0 <strong><img loading=\"lazy\" decoding=\"async\" class=\"\" src=\"https:\/\/em-content.zobj.net\/thumbs\/120\/lg\/307\/flag-italy_1f1ee-1f1f9.png\" srcset=\"https:\/\/em-content.zobj.net\/thumbs\/240\/lg\/307\/flag-italy_1f1ee-1f1f9.png 2x\" alt=\"Flag: Italy on LG Velvet\" width=\"54\" height=\"51\" \/><\/strong><\/p>\n<p>Els alumnes de 4t van anar 5 dies de viatge a Roma. Van agafar un ferry i van fer nit en alta mar. Un cop a It\u00e0lia, van visitar la Fontana di Trevi, el Colosseum, el Foro Romano i el Vatic\u00e0.<\/p>\n<table style=\"border-collapse: collapse; width: 100%;\">\n<tbody>\n<tr>\n<td style=\"width: 25%; border-style: hidden;\"><a href=\"https:\/\/agora.xtec.cat\/ies-carles-vallbona\/wp-content\/uploads\/usu2364\/2023\/04\/roma3.png\"><img loading=\"lazy\" decoding=\"async\" class=\"alignleft size-large wp-image-1797\" src=\"https:\/\/agora.xtec.cat\/ies-carles-vallbona\/wp-content\/uploads\/usu2364\/2023\/04\/roma3.png\" alt=\"\" width=\"801\" height=\"599\" srcset=\"https:\/\/agora.xtec.cat\/ies-carles-vallbona\/wp-content\/uploads\/usu2364\/2023\/04\/roma3.png 801w, https:\/\/agora.xtec.cat\/ies-carles-vallbona\/wp-content\/uploads\/usu2364\/2023\/04\/roma3-300x224.png 300w, https:\/\/agora.xtec.cat\/ies-carles-vallbona\/wp-content\/uploads\/usu2364\/2023\/04\/roma3-768x574.png 768w, https:\/\/agora.xtec.cat\/ies-carles-vallbona\/wp-content\/uploads\/usu2364\/2023\/04\/roma3-200x150.png 200w\" sizes=\"auto, (max-width: 801px) 100vw, 801px\" \/><\/a><\/td>\n<td style=\"width: 25%; border-style: hidden;\"><span style=\"color: #2795b6;\"><a style=\"color: #2795b6;\" href=\"https:\/\/agora.xtec.cat\/ies-carles-vallbona\/wp-content\/uploads\/usu2364\/2023\/04\/roma2.png\"><img loading=\"lazy\" decoding=\"async\" class=\"alignleft size-large wp-image-1796\" src=\"https:\/\/agora.xtec.cat\/ies-carles-vallbona\/wp-content\/uploads\/usu2364\/2023\/04\/roma2.png\" alt=\"\" width=\"839\" height=\"536\" srcset=\"https:\/\/agora.xtec.cat\/ies-carles-vallbona\/wp-content\/uploads\/usu2364\/2023\/04\/roma2.png 839w, https:\/\/agora.xtec.cat\/ies-carles-vallbona\/wp-content\/uploads\/usu2364\/2023\/04\/roma2-300x192.png 300w, https:\/\/agora.xtec.cat\/ies-carles-vallbona\/wp-content\/uploads\/usu2364\/2023\/04\/roma2-768x491.png 768w\" sizes=\"auto, (max-width: 839px) 100vw, 839px\" \/><\/a><\/span><\/p>\n<p>&nbsp;<\/td>\n<td style=\"width: 25%; border-style: hidden;\"><img loading=\"lazy\" decoding=\"async\" class=\"alignleft size-full wp-image-1795\" style=\"border: none; color: #2795b6;\" src=\"https:\/\/agora.xtec.cat\/ies-carles-vallbona\/wp-content\/uploads\/usu2364\/2023\/04\/roma1.png\" alt=\"\" width=\"841\" height=\"654\" srcset=\"https:\/\/agora.xtec.cat\/ies-carles-vallbona\/wp-content\/uploads\/usu2364\/2023\/04\/roma1.png 841w, https:\/\/agora.xtec.cat\/ies-carles-vallbona\/wp-content\/uploads\/usu2364\/2023\/04\/roma1-300x233.png 300w, https:\/\/agora.xtec.cat\/ies-carles-vallbona\/wp-content\/uploads\/usu2364\/2023\/04\/roma1-768x597.png 768w\" sizes=\"auto, (max-width: 841px) 100vw, 841px\" \/><\/td>\n<\/tr>\n<\/tbody>\n<\/table>\n<p><strong>Curs 22-23 Dubl\u00edn &#8211; Projecte cultural\u00a0 <img loading=\"lazy\" decoding=\"async\" class=\"\" src=\"https:\/\/em-content.zobj.net\/thumbs\/120\/lg\/307\/flag-ireland_1f1ee-1f1ea.png\" srcset=\"https:\/\/em-content.zobj.net\/thumbs\/240\/lg\/307\/flag-ireland_1f1ee-1f1ea.png 2x\" alt=\"Flag: Ireland on LG Velvet\" width=\"40\" height=\"38\" \/><\/strong><\/p>\n<p>En el marc del projecte <em>The Secrets of Ireland<\/em>, els alumnes de 1r de batxillerat van gaudir de 5 dies a la capital de Dubl\u00edn. Van con\u00e8ixer els autors irlandesos m\u00e9s famosos: James Joyce i Oscar Wilde; les tradicionals i els balls d&#8217;Irlanda. Tamb\u00e9 van fer una excursi\u00f3 als Cliffs of Moher, on van poder veure els millors penya-segats del pa\u00eds i la pinturesca ciutat de Galway.<\/p>\n<p><a href=\"https:\/\/agora.xtec.cat\/ies-carles-vallbona\/portada\/viatge-a-dublin-amb-1r-de-batxillerat\/\">M\u00e9s informaci\u00f3<\/a><\/p>\n<table style=\"border-collapse: collapse; width: 100%;\">\n<tbody>\n<tr>\n<td style=\"width: 33.3333%; border-style: hidden;\"><a href=\"https:\/\/agora.xtec.cat\/ies-carles-vallbona\/wp-content\/uploads\/usu2364\/2023\/03\/temple.png\"><img loading=\"lazy\" decoding=\"async\" class=\"alignleft size-full wp-image-1776\" src=\"https:\/\/agora.xtec.cat\/ies-carles-vallbona\/wp-content\/uploads\/usu2364\/2023\/03\/temple.png\" alt=\"\" width=\"848\" height=\"634\" srcset=\"https:\/\/agora.xtec.cat\/ies-carles-vallbona\/wp-content\/uploads\/usu2364\/2023\/03\/temple.png 848w, https:\/\/agora.xtec.cat\/ies-carles-vallbona\/wp-content\/uploads\/usu2364\/2023\/03\/temple-300x224.png 300w, https:\/\/agora.xtec.cat\/ies-carles-vallbona\/wp-content\/uploads\/usu2364\/2023\/03\/temple-768x574.png 768w, https:\/\/agora.xtec.cat\/ies-carles-vallbona\/wp-content\/uploads\/usu2364\/2023\/03\/temple-200x150.png 200w\" sizes=\"auto, (max-width: 848px) 100vw, 848px\" \/><\/a><\/td>\n<td style=\"width: 33.3333%; border-style: hidden;\"><a href=\"https:\/\/agora.xtec.cat\/ies-carles-vallbona\/wp-content\/uploads\/usu2364\/2023\/03\/cliffs.png\"><img loading=\"lazy\" decoding=\"async\" class=\"alignleft size-large wp-image-1779\" src=\"https:\/\/agora.xtec.cat\/ies-carles-vallbona\/wp-content\/uploads\/usu2364\/2023\/03\/cliffs-1024x719.png\" alt=\"\" width=\"1024\" height=\"719\" srcset=\"https:\/\/agora.xtec.cat\/ies-carles-vallbona\/wp-content\/uploads\/usu2364\/2023\/03\/cliffs-1024x719.png 1024w, https:\/\/agora.xtec.cat\/ies-carles-vallbona\/wp-content\/uploads\/usu2364\/2023\/03\/cliffs-300x211.png 300w, https:\/\/agora.xtec.cat\/ies-carles-vallbona\/wp-content\/uploads\/usu2364\/2023\/03\/cliffs-768x539.png 768w, https:\/\/agora.xtec.cat\/ies-carles-vallbona\/wp-content\/uploads\/usu2364\/2023\/03\/cliffs.png 1038w\" sizes=\"auto, (max-width: 1024px) 100vw, 1024px\" \/><\/a><\/td>\n<td style=\"width: 33.3333%; border-style: hidden;\"><a href=\"https:\/\/agora.xtec.cat\/ies-carles-vallbona\/wp-content\/uploads\/usu2364\/2023\/03\/addsads.png\"><img loading=\"lazy\" decoding=\"async\" class=\"alignleft wp-image-1783\" src=\"https:\/\/agora.xtec.cat\/ies-carles-vallbona\/wp-content\/uploads\/usu2364\/2023\/03\/addsads.png\" alt=\"\" width=\"343\" height=\"383\" srcset=\"https:\/\/agora.xtec.cat\/ies-carles-vallbona\/wp-content\/uploads\/usu2364\/2023\/03\/addsads.png 613w, https:\/\/agora.xtec.cat\/ies-carles-vallbona\/wp-content\/uploads\/usu2364\/2023\/03\/addsads-269x300.png 269w\" sizes=\"auto, (max-width: 343px) 100vw, 343px\" \/><\/a><\/td>\n<\/tr>\n<\/tbody>\n<\/table>\n<p><strong>Curs 21-22 &#8211; Praga\u00a0 \u00a0<img loading=\"lazy\" decoding=\"async\" class=\"\" src=\"https:\/\/em-content.zobj.net\/thumbs\/120\/lg\/307\/flag-czechia_1f1e8-1f1ff.png\" srcset=\"https:\/\/em-content.zobj.net\/thumbs\/240\/lg\/307\/flag-czechia_1f1e8-1f1ff.png 2x\" alt=\"Flag: Czechia on LG Velvet\" width=\"47\" height=\"44\" \/><\/strong><br \/>\nL&#8217;alumnat va visitar la ciutat de Praga i Karlovy Vary on van poder veure el rellotge Astron\u00f2mic, el castell i el Charles Bridge entre d&#8217;altres punts d&#8217;inter\u00e8s.<\/p>\n<table style=\"border-collapse: collapse; width: 100%;\">\n<tbody>\n<tr>\n<td style=\"width: 33.3333%; border-style: hidden;\"><img loading=\"lazy\" decoding=\"async\" class=\"wp-image-1326 aligncenter\" src=\"https:\/\/agora.xtec.cat\/ies-carles-vallbona\/wp-content\/uploads\/usu2364\/2023\/02\/praga.png\" alt=\"\" width=\"262\" height=\"306\" srcset=\"https:\/\/agora.xtec.cat\/ies-carles-vallbona\/wp-content\/uploads\/usu2364\/2023\/02\/praga.png 710w, https:\/\/agora.xtec.cat\/ies-carles-vallbona\/wp-content\/uploads\/usu2364\/2023\/02\/praga-257x300.png 257w\" sizes=\"auto, (max-width: 262px) 100vw, 262px\" \/><\/td>\n<td style=\"width: 33.3333%; border-style: hidden;\"><img loading=\"lazy\" decoding=\"async\" class=\"wp-image-1327 aligncenter\" src=\"https:\/\/agora.xtec.cat\/ies-carles-vallbona\/wp-content\/uploads\/usu2364\/2023\/02\/prague3.png\" alt=\"\" width=\"362\" height=\"289\" srcset=\"https:\/\/agora.xtec.cat\/ies-carles-vallbona\/wp-content\/uploads\/usu2364\/2023\/02\/prague3.png 840w, https:\/\/agora.xtec.cat\/ies-carles-vallbona\/wp-content\/uploads\/usu2364\/2023\/02\/prague3-300x239.png 300w, https:\/\/agora.xtec.cat\/ies-carles-vallbona\/wp-content\/uploads\/usu2364\/2023\/02\/prague3-768x613.png 768w\" sizes=\"auto, (max-width: 362px) 100vw, 362px\" \/><\/td>\n<td style=\"width: 33.3333%; border-style: hidden;\"><img loading=\"lazy\" decoding=\"async\" class=\"wp-image-1328 aligncenter\" src=\"https:\/\/agora.xtec.cat\/ies-carles-vallbona\/wp-content\/uploads\/usu2364\/2023\/02\/prague2.png\" alt=\"\" width=\"294\" height=\"335\" srcset=\"https:\/\/agora.xtec.cat\/ies-carles-vallbona\/wp-content\/uploads\/usu2364\/2023\/02\/prague2.png 731w, https:\/\/agora.xtec.cat\/ies-carles-vallbona\/wp-content\/uploads\/usu2364\/2023\/02\/prague2-264x300.png 264w\" sizes=\"auto, (max-width: 294px) 100vw, 294px\" \/><\/td>\n<\/tr>\n<\/tbody>\n<\/table>\n<p><strong>Curs 20-21 i curs 19-20 &#8211; Anul\u00b7lats per Covid<\/strong><\/p>\n<p><strong>Curs 18-19 &#8211; Dubl\u00edn &amp; Belfast\u00a0 \u00a0<img loading=\"lazy\" decoding=\"async\" class=\"\" src=\"https:\/\/em-content.zobj.net\/thumbs\/120\/lg\/307\/flag-ireland_1f1ee-1f1ea.png\" srcset=\"https:\/\/em-content.zobj.net\/thumbs\/240\/lg\/307\/flag-ireland_1f1ee-1f1ea.png 2x\" alt=\"Flag: Ireland on LG Velvet\" width=\"40\" height=\"38\" \/><\/strong><\/p>\n<p>Durant el viatge van visitar els principals atractius tur\u00edstics de la capital d\u2019Irlanda, Dubl\u00edn, com el centre hist\u00f2ric, la Universitat de Dubl\u00edn, el Trinity College, on van veure el Book of Kells i la biblioteca del Trinity College, on s\u2019han inspirat decorats de pel\u00b7l\u00edcules com Harry Potter. Van passejar pels carrers t\u00edpics del Temple Bar i\u00a0 visitat la f\u00e0brica de cervesa Guinness.<\/p>\n<table style=\"border-collapse: collapse; width: 100%; height: 32px;\">\n<tbody>\n<tr style=\"height: 32px;\">\n<td style=\"width: 33.3333%; height: 32px; border-style: hidden;\"><img loading=\"lazy\" decoding=\"async\" class=\"wp-image-1330 aligncenter\" src=\"https:\/\/agora.xtec.cat\/ies-carles-vallbona\/wp-content\/uploads\/usu2364\/2023\/02\/kells.png\" alt=\"\" width=\"233\" height=\"312\" srcset=\"https:\/\/agora.xtec.cat\/ies-carles-vallbona\/wp-content\/uploads\/usu2364\/2023\/02\/kells.png 276w, https:\/\/agora.xtec.cat\/ies-carles-vallbona\/wp-content\/uploads\/usu2364\/2023\/02\/kells-224x300.png 224w\" sizes=\"auto, (max-width: 233px) 100vw, 233px\" \/><\/td>\n<td style=\"width: 33.3333%; height: 32px; border-style: hidden;\"><img loading=\"lazy\" decoding=\"async\" class=\"wp-image-1331 aligncenter\" src=\"https:\/\/agora.xtec.cat\/ies-carles-vallbona\/wp-content\/uploads\/usu2364\/2023\/02\/ireland.png\" alt=\"\" width=\"338\" height=\"253\" srcset=\"https:\/\/agora.xtec.cat\/ies-carles-vallbona\/wp-content\/uploads\/usu2364\/2023\/02\/ireland.png 431w, https:\/\/agora.xtec.cat\/ies-carles-vallbona\/wp-content\/uploads\/usu2364\/2023\/02\/ireland-300x225.png 300w, https:\/\/agora.xtec.cat\/ies-carles-vallbona\/wp-content\/uploads\/usu2364\/2023\/02\/ireland-200x150.png 200w\" sizes=\"auto, (max-width: 338px) 100vw, 338px\" \/><\/td>\n<td style=\"width: 33.3333%; height: 32px; border-style: hidden;\"><img loading=\"lazy\" decoding=\"async\" class=\"wp-image-1332 aligncenter\" src=\"https:\/\/agora.xtec.cat\/ies-carles-vallbona\/wp-content\/uploads\/usu2364\/2023\/02\/belfast.png\" alt=\"\" width=\"328\" height=\"248\" srcset=\"https:\/\/agora.xtec.cat\/ies-carles-vallbona\/wp-content\/uploads\/usu2364\/2023\/02\/belfast.png 421w, https:\/\/agora.xtec.cat\/ies-carles-vallbona\/wp-content\/uploads\/usu2364\/2023\/02\/belfast-300x227.png 300w, https:\/\/agora.xtec.cat\/ies-carles-vallbona\/wp-content\/uploads\/usu2364\/2023\/02\/belfast-200x150.png 200w\" sizes=\"auto, (max-width: 328px) 100vw, 328px\" \/><\/td>\n<\/tr>\n<\/tbody>\n<\/table>\n","protected":false},"excerpt":{"rendered":"<p>Intercanvis El proper curs 2025-2026 l\u2019institut realitzaran dos intercanvis amb alumnes francesos vinculat a les lleng\u00fces estrangeres que ofertem. Es realitza un intercanvi amb fam\u00edlies, i aix\u00ed, l&#8217;alumnat fa una immersi\u00f3 ling\u00fc\u00edstica completa. Intercanvis previstos: 4t ESO &#8211; Intercanvi amb Par\u00eds 1R Batxillerat &#8211; Intercanvi amb Occitania. Les fam\u00edlies acullen l&#8217;alumnat a casa i son [&hellip;]<\/p>\n","protected":false},"author":1,"featured_media":0,"parent":0,"menu_order":0,"comment_status":"closed","ping_status":"closed","template":"","meta":{"_bbp_topic_count":0,"_bbp_reply_count":0,"_bbp_total_topic_count":0,"_bbp_total_reply_count":0,"_bbp_voice_count":0,"_bbp_anonymous_reply_count":0,"_bbp_topic_count_hidden":0,"_bbp_reply_count_hidden":0,"_bbp_forum_subforum_count":0,"site-sidebar-layout":"default","site-content-layout":"","ast-site-content-layout":"default","site-content-style":"default","site-sidebar-style":"default","ast-global-header-display":"","ast-banner-title-visibility":"","ast-main-header-display":"","ast-hfb-above-header-display":"","ast-hfb-below-header-display":"","ast-hfb-mobile-header-display":"","site-post-title":"","ast-breadcrumbs-content":"","ast-featured-img":"","footer-sml-layout":"","theme-transparent-header-meta":"default","adv-header-id-meta":"","stick-header-meta":"","header-above-stick-meta":"","header-main-stick-meta":"","header-below-stick-meta":"","astra-migrate-meta-layouts":"set","ast-page-background-enabled":"default","ast-page-background-meta":{"desktop":{"background-color":"var(--ast-global-color-4)","background-image":"","background-repeat":"repeat","background-position":"center center","background-size":"auto","background-attachment":"scroll","background-type":"","background-media":"","overlay-type":"","overlay-color":"","overlay-opacity":"","overlay-gradient":""},"tablet":{"background-color":"","background-image":"","background-repeat":"repeat","background-position":"center center","background-size":"auto","background-attachment":"scroll","background-type":"","background-media":"","overlay-type":"","overlay-color":"","overlay-opacity":"","overlay-gradient":""},"mobile":{"background-color":"","background-image":"","background-repeat":"repeat","background-position":"center center","background-size":"auto","background-attachment":"scroll","background-type":"","background-media":"","overlay-type":"","overlay-color":"","overlay-opacity":"","overlay-gradient":""}},"ast-content-background-meta":{"desktop":{"background-color":"var(--ast-global-color-5)","background-image":"","background-repeat":"repeat","background-position":"center center","background-size":"auto","background-attachment":"scroll","background-type":"","background-media":"","overlay-type":"","overlay-color":"","overlay-opacity":"","overlay-gradient":""},"tablet":{"background-color":"var(--ast-global-color-5)","background-image":"","background-repeat":"repeat","background-position":"center center","background-size":"auto","background-attachment":"scroll","background-type":"","background-media":"","overlay-type":"","overlay-color":"","overlay-opacity":"","overlay-gradient":""},"mobile":{"background-color":"var(--ast-global-color-5)","background-image":"","background-repeat":"repeat","background-position":"center center","background-size":"auto","background-attachment":"scroll","background-type":"","background-media":"","overlay-type":"","overlay-color":"","overlay-opacity":"","overlay-gradient":""}},"footnotes":""},"class_list":["post-661","page","type-page","status-publish","hentry"],"post_mailing_queue_ids":[],"_links":{"self":[{"href":"https:\/\/agora.xtec.cat\/ies-carles-vallbona\/wp-json\/wp\/v2\/pages\/661","targetHints":{"allow":["GET"]}}],"collection":[{"href":"https:\/\/agora.xtec.cat\/ies-carles-vallbona\/wp-json\/wp\/v2\/pages"}],"about":[{"href":"https:\/\/agora.xtec.cat\/ies-carles-vallbona\/wp-json\/wp\/v2\/types\/page"}],"author":[{"embeddable":true,"href":"https:\/\/agora.xtec.cat\/ies-carles-vallbona\/wp-json\/wp\/v2\/users\/1"}],"replies":[{"embeddable":true,"href":"https:\/\/agora.xtec.cat\/ies-carles-vallbona\/wp-json\/wp\/v2\/comments?post=661"}],"version-history":[{"count":7,"href":"https:\/\/agora.xtec.cat\/ies-carles-vallbona\/wp-json\/wp\/v2\/pages\/661\/revisions"}],"predecessor-version":[{"id":5339,"href":"https:\/\/agora.xtec.cat\/ies-carles-vallbona\/wp-json\/wp\/v2\/pages\/661\/revisions\/5339"}],"wp:attachment":[{"href":"https:\/\/agora.xtec.cat\/ies-carles-vallbona\/wp-json\/wp\/v2\/media?parent=661"}],"curies":[{"name":"wp","href":"https:\/\/api.w.org\/{rel}","templated":true}]}}