{"id":660,"date":"2023-01-25T19:24:52","date_gmt":"2023-01-25T18:24:52","guid":{"rendered":"https:\/\/agora.xtec.cat\/ies-carles-vallbona\/?page_id=660"},"modified":"2026-01-21T14:07:32","modified_gmt":"2026-01-21T13:07:32","slug":"erasmus","status":"publish","type":"page","link":"https:\/\/agora.xtec.cat\/ies-carles-vallbona\/erasmus\/","title":{"rendered":"Erasmus+"},"content":{"rendered":"\n<div class=\"wp-block-getwid-banner has-text-animation-opacity-bottom has-foreground-40\"><a href=\"#\" class=\"wp-block-getwid-banner__link\"><div class=\"wp-block-getwid-banner__wrapper has-background\" style=\"background-color:#003399\"><img loading=\"lazy\" decoding=\"async\" width=\"960\" height=\"399\" src=\"https:\/\/agora.xtec.cat\/ies-carles-vallbona\/wp-content\/uploads\/usu2364\/2025\/12\/Header_erasmus.jpg\" alt=\"\" class=\"wp-block-getwid-banner__image wp-block-getwid-banner__source wp-image-6226\" srcset=\"https:\/\/agora.xtec.cat\/ies-carles-vallbona\/wp-content\/uploads\/usu2364\/2025\/12\/Header_erasmus.jpg 960w, https:\/\/agora.xtec.cat\/ies-carles-vallbona\/wp-content\/uploads\/usu2364\/2025\/12\/Header_erasmus-300x125.jpg 300w, https:\/\/agora.xtec.cat\/ies-carles-vallbona\/wp-content\/uploads\/usu2364\/2025\/12\/Header_erasmus-768x319.jpg 768w\" sizes=\"auto, (max-width: 960px) 100vw, 960px\" \/><div class=\"wp-block-getwid-banner__caption\"><div class=\"wp-block-getwid-banner__caption-wrapper\"><span class=\"wp-block-getwid-banner__title\"><strong>ERASMUS+<\/strong><\/span><p class=\"wp-block-getwid-banner__text\"><strong>Mobilitat Internacional per a Cicles Formatius<\/strong><\/p><\/div><\/div><\/div><\/a><\/div>\n\n\n\n<div style=\"height:100px\" aria-hidden=\"true\" class=\"wp-block-spacer\"><\/div>\n\n\n\n<h2 class=\"wp-block-heading has-text-color has-link-color wp-elements-e6d79091097b30e49e8717d80122d858\" style=\"color:#003399\">Programa Erasmus+<\/h2>\n\n\n\n<h3 class=\"wp-block-heading\">Qu\u00e8 \u00e9s l&#8217;Erasmus+?<\/h3>\n\n\n\n<p>L&#8217;<strong>Erasmus+<\/strong> \u00e9s un programa de la Uni\u00f3 Europea que promou la <strong>mobilitat educativa internacional<\/strong>. Permet a l&#8217;alumnat de <strong>Formaci\u00f3 Professional<\/strong> realitzar pr\u00e0ctiques en empreses d&#8217;altres pa\u00efsos de la UE. Amb l&#8217;<strong>Erasmus+<\/strong>, l&#8217;alumnat pot <strong>ampliar horitzons professionals<\/strong>, <strong>aplicar coneixements<\/strong> en un <strong>context real<\/strong> i desenvolupar habilitats clau per la seva futura carrera laboral.<\/p>\n\n\n\n<p>Per poder garantir la qualitat del programa, l\u2019Institut Carles Vallbona disposa de la Carta Erasmus per a l\u2019Educaci\u00f3 Superior 2021-2027.<br><a href=\"https:\/\/agora.xtec.cat\/ies-carles-vallbona\/wp-content\/uploads\/usu2364\/2024\/02\/Erasmus-Charter-for-Higher-Education.pdf\">Carta ECHE<\/a><\/p>\n\n\n\n<div style=\"height:50px\" aria-hidden=\"true\" class=\"wp-block-spacer\"><\/div>\n\n\n\n<h3 class=\"wp-block-heading\">Beneficis del programa Erasmus+ per als estudiants<\/h3>\n\n\n\n<div class=\"wp-block-group is-layout-grid wp-container-core-group-is-layout-1 wp-block-group-is-layout-grid\">\n<div class=\"wp-block-getwid-icon-box has-text-center\"><div class=\"wp-block-getwid-icon-box__icon-container is-position-top\"><div class=\"wp-block-getwid-icon-box__icon-wrapper has-text-color\" style=\"color:#003399\"><i class=\"fas fa-wrench\"><\/i><\/div><\/div><div class=\"wp-block-getwid-icon-box__content\">\n<h3 class=\"wp-block-heading\"><strong>Formaci\u00f3 pr\u00e0ctica internacional<\/strong><br><\/h3>\n\n\n\n<p><\/p>\n<\/div><\/div>\n\n\n\n<div class=\"wp-block-getwid-icon-box has-text-center\"><div class=\"wp-block-getwid-icon-box__icon-container is-position-top\"><div class=\"wp-block-getwid-icon-box__icon-wrapper has-text-color\" style=\"color:#003399\"><i class=\"fas fa-book-reader\"><\/i><\/div><\/div><div class=\"wp-block-getwid-icon-box__content\">\n<h3 class=\"wp-block-heading\"><strong>Compet\u00e8ncies professionals<\/strong><br><\/h3>\n\n\n\n<p><\/p>\n<\/div><\/div>\n\n\n\n<div class=\"wp-block-getwid-icon-box has-text-center\"><div class=\"wp-block-getwid-icon-box__icon-container is-position-top\"><div class=\"wp-block-getwid-icon-box__icon-wrapper has-text-color\" style=\"color:#003399\"><i class=\"fas fa-comment\"><\/i><\/div><\/div><div class=\"wp-block-getwid-icon-box__content\">\n<h3 class=\"wp-block-heading\"><strong>Compet\u00e8ncia ling\u00fc\u00edstica<\/strong><br><\/h3>\n\n\n\n<p><\/p>\n<\/div><\/div>\n\n\n\n<div class=\"wp-block-getwid-icon-box has-text-center\"><div class=\"wp-block-getwid-icon-box__icon-container is-position-top\"><div class=\"wp-block-getwid-icon-box__icon-wrapper has-text-color\" style=\"color:#003399\"><i class=\"fas fa-building\"><\/i><\/div><\/div><div class=\"wp-block-getwid-icon-box__content\">\n<h3 class=\"wp-block-heading\"><strong>Oportunitats de feina a Europa<\/strong><br><\/h3>\n\n\n\n<p><\/p>\n<\/div><\/div>\n\n\n\n<div class=\"wp-block-getwid-icon-box has-text-center\"><div class=\"wp-block-getwid-icon-box__icon-container is-position-top\"><div class=\"wp-block-getwid-icon-box__icon-wrapper has-text-color\" style=\"color:#003399\"><i class=\"fas fa-handshake\"><\/i><\/div><\/div><div class=\"wp-block-getwid-icon-box__content\">\n<h3 class=\"wp-block-heading\">Xarxa professional internacional<\/h3>\n\n\n\n<p><\/p>\n<\/div><\/div>\n\n\n\n<div class=\"wp-block-getwid-icon-box has-text-center\"><div class=\"wp-block-getwid-icon-box__icon-container is-position-top\"><div class=\"wp-block-getwid-icon-box__icon-wrapper has-text-color\" style=\"color:#003399\"><i class=\"fas fa-dollar-sign\"><\/i><\/div><\/div><div class=\"wp-block-getwid-icon-box__content\">\n<h3 class=\"wp-block-heading\"><strong>Subvencions per cobrir despeses de viatge i allotjame<\/strong>nt<br><\/h3>\n\n\n\n<p><\/p>\n<\/div><\/div>\n<\/div>\n\n\n\n<div style=\"height:100px\" aria-hidden=\"true\" class=\"wp-block-spacer\"><\/div>\n\n\n\n<figure class=\"wp-block-embed is-type-video is-provider-youtube wp-block-embed-youtube wp-embed-aspect-16-9 wp-has-aspect-ratio\"><div class=\"wp-block-embed__wrapper\">\n<div class=\"ast-oembed-container \" style=\"height: 100%;\"><iframe loading=\"lazy\" title=\"Erasmus+ 2021-2027\" width=\"500\" height=\"281\" src=\"https:\/\/www.youtube.com\/embed\/cgZ_un-32lk?feature=oembed\" frameborder=\"0\" allow=\"accelerometer; autoplay; clipboard-write; encrypted-media; gyroscope; picture-in-picture; web-share\" referrerpolicy=\"strict-origin-when-cross-origin\" allowfullscreen><\/iframe><\/div>\n<\/div><\/figure>\n\n\n\n<div style=\"height:100px\" aria-hidden=\"true\" class=\"wp-block-spacer\"><\/div>\n\n\n\n<h3 class=\"wp-block-heading has-text-align-left has-text-color has-link-color wp-elements-dbde45349e40a6da747cf5f06d62fec6\" style=\"color:#003399\">ALUMNAT<\/h3>\n\n\n\n<div class=\"wp-block-getwid-button-group\"><div class=\"wp-block-getwid-button-group__wrapper has-spacing-large has-alignment-center has-width-50\">\n<div class=\"wp-block-button\"><a class=\"wp-block-button__link has-white-color has-text-color has-background has-link-color wp-element-button\" href=\"https:\/\/agora.xtec.cat\/ies-carles-vallbona\/wp-content\/uploads\/usu2364\/2025\/11\/Convocatoria-VET-2025_2026.pdf\" style=\"border-style:none;border-width:0px;border-radius:100px;background-color:#003399\"><div><div><div><span style=\"font-family: inherit; font-size: 0.888889rem;\"> Convocat\u00f2ria beques alumnat Grau Mitj\u00e0.<\/span><\/div><\/div><\/div><\/a><\/div>\n\n\n\n<div class=\"wp-block-button\"><a class=\"wp-block-button__link has-background wp-element-button\" href=\"https:\/\/agora.xtec.cat\/ies-carles-vallbona\/wp-content\/uploads\/usu2364\/2025\/11\/Convocatoria-HED-2025_2026.pdf\" style=\"background-color:#003399\">Convocat\u00f2ria beques alumnat Grau Superior.<\/a><\/div>\n\n\n\n<div class=\"wp-block-button\"><a class=\"wp-block-button__link has-background wp-element-button\" href=\"https:\/\/agora.xtec.cat\/ies-carles-vallbona\/wp-content\/uploads\/usu2364\/2026\/01\/Llistat-dadmesos-GM-25-26.docx.pdf\" style=\"background-color:#003399\">Llistat admesos Grau Mitj\u00e0.<\/a><\/div>\n\n\n\n<div class=\"wp-block-button\"><a class=\"wp-block-button__link has-background wp-element-button\" href=\"https:\/\/agora.xtec.cat\/ies-carles-vallbona\/wp-content\/uploads\/usu2364\/2026\/01\/Llistat-dadmesos-GS-25-26.docx.pdf\" style=\"background-color:#003399\">Llistat admesos Grau Superior.<\/a><\/div>\n\n\n\n<div class=\"wp-block-button has-custom-width wp-block-button__width-100\"><a class=\"wp-block-button__link has-background wp-element-button\" href=\"https:\/\/agora.xtec.cat\/ies-carles-vallbona\/wp-content\/uploads\/usu2364\/2026\/01\/Convocatoria-entrevistes-25-26.docx.pdf\" style=\"background-color:#003399\">Convocat\u00f2ria entrevistes 25-26<\/a><\/div>\n\n\n\n<div class=\"wp-block-button\"><a class=\"wp-block-button__link has-background wp-element-button\" href=\"https:\/\/agora.xtec.cat\/ies-carles-vallbona\/wp-content\/uploads\/usu2364\/2026\/01\/Llista-FINAL-participants-GM-Seleccionats-Erasmus-25_26.docx.pdf\" style=\"background-color:#003399\">Llistat definitiu Grau Mitj\u00e0.<\/a><\/div>\n\n\n\n<div class=\"wp-block-button\"><a class=\"wp-block-button__link has-background wp-element-button\" href=\"https:\/\/agora.xtec.cat\/ies-carles-vallbona\/wp-content\/uploads\/usu2364\/2026\/01\/Llista-FINAL-participants-GS-Seleccionats-Erasmus-25_26.docx.pdf\" style=\"background-color:#003399\">Llistat definitiu Grau Superior.<\/a><\/div>\n<\/div><\/div>\n\n\n\n<div style=\"height:150px\" aria-hidden=\"true\" class=\"wp-block-spacer\"><\/div>\n\n\n\n<div style=\"height:50px\" aria-hidden=\"true\" class=\"wp-block-spacer\"><\/div>\n\n\n\n<h3 class=\"wp-block-heading has-text-align-left has-text-color has-link-color wp-elements-91a222f1ca4d6ce82f9ec40d7ff46114\" style=\"color:#003399\">PROFESSORAT<\/h3>\n\n\n\n<div class=\"wp-block-getwid-button-group\"><div class=\"wp-block-getwid-button-group__wrapper has-spacing-large has-alignment-center has-width-50\">\n<div class=\"wp-block-button\"><a class=\"wp-block-button__link has-background wp-element-button\" href=\"https:\/\/agora.xtec.cat\/ies-carles-vallbona\/wp-content\/uploads\/usu2364\/2025\/11\/Convocatoria-STAFF-GM-2025_2026-CONVOCATORIA-1.pdf\" style=\"background-color:#003399\">Convocat\u00f2ria estades formatives per a docents de Grau Mitj\u00e0 (Job Shadowing + Professorat acompanyant)<\/a><\/div>\n\n\n\n<div class=\"wp-block-button\"><a class=\"wp-block-button__link has-background wp-element-button\" href=\"https:\/\/agora.xtec.cat\/ies-carles-vallbona\/wp-content\/uploads\/usu2364\/2025\/11\/Convocatoria-STAFF-GS-2025_2026-CONVOCATORIA-1.pdf\" style=\"background-color:#003399\">Convocat\u00f2ria d\u2019estades formatives per a docents de Grau Superior (Job Shadowing)<\/a><\/div>\n\n\n\n<div class=\"wp-block-button has-custom-width wp-block-button__width-100\"><a class=\"wp-block-button__link has-background wp-element-button\" href=\"https:\/\/agora.xtec.cat\/ies-carles-vallbona\/wp-content\/uploads\/usu2364\/2025\/12\/Llistat-FINAL-STAFF-Seleccionats-Erasmus-1.pdf\" style=\"background-color:#003399\">Llistat definitiu estades formatives per a docents i professorat acompanyant (Job Shadowing + Acompanyants)<\/a><\/div>\n<\/div><\/div>\n\n\n\n<div style=\"height:100px\" aria-hidden=\"true\" class=\"wp-block-spacer\"><\/div>\n\n\n\n<h3 class=\"wp-block-heading\">Cl\u00e0usula d&#8217;exempci\u00f3 de responsabilitat<\/h3>\n\n\n\n<p>Els projectes presentats en la p\u00e0gina web s\u00f3n cofinan\u00e7ats pel programa Erasmus+, Ministerio de Educaci\u00f3n y Formaci\u00f3n Profesional i altres de la Uni\u00f3 Europea o altres formes de finan\u00e7ament. El contingut \u00e9s responsabilitat del centre educatiu i ni la Comissi\u00f3 Europea ni el Servei Espanyol per la Internacionalitzaci\u00f3 de l\u2019Educaci\u00f3 (SEPIE) s\u00f3n responsables de l\u2019\u00fas que pugui fer-se de la informaci\u00f3 difosa.<br><br><\/p>\n\n\n\n<div style=\"height:50px\" aria-hidden=\"true\" class=\"wp-block-spacer\"><\/div>\n\n\n\n        <div class=\"wp-block-getwid-post-slider custom-post-type-post has-arrows-inside has-dots-inside\">\n            <div data-slider-option=\"{&quot;getwid_fade_effect&quot;:&quot;slide&quot;,&quot;getwid_autoplay&quot;:false,&quot;getwid_pause_on_hover&quot;:false,&quot;getwid_autoplay_speed&quot;:6000,&quot;getwid_infinite&quot;:true,&quot;getwid_animation_speed&quot;:800,&quot;getwid_arrows&quot;:&quot;inside&quot;,&quot;getwid_dots&quot;:&quot;inside&quot;}\" class=\"wp-block-getwid-post-slider__content\">\n                \t\t\t\t\t\t\t<div class=\"wp-block-getwid-post-slider__slide\" style=\"\">\n\t\t\t\t\t\t\t\t\n<div class=\"wp-block-getwid-post-slider__post \">\n            <div class=\"wp-block-getwid-post-slider__post-thumbnail\">\n            <img loading=\"lazy\" decoding=\"async\" width=\"1200\" height=\"900\" src=\"https:\/\/agora.xtec.cat\/ies-carles-vallbona\/wp-content\/uploads\/usu2364\/2025\/12\/NOT_alumne-cec-vallbona.jpg\" class=\"attachment-post-thumbnail size-post-thumbnail wp-post-image\" alt=\"\" srcset=\"https:\/\/agora.xtec.cat\/ies-carles-vallbona\/wp-content\/uploads\/usu2364\/2025\/12\/NOT_alumne-cec-vallbona.jpg 1200w, https:\/\/agora.xtec.cat\/ies-carles-vallbona\/wp-content\/uploads\/usu2364\/2025\/12\/NOT_alumne-cec-vallbona-300x225.jpg 300w, https:\/\/agora.xtec.cat\/ies-carles-vallbona\/wp-content\/uploads\/usu2364\/2025\/12\/NOT_alumne-cec-vallbona-1024x768.jpg 1024w, https:\/\/agora.xtec.cat\/ies-carles-vallbona\/wp-content\/uploads\/usu2364\/2025\/12\/NOT_alumne-cec-vallbona-768x576.jpg 768w\" sizes=\"auto, (max-width: 1200px) 100vw, 1200px\" \/>        <\/div>\n        <div class=\"wp-block-getwid-post-slider__post-overlay \"><\/div>\n    <div class=\"wp-block-getwid-post-slider__post-content-wrapper\">\n        <h3 class=\"wp-block-getwid-post-slider__post-title\"><a href=\"https:\/\/agora.xtec.cat\/ies-carles-vallbona\/general\/entrevista-a-eric-rodriguez-al-diari-el-9-nou\/\">Entrevista a \u00c8ric Rodr\u00edguez al Diari El 9 Nou<\/a><\/h3>        <div class=\"wp-block-getwid-post-slider__post-excerpt\"><p>\u00c8ric Rodr\u00edguez, alumne del Vallbona, ha estat entrevistat pel Diari El 9 Nou sobre la seva experi\u00e8ncia com a alumne amb ceguesa superior al 95% que va participar en un Erasmus a Portugal. Durant l&#8217;entrevista, l&#8217;\u00c8ric va compartir els reptes i superacions que va viure en el seu primer viatge Erasmus, destacant l&#8217;important suport que va rebre i la seva experi\u00e8ncia en pr\u00e0ctiques professionals. A m\u00e9s, va parlar de com va difondre el golbol, l\u2019esport paral\u00edmpic que practica, a Portugal. <\/p>\n<\/div>\n    <\/div>\n<\/div>\n\t\t\t\t\t\t\t<\/div>\n\t\t\t\t\t\t\t\t\t\t\t\t\t<div class=\"wp-block-getwid-post-slider__slide\" style=\"\">\n\t\t\t\t\t\t\t\t\n<div class=\"wp-block-getwid-post-slider__post \">\n            <div class=\"wp-block-getwid-post-slider__post-thumbnail\">\n            <img loading=\"lazy\" decoding=\"async\" width=\"2560\" height=\"1737\" src=\"https:\/\/agora.xtec.cat\/ies-carles-vallbona\/wp-content\/uploads\/usu2364\/2025\/10\/PORTADA-ERASMUS-scaled.jpg\" class=\"attachment-post-thumbnail size-post-thumbnail wp-post-image\" alt=\"\" srcset=\"https:\/\/agora.xtec.cat\/ies-carles-vallbona\/wp-content\/uploads\/usu2364\/2025\/10\/PORTADA-ERASMUS-scaled.jpg 2560w, https:\/\/agora.xtec.cat\/ies-carles-vallbona\/wp-content\/uploads\/usu2364\/2025\/10\/PORTADA-ERASMUS-300x204.jpg 300w, https:\/\/agora.xtec.cat\/ies-carles-vallbona\/wp-content\/uploads\/usu2364\/2025\/10\/PORTADA-ERASMUS-1024x695.jpg 1024w, https:\/\/agora.xtec.cat\/ies-carles-vallbona\/wp-content\/uploads\/usu2364\/2025\/10\/PORTADA-ERASMUS-768x521.jpg 768w, https:\/\/agora.xtec.cat\/ies-carles-vallbona\/wp-content\/uploads\/usu2364\/2025\/10\/PORTADA-ERASMUS-1536x1042.jpg 1536w, https:\/\/agora.xtec.cat\/ies-carles-vallbona\/wp-content\/uploads\/usu2364\/2025\/10\/PORTADA-ERASMUS-2048x1390.jpg 2048w\" sizes=\"auto, (max-width: 2560px) 100vw, 2560px\" \/>        <\/div>\n        <div class=\"wp-block-getwid-post-slider__post-overlay \"><\/div>\n    <div class=\"wp-block-getwid-post-slider__post-content-wrapper\">\n        <h3 class=\"wp-block-getwid-post-slider__post-title\"><a href=\"https:\/\/agora.xtec.cat\/ies-carles-vallbona\/general\/pendent-de-votv-linstitut-carles-vallbona-participa-en-lerasmus-day-de-granollers\/\">L\u2019Institut Carles Vallbona participa en l\u2019Erasmus Day de Granollers<\/a><\/h3>        <div class=\"wp-block-getwid-post-slider__post-excerpt\"><p>El passat dilluns es va celebrar a la sala d\u2019actes de l\u2019Institut Escola Municipal del Treball (EMT) una nova edici\u00f3 de l\u2019Erasmus Day, la jornada conjunta dels centres d\u2019FP de Granollers que organitzen mobilitats internacionals dins del programa\u00a0Erasmus+. L\u2019acte va comen\u00e7ar amb la confer\u00e8ncia\u00a0\u201cErasmus: enriquint vides, obrint ments\u201d, a c\u00e0rrec de\u00a0Jordi Castillo, responsable de Projectes [&hellip;]<\/p>\n<\/div>\n    <\/div>\n<\/div>\n\t\t\t\t\t\t\t<\/div>\n\t\t\t\t\t\t\t\t\t\t\t\t\t<div class=\"wp-block-getwid-post-slider__slide\" style=\"\">\n\t\t\t\t\t\t\t\t\n<div class=\"wp-block-getwid-post-slider__post \">\n            <div class=\"wp-block-getwid-post-slider__post-thumbnail\">\n            <img loading=\"lazy\" decoding=\"async\" width=\"5230\" height=\"9271\" src=\"https:\/\/agora.xtec.cat\/ies-carles-vallbona\/wp-content\/uploads\/usu2364\/2024\/10\/POSTER_GRANOLLERS-2024.png\" class=\"attachment-post-thumbnail size-post-thumbnail wp-post-image\" alt=\"\" srcset=\"https:\/\/agora.xtec.cat\/ies-carles-vallbona\/wp-content\/uploads\/usu2364\/2024\/10\/POSTER_GRANOLLERS-2024.png 5230w, https:\/\/agora.xtec.cat\/ies-carles-vallbona\/wp-content\/uploads\/usu2364\/2024\/10\/POSTER_GRANOLLERS-2024-169x300.png 169w, https:\/\/agora.xtec.cat\/ies-carles-vallbona\/wp-content\/uploads\/usu2364\/2024\/10\/POSTER_GRANOLLERS-2024-578x1024.png 578w, https:\/\/agora.xtec.cat\/ies-carles-vallbona\/wp-content\/uploads\/usu2364\/2024\/10\/POSTER_GRANOLLERS-2024-768x1361.png 768w, https:\/\/agora.xtec.cat\/ies-carles-vallbona\/wp-content\/uploads\/usu2364\/2024\/10\/POSTER_GRANOLLERS-2024-866x1536.png 866w, https:\/\/agora.xtec.cat\/ies-carles-vallbona\/wp-content\/uploads\/usu2364\/2024\/10\/POSTER_GRANOLLERS-2024-1155x2048.png 1155w\" sizes=\"auto, (max-width: 5230px) 100vw, 5230px\" \/>        <\/div>\n        <div class=\"wp-block-getwid-post-slider__post-overlay \"><\/div>\n    <div class=\"wp-block-getwid-post-slider__post-content-wrapper\">\n        <h3 class=\"wp-block-getwid-post-slider__post-title\"><a href=\"https:\/\/agora.xtec.cat\/ies-carles-vallbona\/general\/jornada-erasmus-day-cicles-formatius-a-linstitut\/\">JORNADA ERASMUS DAY CICLES FORMATIUS A L&#8217;INSTITUT<\/a><\/h3>        <div class=\"wp-block-getwid-post-slider__post-excerpt\"><p>Els estudiants estan convidats a participar en l\u2019Erasmus Day 2024, que tindr\u00e0 lloc el 16 d\u2019octubre al centre educatiu. Aquest dia est\u00e0 especialment dissenyat per explicar les mobilitats Erasmus+, una oportunitat \u00fanica perqu\u00e8 els estudiants de formaci\u00f3 professional puguin realitzar pr\u00e0ctiques en empreses a l&#8217;estranger. L\u2019objectiu de l\u2019Erasmus Day \u00e9s proporcionar tota la informaci\u00f3 necess\u00e0ria [&hellip;]<\/p>\n<\/div>\n    <\/div>\n<\/div>\n\t\t\t\t\t\t\t<\/div>\n\t\t\t\t\t\t\t\t\t\t\t\t\t<div class=\"wp-block-getwid-post-slider__slide\" style=\"\">\n\t\t\t\t\t\t\t\t\n<div class=\"wp-block-getwid-post-slider__post \">\n            <div class=\"wp-block-getwid-post-slider__post-thumbnail\">\n            <img loading=\"lazy\" decoding=\"async\" width=\"255\" height=\"89\" src=\"https:\/\/agora.xtec.cat\/ies-carles-vallbona\/wp-content\/uploads\/usu2364\/2023\/02\/erasmus.png\" class=\"attachment-post-thumbnail size-post-thumbnail wp-post-image\" alt=\"\" \/>        <\/div>\n        <div class=\"wp-block-getwid-post-slider__post-overlay \"><\/div>\n    <div class=\"wp-block-getwid-post-slider__post-content-wrapper\">\n        <h3 class=\"wp-block-getwid-post-slider__post-title\"><a href=\"https:\/\/agora.xtec.cat\/ies-carles-vallbona\/portada\/convocatoria-vet-2023_2024-erasmus-23-24-cfgm\/\">Convocat\u00f2ria VET  2023_2024  ERASMUS+ 23\/24   (CFGM)<\/a><\/h3>        <div class=\"wp-block-getwid-post-slider__post-excerpt\"><p>Ja tenim aqu\u00ed la convocat\u00f2ria que tants de vosaltres est\u00e0veu esperant&#8230;\u00a0la convocat\u00f2ria\u00a0d&#8217;Erasmus\u00a0+\u00a0de Grau Mitj\u00e0! Per anar fent boca, i abans que llegiu la\u00a0convocat\u00f2ria\u00a0MOLT detingudament, aqu\u00ed teniu els destins i dates: \u00a0V\u00edlnius, Litu\u00e0nia:\u00a02 places, 32 dies d&#8217;estan\u00e7a del\u00a026 \/ 03 \/ 2024 al 26 \/ 04 \/ 2024 \u00a0Forli, It\u00e0lia: 5 places, 32 dies\u00a0d&#8217;estan\u00e7a\u00a0del\u00a024 \/ 06 [&hellip;]<\/p>\n<\/div>\n    <\/div>\n<\/div>\n\t\t\t\t\t\t\t<\/div>\n\t\t\t\t\t\t            <\/div>\n        <\/div>\n        \n\n\n<div style=\"height:150px\" aria-hidden=\"true\" class=\"wp-block-spacer\"><\/div>\n\n\n\n<figure class=\"wp-block-image aligncenter size-full\"><a href=\"https:\/\/agora.xtec.cat\/ies-carles-vallbona\/wp-content\/uploads\/usu2364\/2025\/12\/Erasmus.png\"><img loading=\"lazy\" decoding=\"async\" width=\"1000\" height=\"264\" src=\"https:\/\/agora.xtec.cat\/ies-carles-vallbona\/wp-content\/uploads\/usu2364\/2025\/12\/Erasmus.png\" alt=\"\" class=\"wp-image-6237\" srcset=\"https:\/\/agora.xtec.cat\/ies-carles-vallbona\/wp-content\/uploads\/usu2364\/2025\/12\/Erasmus.png 1000w, https:\/\/agora.xtec.cat\/ies-carles-vallbona\/wp-content\/uploads\/usu2364\/2025\/12\/Erasmus-300x79.png 300w, https:\/\/agora.xtec.cat\/ies-carles-vallbona\/wp-content\/uploads\/usu2364\/2025\/12\/Erasmus-768x203.png 768w\" sizes=\"auto, (max-width: 1000px) 100vw, 1000px\" \/><\/a><\/figure>\n\n\n\n<div style=\"height:150px\" aria-hidden=\"true\" class=\"wp-block-spacer\"><\/div>\n","protected":false},"excerpt":{"rendered":"<p>Programa Erasmus+ Qu\u00e8 \u00e9s l&#8217;Erasmus+? L&#8217;Erasmus+ \u00e9s un programa de la Uni\u00f3 Europea que promou la mobilitat educativa internacional. Permet a l&#8217;alumnat de Formaci\u00f3 Professional realitzar pr\u00e0ctiques en empreses d&#8217;altres pa\u00efsos de la UE. Amb l&#8217;Erasmus+, l&#8217;alumnat pot ampliar horitzons professionals, aplicar coneixements en un context real i desenvolupar habilitats clau per la seva futura [&hellip;]<\/p>\n","protected":false},"author":1,"featured_media":0,"parent":0,"menu_order":0,"comment_status":"closed","ping_status":"closed","template":"","meta":{"_bbp_topic_count":0,"_bbp_reply_count":0,"_bbp_total_topic_count":0,"_bbp_total_reply_count":0,"_bbp_voice_count":0,"_bbp_anonymous_reply_count":0,"_bbp_topic_count_hidden":0,"_bbp_reply_count_hidden":0,"_bbp_forum_subforum_count":0,"site-sidebar-layout":"default","site-content-layout":"","ast-site-content-layout":"default","site-content-style":"default","site-sidebar-style":"default","ast-global-header-display":"","ast-banner-title-visibility":"","ast-main-header-display":"","ast-hfb-above-header-display":"","ast-hfb-below-header-display":"","ast-hfb-mobile-header-display":"","site-post-title":"","ast-breadcrumbs-content":"","ast-featured-img":"","footer-sml-layout":"","theme-transparent-header-meta":"","adv-header-id-meta":"","stick-header-meta":"","header-above-stick-meta":"","header-main-stick-meta":"","header-below-stick-meta":"","astra-migrate-meta-layouts":"set","ast-page-background-enabled":"default","ast-page-background-meta":{"desktop":{"background-color":"var(--ast-global-color-4)","background-image":"","background-repeat":"repeat","background-position":"center center","background-size":"auto","background-attachment":"scroll","background-type":"","background-media":"","overlay-type":"","overlay-color":"","overlay-opacity":"","overlay-gradient":""},"tablet":{"background-color":"","background-image":"","background-repeat":"repeat","background-position":"center center","background-size":"auto","background-attachment":"scroll","background-type":"","background-media":"","overlay-type":"","overlay-color":"","overlay-opacity":"","overlay-gradient":""},"mobile":{"background-color":"","background-image":"","background-repeat":"repeat","background-position":"center center","background-size":"auto","background-attachment":"scroll","background-type":"","background-media":"","overlay-type":"","overlay-color":"","overlay-opacity":"","overlay-gradient":""}},"ast-content-background-meta":{"desktop":{"background-color":"var(--ast-global-color-5)","background-image":"","background-repeat":"repeat","background-position":"center center","background-size":"auto","background-attachment":"scroll","background-type":"","background-media":"","overlay-type":"","overlay-color":"","overlay-opacity":"","overlay-gradient":""},"tablet":{"background-color":"var(--ast-global-color-5)","background-image":"","background-repeat":"repeat","background-position":"center center","background-size":"auto","background-attachment":"scroll","background-type":"","background-media":"","overlay-type":"","overlay-color":"","overlay-opacity":"","overlay-gradient":""},"mobile":{"background-color":"var(--ast-global-color-5)","background-image":"","background-repeat":"repeat","background-position":"center center","background-size":"auto","background-attachment":"scroll","background-type":"","background-media":"","overlay-type":"","overlay-color":"","overlay-opacity":"","overlay-gradient":""}},"footnotes":""},"class_list":["post-660","page","type-page","status-publish","hentry"],"post_mailing_queue_ids":[],"_links":{"self":[{"href":"https:\/\/agora.xtec.cat\/ies-carles-vallbona\/wp-json\/wp\/v2\/pages\/660","targetHints":{"allow":["GET"]}}],"collection":[{"href":"https:\/\/agora.xtec.cat\/ies-carles-vallbona\/wp-json\/wp\/v2\/pages"}],"about":[{"href":"https:\/\/agora.xtec.cat\/ies-carles-vallbona\/wp-json\/wp\/v2\/types\/page"}],"author":[{"embeddable":true,"href":"https:\/\/agora.xtec.cat\/ies-carles-vallbona\/wp-json\/wp\/v2\/users\/1"}],"replies":[{"embeddable":true,"href":"https:\/\/agora.xtec.cat\/ies-carles-vallbona\/wp-json\/wp\/v2\/comments?post=660"}],"version-history":[{"count":6,"href":"https:\/\/agora.xtec.cat\/ies-carles-vallbona\/wp-json\/wp\/v2\/pages\/660\/revisions"}],"predecessor-version":[{"id":6509,"href":"https:\/\/agora.xtec.cat\/ies-carles-vallbona\/wp-json\/wp\/v2\/pages\/660\/revisions\/6509"}],"wp:attachment":[{"href":"https:\/\/agora.xtec.cat\/ies-carles-vallbona\/wp-json\/wp\/v2\/media?parent=660"}],"curies":[{"name":"wp","href":"https:\/\/api.w.org\/{rel}","templated":true}]}}