{"id":631,"date":"2023-01-25T19:21:12","date_gmt":"2023-01-25T18:21:12","guid":{"rendered":"https:\/\/agora.xtec.cat\/ies-carles-vallbona\/?page_id=631"},"modified":"2025-11-04T16:51:22","modified_gmt":"2025-11-04T15:51:22","slug":"administracio-i-comerc","status":"publish","type":"page","link":"https:\/\/agora.xtec.cat\/ies-carles-vallbona\/fp\/administracio-i-comerc\/","title":{"rendered":"Fam\u00edlia professional Administraci\u00f3 i gesti\u00f3"},"content":{"rendered":"\n<div class=\"wp-block-group is-nowrap is-layout-flex wp-container-core-group-is-layout-1 wp-block-group-is-layout-flex\">\n<div class=\"wp-block-getwid-icon\"><div class=\"wp-block-getwid-icon__wrapper has-text-color has-vivid-cyan-blue-color\"><i class=\"fas fa-chart-pie\"><\/i><\/div><\/div>\n\n\n\n<h4 class=\"wp-block-heading has-large-font-size\">FP Administraci\u00f3 i gesti\u00f3<\/h4>\n<\/div>\n\n\n\n<div class=\"wp-block-getwid-banner has-animation-style2 has-text-animation-opacity-bottom has-foreground-50 alignfull\"><a href=\"#\" class=\"wp-block-getwid-banner__link\"><div class=\"wp-block-getwid-banner__wrapper\"><img loading=\"lazy\" decoding=\"async\" width=\"300\" height=\"200\" src=\"https:\/\/agora.xtec.cat\/ies-carles-vallbona\/wp-content\/uploads\/usu2364\/2025\/10\/ChatGPT-Image-21-doct.-del-2025-23_47_09-1-300x200.png\" alt=\"\" class=\"wp-block-getwid-banner__image wp-block-getwid-banner__source wp-image-5437\" srcset=\"https:\/\/agora.xtec.cat\/ies-carles-vallbona\/wp-content\/uploads\/usu2364\/2025\/10\/ChatGPT-Image-21-doct.-del-2025-23_47_09-1-300x200.png 300w, https:\/\/agora.xtec.cat\/ies-carles-vallbona\/wp-content\/uploads\/usu2364\/2025\/10\/ChatGPT-Image-21-doct.-del-2025-23_47_09-1-1024x683.png 1024w, https:\/\/agora.xtec.cat\/ies-carles-vallbona\/wp-content\/uploads\/usu2364\/2025\/10\/ChatGPT-Image-21-doct.-del-2025-23_47_09-1-768x512.png 768w, https:\/\/agora.xtec.cat\/ies-carles-vallbona\/wp-content\/uploads\/usu2364\/2025\/10\/ChatGPT-Image-21-doct.-del-2025-23_47_09-1.png 1536w\" sizes=\"auto, (max-width: 300px) 100vw, 300px\" \/><div class=\"wp-block-getwid-banner__caption\"><div class=\"wp-block-getwid-banner__caption-wrapper\"><span class=\"wp-block-getwid-banner__title\"><a href=\"https:\/\/agora.xtec.cat\/ies-carles-vallbona\/fp\/gestio-administrativa\/\" data-type=\"page\" data-id=\"5420\"><em>Grau Mitj\u00e0 \u2014 Gesti\u00f3 Administrativa (GM)<br><\/em><\/a><\/span><\/div><\/div><\/div><\/a><\/div>\n\n\n\n<div style=\"height:100px\" aria-hidden=\"true\" class=\"wp-block-spacer\"><\/div>\n\n\n\n<div class=\"wp-block-getwid-banner has-animation-style2 has-text-animation-opacity-bottom has-foreground-50 alignfull\"><a href=\"#\" class=\"wp-block-getwid-banner__link\"><div class=\"wp-block-getwid-banner__wrapper\"><img loading=\"lazy\" decoding=\"async\" width=\"300\" height=\"200\" src=\"https:\/\/agora.xtec.cat\/ies-carles-vallbona\/wp-content\/uploads\/usu2364\/2025\/10\/Gadsan-1-300x200.png\" alt=\"\" class=\"wp-block-getwid-banner__image wp-block-getwid-banner__source wp-image-5507\" srcset=\"https:\/\/agora.xtec.cat\/ies-carles-vallbona\/wp-content\/uploads\/usu2364\/2025\/10\/Gadsan-1-300x200.png 300w, https:\/\/agora.xtec.cat\/ies-carles-vallbona\/wp-content\/uploads\/usu2364\/2025\/10\/Gadsan-1-1024x683.png 1024w, https:\/\/agora.xtec.cat\/ies-carles-vallbona\/wp-content\/uploads\/usu2364\/2025\/10\/Gadsan-1-768x512.png 768w, https:\/\/agora.xtec.cat\/ies-carles-vallbona\/wp-content\/uploads\/usu2364\/2025\/10\/Gadsan-1.png 1536w\" sizes=\"auto, (max-width: 300px) 100vw, 300px\" \/><div class=\"wp-block-getwid-banner__caption\"><div class=\"wp-block-getwid-banner__caption-wrapper\"><span class=\"wp-block-getwid-banner__title\"><a href=\"https:\/\/agora.xtec.cat\/ies-carles-vallbona\/fp\/gestio-administrativa-perfil-sanitari\/\" data-type=\"page\" data-id=\"5503\"><em>Grau Mitj\u00e0 \u2014 Gesti\u00f3 Administrativa (perfil sanitari) (GM)<\/em><\/a><\/span><\/div><\/div><\/div><\/a><\/div>\n\n\n\n<div style=\"height:100px\" aria-hidden=\"true\" class=\"wp-block-spacer\"><\/div>\n\n\n\n<div class=\"wp-block-getwid-banner has-animation-style2 has-text-animation-opacity-bottom has-foreground-50 alignfull\"><a href=\"#\" class=\"wp-block-getwid-banner__link\"><div class=\"wp-block-getwid-banner__wrapper\"><img loading=\"lazy\" decoding=\"async\" width=\"300\" height=\"200\" src=\"https:\/\/agora.xtec.cat\/ies-carles-vallbona\/wp-content\/uploads\/usu2364\/2025\/10\/ChatGPT-Image-22-doct.-del-2025-15_03_42-1-300x200.png\" alt=\"\" class=\"wp-block-getwid-banner__image wp-block-getwid-banner__source wp-image-5516\" srcset=\"https:\/\/agora.xtec.cat\/ies-carles-vallbona\/wp-content\/uploads\/usu2364\/2025\/10\/ChatGPT-Image-22-doct.-del-2025-15_03_42-1-300x200.png 300w, https:\/\/agora.xtec.cat\/ies-carles-vallbona\/wp-content\/uploads\/usu2364\/2025\/10\/ChatGPT-Image-22-doct.-del-2025-15_03_42-1-1024x683.png 1024w, https:\/\/agora.xtec.cat\/ies-carles-vallbona\/wp-content\/uploads\/usu2364\/2025\/10\/ChatGPT-Image-22-doct.-del-2025-15_03_42-1-768x512.png 768w, https:\/\/agora.xtec.cat\/ies-carles-vallbona\/wp-content\/uploads\/usu2364\/2025\/10\/ChatGPT-Image-22-doct.-del-2025-15_03_42-1.png 1536w\" sizes=\"auto, (max-width: 300px) 100vw, 300px\" \/><div class=\"wp-block-getwid-banner__caption\"><div class=\"wp-block-getwid-banner__caption-wrapper\"><span class=\"wp-block-getwid-banner__title\"><a href=\"https:\/\/agora.xtec.cat\/ies-carles-vallbona\/fp\/administracio-i-finances\/\" data-type=\"page\" data-id=\"5511\"><em><strong>Grau Superior \u2014 Administraci\u00f3 i Finances (CFGS)<\/strong> (amb FP Dual)<\/em><\/a><\/span><\/div><\/div><\/div><\/a><\/div>\n\n\n\n<div style=\"height:100px\" aria-hidden=\"true\" class=\"wp-block-spacer\"><\/div>\n\n\n\n<h4 class=\"wp-block-heading\"><\/h4>\n\n\n\n<p><\/p>\n","protected":false},"excerpt":{"rendered":"<p>FP Administraci\u00f3 i gesti\u00f3<\/p>\n","protected":false},"author":1,"featured_media":0,"parent":614,"menu_order":0,"comment_status":"closed","ping_status":"closed","template":"","meta":{"_bbp_topic_count":0,"_bbp_reply_count":0,"_bbp_total_topic_count":0,"_bbp_total_reply_count":0,"_bbp_voice_count":0,"_bbp_anonymous_reply_count":0,"_bbp_topic_count_hidden":0,"_bbp_reply_count_hidden":0,"_bbp_forum_subforum_count":0,"site-sidebar-layout":"default","site-content-layout":"","ast-site-content-layout":"default","site-content-style":"default","site-sidebar-style":"default","ast-global-header-display":"","ast-banner-title-visibility":"","ast-main-header-display":"","ast-hfb-above-header-display":"","ast-hfb-below-header-display":"","ast-hfb-mobile-header-display":"","site-post-title":"","ast-breadcrumbs-content":"","ast-featured-img":"","footer-sml-layout":"","theme-transparent-header-meta":"default","adv-header-id-meta":"","stick-header-meta":"","header-above-stick-meta":"","header-main-stick-meta":"","header-below-stick-meta":"","astra-migrate-meta-layouts":"set","ast-page-background-enabled":"default","ast-page-background-meta":{"desktop":{"background-color":"var(--ast-global-color-4)","background-image":"","background-repeat":"repeat","background-position":"center center","background-size":"auto","background-attachment":"scroll","background-type":"","background-media":"","overlay-type":"","overlay-color":"","overlay-opacity":"","overlay-gradient":""},"tablet":{"background-color":"","background-image":"","background-repeat":"repeat","background-position":"center center","background-size":"auto","background-attachment":"scroll","background-type":"","background-media":"","overlay-type":"","overlay-color":"","overlay-opacity":"","overlay-gradient":""},"mobile":{"background-color":"","background-image":"","background-repeat":"repeat","background-position":"center center","background-size":"auto","background-attachment":"scroll","background-type":"","background-media":"","overlay-type":"","overlay-color":"","overlay-opacity":"","overlay-gradient":""}},"ast-content-background-meta":{"desktop":{"background-color":"var(--ast-global-color-5)","background-image":"","background-repeat":"repeat","background-position":"center center","background-size":"auto","background-attachment":"scroll","background-type":"","background-media":"","overlay-type":"","overlay-color":"","overlay-opacity":"","overlay-gradient":""},"tablet":{"background-color":"var(--ast-global-color-5)","background-image":"","background-repeat":"repeat","background-position":"center center","background-size":"auto","background-attachment":"scroll","background-type":"","background-media":"","overlay-type":"","overlay-color":"","overlay-opacity":"","overlay-gradient":""},"mobile":{"background-color":"var(--ast-global-color-5)","background-image":"","background-repeat":"repeat","background-position":"center center","background-size":"auto","background-attachment":"scroll","background-type":"","background-media":"","overlay-type":"","overlay-color":"","overlay-opacity":"","overlay-gradient":""}},"footnotes":""},"class_list":["post-631","page","type-page","status-publish","hentry"],"post_mailing_queue_ids":[],"_links":{"self":[{"href":"https:\/\/agora.xtec.cat\/ies-carles-vallbona\/wp-json\/wp\/v2\/pages\/631","targetHints":{"allow":["GET"]}}],"collection":[{"href":"https:\/\/agora.xtec.cat\/ies-carles-vallbona\/wp-json\/wp\/v2\/pages"}],"about":[{"href":"https:\/\/agora.xtec.cat\/ies-carles-vallbona\/wp-json\/wp\/v2\/types\/page"}],"author":[{"embeddable":true,"href":"https:\/\/agora.xtec.cat\/ies-carles-vallbona\/wp-json\/wp\/v2\/users\/1"}],"replies":[{"embeddable":true,"href":"https:\/\/agora.xtec.cat\/ies-carles-vallbona\/wp-json\/wp\/v2\/comments?post=631"}],"version-history":[{"count":5,"href":"https:\/\/agora.xtec.cat\/ies-carles-vallbona\/wp-json\/wp\/v2\/pages\/631\/revisions"}],"predecessor-version":[{"id":5794,"href":"https:\/\/agora.xtec.cat\/ies-carles-vallbona\/wp-json\/wp\/v2\/pages\/631\/revisions\/5794"}],"up":[{"embeddable":true,"href":"https:\/\/agora.xtec.cat\/ies-carles-vallbona\/wp-json\/wp\/v2\/pages\/614"}],"wp:attachment":[{"href":"https:\/\/agora.xtec.cat\/ies-carles-vallbona\/wp-json\/wp\/v2\/media?parent=631"}],"curies":[{"name":"wp","href":"https:\/\/api.w.org\/{rel}","templated":true}]}}