{"id":629,"date":"2023-01-25T19:21:12","date_gmt":"2023-01-25T18:21:12","guid":{"rendered":"https:\/\/agora.xtec.cat\/ies-carles-vallbona\/?page_id=629"},"modified":"2023-11-02T16:20:03","modified_gmt":"2023-11-02T15:20:03","slug":"pla-de-llengues-estrangeres","status":"publish","type":"page","link":"https:\/\/agora.xtec.cat\/ies-carles-vallbona\/pla-de-llengues-estrangeres\/","title":{"rendered":"Pla de lleng\u00fces estrangeres"},"content":{"rendered":"<h4><span style=\"color: #ff0000;\">Lleng\u00fces estrangeres al Vallbona\u00a0<\/span><\/h4>\n<p>Dins de les diverses l\u00ednies proposades per impulsar l\u2019aprenentatge de les lleng\u00fces estrangeres i contextualitzar el seu aprenentatge des de la interdisciplinarietat, l\u2019INS Carles Vallbona proposa un Pla de Lleng\u00fces Estrangeres oferint una l\u00ednea d\u2019ESO que inclou una unitat did\u00e0ctica impartida en llengua anglesa al llarg de l\u2019ESO.<\/p>\n<p><strong>Generaci\u00f3 Pluriling\u00fce:<\/strong><br \/>\nAquest curs 23-24 formem part del projecte GEP (Generaci\u00f3 Pluriling\u00fce) que t\u00e9 per objectiu incrementar el temps d&#8217;exposici\u00f3 de l&#8217;alumnat a les lleng\u00fces estrangeres curriculars. Enguany 1r d&#8217;ESO i 4t d&#8217;ESO (filosofia). A 1r d&#8217;ESO realitzen una hora setmanal a les pr\u00e0ctiques de laboratori amb angl\u00e8s, en el qual aprenen a comunicar-se i a aprendre conceptes de la mat\u00e8ria en angl\u00e8s.<\/p>\n<p><strong>Altres lleng\u00fces:<\/strong><\/p>\n<p>Tamb\u00e9 oferim <strong>Franc\u00e8s<\/strong> a tots els nivells d&#8217;ESO, iniciaci\u00f3 a l&#8217;<strong>Alemany<\/strong> com a optativa de 1r d&#8217;ESO i\u00a0 <strong>Iniciaci\u00f3 al Japon\u00e8s<\/strong> a 2n d&#8217;ESO.<\/p>\n<table style=\"border-collapse: collapse; width: 100%;\">\n<tbody>\n<tr>\n<td style=\"width: 50%; text-align: center; border-style: hidden;\"><a href=\"https:\/\/agora.xtec.cat\/ies-carles-vallbona\/wp-content\/uploads\/usu2364\/2023\/11\/isaac.png\"><img loading=\"lazy\" decoding=\"async\" class=\"wp-image-2723 aligncenter\" src=\"https:\/\/agora.xtec.cat\/ies-carles-vallbona\/wp-content\/uploads\/usu2364\/2023\/11\/isaac.png\" alt=\"\" width=\"293\" height=\"346\" srcset=\"https:\/\/agora.xtec.cat\/ies-carles-vallbona\/wp-content\/uploads\/usu2364\/2023\/11\/isaac.png 626w, https:\/\/agora.xtec.cat\/ies-carles-vallbona\/wp-content\/uploads\/usu2364\/2023\/11\/isaac-254x300.png 254w\" sizes=\"auto, (max-width: 293px) 100vw, 293px\" \/><\/a><\/td>\n<td style=\"width: 50%; text-align: center; border-style: hidden;\"><a href=\"https:\/\/agora.xtec.cat\/ies-carles-vallbona\/wp-content\/uploads\/usu2364\/2023\/11\/japones.png\"><img loading=\"lazy\" decoding=\"async\" class=\"alignleft wp-image-2724\" src=\"https:\/\/agora.xtec.cat\/ies-carles-vallbona\/wp-content\/uploads\/usu2364\/2023\/11\/japones-1024x785.png\" alt=\"\" width=\"407\" height=\"312\" srcset=\"https:\/\/agora.xtec.cat\/ies-carles-vallbona\/wp-content\/uploads\/usu2364\/2023\/11\/japones-1024x785.png 1024w, https:\/\/agora.xtec.cat\/ies-carles-vallbona\/wp-content\/uploads\/usu2364\/2023\/11\/japones-300x230.png 300w, https:\/\/agora.xtec.cat\/ies-carles-vallbona\/wp-content\/uploads\/usu2364\/2023\/11\/japones-768x589.png 768w, https:\/\/agora.xtec.cat\/ies-carles-vallbona\/wp-content\/uploads\/usu2364\/2023\/11\/japones.png 1050w\" sizes=\"auto, (max-width: 407px) 100vw, 407px\" \/><\/a><\/td>\n<\/tr>\n<\/tbody>\n<\/table>\n<p>Som centre <strong>Erasmus +<\/strong> i oferim diverses mobilitats cada any associades a un projecte com\u00fa amb altres pa\u00efsos de la Uni\u00f3 Europea.<\/p>\n<p><iframe loading=\"lazy\" src=\"https:\/\/docs.google.com\/presentation\/d\/e\/2PACX-1vQRuyKNh-a1mYA1CodoIJtXThRDkLUu7MCR2WN7090nxncrivklcSRrqH21NmjpK_0XpaPDb1KF-ehd\/embed?start=false&amp;loop=false&amp;delayms=3000\" width=\"960\" height=\"569\" frameborder=\"0\" allowfullscreen=\"allowfullscreen\"><\/iframe><\/p>\n","protected":false},"excerpt":{"rendered":"<p>Lleng\u00fces estrangeres al Vallbona\u00a0 Dins de les diverses l\u00ednies proposades per impulsar l\u2019aprenentatge de les lleng\u00fces estrangeres i contextualitzar el seu aprenentatge des de la interdisciplinarietat, l\u2019INS Carles Vallbona proposa un Pla de Lleng\u00fces Estrangeres oferint una l\u00ednea d\u2019ESO que inclou una unitat did\u00e0ctica impartida en llengua anglesa al llarg de l\u2019ESO. Generaci\u00f3 Pluriling\u00fce: Aquest [&hellip;]<\/p>\n","protected":false},"author":1,"featured_media":0,"parent":0,"menu_order":0,"comment_status":"closed","ping_status":"closed","template":"","meta":{"_bbp_topic_count":0,"_bbp_reply_count":0,"_bbp_total_topic_count":0,"_bbp_total_reply_count":0,"_bbp_voice_count":0,"_bbp_anonymous_reply_count":0,"_bbp_topic_count_hidden":0,"_bbp_reply_count_hidden":0,"_bbp_forum_subforum_count":0,"site-sidebar-layout":"default","site-content-layout":"","ast-site-content-layout":"","site-content-style":"default","site-sidebar-style":"default","ast-global-header-display":"","ast-banner-title-visibility":"","ast-main-header-display":"","ast-hfb-above-header-display":"","ast-hfb-below-header-display":"","ast-hfb-mobile-header-display":"","site-post-title":"","ast-breadcrumbs-content":"","ast-featured-img":"","footer-sml-layout":"","theme-transparent-header-meta":"","adv-header-id-meta":"","stick-header-meta":"","header-above-stick-meta":"","header-main-stick-meta":"","header-below-stick-meta":"","astra-migrate-meta-layouts":"default","ast-page-background-enabled":"default","ast-page-background-meta":{"desktop":{"background-color":"var(--ast-global-color-4)","background-image":"","background-repeat":"repeat","background-position":"center center","background-size":"auto","background-attachment":"scroll","background-type":"","background-media":"","overlay-type":"","overlay-color":"","overlay-opacity":"","overlay-gradient":""},"tablet":{"background-color":"","background-image":"","background-repeat":"repeat","background-position":"center center","background-size":"auto","background-attachment":"scroll","background-type":"","background-media":"","overlay-type":"","overlay-color":"","overlay-opacity":"","overlay-gradient":""},"mobile":{"background-color":"","background-image":"","background-repeat":"repeat","background-position":"center center","background-size":"auto","background-attachment":"scroll","background-type":"","background-media":"","overlay-type":"","overlay-color":"","overlay-opacity":"","overlay-gradient":""}},"ast-content-background-meta":{"desktop":{"background-color":"var(--ast-global-color-5)","background-image":"","background-repeat":"repeat","background-position":"center center","background-size":"auto","background-attachment":"scroll","background-type":"","background-media":"","overlay-type":"","overlay-color":"","overlay-opacity":"","overlay-gradient":""},"tablet":{"background-color":"var(--ast-global-color-5)","background-image":"","background-repeat":"repeat","background-position":"center center","background-size":"auto","background-attachment":"scroll","background-type":"","background-media":"","overlay-type":"","overlay-color":"","overlay-opacity":"","overlay-gradient":""},"mobile":{"background-color":"var(--ast-global-color-5)","background-image":"","background-repeat":"repeat","background-position":"center center","background-size":"auto","background-attachment":"scroll","background-type":"","background-media":"","overlay-type":"","overlay-color":"","overlay-opacity":"","overlay-gradient":""}},"footnotes":""},"class_list":["post-629","page","type-page","status-publish","hentry"],"post_mailing_queue_ids":[],"_links":{"self":[{"href":"https:\/\/agora.xtec.cat\/ies-carles-vallbona\/wp-json\/wp\/v2\/pages\/629","targetHints":{"allow":["GET"]}}],"collection":[{"href":"https:\/\/agora.xtec.cat\/ies-carles-vallbona\/wp-json\/wp\/v2\/pages"}],"about":[{"href":"https:\/\/agora.xtec.cat\/ies-carles-vallbona\/wp-json\/wp\/v2\/types\/page"}],"author":[{"embeddable":true,"href":"https:\/\/agora.xtec.cat\/ies-carles-vallbona\/wp-json\/wp\/v2\/users\/1"}],"replies":[{"embeddable":true,"href":"https:\/\/agora.xtec.cat\/ies-carles-vallbona\/wp-json\/wp\/v2\/comments?post=629"}],"version-history":[{"count":7,"href":"https:\/\/agora.xtec.cat\/ies-carles-vallbona\/wp-json\/wp\/v2\/pages\/629\/revisions"}],"predecessor-version":[{"id":2730,"href":"https:\/\/agora.xtec.cat\/ies-carles-vallbona\/wp-json\/wp\/v2\/pages\/629\/revisions\/2730"}],"wp:attachment":[{"href":"https:\/\/agora.xtec.cat\/ies-carles-vallbona\/wp-json\/wp\/v2\/media?parent=629"}],"curies":[{"name":"wp","href":"https:\/\/api.w.org\/{rel}","templated":true}]}}