{"id":626,"date":"2023-01-25T19:21:12","date_gmt":"2023-01-25T18:21:12","guid":{"rendered":"https:\/\/agora.xtec.cat\/ies-carles-vallbona\/?page_id=626"},"modified":"2023-01-30T08:28:23","modified_gmt":"2023-01-30T07:28:23","slug":"projecte-singular","status":"publish","type":"page","link":"https:\/\/agora.xtec.cat\/ies-carles-vallbona\/projecte-singular\/","title":{"rendered":"Projecte Singular"},"content":{"rendered":"<p style=\"text-align: justify;\">Els <strong>programes de diversificaci\u00f3 curricular (PDC)<\/strong> es concreten com a mesura addicional que dona resposta al que estableix el Decret 175\/2022, de 25 de setembre, d&#8217;ordenaci\u00f3 dels ensenyaments de l&#8217;educaci\u00f3 b\u00e0sica, en l&#8217;article 20, pel que fa a les mesures d&#8217;orientaci\u00f3 educativa per l&#8217;alumnat de tercer i quart d&#8217;ESO per estimular la continu\u00eftat formativa de l&#8217;alumnat amb dificultats d&#8217;aprenentatge i\/o risc d&#8217;abandonament escolar i de l&#8217;atenci\u00f3 educativa a l&#8217;alumnat en el marc d&#8217;un sistema educatiu inclusiu.<\/p>\n<p style=\"text-align: justify;\">La incorporaci\u00f3 i participaci\u00f3 en el programa \u00e9s des de l&#8217;inici de curs i \u00e9s <span style=\"text-decoration: underline;\">volunt\u00e0ria<\/span>, per tant requereix de l&#8217;acceptaci\u00f3 de l&#8217;alumnne\/a i de la fam\u00edlia o tutor\/a legal.<\/p>\n<p style=\"text-align: justify;\">El treball amb l&#8217;alumnat del PDC s&#8217;ha de desenvolupar per \u00e0mbits, sent un d&#8217;ells l&#8217;\u00e0mbit pr\u00e0ctic, en qu\u00e8 l&#8217;alumnat assisteix unes hores a la setmana a diverses empreses de la ciutat per realitzar el <strong>Tastet d&#8217;oficis<\/strong>. La finalitat d&#8217;aquest \u00e0mbit pr\u00e0ctic \u00e9s iniciar el contacte amb diferents sectors econ\u00f2mics i professionals.<\/p>\n","protected":false},"excerpt":{"rendered":"<p>Els programes de diversificaci\u00f3 curricular (PDC) es concreten com a mesura addicional que dona resposta al que estableix el Decret 175\/2022, de 25 de setembre, d&#8217;ordenaci\u00f3 dels ensenyaments de l&#8217;educaci\u00f3 b\u00e0sica, en l&#8217;article 20, pel que fa a les mesures d&#8217;orientaci\u00f3 educativa per l&#8217;alumnat de tercer i quart d&#8217;ESO per estimular la continu\u00eftat formativa de [&hellip;]<\/p>\n","protected":false},"author":1,"featured_media":0,"parent":0,"menu_order":0,"comment_status":"closed","ping_status":"closed","template":"","meta":{"_bbp_topic_count":0,"_bbp_reply_count":0,"_bbp_total_topic_count":0,"_bbp_total_reply_count":0,"_bbp_voice_count":0,"_bbp_anonymous_reply_count":0,"_bbp_topic_count_hidden":0,"_bbp_reply_count_hidden":0,"_bbp_forum_subforum_count":0,"site-sidebar-layout":"default","site-content-layout":"","ast-site-content-layout":"","site-content-style":"default","site-sidebar-style":"default","ast-global-header-display":"","ast-banner-title-visibility":"","ast-main-header-display":"","ast-hfb-above-header-display":"","ast-hfb-below-header-display":"","ast-hfb-mobile-header-display":"","site-post-title":"","ast-breadcrumbs-content":"","ast-featured-img":"","footer-sml-layout":"","theme-transparent-header-meta":"","adv-header-id-meta":"","stick-header-meta":"","header-above-stick-meta":"","header-main-stick-meta":"","header-below-stick-meta":"","astra-migrate-meta-layouts":"default","ast-page-background-enabled":"default","ast-page-background-meta":{"desktop":{"background-color":"var(--ast-global-color-4)","background-image":"","background-repeat":"repeat","background-position":"center center","background-size":"auto","background-attachment":"scroll","background-type":"","background-media":"","overlay-type":"","overlay-color":"","overlay-opacity":"","overlay-gradient":""},"tablet":{"background-color":"","background-image":"","background-repeat":"repeat","background-position":"center center","background-size":"auto","background-attachment":"scroll","background-type":"","background-media":"","overlay-type":"","overlay-color":"","overlay-opacity":"","overlay-gradient":""},"mobile":{"background-color":"","background-image":"","background-repeat":"repeat","background-position":"center center","background-size":"auto","background-attachment":"scroll","background-type":"","background-media":"","overlay-type":"","overlay-color":"","overlay-opacity":"","overlay-gradient":""}},"ast-content-background-meta":{"desktop":{"background-color":"var(--ast-global-color-5)","background-image":"","background-repeat":"repeat","background-position":"center center","background-size":"auto","background-attachment":"scroll","background-type":"","background-media":"","overlay-type":"","overlay-color":"","overlay-opacity":"","overlay-gradient":""},"tablet":{"background-color":"var(--ast-global-color-5)","background-image":"","background-repeat":"repeat","background-position":"center center","background-size":"auto","background-attachment":"scroll","background-type":"","background-media":"","overlay-type":"","overlay-color":"","overlay-opacity":"","overlay-gradient":""},"mobile":{"background-color":"var(--ast-global-color-5)","background-image":"","background-repeat":"repeat","background-position":"center center","background-size":"auto","background-attachment":"scroll","background-type":"","background-media":"","overlay-type":"","overlay-color":"","overlay-opacity":"","overlay-gradient":""}},"footnotes":""},"class_list":["post-626","page","type-page","status-publish","hentry"],"post_mailing_queue_ids":[],"_links":{"self":[{"href":"https:\/\/agora.xtec.cat\/ies-carles-vallbona\/wp-json\/wp\/v2\/pages\/626","targetHints":{"allow":["GET"]}}],"collection":[{"href":"https:\/\/agora.xtec.cat\/ies-carles-vallbona\/wp-json\/wp\/v2\/pages"}],"about":[{"href":"https:\/\/agora.xtec.cat\/ies-carles-vallbona\/wp-json\/wp\/v2\/types\/page"}],"author":[{"embeddable":true,"href":"https:\/\/agora.xtec.cat\/ies-carles-vallbona\/wp-json\/wp\/v2\/users\/1"}],"replies":[{"embeddable":true,"href":"https:\/\/agora.xtec.cat\/ies-carles-vallbona\/wp-json\/wp\/v2\/comments?post=626"}],"version-history":[{"count":3,"href":"https:\/\/agora.xtec.cat\/ies-carles-vallbona\/wp-json\/wp\/v2\/pages\/626\/revisions"}],"predecessor-version":[{"id":815,"href":"https:\/\/agora.xtec.cat\/ies-carles-vallbona\/wp-json\/wp\/v2\/pages\/626\/revisions\/815"}],"wp:attachment":[{"href":"https:\/\/agora.xtec.cat\/ies-carles-vallbona\/wp-json\/wp\/v2\/media?parent=626"}],"curies":[{"name":"wp","href":"https:\/\/api.w.org\/{rel}","templated":true}]}}