{"id":625,"date":"2023-01-25T19:21:12","date_gmt":"2023-01-25T18:21:12","guid":{"rendered":"https:\/\/agora.xtec.cat\/ies-carles-vallbona\/?page_id=625"},"modified":"2026-02-17T21:27:30","modified_gmt":"2026-02-17T20:27:30","slug":"projecte-esportiu-iape","status":"publish","type":"page","link":"https:\/\/agora.xtec.cat\/ies-carles-vallbona\/projecte-esportiu-iape\/","title":{"rendered":"Projecte esportiu IAPE"},"content":{"rendered":"\n<p>L&#8217;Institut Carles Vallbona, des del curs 2009\/10, \u00e9s un <strong>Institut d\u2019atenci\u00f3 a la pr\u00e0ctica esportiva<\/strong> que desenvolupa un projecte educatiu conjuntament amb els clubs esportius de la ciutat: <strong>Club Balonmano Granollers,&nbsp;Club Nataci\u00f3 Granollers&nbsp;i&nbsp;Club AE Carles Vallbona de voleibol<\/strong>. Aquest projecte afavoreix que els alumnes del centre i esportistes d&#8217;aquests clubs puguin compaginar la pr\u00e0ctica esportiva amb la formaci\u00f3 acad\u00e8mica, permet crear les condicions per desenvolupar fins a l\u2019excel\u00b7l\u00e8ncia les capacitats envers l\u2019esport, i no haver de fer cap ren\u00fancia respecte a les exig\u00e8ncies de rendiment acad\u00e8mic. Bona part dels alumnes del Vallbona segueixen programes de tecnificaci\u00f3 esportiva de nataci\u00f3, nataci\u00f3 art\u00edstica, waterpolo, gimn\u00e0stica art\u00edstica, voleibol i handbol sense moure\u2019s de l\u2019entorn quotidi\u00e0.<\/p>\n\n\n\n<p><span style=\"text-decoration: underline;\"><strong>Informaci\u00f3:<\/strong><\/span><\/p>\n\n\n\n<ul class=\"wp-block-list\">\n<li><a href=\"https:\/\/agora.xtec.cat\/ies-carles-vallbona\/wp-content\/uploads\/usu2364\/2025\/09\/IAPE_2526_PROJECTE-ESPORTIU-V1.pdf\"><span style=\"color: #ff0000;\">Projecte IAPE, Institut d&#8217;Atenci\u00f3 a la Pr\u00e0ctica Esportiva<\/span><\/a><\/li>\n\n\n\n<li><a href=\"https:\/\/agora.xtec.cat\/ies-carles-vallbona\/wp-content\/uploads\/usu2364\/2025\/10\/IAPE_2526_PROJECTE-ESPORTIU-V1.pdf\"><span style=\"color: #ff0000;\">Projecte Esportiu de Centre<\/span><\/a><\/li>\n\n\n\n<li><a href=\"https:\/\/agora.xtec.cat\/ies-carles-vallbona\/wp-content\/uploads\/usu2364\/2025\/09\/CPED_PI_2526_001_R1_-PI-ESOBAT-IAPE.pdf\"><span style=\"color: #ff0000;\">Pla individualitzat 2025\/2026<\/span><\/a><\/li>\n\n\n\n<li><span style=\"color: #ff0000;\"><a style=\"color: #ff0000;\" href=\"https:\/\/agora.xtec.cat\/ies-carles-vallbona\/wp-content\/uploads\/usu2364\/2025\/09\/CIAPE_SOL_2526_001_R1_SOL-ADAP-MAT-FAMILIES.pdf\">Sol\u00b7licitud d&#8217;adaptaci\u00f3 de mat\u00e8ries ESO i Batxillerat 2025\/2026<\/a><\/span><\/li>\n\n\n\n<li><span style=\"color: #ff0000;\"><a style=\"color: #ff0000;\" href=\"https:\/\/agora.xtec.cat\/ies-carles-vallbona\/wp-content\/uploads\/usu2364\/2025\/09\/IAPE_2526_AUTORITZACIO-SORTIDA-FORA-DEL-CENTRE.pdf\">Autoritzaci\u00f3 sortida fora del centre<\/a><\/span><\/li>\n\n\n\n<li><a href=\"https:\/\/agora.xtec.cat\/ies-carles-vallbona\/wp-content\/uploads\/usu2364\/2025\/09\/CIAPE_2526_01_dates_avaluacions-i-reunions-1.pdf\"><span style=\"color: #ff0000;\">Dates d&#8217;avaluacions i reunions curs 25\/26<\/span><\/a><\/li>\n\n\n\n<li><span style=\"color: #ff0000;\"><a style=\"color: #ff0000;\" href=\"https:\/\/agora.xtec.cat\/ies-carles-vallbona\/wp-content\/uploads\/usu2364\/2025\/09\/IAPE_2526_BAIXA_IAPE.pdf\">Comunicat de baixa del projecte esportiu<\/a><\/span><\/li>\n\n\n\n<li><span style=\"color: #ff0000;\"><a style=\"color: #ff0000;\" href=\"https:\/\/agora.xtec.cat\/ies-carles-vallbona\/wp-content\/uploads\/usu2364\/2025\/10\/IAPE_2526_CONTRACTE-PEDAGOGIC-ALUMNES_2T.pdf\">Contracte pedag\u00f2gic<\/a><\/span><\/li>\n\n\n\n<li><a href=\"https:\/\/agora.xtec.cat\/ies-carles-vallbona\/wp-content\/uploads\/usu2364\/2025\/10\/BATERIA-EUROFIT-curs-25-26-2.pdf\" data-type=\"link\" data-id=\"https:\/\/agora.xtec.cat\/ies-carles-vallbona\/wp-content\/uploads\/usu2364\/2025\/10\/BATERIA-EUROFIT-curs-25-26-2.pdf\">&nbsp;BATERIA EUROFIT curs 25-26<\/a> (barems proves f\u00edsiques)<\/li>\n<\/ul>\n\n\n\n<div>\n<div>&nbsp;<\/div>\n<\/div>\n\n\n\n<div>&nbsp;<\/div>\n\n\n\n<div>&nbsp;<\/div>\n\n\n\n<ul class=\"wp-block-list\">\n<li><strong>Suspendre 4 o m\u00e9s assignatures a la 1a avaluaci\u00f3:<\/strong><\/li>\n<\/ul>\n\n\n\n<div class=\"gmail_default\">En el document adjunt trobareu la carta pels pares i el&nbsp;<a href=\"https:\/\/agora.xtec.cat\/ies-carles-vallbona\/wp-content\/uploads\/usu2364\/2024\/12\/IAPE_2425_CONTRACTE-PEDAGOGIC-ALUMNES_2T.docx.pdf\"><b><span style=\"color: #ff0000;\">contracte pedag\u00f2gic<\/span><\/b><\/a> que han de portar els pares el dia de la reuni\u00f3. Totes les fam\u00edlies que el seu fill hagin susp\u00e8s 4 o m\u00e9s assignatures han de venir a una reuni\u00f3 el proper dijous 8 de gener de 2026 a les 18h al centre.<\/div>\n\n\n\n<div>\u00a0<\/div>\n\n\n\n<p>&nbsp;<\/p>\n\n\n\n<p>&nbsp;<\/p>\n\n\n\n<figure class=\"wp-block-table\"><table class=\"has-fixed-layout\"><tbody><tr><td>\u27a1\ufe0f <strong style=\"font-family: Poppins, sans-serif; font-size: 1.11111rem; background-color: rgba(0, 0, 0, 0);\"><a href=\"https:\/\/drive.google.com\/file\/d\/12bxLkV-sBQyNNEnvP-AchETlHjT7_0wt\/view?usp=drive_link\">Presentaci\u00f3 de la reuni\u00f3 informativa pel curs 2026<\/a><\/strong> <img loading=\"lazy\" decoding=\"async\" width=\"501\" height=\"279\" class=\"wp-image-6540\" style=\"width: 501px;\" src=\"https:\/\/agora.xtec.cat\/ies-carles-vallbona\/wp-content\/uploads\/usu2364\/2026\/02\/presentacio.jpg\" alt=\"\" srcset=\"https:\/\/agora.xtec.cat\/ies-carles-vallbona\/wp-content\/uploads\/usu2364\/2026\/02\/presentacio.jpg 1540w, https:\/\/agora.xtec.cat\/ies-carles-vallbona\/wp-content\/uploads\/usu2364\/2026\/02\/presentacio-300x167.jpg 300w, https:\/\/agora.xtec.cat\/ies-carles-vallbona\/wp-content\/uploads\/usu2364\/2026\/02\/presentacio-1024x571.jpg 1024w, https:\/\/agora.xtec.cat\/ies-carles-vallbona\/wp-content\/uploads\/usu2364\/2026\/02\/presentacio-768x428.jpg 768w, https:\/\/agora.xtec.cat\/ies-carles-vallbona\/wp-content\/uploads\/usu2364\/2026\/02\/presentacio-1536x857.jpg 1536w\" sizes=\"auto, (max-width: 501px) 100vw, 501px\" \/><p><a style=\"color: #ff0000;\" href=\"https:\/\/agora.xtec.cat\/ies-carles-vallbona\/wp-content\/uploads\/usu2364\/2025\/02\/IAPE_2526_PRESENTACIO_PARES_6E.pdf\"><span style=\"color: #000000;\"> (17 de febrer de 2026)<\/span><\/a><\/p><\/td><td><\/td><\/tr><\/tbody><\/table><\/figure>\n\n\n\n<figure class=\"wp-block-video\"><video controls src=\"https:\/\/agora.xtec.cat\/ies-carles-vallbona\/wp-content\/uploads\/usu2364\/2023\/02\/videoplayback.mp4\"><\/video><\/figure>\n\n\n\n<p>&nbsp;<\/p>\n\n\n\n<p>&nbsp;<\/p>\n\n\n\n<p>&nbsp;<\/p>\n\n\n\n<p>&nbsp;<\/p>\n","protected":false},"excerpt":{"rendered":"<p>L&#8217;Institut Carles Vallbona, des del curs 2009\/10, \u00e9s un Institut d\u2019atenci\u00f3 a la pr\u00e0ctica esportiva que desenvolupa un projecte educatiu conjuntament amb els clubs esportius de la ciutat: Club Balonmano Granollers,&nbsp;Club Nataci\u00f3 Granollers&nbsp;i&nbsp;Club AE Carles Vallbona de voleibol. Aquest projecte afavoreix que els alumnes del centre i esportistes d&#8217;aquests clubs puguin compaginar la pr\u00e0ctica esportiva [&hellip;]<\/p>\n","protected":false},"author":1,"featured_media":0,"parent":0,"menu_order":0,"comment_status":"closed","ping_status":"closed","template":"","meta":{"_bbp_topic_count":0,"_bbp_reply_count":0,"_bbp_total_topic_count":0,"_bbp_total_reply_count":0,"_bbp_voice_count":0,"_bbp_anonymous_reply_count":0,"_bbp_topic_count_hidden":0,"_bbp_reply_count_hidden":0,"_bbp_forum_subforum_count":0,"site-sidebar-layout":"default","site-content-layout":"","ast-site-content-layout":"default","site-content-style":"default","site-sidebar-style":"default","ast-global-header-display":"","ast-banner-title-visibility":"","ast-main-header-display":"","ast-hfb-above-header-display":"","ast-hfb-below-header-display":"","ast-hfb-mobile-header-display":"","site-post-title":"","ast-breadcrumbs-content":"","ast-featured-img":"","footer-sml-layout":"","theme-transparent-header-meta":"default","adv-header-id-meta":"","stick-header-meta":"","header-above-stick-meta":"","header-main-stick-meta":"","header-below-stick-meta":"","astra-migrate-meta-layouts":"set","ast-page-background-enabled":"default","ast-page-background-meta":{"desktop":{"background-color":"var(--ast-global-color-4)","background-image":"","background-repeat":"repeat","background-position":"center center","background-size":"auto","background-attachment":"scroll","background-type":"","background-media":"","overlay-type":"","overlay-color":"","overlay-opacity":"","overlay-gradient":""},"tablet":{"background-color":"","background-image":"","background-repeat":"repeat","background-position":"center center","background-size":"auto","background-attachment":"scroll","background-type":"","background-media":"","overlay-type":"","overlay-color":"","overlay-opacity":"","overlay-gradient":""},"mobile":{"background-color":"","background-image":"","background-repeat":"repeat","background-position":"center center","background-size":"auto","background-attachment":"scroll","background-type":"","background-media":"","overlay-type":"","overlay-color":"","overlay-opacity":"","overlay-gradient":""}},"ast-content-background-meta":{"desktop":{"background-color":"var(--ast-global-color-5)","background-image":"","background-repeat":"repeat","background-position":"center center","background-size":"auto","background-attachment":"scroll","background-type":"","background-media":"","overlay-type":"","overlay-color":"","overlay-opacity":"","overlay-gradient":""},"tablet":{"background-color":"var(--ast-global-color-5)","background-image":"","background-repeat":"repeat","background-position":"center center","background-size":"auto","background-attachment":"scroll","background-type":"","background-media":"","overlay-type":"","overlay-color":"","overlay-opacity":"","overlay-gradient":""},"mobile":{"background-color":"var(--ast-global-color-5)","background-image":"","background-repeat":"repeat","background-position":"center center","background-size":"auto","background-attachment":"scroll","background-type":"","background-media":"","overlay-type":"","overlay-color":"","overlay-opacity":"","overlay-gradient":""}},"footnotes":""},"class_list":["post-625","page","type-page","status-publish","hentry"],"post_mailing_queue_ids":[],"_links":{"self":[{"href":"https:\/\/agora.xtec.cat\/ies-carles-vallbona\/wp-json\/wp\/v2\/pages\/625","targetHints":{"allow":["GET"]}}],"collection":[{"href":"https:\/\/agora.xtec.cat\/ies-carles-vallbona\/wp-json\/wp\/v2\/pages"}],"about":[{"href":"https:\/\/agora.xtec.cat\/ies-carles-vallbona\/wp-json\/wp\/v2\/types\/page"}],"author":[{"embeddable":true,"href":"https:\/\/agora.xtec.cat\/ies-carles-vallbona\/wp-json\/wp\/v2\/users\/1"}],"replies":[{"embeddable":true,"href":"https:\/\/agora.xtec.cat\/ies-carles-vallbona\/wp-json\/wp\/v2\/comments?post=625"}],"version-history":[{"count":6,"href":"https:\/\/agora.xtec.cat\/ies-carles-vallbona\/wp-json\/wp\/v2\/pages\/625\/revisions"}],"predecessor-version":[{"id":6545,"href":"https:\/\/agora.xtec.cat\/ies-carles-vallbona\/wp-json\/wp\/v2\/pages\/625\/revisions\/6545"}],"wp:attachment":[{"href":"https:\/\/agora.xtec.cat\/ies-carles-vallbona\/wp-json\/wp\/v2\/media?parent=625"}],"curies":[{"name":"wp","href":"https:\/\/api.w.org\/{rel}","templated":true}]}}