{"id":623,"date":"2023-01-25T19:21:12","date_gmt":"2023-01-25T18:21:12","guid":{"rendered":"https:\/\/agora.xtec.cat\/ies-carles-vallbona\/?page_id=623"},"modified":"2024-06-06T21:58:38","modified_gmt":"2024-06-06T19:58:38","slug":"projecte-rcs","status":"publish","type":"page","link":"https:\/\/agora.xtec.cat\/ies-carles-vallbona\/projecte-rcs\/","title":{"rendered":"Projecte RCS"},"content":{"rendered":"<h3><span style=\"color: #ff0000;\">Programa Recerca, Creaci\u00f3 i Servei<\/span><\/h3>\n<p style=\"text-align: justify;\"><span style=\"color: #000000;\">El <strong>program RCS<\/strong>, impulsat per la Direcci\u00f3 General de Curr\u00edculum i Personalitzaci\u00f3, \u00e9s un projecte de 4 anys que fomenta els <strong>aprenentatges competencials<\/strong> a partir de reptes derivats de necessitats que plantegen entitats de l&#8217;entorn i que es concreten en l&#8217;elaboraci\u00f3 de productes i serveis culturals.\u00a0<\/span><\/p>\n<p style=\"text-align: justify;\"><span style=\"color: #000000;\">Al llarg del curs l&#8217;alumnat de 3r d&#8217;ESO <strong>ha<\/strong> <strong>d&#8217;escollir\u00a0<\/strong><strong>tres projectes, repartits de manera successiva en cadascuna de les tres avaluacions.<\/strong>\u00a0Els projectes pertanyen als tres \u00e0mbits seg\u00fcents: social i art\u00edstic, cient\u00edfic i tecnol\u00f2gic, i comunicatiu. Aix\u00f2 permet que cada alumne pugui desenvolupar un itinerari curricular personal. Cada \u00e0mbit correspon a un professor o professora responsable de cadascun dels grups que es formaran per a cada projecte.<\/span><\/p>\n<p style=\"text-align: justify;\"><span style=\"color: #000000;\">Els alumnes dediquen 4 hores setmanals en l&#8217;elaboraci\u00f3 del repte i reben la visita dels responsables de les entitats. El nostre centre comparteix projecte amb 5 instituts m\u00e9s i en finalitzar cada repte, se celebra un acte de cloenda on l&#8217;alumnat pot compartir i explicar els seus treballs a alumnes d&#8217;altres instituts participants.<\/span><\/p>\n<table style=\"border-collapse: collapse; width: 100%;\">\n<tbody>\n<tr>\n<td style=\"width: 100%; border-style: solid; border-color: #000000;\">\n<h5><strong>2n any: curs 23-24<\/strong><\/h5>\n<\/td>\n<\/tr>\n<\/tbody>\n<\/table>\n<p>El curs 23-24 col\u00b7laborem amb les entitats seg\u00fcents:<\/p>\n<table style=\"border-collapse: collapse; width: 100%; height: 167px;\">\n<tbody>\n<tr style=\"height: 12px;\">\n<td style=\"width: 33.3333%; border-style: solid; border-color: #000000; height: 12px; background-color: #d96262;\" colspan=\"3\"><strong>1r trimestre<\/strong><\/td>\n<\/tr>\n<tr style=\"height: 31px;\">\n<td style=\"width: 33.3333%; height: 31px; border-style: solid; border-color: #000000;\"><strong>Catalunya R\u00e0dio:<\/strong> Elaborar 10 minuts d&#8217;un programa de r\u00e0dio. Els alumnes han de gravar el programa i editar-lo.<\/p>\n<p><a href=\"https:\/\/agora.xtec.cat\/ies-carles-vallbona\/wp-content\/uploads\/usu2364\/2023\/10\/CATRADIO.png\"><img loading=\"lazy\" decoding=\"async\" class=\"wp-image-2702 aligncenter\" src=\"https:\/\/agora.xtec.cat\/ies-carles-vallbona\/wp-content\/uploads\/usu2364\/2023\/10\/CATRADIO.png\" alt=\"\" width=\"248\" height=\"124\" srcset=\"https:\/\/agora.xtec.cat\/ies-carles-vallbona\/wp-content\/uploads\/usu2364\/2023\/10\/CATRADIO.png 318w, https:\/\/agora.xtec.cat\/ies-carles-vallbona\/wp-content\/uploads\/usu2364\/2023\/10\/CATRADIO-300x150.png 300w\" sizes=\"auto, (max-width: 248px) 100vw, 248px\" \/><\/a><\/td>\n<td style=\"width: 33.3333%; height: 31px; border-style: solid; border-color: #000000;\"><strong>Museu d&#8217;Hist\u00f2ria de la Immigraci\u00f3 de Catalunya:<br \/>\n<\/strong>L\u2019enc\u00e0rrec\u00a0<u>t\u00e9 per objectiu:<\/u><\/p>\n<ol>\n<li>Generar nous continguts pel Museu d\u2019Hist\u00f2ria de la Immigraci\u00f3 de Catalunya.<\/li>\n<li>Implementar la plataforma\u00a0<strong><a href=\"https:\/\/www.mapesdecolors.cat\/\">https:\/\/www.mapesdecolors.cat\/<\/a><\/strong><\/li>\n<li>Trobar noves mirades \u2013 les dels alumnes participants- \u00a0que ajudin a explicar als nostres p\u00fablics com s\u00f3n els pro<a href=\"https:\/\/agora.xtec.cat\/ies-carles-vallbona\/wp-content\/uploads\/usu2364\/2023\/10\/LOGO_MHIC.png\"><img loading=\"lazy\" decoding=\"async\" class=\"wp-image-2700 alignright\" src=\"https:\/\/agora.xtec.cat\/ies-carles-vallbona\/wp-content\/uploads\/usu2364\/2023\/10\/LOGO_MHIC.png\" alt=\"\" width=\"207\" height=\"41\" srcset=\"https:\/\/agora.xtec.cat\/ies-carles-vallbona\/wp-content\/uploads\/usu2364\/2023\/10\/LOGO_MHIC.png 494w, https:\/\/agora.xtec.cat\/ies-carles-vallbona\/wp-content\/uploads\/usu2364\/2023\/10\/LOGO_MHIC-300x60.png 300w\" sizes=\"auto, (max-width: 207px) 100vw, 207px\" \/><\/a>cessos migratoris.<a href=\"https:\/\/agora.xtec.cat\/ies-carles-vallbona\/wp-content\/uploads\/usu2364\/2023\/10\/MAPES_COLORS.png\"><img loading=\"lazy\" decoding=\"async\" class=\"size-full wp-image-2699 alignright\" src=\"https:\/\/agora.xtec.cat\/ies-carles-vallbona\/wp-content\/uploads\/usu2364\/2023\/10\/MAPES_COLORS.png\" alt=\"\" width=\"228\" height=\"76\" \/><\/a><\/li>\n<\/ol>\n<\/td>\n<td style=\"width: 33.3333%; height: 31px; border-style: solid; border-color: #000000;\"><strong>Centre de Visi\u00f3 per Computaci\u00f3 (CVC):<\/strong> <span style=\"color: #000000;\">El reciclatge intel\u00b7ligent dels residus. \u00a0En aquest projecte, es va plantejar el repte d\u2019ajudar-los a recollir dades de diferents productes (residus) per <a class=\"ek-link\" style=\"color: #000000;\" href=\"https:\/\/www.youtube.com\/watch?v=9ZWIqaVt2kE\">ampliar la base de dades que estan creant al CVC<\/a>\u00a0i dissenyar una aplicaci\u00f3 m\u00f2bil que contribueixi a\u00a0la gesti\u00f3 i conscienciaci\u00f3 del reciclatge.\u00a0<\/span><\/p>\n<p><a href=\"https:\/\/agora.xtec.cat\/ies-carles-vallbona\/wp-content\/uploads\/usu2364\/2023\/10\/CVC.jpg\"><img loading=\"lazy\" decoding=\"async\" class=\"alignleft wp-image-2705\" src=\"https:\/\/agora.xtec.cat\/ies-carles-vallbona\/wp-content\/uploads\/usu2364\/2023\/10\/CVC.jpg\" alt=\"\" width=\"340\" height=\"195\" srcset=\"https:\/\/agora.xtec.cat\/ies-carles-vallbona\/wp-content\/uploads\/usu2364\/2023\/10\/CVC.jpg 600w, https:\/\/agora.xtec.cat\/ies-carles-vallbona\/wp-content\/uploads\/usu2364\/2023\/10\/CVC-300x173.jpg 300w\" sizes=\"auto, (max-width: 340px) 100vw, 340px\" \/><\/a><\/td>\n<\/tr>\n<tr style=\"height: 48px;\">\n<td style=\"width: 33.3333%; border-style: solid; border-color: #000000; height: 48px;\"><b>Podeu escoltar el programa que han elaborat els alumnes en aquest <a href=\"https:\/\/agora.xtec.cat\/ies-carles-vallbona\/portada\/vallbona-dins-la-pantalla-programa-de-radio-de-lalumnat-del-projecte-rcs\/\">enlla\u00e7<\/a><\/b><\/td>\n<td style=\"width: 33.3333%; border-style: solid; border-color: #000000; height: 48px;\"><strong>\u00a0<\/strong><\/td>\n<td style=\"width: 33.3333%; border-style: solid; border-color: #000000; height: 48px;\"><strong>\u00a0<\/strong><\/td>\n<\/tr>\n<tr style=\"height: 44px;\">\n<td style=\"width: 33.3333%; border-style: solid; border-color: #000000; height: 44px; background-color: #d96262;\" colspan=\"3\"><strong>2n trimestre<\/strong><\/td>\n<\/tr>\n<tr style=\"height: 32px;\">\n<td style=\"width: 33.3333%; border-style: solid; border-color: #000000; height: 32px;\"><b>Sala Beckett: <\/b>lectura teatralitzada d&#8217;una obra de teatre.<\/p>\n<p><a href=\"https:\/\/agora.xtec.cat\/ies-carles-vallbona\/wp-content\/uploads\/usu2364\/2024\/01\/beckett.png\"><img loading=\"lazy\" decoding=\"async\" class=\"alignleft wp-image-2997\" src=\"https:\/\/agora.xtec.cat\/ies-carles-vallbona\/wp-content\/uploads\/usu2364\/2024\/01\/beckett.png\" alt=\"\" width=\"156\" height=\"156\" \/><\/a><\/td>\n<td style=\"width: 33.3333%; border-style: solid; border-color: #000000; height: 32px;\"><strong>Xarxa de Drets dels I<a href=\"https:\/\/agora.xtec.cat\/ies-carles-vallbona\/wp-content\/uploads\/usu2364\/2024\/01\/xarxadrets.jpg\"><img loading=\"lazy\" decoding=\"async\" class=\"wp-image-2998 alignright\" src=\"https:\/\/agora.xtec.cat\/ies-carles-vallbona\/wp-content\/uploads\/usu2364\/2024\/01\/xarxadrets.jpg\" alt=\"\" width=\"145\" height=\"120\" \/><\/a>nfants:<\/strong> Creaci\u00f3 de material visual per tractar la soledat.<\/td>\n<td style=\"width: 33.3333%; border-style: solid; border-color: #000000; height: 32px;\"><strong>IBEC: Institut de Bioenginyeria de Catalunya.<\/strong><\/p>\n<p>El repte, proposat per l\u2019Institut de Bioenginyeria de Catalunya -IBEC-, consisteix en estudiar la qualitat de l\u2019aire a les aules. Despr\u00e9s de realitzar diversos experiments a diferents espais del nostre centre, s\u2019ha d&#8217;arribar a una conclusi\u00f3 sobre la qualitat de l&#8217;aire que respirem.<\/p>\n<p><a href=\"https:\/\/agora.xtec.cat\/ies-carles-vallbona\/wp-content\/uploads\/usu2364\/2024\/01\/ibec.png\"><img loading=\"lazy\" decoding=\"async\" class=\"alignleft wp-image-2999\" src=\"https:\/\/agora.xtec.cat\/ies-carles-vallbona\/wp-content\/uploads\/usu2364\/2024\/01\/ibec.png\" alt=\"\" width=\"228\" height=\"96\" srcset=\"https:\/\/agora.xtec.cat\/ies-carles-vallbona\/wp-content\/uploads\/usu2364\/2024\/01\/ibec.png 945w, https:\/\/agora.xtec.cat\/ies-carles-vallbona\/wp-content\/uploads\/usu2364\/2024\/01\/ibec-300x126.png 300w, https:\/\/agora.xtec.cat\/ies-carles-vallbona\/wp-content\/uploads\/usu2364\/2024\/01\/ibec-768x323.png 768w\" sizes=\"auto, (max-width: 228px) 100vw, 228px\" \/><\/a><\/td>\n<\/tr>\n<\/tbody>\n<\/table>\n<p>&nbsp;<\/p>\n<p>&nbsp;<\/p>\n<table style=\"border-collapse: collapse; width: 100%;\">\n<tbody>\n<tr>\n<td style=\"width: 100%; border-style: solid; border-color: #000000;\">\n<h5><strong>1r any: curs 22-23<\/strong><\/h5>\n<\/td>\n<\/tr>\n<\/tbody>\n<\/table>\n<p style=\"text-align: justify;\">El curs 22-23 vam col\u00b7laborar amb les entitats seg\u00fcents:<\/p>\n<table style=\"width: 100%; border-collapse: collapse; background-color: #fcfcfc; border-style: solid; border-color: #000000;\">\n<tbody>\n<tr>\n<td style=\"width: 33.3333%; border-style: solid; border-color: #000000;\"><strong>Laboratori de Lletres:<\/strong> Escriure un recull de relats, maquetar-lo, corregir-lo i editar-lo.<\/p>\n<p><a href=\"https:\/\/agora.xtec.cat\/ies-carles-vallbona\/wp-content\/uploads\/usu2364\/2023\/01\/laboratoi.png\"><img loading=\"lazy\" decoding=\"async\" class=\"wp-image-680 aligncenter\" src=\"https:\/\/agora.xtec.cat\/ies-carles-vallbona\/wp-content\/uploads\/usu2364\/2023\/01\/laboratoi.png\" alt=\"\" width=\"150\" height=\"150\" srcset=\"https:\/\/agora.xtec.cat\/ies-carles-vallbona\/wp-content\/uploads\/usu2364\/2023\/01\/laboratoi.png 225w, https:\/\/agora.xtec.cat\/ies-carles-vallbona\/wp-content\/uploads\/usu2364\/2023\/01\/laboratoi-150x150.png 150w\" sizes=\"auto, (max-width: 150px) 100vw, 150px\" \/><\/a><\/td>\n<td style=\"width: 33.3333%; border-style: solid; border-color: #000000;\"><strong>EduAlter<\/strong>: Dissenyar, implementar i difondre una activitat o acci\u00f3 sensibilitzadora i de prevenci\u00f3 de viol\u00e8ncies masclistes en relaci\u00f3 amb la identitat de g\u00e8nere,destinada a l\u2019alumnat de 1r i\/o 2n d\u2019ESO, utilitzant els llenguatges art\u00edstics.<\/p>\n<p><a href=\"https:\/\/agora.xtec.cat\/ies-carles-vallbona\/wp-content\/uploads\/usu2364\/2023\/01\/edualter.jpg\"><img loading=\"lazy\" decoding=\"async\" class=\"wp-image-681 aligncenter\" src=\"https:\/\/agora.xtec.cat\/ies-carles-vallbona\/wp-content\/uploads\/usu2364\/2023\/01\/edualter.jpg\" alt=\"\" width=\"303\" height=\"88\" srcset=\"https:\/\/agora.xtec.cat\/ies-carles-vallbona\/wp-content\/uploads\/usu2364\/2023\/01\/edualter.jpg 480w, https:\/\/agora.xtec.cat\/ies-carles-vallbona\/wp-content\/uploads\/usu2364\/2023\/01\/edualter-300x87.jpg 300w\" sizes=\"auto, (max-width: 303px) 100vw, 303px\" \/><\/a><\/td>\n<td style=\"width: 33.3333%; border-style: solid; border-color: #000000;\"><strong>Museu de les matem\u00e0tiques:<\/strong> Creaci\u00f3 d&#8217;una p\u00e0gina web d&#8217;un dels m\u00f2duls del museu amb l&#8217;explicaci\u00f3 del joc i la seva soluci\u00f3.<\/p>\n<p><a href=\"https:\/\/agora.xtec.cat\/ies-carles-vallbona\/wp-content\/uploads\/usu2364\/2023\/01\/mates.png\"><img loading=\"lazy\" decoding=\"async\" class=\"wp-image-682 aligncenter\" src=\"https:\/\/agora.xtec.cat\/ies-carles-vallbona\/wp-content\/uploads\/usu2364\/2023\/01\/mates.png\" alt=\"\" width=\"141\" height=\"141\" srcset=\"https:\/\/agora.xtec.cat\/ies-carles-vallbona\/wp-content\/uploads\/usu2364\/2023\/01\/mates.png 400w, https:\/\/agora.xtec.cat\/ies-carles-vallbona\/wp-content\/uploads\/usu2364\/2023\/01\/mates-300x300.png 300w, https:\/\/agora.xtec.cat\/ies-carles-vallbona\/wp-content\/uploads\/usu2364\/2023\/01\/mates-150x150.png 150w\" sizes=\"auto, (max-width: 141px) 100vw, 141px\" \/><\/a><\/td>\n<\/tr>\n<tr>\n<td style=\"width: 33.3333%; border-style: solid; border-color: #000000;\"><strong>Betev\u00e9:<\/strong> El\u00b7laboraci\u00f3 d&#8217;un podcast i la seva difusi\u00f3 a les xarxes<\/p>\n<p><a href=\"https:\/\/agora.xtec.cat\/ies-carles-vallbona\/wp-content\/uploads\/usu2364\/2023\/01\/beteve.png\"><img loading=\"lazy\" decoding=\"async\" class=\"wp-image-683 aligncenter\" src=\"https:\/\/agora.xtec.cat\/ies-carles-vallbona\/wp-content\/uploads\/usu2364\/2023\/01\/beteve.png\" alt=\"\" width=\"196\" height=\"110\" srcset=\"https:\/\/agora.xtec.cat\/ies-carles-vallbona\/wp-content\/uploads\/usu2364\/2023\/01\/beteve.png 1024w, https:\/\/agora.xtec.cat\/ies-carles-vallbona\/wp-content\/uploads\/usu2364\/2023\/01\/beteve-300x169.png 300w, https:\/\/agora.xtec.cat\/ies-carles-vallbona\/wp-content\/uploads\/usu2364\/2023\/01\/beteve-768x432.png 768w\" sizes=\"auto, (max-width: 196px) 100vw, 196px\" \/><\/a><\/td>\n<td style=\"width: 33.3333%; border-style: solid; border-color: #000000;\"><strong>Xarxa de drets dels infants<\/strong>: Creaci\u00f3 de material visual per tractar la soledat.<\/p>\n<p><a href=\"https:\/\/agora.xtec.cat\/ies-carles-vallbona\/wp-content\/uploads\/usu2364\/2023\/01\/xarxa-e1674685467707.png\"><img loading=\"lazy\" decoding=\"async\" class=\"wp-image-684 aligncenter\" src=\"https:\/\/agora.xtec.cat\/ies-carles-vallbona\/wp-content\/uploads\/usu2364\/2023\/01\/xarxa-e1674685467707.png\" alt=\"\" width=\"117\" height=\"107\" \/><\/a><\/td>\n<td style=\"width: 33.3333%; border-style: solid; border-color: #000000;\"><strong>IBEC:<\/strong> Estudi del son.<\/p>\n<p><a href=\"https:\/\/agora.xtec.cat\/ies-carles-vallbona\/wp-content\/uploads\/usu2364\/2023\/01\/ibec.jpg\"><img loading=\"lazy\" decoding=\"async\" class=\"wp-image-685 aligncenter\" src=\"https:\/\/agora.xtec.cat\/ies-carles-vallbona\/wp-content\/uploads\/usu2364\/2023\/01\/ibec.jpg\" alt=\"\" width=\"307\" height=\"115\" srcset=\"https:\/\/agora.xtec.cat\/ies-carles-vallbona\/wp-content\/uploads\/usu2364\/2023\/01\/ibec.jpg 363w, https:\/\/agora.xtec.cat\/ies-carles-vallbona\/wp-content\/uploads\/usu2364\/2023\/01\/ibec-300x112.jpg 300w\" sizes=\"auto, (max-width: 307px) 100vw, 307px\" \/><\/a><\/td>\n<\/tr>\n<\/tbody>\n<\/table>\n<p style=\"text-align: center;\">Fotografia en l&#8217;acte de cloenda del primer repte de l&#8217;\u00e0mbit cient\u00edfico-tecnol\u00f2gic celebrat al nostre institut<\/p>\n<p><a href=\"https:\/\/agora.xtec.cat\/ies-carles-vallbona\/wp-content\/uploads\/usu2364\/2023\/01\/rcs.jpg\"><img loading=\"lazy\" decoding=\"async\" class=\"wp-image-688 aligncenter\" src=\"https:\/\/agora.xtec.cat\/ies-carles-vallbona\/wp-content\/uploads\/usu2364\/2023\/01\/rcs.jpg\" alt=\"L'alumnat de l'\u00e0mbit cient\u00edfico-tecnologia a l'acte de cloenda del 1r trimestre.\" width=\"516\" height=\"387\" srcset=\"https:\/\/agora.xtec.cat\/ies-carles-vallbona\/wp-content\/uploads\/usu2364\/2023\/01\/rcs.jpg 1000w, https:\/\/agora.xtec.cat\/ies-carles-vallbona\/wp-content\/uploads\/usu2364\/2023\/01\/rcs-300x225.jpg 300w, https:\/\/agora.xtec.cat\/ies-carles-vallbona\/wp-content\/uploads\/usu2364\/2023\/01\/rcs-768x576.jpg 768w, https:\/\/agora.xtec.cat\/ies-carles-vallbona\/wp-content\/uploads\/usu2364\/2023\/01\/rcs-200x150.jpg 200w\" sizes=\"auto, (max-width: 516px) 100vw, 516px\" \/><\/a><\/p>\n<p dir=\"ltr\" style=\"text-align: center;\">Tancament del 2n trimestre fet a la seu de l&#8217;EEBC-UPC (Barcelona) per a l&#8217;\u00e0mbit cientifico-tecnol\u00f2gic.<\/p>\n<p><a href=\"https:\/\/agora.xtec.cat\/ies-carles-vallbona\/wp-content\/uploads\/usu2364\/2023\/06\/upc.png\"><img loading=\"lazy\" decoding=\"async\" class=\"size-full wp-image-2196 aligncenter\" src=\"https:\/\/agora.xtec.cat\/ies-carles-vallbona\/wp-content\/uploads\/usu2364\/2023\/06\/upc.png\" alt=\"\" width=\"454\" height=\"334\" srcset=\"https:\/\/agora.xtec.cat\/ies-carles-vallbona\/wp-content\/uploads\/usu2364\/2023\/06\/upc.png 454w, https:\/\/agora.xtec.cat\/ies-carles-vallbona\/wp-content\/uploads\/usu2364\/2023\/06\/upc-300x221.png 300w\" sizes=\"auto, (max-width: 454px) 100vw, 454px\" \/><\/a><\/p>\n<p>&nbsp;<\/p>\n","protected":false},"excerpt":{"rendered":"<p>Programa Recerca, Creaci\u00f3 i Servei El program RCS, impulsat per la Direcci\u00f3 General de Curr\u00edculum i Personalitzaci\u00f3, \u00e9s un projecte de 4 anys que fomenta els aprenentatges competencials a partir de reptes derivats de necessitats que plantegen entitats de l&#8217;entorn i que es concreten en l&#8217;elaboraci\u00f3 de productes i serveis culturals.\u00a0 Al llarg del curs [&hellip;]<\/p>\n","protected":false},"author":1,"featured_media":0,"parent":0,"menu_order":0,"comment_status":"closed","ping_status":"closed","template":"page-templates\/side-menu.php","meta":{"_bbp_topic_count":0,"_bbp_reply_count":0,"_bbp_total_topic_count":0,"_bbp_total_reply_count":0,"_bbp_voice_count":0,"_bbp_anonymous_reply_count":0,"_bbp_topic_count_hidden":0,"_bbp_reply_count_hidden":0,"_bbp_forum_subforum_count":0,"site-sidebar-layout":"default","site-content-layout":"","ast-site-content-layout":"","site-content-style":"default","site-sidebar-style":"default","ast-global-header-display":"","ast-banner-title-visibility":"","ast-main-header-display":"","ast-hfb-above-header-display":"","ast-hfb-below-header-display":"","ast-hfb-mobile-header-display":"","site-post-title":"","ast-breadcrumbs-content":"","ast-featured-img":"","footer-sml-layout":"","theme-transparent-header-meta":"","adv-header-id-meta":"","stick-header-meta":"","header-above-stick-meta":"","header-main-stick-meta":"","header-below-stick-meta":"","astra-migrate-meta-layouts":"default","ast-page-background-enabled":"default","ast-page-background-meta":{"desktop":{"background-color":"var(--ast-global-color-4)","background-image":"","background-repeat":"repeat","background-position":"center center","background-size":"auto","background-attachment":"scroll","background-type":"","background-media":"","overlay-type":"","overlay-color":"","overlay-opacity":"","overlay-gradient":""},"tablet":{"background-color":"","background-image":"","background-repeat":"repeat","background-position":"center center","background-size":"auto","background-attachment":"scroll","background-type":"","background-media":"","overlay-type":"","overlay-color":"","overlay-opacity":"","overlay-gradient":""},"mobile":{"background-color":"","background-image":"","background-repeat":"repeat","background-position":"center center","background-size":"auto","background-attachment":"scroll","background-type":"","background-media":"","overlay-type":"","overlay-color":"","overlay-opacity":"","overlay-gradient":""}},"ast-content-background-meta":{"desktop":{"background-color":"var(--ast-global-color-5)","background-image":"","background-repeat":"repeat","background-position":"center center","background-size":"auto","background-attachment":"scroll","background-type":"","background-media":"","overlay-type":"","overlay-color":"","overlay-opacity":"","overlay-gradient":""},"tablet":{"background-color":"var(--ast-global-color-5)","background-image":"","background-repeat":"repeat","background-position":"center center","background-size":"auto","background-attachment":"scroll","background-type":"","background-media":"","overlay-type":"","overlay-color":"","overlay-opacity":"","overlay-gradient":""},"mobile":{"background-color":"var(--ast-global-color-5)","background-image":"","background-repeat":"repeat","background-position":"center center","background-size":"auto","background-attachment":"scroll","background-type":"","background-media":"","overlay-type":"","overlay-color":"","overlay-opacity":"","overlay-gradient":""}},"footnotes":""},"class_list":["post-623","page","type-page","status-publish","hentry"],"post_mailing_queue_ids":[],"_links":{"self":[{"href":"https:\/\/agora.xtec.cat\/ies-carles-vallbona\/wp-json\/wp\/v2\/pages\/623","targetHints":{"allow":["GET"]}}],"collection":[{"href":"https:\/\/agora.xtec.cat\/ies-carles-vallbona\/wp-json\/wp\/v2\/pages"}],"about":[{"href":"https:\/\/agora.xtec.cat\/ies-carles-vallbona\/wp-json\/wp\/v2\/types\/page"}],"author":[{"embeddable":true,"href":"https:\/\/agora.xtec.cat\/ies-carles-vallbona\/wp-json\/wp\/v2\/users\/1"}],"replies":[{"embeddable":true,"href":"https:\/\/agora.xtec.cat\/ies-carles-vallbona\/wp-json\/wp\/v2\/comments?post=623"}],"version-history":[{"count":6,"href":"https:\/\/agora.xtec.cat\/ies-carles-vallbona\/wp-json\/wp\/v2\/pages\/623\/revisions"}],"predecessor-version":[{"id":3475,"href":"https:\/\/agora.xtec.cat\/ies-carles-vallbona\/wp-json\/wp\/v2\/pages\/623\/revisions\/3475"}],"wp:attachment":[{"href":"https:\/\/agora.xtec.cat\/ies-carles-vallbona\/wp-json\/wp\/v2\/media?parent=623"}],"curies":[{"name":"wp","href":"https:\/\/api.w.org\/{rel}","templated":true}]}}