{"id":622,"date":"2023-01-25T19:21:12","date_gmt":"2023-01-25T18:21:12","guid":{"rendered":"https:\/\/agora.xtec.cat\/ies-carles-vallbona\/?page_id=622"},"modified":"2025-10-16T08:47:14","modified_gmt":"2025-10-16T06:47:14","slug":"equip-directiu","status":"publish","type":"page","link":"https:\/\/agora.xtec.cat\/ies-carles-vallbona\/equip-directiu\/","title":{"rendered":"Equip directiu"},"content":{"rendered":"<p>&nbsp;<\/p>\n<table style=\"height: 128px; width: 82.3789%; border-collapse: collapse; border-style: none;\">\n<tbody>\n<tr style=\"height: 32px;\">\n<td style=\"width: 689px; height: 32px; border-style: hidden; text-align: center;\"><strong>Directora<\/strong>: <strong>Maria Jes\u00fas Berm\u00fadez<br \/>\n<\/strong><span style=\"font-family: inherit; font-size: 1em;\">Departament d&#8217;administraci\u00f3<\/span><\/td>\n<td style=\"width: 689px; height: 32px; border-style: hidden; text-align: center;\"><strong>Secret\u00e0ria: C\u00e8lia Losa<br \/>\n<\/strong>Departament d\u2019administraci\u00f3<strong><br \/>\n<\/strong><\/td>\n<\/tr>\n<tr style=\"height: 48px;\">\n<td style=\"width: 689px; height: 48px; text-align: center; border-style: hidden;\"><strong>Cap d&#8217;estudis d&#8217;ESO i Batxillerat: Al\u00edcia Floriach<\/strong><br \/>\nDepartament de lleng\u00fces estrangeres<\/td>\n<td style=\"width: 689px; height: 48px; text-align: center; border-style: hidden;\"><strong>Cap d&#8217;estudis FP: Rosa Hern\u00e1ndez Prior<\/strong><br \/>\nDepartament de comer\u00e7<\/td>\n<\/tr>\n<tr style=\"height: 48px;\">\n<td style=\"width: 689px; height: 48px; text-align: center; border-style: hidden;\"><strong>Coordinadora pedag\u00f2gica: Mariona Coma<br \/>\n<\/strong>Departament de ci\u00e8ncies socials<\/td>\n<td style=\"width: 689px; height: 48px; text-align: center; border-style: hidden;\"><strong>Cap d&#8217;estudis executiva: Aroa Ortego<\/strong><br \/>\nDepartament de comer\u00e7<\/td>\n<\/tr>\n<\/tbody>\n<\/table>\n","protected":false},"excerpt":{"rendered":"<p>&nbsp; Directora: Maria Jes\u00fas Berm\u00fadez Departament d&#8217;administraci\u00f3 Secret\u00e0ria: C\u00e8lia Losa Departament d\u2019administraci\u00f3 Cap d&#8217;estudis d&#8217;ESO i Batxillerat: Al\u00edcia Floriach Departament de lleng\u00fces estrangeres Cap d&#8217;estudis FP: Rosa Hern\u00e1ndez Prior Departament de comer\u00e7 Coordinadora pedag\u00f2gica: Mariona Coma Departament de ci\u00e8ncies socials Cap d&#8217;estudis executiva: Aroa Ortego Departament de comer\u00e7<\/p>\n","protected":false},"author":1,"featured_media":0,"parent":0,"menu_order":0,"comment_status":"closed","ping_status":"closed","template":"","meta":{"_bbp_topic_count":0,"_bbp_reply_count":0,"_bbp_total_topic_count":0,"_bbp_total_reply_count":0,"_bbp_voice_count":0,"_bbp_anonymous_reply_count":0,"_bbp_topic_count_hidden":0,"_bbp_reply_count_hidden":0,"_bbp_forum_subforum_count":0,"site-sidebar-layout":"default","site-content-layout":"","ast-site-content-layout":"default","site-content-style":"default","site-sidebar-style":"default","ast-global-header-display":"","ast-banner-title-visibility":"","ast-main-header-display":"","ast-hfb-above-header-display":"","ast-hfb-below-header-display":"","ast-hfb-mobile-header-display":"","site-post-title":"","ast-breadcrumbs-content":"","ast-featured-img":"","footer-sml-layout":"","theme-transparent-header-meta":"default","adv-header-id-meta":"","stick-header-meta":"","header-above-stick-meta":"","header-main-stick-meta":"","header-below-stick-meta":"","astra-migrate-meta-layouts":"set","ast-page-background-enabled":"default","ast-page-background-meta":{"desktop":{"background-color":"var(--ast-global-color-4)","background-image":"","background-repeat":"repeat","background-position":"center center","background-size":"auto","background-attachment":"scroll","background-type":"","background-media":"","overlay-type":"","overlay-color":"","overlay-opacity":"","overlay-gradient":""},"tablet":{"background-color":"","background-image":"","background-repeat":"repeat","background-position":"center center","background-size":"auto","background-attachment":"scroll","background-type":"","background-media":"","overlay-type":"","overlay-color":"","overlay-opacity":"","overlay-gradient":""},"mobile":{"background-color":"","background-image":"","background-repeat":"repeat","background-position":"center center","background-size":"auto","background-attachment":"scroll","background-type":"","background-media":"","overlay-type":"","overlay-color":"","overlay-opacity":"","overlay-gradient":""}},"ast-content-background-meta":{"desktop":{"background-color":"var(--ast-global-color-5)","background-image":"","background-repeat":"repeat","background-position":"center center","background-size":"auto","background-attachment":"scroll","background-type":"","background-media":"","overlay-type":"","overlay-color":"","overlay-opacity":"","overlay-gradient":""},"tablet":{"background-color":"var(--ast-global-color-5)","background-image":"","background-repeat":"repeat","background-position":"center center","background-size":"auto","background-attachment":"scroll","background-type":"","background-media":"","overlay-type":"","overlay-color":"","overlay-opacity":"","overlay-gradient":""},"mobile":{"background-color":"var(--ast-global-color-5)","background-image":"","background-repeat":"repeat","background-position":"center center","background-size":"auto","background-attachment":"scroll","background-type":"","background-media":"","overlay-type":"","overlay-color":"","overlay-opacity":"","overlay-gradient":""}},"footnotes":""},"class_list":["post-622","page","type-page","status-publish","hentry"],"post_mailing_queue_ids":[],"_links":{"self":[{"href":"https:\/\/agora.xtec.cat\/ies-carles-vallbona\/wp-json\/wp\/v2\/pages\/622","targetHints":{"allow":["GET"]}}],"collection":[{"href":"https:\/\/agora.xtec.cat\/ies-carles-vallbona\/wp-json\/wp\/v2\/pages"}],"about":[{"href":"https:\/\/agora.xtec.cat\/ies-carles-vallbona\/wp-json\/wp\/v2\/types\/page"}],"author":[{"embeddable":true,"href":"https:\/\/agora.xtec.cat\/ies-carles-vallbona\/wp-json\/wp\/v2\/users\/1"}],"replies":[{"embeddable":true,"href":"https:\/\/agora.xtec.cat\/ies-carles-vallbona\/wp-json\/wp\/v2\/comments?post=622"}],"version-history":[{"count":7,"href":"https:\/\/agora.xtec.cat\/ies-carles-vallbona\/wp-json\/wp\/v2\/pages\/622\/revisions"}],"predecessor-version":[{"id":5345,"href":"https:\/\/agora.xtec.cat\/ies-carles-vallbona\/wp-json\/wp\/v2\/pages\/622\/revisions\/5345"}],"wp:attachment":[{"href":"https:\/\/agora.xtec.cat\/ies-carles-vallbona\/wp-json\/wp\/v2\/media?parent=622"}],"curies":[{"name":"wp","href":"https:\/\/api.w.org\/{rel}","templated":true}]}}