{"id":5852,"date":"2025-11-06T16:11:55","date_gmt":"2025-11-06T15:11:55","guid":{"rendered":"https:\/\/agora.xtec.cat\/ies-carles-vallbona\/?page_id=5852"},"modified":"2026-03-20T15:35:02","modified_gmt":"2026-03-20T14:35:02","slug":"transport-i-logistica-2","status":"publish","type":"page","link":"https:\/\/agora.xtec.cat\/ies-carles-vallbona\/fp\/comerc-marqueting\/transport-i-logistica-2\/","title":{"rendered":"Transport i log\u00edstica"},"content":{"rendered":"\n<h1 class=\"wp-block-heading has-x-large-font-size\">Grau Superior de Transport i Log\u00edstica<\/h1>\n\n\n\n<div class=\"wp-block-getwid-banner has-animation-style2 has-text-animation-opacity-bottom has-foreground-50 alignfull\"><a href=\"#\" class=\"wp-block-getwid-banner__link\"><div class=\"wp-block-getwid-banner__wrapper\"><img loading=\"lazy\" decoding=\"async\" width=\"300\" height=\"200\" src=\"https:\/\/agora.xtec.cat\/ies-carles-vallbona\/wp-content\/uploads\/usu2364\/2025\/11\/ChatGPT-Image-6-de-nov.-del-2025-16_07_45-1-300x200.png\" alt=\"\" class=\"wp-block-getwid-banner__image wp-block-getwid-banner__source wp-image-5855\" srcset=\"https:\/\/agora.xtec.cat\/ies-carles-vallbona\/wp-content\/uploads\/usu2364\/2025\/11\/ChatGPT-Image-6-de-nov.-del-2025-16_07_45-1-300x200.png 300w, https:\/\/agora.xtec.cat\/ies-carles-vallbona\/wp-content\/uploads\/usu2364\/2025\/11\/ChatGPT-Image-6-de-nov.-del-2025-16_07_45-1-1024x683.png 1024w, https:\/\/agora.xtec.cat\/ies-carles-vallbona\/wp-content\/uploads\/usu2364\/2025\/11\/ChatGPT-Image-6-de-nov.-del-2025-16_07_45-1-768x512.png 768w, https:\/\/agora.xtec.cat\/ies-carles-vallbona\/wp-content\/uploads\/usu2364\/2025\/11\/ChatGPT-Image-6-de-nov.-del-2025-16_07_45-1.png 1536w\" sizes=\"auto, (max-width: 300px) 100vw, 300px\" \/><div class=\"wp-block-getwid-banner__caption\"><div class=\"wp-block-getwid-banner__caption-wrapper\"><span class=\"wp-block-getwid-banner__title\">Transport i Log\u00edstica<\/span><\/div><\/div><\/div><\/a><\/div>\n\n\n\n<div style=\"height:100px\" aria-hidden=\"true\" class=\"wp-block-spacer\"><\/div>\n\n\n\n<p class=\"has-medium-font-size\"><strong>Forma&#8217;t en Transport i Log\u00edstica a Granollers<\/strong> i especialitza\u2019t en la <strong>gesti\u00f3 i organitzaci\u00f3 de les operacions de transport<\/strong> de <strong>mercaderies i viatgers<\/strong> a nivell nacional i internacional. El cicle de <strong>Transport i Log\u00edstica (CFGS)<\/strong> t\u2019ofereix una formaci\u00f3 <strong>pr\u00e0ctica<\/strong> i <strong>actualitzada<\/strong> per gestionar les activitats <strong>log\u00edstiques i de transport<\/strong> en qualsevol tipus d\u2019empresa. <br><\/p>\n\n\n\n<p class=\"has-medium-font-size\">La durada \u00e9s de 2.000 hores&nbsp;distribu\u00efdes en dos cursos acad\u00e8mics durant el torn de tarda. De les quals 1.485 s\u00f3n el centre educatiu i 515 (hores d&#8217;estada a l&#8217;empresa) en un centre de treball. Les hores d&#8217;estada a l&#8217;empresa poden variar en el cas d&#8217;escollir la DUAL intensiva.<\/p>\n\n\n\n<div style=\"height:50px\" aria-hidden=\"true\" class=\"wp-block-spacer\"><\/div>\n\n\n\n<div class=\"wp-block-buttons is-content-justification-center is-layout-flex wp-container-core-buttons-is-layout-1 wp-block-buttons-is-layout-flex\">\n<div class=\"wp-block-button\"><a class=\"wp-block-button__link wp-element-button\" href=\"https:\/\/agora.xtec.cat\/ies-carles-vallbona\/wp-content\/uploads\/usu2364\/2025\/10\/Fulleto-FPDUAL_Marqueting-i-publicitat.pdf\" target=\"_blank\" rel=\"noreferrer noopener\"><strong>F<\/strong>ull informatiu del cicle<\/a><\/div>\n<\/div>\n\n\n\n<div style=\"height:50px\" aria-hidden=\"true\" class=\"wp-block-spacer\"><\/div>\n\n\n\n<div class=\"wp-block-media-text has-media-on-the-right is-stacked-on-mobile\" style=\"border-width:5px;border-radius:0px;margin-top:0;margin-bottom:0;grid-template-columns:auto 41%\"><div class=\"wp-block-media-text__content\">\n<h3 class=\"wp-block-heading has-text-align-left\">Pla d\u2019estudis<\/h3>\n\n\n\n<ul class=\"wp-block-list\">\n<li>Comercialitzaci\u00f3 del transport i la log\u00edstica<\/li>\n\n\n\n<li>Gesti\u00f3 administrativa del comer\u00e7 internacional<\/li>\n\n\n\n<li>Gesti\u00f3 administrativa del transport i la log\u00edstica<\/li>\n\n\n\n<li>Gesti\u00f3 econ\u00f2mica i financera de l\u2019empresa<\/li>\n\n\n\n<li>Log\u00edstica d\u2019aprovisionament<\/li>\n\n\n\n<li>Log\u00edstica d\u2019emmagatzematge<\/li>\n\n\n\n<li>Organitzaci\u00f3 del transport de mercaderies<\/li>\n\n\n\n<li>Organitzaci\u00f3 del transport de viatgers<\/li>\n\n\n\n<li>Transport internacional de mercaderies<\/li>\n\n\n\n<li>Organitzaci\u00f3 d\u2019altres serveis de transport<\/li>\n\n\n\n<li>Angl\u00e8s<\/li>\n\n\n\n<li>Segona llengua estrangera: Franc\u00e8s<\/li>\n\n\n\n<li>Projecte de transport i log\u00edstica<\/li>\n\n\n\n<li>Digitalitzaci\u00f3 aplicada als sectors productius<\/li>\n\n\n\n<li>Sostenibilitat aplicada al sistema productiu<\/li>\n\n\n\n<li>Catal\u00e0 professional<\/li>\n\n\n\n<li>Itinerari personal per a l&#8217;ocupabilitat I i II<\/li>\n\n\n\n<li>Estada a l&#8217;empresa<\/li>\n\n\n\n<li>M\u00f2duls optatius: Introducci\u00f3 al transport i la log\u00edstica i Excel<\/li>\n<\/ul>\n<\/div><figure class=\"wp-block-media-text__media\"><img loading=\"lazy\" decoding=\"async\" width=\"476\" height=\"259\" src=\"https:\/\/agora.xtec.cat\/ies-carles-vallbona\/wp-content\/uploads\/usu2364\/2025\/11\/logistics-supply-chain-management-workers-260nw-2658154835-1-e1762441821580.webp\" alt=\"\" class=\"wp-image-5854 size-full\" srcset=\"https:\/\/agora.xtec.cat\/ies-carles-vallbona\/wp-content\/uploads\/usu2364\/2025\/11\/logistics-supply-chain-management-workers-260nw-2658154835-1-e1762441821580.webp 476w, https:\/\/agora.xtec.cat\/ies-carles-vallbona\/wp-content\/uploads\/usu2364\/2025\/11\/logistics-supply-chain-management-workers-260nw-2658154835-1-e1762441821580-300x163.webp 300w\" sizes=\"auto, (max-width: 476px) 100vw, 476px\" \/><\/figure><\/div>\n\n\n\n<div style=\"height:50px\" aria-hidden=\"true\" class=\"wp-block-spacer\"><\/div>\n\n\n\n<div class=\"wp-block-getwid-tabs\" data-active-tab=\"0\"><ul class=\"wp-block-getwid-tabs__nav-links\"><\/ul>\n<div class=\"wp-block-getwid-tabs__nav-link\"><span class=\"wp-block-getwid-tabs__title-wrapper\"><a href=\"#\"><span class=\"wp-block-getwid-tabs__title\">Sortides professionals<\/span><\/a><\/span><\/div><div class=\"wp-block-getwid-tabs__tab-content-wrapper\"><div class=\"wp-block-getwid-tabs__tab-content\">\n<p><br>La superaci\u00f3 d&#8217;aquest cicle formatiu permet accedir al&nbsp;<strong>m\u00f3n laboral<\/strong>&nbsp;com a:<\/p>\n\n\n\n<ul class=\"wp-block-list\">\n<li>Cap de tr\u00e0nsit d&#8217;empreses de transport de viatgers per carretera<\/li>\n\n\n\n<li>Cap d&#8217;operacions<\/li>\n\n\n\n<li>Gerent de l&#8217;empresa de transport<\/li>\n\n\n\n<li>Inspector o inspectora de transport de viatgers per carretera<\/li>\n\n\n\n<li>Cap d&#8217;estaci\u00f3 d&#8217;autobusos<\/li>\n\n\n\n<li>Gestor o gestora de transport per carretera<\/li>\n\n\n\n<li>Comercial de serveis de transport per carretera<\/li>\n\n\n\n<li>Gerent d&#8217;empreses de transport per carretera<\/li>\n\n\n\n<li>Cap de circulaci\u00f3<\/li>\n\n\n\n<li>Agent de transports<\/li>\n\n\n\n<li>Agent de c\u00e0rrega<\/li>\n\n\n\n<li>Comercial de serveis de transport<\/li>\n\n\n\n<li>Operador o operadora de transport porta a porta<\/li>\n\n\n\n<li>Transitari o transit\u00e0ria<\/li>\n\n\n\n<li>Consignatari o consignat\u00e0ria de vaixells<\/li>\n\n\n\n<li>Operador log\u00edstic o operadora log\u00edstica<\/li>\n\n\n\n<li>Cap de magatzem<\/li>\n\n\n\n<li>T\u00e8cnic o t\u00e8cnica en log\u00edstica del transport<\/li>\n\n\n\n<li>Coordinador o coordinadora log\u00edstica<\/li>\n\n\n\n<li>T\u00e8cnic o t\u00e8cnica en log\u00edstica inversa.<br><\/li>\n<\/ul>\n<\/div><\/div>\n\n\n\n<div class=\"wp-block-getwid-tabs__nav-link\"><span class=\"wp-block-getwid-tabs__title-wrapper\"><a href=\"#\"><span class=\"wp-block-getwid-tabs__title\">Sortides acad\u00e8miques<\/span><\/a><\/span><\/div><div class=\"wp-block-getwid-tabs__tab-content-wrapper\"><div class=\"wp-block-getwid-tabs__tab-content\">\n<p>Amb aquests estudis s&#8217;obt\u00e9 el t\u00edtol de t\u00e8cnic superior o t\u00e8cnica superior, que permet accedir a qualsevol estudi universitari oficial de grau. Les persones que s&#8217;han graduat en un cicle formatiu de grau superior poden obtenir la convalidaci\u00f3 de cr\u00e8dits universitaris ECTS.<\/p>\n<\/div><\/div>\n\n\n\n<div class=\"wp-block-getwid-tabs__nav-link\"><span class=\"wp-block-getwid-tabs__title-wrapper\"><a href=\"#\"><span class=\"wp-block-getwid-tabs__title\">Qu\u00e8 necessito per accedir-hi<\/span><\/a><\/span><\/div><div class=\"wp-block-getwid-tabs__tab-content-wrapper\"><div class=\"wp-block-getwid-tabs__tab-content\">\n<p>Per al curs 2024-2025,&nbsp;pots accedir als cicles de grau superior si compleixes algun dels requisits seg\u00fcents:<\/p>\n\n\n\n<p>Tenir un d\u2019aquests t\u00edtols:<\/p>\n\n\n\n<ul class=\"wp-block-list\">\n<li>Batxillerat.<\/li>\n\n\n\n<li>Batxillerat LOGSE.<\/li>\n\n\n\n<li>BUP.<\/li>\n\n\n\n<li>T\u00e8cnic\/a superior de formaci\u00f3 professional o grau universitari o equivalent.<\/li>\n\n\n\n<li>T\u00e8cnic\/a especialista, t\u00e8cnic\/a superior o equivalent.<\/li>\n\n\n\n<li>T\u00e8cnic\/a de grau mitj\u00e0 de formaci\u00f3 professional o t\u00edtol de t\u00e8cnic\/a o t\u00e8cnic\/a d&#8217;arts pl\u00e0stiques i disseny.<\/li>\n<\/ul>\n\n\n\n<p>O b\u00e9, haver superat:<\/p>\n\n\n\n<ul class=\"wp-block-list\">\n<li>Una oferta formativa de certificat professional inclosa en el cicle.<\/li>\n\n\n\n<li>Un curs de formaci\u00f3 espec\u00edfic per a l\u2019acc\u00e9s als cicles de grau superior.<\/li>\n\n\n\n<li>Una&nbsp;<a href=\"https:\/\/triaeducativa.gencat.cat\/ca\/proves\/proves-acces\/fp\/fp-gs\/\">prova d&#8217;acc\u00e9s<\/a>.<\/li>\n\n\n\n<li>El segon curs de qualsevol modalitat de batxillerat experimental.<\/li>\n\n\n\n<li>El COU o un curs preuniversitari.<\/li>\n\n\n\n<li>Haver superat la prova d&#8217;acc\u00e9s a la universitat per a m\u00e9s grans de 25 o de 45 anys, o haver accedit a la universitat per tenir 40 anys o m\u00e9s i acreditar experi\u00e8ncia laboral o professional.<\/li>\n<\/ul>\n<\/div><\/div>\n<\/div>\n\n\n\n<div style=\"height:50px\" aria-hidden=\"true\" class=\"wp-block-spacer\"><\/div>\n\n\n\n<h3 class=\"wp-block-heading\">Preguntes freq\u00fcents (FAQ)<\/h3>\n\n\n\n<details class=\"wp-block-details is-layout-flow wp-block-details-is-layout-flow\"><summary><strong>Quina \u00e9s la durada i l\u2019horari del cicle?<\/strong><\/summary>\n<p>S\u00f3n <strong>2.000 hores<\/strong> distribu\u00efdes en <strong>dos cursos<\/strong> acad\u00e8mics. El <strong>torn \u00e9s de tarda<\/strong> durant el per\u00edode <strong>setembre\u2013maig<\/strong> (la data de finalitzaci\u00f3 del curs pot variar en funci\u00f3 de la modalitat de DUAL) .<\/p>\n\n\n\n<p><\/p>\n<\/details>\n\n\n\n<details class=\"wp-block-details is-layout-flow wp-block-details-is-layout-flow\"><summary><strong>Hi ha pr\u00e0ctiques en empreses?<\/strong><\/summary>\n<p>S\u00ed. El cicle inclou en modalitat <strong>general i intensiva<\/strong> en empreses del sector per aplicar els aprenentatges en entorns reals.<\/p>\n\n\n\n<p><\/p>\n<\/details>\n\n\n\n<details class=\"wp-block-details is-layout-flow wp-block-details-is-layout-flow\"><summary><strong>Hi ha mobilitat internacional (Erasmus+)?<\/strong><\/summary>\n<p>L\u2019institut participa en <strong>Erasmus+<\/strong>. Segons convocat\u00f2ria i places, es poden oferir <strong>estades formatives a l\u2019estranger<\/strong>.<\/p>\n\n\n\n<p><\/p>\n<\/details>\n\n\n\n<details class=\"wp-block-details is-layout-flow wp-container-core-details-is-layout-4 wp-block-details-is-layout-flow\"><summary><strong><strong>Com s\u2019avalua l\u2019alumnat?<\/strong><\/strong><br><\/summary>\n<p>Mitjan\u00e7ant <strong>avaluaci\u00f3 cont\u00ednua<\/strong> de <strong>compet\u00e8ncies professionals<\/strong> i <strong>transversals<\/strong> (capacitats clau com l&#8217;organitzaci\u00f3, treball en equip, comunicaci\u00f3,etc.) i l\u2019assoliment dels <strong>resultats d\u2019aprenentatge<\/strong>.<\/p>\n\n\n\n<p><\/p>\n<\/details>\n\n\n\n<div style=\"height:50px\" aria-hidden=\"true\" class=\"wp-block-spacer\"><\/div>\n\n\n\n<div class=\"wp-block-buttons is-layout-flex wp-block-buttons-is-layout-flex\">\n<div class=\"wp-block-button has-custom-font-size has-medium-font-size\"><a class=\"wp-block-button__link wp-element-button\" href=\"mailto:comunicacio@iescarlesvallbona.cat\" style=\"padding-top:var(--wp--preset--spacing--70);padding-right:var(--wp--preset--spacing--80);padding-bottom:var(--wp--preset--spacing--70);padding-left:var(--wp--preset--spacing--80)\"><strong>Vull informaci\u00f3<\/strong><\/a><\/div>\n\n\n\n<div class=\"wp-block-button has-custom-font-size has-medium-font-size\"><a class=\"wp-block-button__link wp-element-button\" href=\"https:\/\/preinscripcio.gencat.cat\/ca\/estudis\/fp-grau-superior\/inici\/\" style=\"padding-top:var(--wp--preset--spacing--70);padding-right:var(--wp--preset--spacing--80);padding-bottom:var(--wp--preset--spacing--70);padding-left:var(--wp--preset--spacing--80)\"><strong>Vull preinscriure\u2019m<\/strong><\/a><\/div>\n<\/div>\n\n\n\n<p><\/p>\n\n\n\n<p><\/p>\n","protected":false},"excerpt":{"rendered":"<p>Grau Superior de Transport i Log\u00edstica Forma&#8217;t en Transport i Log\u00edstica a Granollers i especialitza\u2019t en la gesti\u00f3 i organitzaci\u00f3 de les operacions de transport de mercaderies i viatgers a nivell nacional i internacional. El cicle de Transport i Log\u00edstica (CFGS) t\u2019ofereix una formaci\u00f3 pr\u00e0ctica i actualitzada per gestionar les activitats log\u00edstiques i de transport [&hellip;]<\/p>\n","protected":false},"author":6,"featured_media":0,"parent":634,"menu_order":0,"comment_status":"closed","ping_status":"closed","template":"","meta":{"_bbp_topic_count":0,"_bbp_reply_count":0,"_bbp_total_topic_count":0,"_bbp_total_reply_count":0,"_bbp_voice_count":0,"_bbp_anonymous_reply_count":0,"_bbp_topic_count_hidden":0,"_bbp_reply_count_hidden":0,"_bbp_forum_subforum_count":0,"site-sidebar-layout":"default","site-content-layout":"","ast-site-content-layout":"default","site-content-style":"default","site-sidebar-style":"default","ast-global-header-display":"","ast-banner-title-visibility":"","ast-main-header-display":"","ast-hfb-above-header-display":"","ast-hfb-below-header-display":"","ast-hfb-mobile-header-display":"","site-post-title":"disabled","ast-breadcrumbs-content":"","ast-featured-img":"","footer-sml-layout":"","theme-transparent-header-meta":"","adv-header-id-meta":"","stick-header-meta":"","header-above-stick-meta":"","header-main-stick-meta":"","header-below-stick-meta":"","astra-migrate-meta-layouts":"set","ast-page-background-enabled":"default","ast-page-background-meta":{"desktop":{"background-color":"var(--ast-global-color-4)","background-image":"","background-repeat":"repeat","background-position":"center center","background-size":"auto","background-attachment":"scroll","background-type":"","background-media":"","overlay-type":"","overlay-color":"","overlay-opacity":"","overlay-gradient":""},"tablet":{"background-color":"","background-image":"","background-repeat":"repeat","background-position":"center center","background-size":"auto","background-attachment":"scroll","background-type":"","background-media":"","overlay-type":"","overlay-color":"","overlay-opacity":"","overlay-gradient":""},"mobile":{"background-color":"","background-image":"","background-repeat":"repeat","background-position":"center center","background-size":"auto","background-attachment":"scroll","background-type":"","background-media":"","overlay-type":"","overlay-color":"","overlay-opacity":"","overlay-gradient":""}},"ast-content-background-meta":{"desktop":{"background-color":"var(--ast-global-color-5)","background-image":"","background-repeat":"repeat","background-position":"center center","background-size":"auto","background-attachment":"scroll","background-type":"","background-media":"","overlay-type":"","overlay-color":"","overlay-opacity":"","overlay-gradient":""},"tablet":{"background-color":"var(--ast-global-color-5)","background-image":"","background-repeat":"repeat","background-position":"center center","background-size":"auto","background-attachment":"scroll","background-type":"","background-media":"","overlay-type":"","overlay-color":"","overlay-opacity":"","overlay-gradient":""},"mobile":{"background-color":"var(--ast-global-color-5)","background-image":"","background-repeat":"repeat","background-position":"center center","background-size":"auto","background-attachment":"scroll","background-type":"","background-media":"","overlay-type":"","overlay-color":"","overlay-opacity":"","overlay-gradient":""}},"footnotes":""},"class_list":["post-5852","page","type-page","status-publish","hentry"],"post_mailing_queue_ids":[],"_links":{"self":[{"href":"https:\/\/agora.xtec.cat\/ies-carles-vallbona\/wp-json\/wp\/v2\/pages\/5852","targetHints":{"allow":["GET"]}}],"collection":[{"href":"https:\/\/agora.xtec.cat\/ies-carles-vallbona\/wp-json\/wp\/v2\/pages"}],"about":[{"href":"https:\/\/agora.xtec.cat\/ies-carles-vallbona\/wp-json\/wp\/v2\/types\/page"}],"author":[{"embeddable":true,"href":"https:\/\/agora.xtec.cat\/ies-carles-vallbona\/wp-json\/wp\/v2\/users\/6"}],"replies":[{"embeddable":true,"href":"https:\/\/agora.xtec.cat\/ies-carles-vallbona\/wp-json\/wp\/v2\/comments?post=5852"}],"version-history":[{"count":3,"href":"https:\/\/agora.xtec.cat\/ies-carles-vallbona\/wp-json\/wp\/v2\/pages\/5852\/revisions"}],"predecessor-version":[{"id":6695,"href":"https:\/\/agora.xtec.cat\/ies-carles-vallbona\/wp-json\/wp\/v2\/pages\/5852\/revisions\/6695"}],"up":[{"embeddable":true,"href":"https:\/\/agora.xtec.cat\/ies-carles-vallbona\/wp-json\/wp\/v2\/pages\/634"}],"wp:attachment":[{"href":"https:\/\/agora.xtec.cat\/ies-carles-vallbona\/wp-json\/wp\/v2\/media?parent=5852"}],"curies":[{"name":"wp","href":"https:\/\/api.w.org\/{rel}","templated":true}]}}