{"id":5814,"date":"2025-11-05T19:58:45","date_gmt":"2025-11-05T18:58:45","guid":{"rendered":"https:\/\/agora.xtec.cat\/ies-carles-vallbona\/?page_id=5814"},"modified":"2026-03-20T15:34:22","modified_gmt":"2026-03-20T14:34:22","slug":"activitats-comercials-log","status":"publish","type":"page","link":"https:\/\/agora.xtec.cat\/ies-carles-vallbona\/fp\/comerc-marqueting\/activitats-comercials-log\/","title":{"rendered":"Activitats comercials-Log"},"content":{"rendered":"\n<h1 class=\"wp-block-heading\">Grau Mitj\u00e0 d&#8217;Activitats Comercials perfil professional Log\u00edstic<\/h1>\n\n\n\n<div class=\"wp-block-getwid-banner has-animation-style2 has-text-animation-opacity-bottom has-foreground-50 alignfull\"><a href=\"#\" class=\"wp-block-getwid-banner__link\"><div class=\"wp-block-getwid-banner__wrapper\"><img loading=\"lazy\" decoding=\"async\" width=\"300\" height=\"200\" src=\"https:\/\/agora.xtec.cat\/ies-carles-vallbona\/wp-content\/uploads\/usu2364\/2025\/11\/ChatGPT-Image-5-de-nov.-del-2025-16_59_06-300x200.png\" alt=\"\" class=\"wp-block-getwid-banner__image wp-block-getwid-banner__source wp-image-5818\" srcset=\"https:\/\/agora.xtec.cat\/ies-carles-vallbona\/wp-content\/uploads\/usu2364\/2025\/11\/ChatGPT-Image-5-de-nov.-del-2025-16_59_06-300x200.png 300w, https:\/\/agora.xtec.cat\/ies-carles-vallbona\/wp-content\/uploads\/usu2364\/2025\/11\/ChatGPT-Image-5-de-nov.-del-2025-16_59_06-1024x683.png 1024w, https:\/\/agora.xtec.cat\/ies-carles-vallbona\/wp-content\/uploads\/usu2364\/2025\/11\/ChatGPT-Image-5-de-nov.-del-2025-16_59_06-768x512.png 768w, https:\/\/agora.xtec.cat\/ies-carles-vallbona\/wp-content\/uploads\/usu2364\/2025\/11\/ChatGPT-Image-5-de-nov.-del-2025-16_59_06.png 1536w\" sizes=\"auto, (max-width: 300px) 100vw, 300px\" \/><div class=\"wp-block-getwid-banner__caption\"><div class=\"wp-block-getwid-banner__caption-wrapper\"><span class=\"wp-block-getwid-banner__title\">Activitats Comercials perfil professional Log\u00edstic<\/span><\/div><\/div><\/div><\/a><\/div>\n\n\n\n<div style=\"height:100px\" aria-hidden=\"true\" class=\"wp-block-spacer\"><\/div>\n\n\n\n<p class=\"has-medium-font-size\">Forma\u2019t per gestionar activitats comercials i log\u00edstiques amb el cicle de Gesti\u00f3 d\u2019Activitats Comercials (perfil log\u00edstic) a l\u2019Institut Carles Vallbona de Granollers. Aquest cicle t\u2019ofereix una formaci\u00f3 pr\u00e0ctica i especialitzada en comer\u00e7, gesti\u00f3 de magatzems, gesti\u00f3 de compres i m\u00e0rqueting en l\u2019activitat comercial, amb una orientaci\u00f3 espec\u00edfica al sector log\u00edstic. Un sector amb alta demanda d\u2019ocupaci\u00f3.<br><\/p>\n\n\n\n<p class=\"has-medium-font-size\">La durada \u00e9s de 2.000 hores&nbsp;distribu\u00efdes en dos cursos acad\u00e8mics durant el torn de tarda. De les quals 1.485 s\u00f3n el centre educatiu i 515 (hores d&#8217;estada a l&#8217;empresa) en un centre de treball.<\/p>\n\n\n\n<div style=\"height:50px\" aria-hidden=\"true\" class=\"wp-block-spacer\"><\/div>\n\n\n\n<div class=\"wp-block-buttons is-content-justification-center is-layout-flex wp-container-core-buttons-is-layout-1 wp-block-buttons-is-layout-flex\">\n<div class=\"wp-block-button\"><a class=\"wp-block-button__link wp-element-button\" href=\"https:\/\/agora.xtec.cat\/ies-carles-vallbona\/wp-content\/uploads\/usu2364\/2025\/10\/Fulleto-FPGM_Activitats-comercialsLog.pdf\"><strong>F<\/strong>ull informatiu del cicle<\/a><\/div>\n<\/div>\n\n\n\n<div style=\"height:50px\" aria-hidden=\"true\" class=\"wp-block-spacer\"><\/div>\n\n\n\n<div class=\"wp-block-media-text has-media-on-the-right is-stacked-on-mobile\" style=\"border-width:5px;border-radius:0px;margin-top:0;margin-bottom:0;grid-template-columns:auto 38%\"><div class=\"wp-block-media-text__content\">\n<h3 class=\"wp-block-heading has-text-align-left\">Pla d\u2019estudis<\/h3>\n\n\n\n<ul class=\"wp-block-list\">\n<li>Dinamitzaci\u00f3 del punt de venda <\/li>\n\n\n\n<li>Gesti\u00f3 de compres<\/li>\n\n\n\n<li>Gesti\u00f3 d\u2019un petit comer\u00e7<\/li>\n\n\n\n<li>Processos de venda<\/li>\n\n\n\n<li>Serveis d\u2019atenci\u00f3 comercial<\/li>\n\n\n\n<li>T\u00e8cniques de magatzem<\/li>\n\n\n\n<li>Venda t\u00e8cnica<\/li>\n\n\n\n<li>Angl\u00e8s<\/li>\n\n\n\n<li>Aplicacions inform\u00e0tiques per al comer\u00e7<\/li>\n\n\n\n<li>Comer\u00e7 electr\u00f2nic<\/li>\n\n\n\n<li>M\u00e0rqueting en l\u2019activitat comercial<\/li>\n\n\n\n<li>Projecte d\u2019activitats comercials<\/li>\n\n\n\n<li>Digitalitzaci\u00f3 aplicada als sectors productius<\/li>\n\n\n\n<li>Sostenibilitat aplicada al sistema productiu<\/li>\n\n\n\n<li>Itinerari personal per a l&#8217;ocupabilitat I i II<\/li>\n\n\n\n<li>Catal\u00e0 professional<\/li>\n\n\n\n<li>Estada a l&#8217;empresa<\/li>\n\n\n\n<li>Activitats log\u00edstiques de magatzem i dip\u00f2sit<\/li>\n\n\n\n<li>Activitats log\u00edstiques de transport de mercaderies<\/li>\n<\/ul>\n<\/div><figure class=\"wp-block-media-text__media\"><img loading=\"lazy\" decoding=\"async\" width=\"1024\" height=\"647\" src=\"https:\/\/agora.xtec.cat\/ies-carles-vallbona\/wp-content\/uploads\/usu2364\/2025\/11\/Mila_CFGM_ActivitatsComercials-1024x647.jpg\" alt=\"\" class=\"wp-image-5808 size-full\" srcset=\"https:\/\/agora.xtec.cat\/ies-carles-vallbona\/wp-content\/uploads\/usu2364\/2025\/11\/Mila_CFGM_ActivitatsComercials-1024x647.jpg 1024w, https:\/\/agora.xtec.cat\/ies-carles-vallbona\/wp-content\/uploads\/usu2364\/2025\/11\/Mila_CFGM_ActivitatsComercials-300x190.jpg 300w, https:\/\/agora.xtec.cat\/ies-carles-vallbona\/wp-content\/uploads\/usu2364\/2025\/11\/Mila_CFGM_ActivitatsComercials-768x485.jpg 768w, https:\/\/agora.xtec.cat\/ies-carles-vallbona\/wp-content\/uploads\/usu2364\/2025\/11\/Mila_CFGM_ActivitatsComercials.jpg 1200w\" sizes=\"auto, (max-width: 1024px) 100vw, 1024px\" \/><\/figure><\/div>\n\n\n\n<div style=\"height:50px\" aria-hidden=\"true\" class=\"wp-block-spacer\"><\/div>\n\n\n\n<div class=\"wp-block-getwid-tabs\" data-active-tab=\"0\"><ul class=\"wp-block-getwid-tabs__nav-links\"><\/ul>\n<div class=\"wp-block-getwid-tabs__nav-link\"><span class=\"wp-block-getwid-tabs__title-wrapper\"><a href=\"#\"><span class=\"wp-block-getwid-tabs__title\">Sortides professionals<\/span><\/a><\/span><\/div><div class=\"wp-block-getwid-tabs__tab-content-wrapper\"><div class=\"wp-block-getwid-tabs__tab-content\">\n<p><br>La superaci\u00f3 d&#8217;aquest cicle formatiu permet accedir al&nbsp;<strong>m\u00f3n laboral<\/strong>&nbsp;com a:<\/p>\n\n\n\n<ul class=\"wp-block-list\">\n<li>&nbsp;Venedor o venedora<\/li>\n\n\n\n<li>&nbsp;Venedor t\u00e8cnic o venedora t\u00e8cnica<\/li>\n\n\n\n<li>&nbsp;Representant comercial<\/li>\n\n\n\n<li>&nbsp;Orientador o orientadora comercial<\/li>\n\n\n\n<li>&nbsp;Promotor o promotora<\/li>\n\n\n\n<li>&nbsp;Televenedor o televenedora<\/li>\n\n\n\n<li>&nbsp;Venda a dist\u00e0ncia<\/li>\n\n\n\n<li>&nbsp;Teleoperador o teleoperadora de centre d&#8217;atenci\u00f3 telef\u00f2nica<\/li>\n\n\n\n<li>&nbsp;Informaci\u00f3 i atenci\u00f3 al client<\/li>\n\n\n\n<li>&nbsp;Caixer reposador o caixera reposadora<\/li>\n\n\n\n<li>&nbsp;Operador o operadora de centre d&#8217;atenci\u00f3 multicanal<\/li>\n\n\n\n<li>&nbsp;Administrador o administradora de continguts en l\u00ednia<\/li>\n\n\n\n<li>&nbsp;Comerciant de botiga<\/li>\n\n\n\n<li>&nbsp;Gerent de petit comer\u00e7<\/li>\n\n\n\n<li>&nbsp;T\u00e8cnic o t\u00e8cnica en gesti\u00f3 d&#8217;estocs i magatzem<\/li>\n\n\n\n<li>&nbsp;Cap de magatzem<\/li>\n\n\n\n<li>&nbsp;Responsable de recepci\u00f3 de mercaderies<\/li>\n\n\n\n<li>&nbsp;Responsable d&#8217;expedici\u00f3 de mercaderies<\/li>\n\n\n\n<li>&nbsp;T\u00e8cnic o t\u00e8cnica en log\u00edstica de magatzems<\/li>\n\n\n\n<li>&nbsp;T\u00e8cnic o t\u00e8cnica d&#8217;informaci\u00f3 i atenci\u00f3 al client en empreses.<br><\/li>\n<\/ul>\n<\/div><\/div>\n\n\n\n<div class=\"wp-block-getwid-tabs__nav-link\"><span class=\"wp-block-getwid-tabs__title-wrapper\"><a href=\"#\"><span class=\"wp-block-getwid-tabs__title\">Sortides acad\u00e8miques<\/span><\/a><\/span><\/div><div class=\"wp-block-getwid-tabs__tab-content-wrapper\"><div class=\"wp-block-getwid-tabs__tab-content\">\n<p>Amb aquests estudis s\u2019obt\u00e9 el <strong>t\u00edtol de t\u00e8cnic\/a<\/strong>, que permet accedir al <strong>batxillerat<\/strong> o continuar a un <strong>cicle de grau superior<\/strong>. Els graus superiors relacionats s\u00f3n: <\/p>\n\n\n\n<ul class=\"wp-block-list\">\n<li>CFGS Comer\u00e7 Internacional.<\/li>\n\n\n\n<li>CFGS Gesti\u00f3 de Vendes i Espais Comercials.<\/li>\n\n\n\n<li>CFGS M\u00e0rqueting i Publicitat.<\/li>\n\n\n\n<li>CFGS Transport i Log\u00edstica.<\/li>\n<\/ul>\n<\/div><\/div>\n\n\n\n<div class=\"wp-block-getwid-tabs__nav-link\"><span class=\"wp-block-getwid-tabs__title-wrapper\"><a href=\"#\"><span class=\"wp-block-getwid-tabs__title\">Qu\u00e8 necessito per accedir-hi<\/span><\/a><\/span><\/div><div class=\"wp-block-getwid-tabs__tab-content-wrapper\"><div class=\"wp-block-getwid-tabs__tab-content\">\n<p>Pots accedir als cicles de grau mitj\u00e0 si compleixes algun dels requisits seg\u00fcents:<\/p>\n\n\n\n<p>Tenir un d\u2019aquests t\u00edtols:<\/p>\n\n\n\n<ul class=\"wp-block-list\">\n<li>&nbsp;Graduat\/ada en educaci\u00f3 secund\u00e0ria obligat\u00f2ria.<\/li>\n\n\n\n<li>&nbsp;T\u00e8cnic\/a b\u00e0sic\/a.<\/li>\n\n\n\n<li>&nbsp;T\u00e8cnic\/a.<\/li>\n\n\n\n<li>&nbsp;T\u00e8cnic\/a superior.<\/li>\n\n\n\n<li>&nbsp;T\u00e8cnic\/a auxiliar.<\/li>\n\n\n\n<li>&nbsp;Batxillerat superior (plans educatius anteriors a la Llei org\u00e0nica 2\/2006, de 3 de maig).<\/li>\n\n\n\n<li>&nbsp;Titulacions equivalents per accedir als cicles formatius de grau superior.<\/li>\n<\/ul>\n\n\n\n<p>O b\u00e9, haver superat:<\/p>\n\n\n\n<ul class=\"wp-block-list\">\n<li>Altres estudis o cursos de formaci\u00f3 equivalents acad\u00e8micament.<\/li>\n\n\n\n<li>&nbsp;Una oferta formativa de certificat professional inclosa en el cicle.<\/li>\n\n\n\n<li>&nbsp;Un&nbsp;<a href=\"https:\/\/triaeducativa.gencat.cat\/ca\/estudis?curs-formacio-preparatori-acces-cicles-grau-mitja&amp;p_id=6750\">curs de formaci\u00f3 preparatori per a l&#8217;acc\u00e9s als cicles de grau mitj\u00e0<\/a>.<\/li>\n\n\n\n<li>&nbsp;Una&nbsp;<a href=\"https:\/\/triaeducativa.gencat.cat\/ca\/proves\/proves-acces\/fp\/fp-gm\/\">prova d&#8217;acc\u00e9s<\/a>.<\/li>\n\n\n\n<li>&nbsp;El segon curs del primer cicle experimental de reforma dels ensenyaments mitjans.<\/li>\n\n\n\n<li>&nbsp;El tercer curs del Pla 1963 o segon de comuns experimental dels ensenyaments d&#8217;arts aplicades i oficis art\u00edstics.<\/li>\n\n\n\n<li>&nbsp;El segon curs de BUP, amb un m\u00e0xim de dues mat\u00e8ries suspeses.<\/li>\n\n\n\n<li>&nbsp;Haver superat la prova d&#8217;acc\u00e9s a la universitat per a m\u00e9s grans de 25 o de 45 anys, o haver accedit a la universitat per tenir 40 anys o m\u00e9s i acreditar experi\u00e8ncia laboral o professional.<\/li>\n<\/ul>\n<\/div><\/div>\n<\/div>\n\n\n\n<div style=\"height:50px\" aria-hidden=\"true\" class=\"wp-block-spacer\"><\/div>\n\n\n\n<h3 class=\"wp-block-heading\">Preguntes freq\u00fcents (FAQ)<\/h3>\n\n\n\n<details class=\"wp-block-details is-layout-flow wp-block-details-is-layout-flow\"><summary><strong>Quina \u00e9s la durada i l\u2019horari del cicle?<\/strong><\/summary>\n<p>El cicle de <strong>Gesti\u00f3 d&#8217;Activitats Comercials<\/strong> perfil Log\u00edstica s\u2019imparteix en <strong>torn de tarda<\/strong> i t\u00e9 una durada de <strong>2.000 hores<\/strong> de formaci\u00f3 te\u00f2rica i pr\u00e0ctica.<\/p>\n\n\n\n<p><\/p>\n<\/details>\n\n\n\n<details class=\"wp-block-details is-layout-flow wp-block-details-is-layout-flow\"><summary><strong>Quina \u00e9s la difer\u00e8ncia entre ACO i ACOLOG?<\/strong><\/summary>\n<p>ACO (Activitats Comercials) es centra en el comer\u00e7 i m\u00e0rqueting aplicat als establiments comercials, mentre que ACOLOG (Activitats Comercials amb perfil log\u00edstic) inclou una especialitzaci\u00f3 en log\u00edstica de magatzem i transport de mercaderies, a m\u00e9s de les habilitats comercials b\u00e0siques.<\/p>\n\n\n\n<p><\/p>\n<\/details>\n\n\n\n<details class=\"wp-block-details is-layout-flow wp-block-details-is-layout-flow\"><summary><strong>Hi ha pr\u00e0ctiques en empreses?<\/strong><\/summary>\n<p>S\u00ed. El cicle inclou FP Dual General en empreses del sector comercial, com <strong>botigues  i serveis d\u2019atenci\u00f3 al client<\/strong>.<br><\/p>\n\n\n\n<p><\/p>\n<\/details>\n\n\n\n<details class=\"wp-block-details is-layout-flow wp-block-details-is-layout-flow\"><summary><strong>Hi ha mobilitat internacional (Erasmus+)?<\/strong><\/summary>\n<p>L\u2019institut participa en <strong>Erasmus+<\/strong>. Segons convocat\u00f2ria i places, es poden oferir <strong>estades formatives a l\u2019estranger<\/strong>.<\/p>\n\n\n\n<p><\/p>\n<\/details>\n\n\n\n<details class=\"wp-block-details is-layout-flow wp-container-core-details-is-layout-5 wp-block-details-is-layout-flow\"><summary><strong><strong>Com s\u2019avalua l\u2019alumnat?<\/strong><\/strong><br><\/summary>\n<p>Mitjan\u00e7ant <strong>avaluaci\u00f3 cont\u00ednua<\/strong> de <strong>compet\u00e8ncies professionals<\/strong> i <strong>transversals<\/strong> (capacitats clau com l&#8217;organitzaci\u00f3, treball en equip, comunicaci\u00f3,etc.) i l\u2019assoliment dels <strong>resultats d\u2019aprenentatge<\/strong>.<\/p>\n\n\n\n<p><\/p>\n<\/details>\n\n\n\n<div style=\"height:50px\" aria-hidden=\"true\" class=\"wp-block-spacer\"><\/div>\n\n\n\n<div class=\"wp-block-buttons is-layout-flex wp-block-buttons-is-layout-flex\">\n<div class=\"wp-block-button has-custom-font-size has-medium-font-size\"><a class=\"wp-block-button__link wp-element-button\" href=\"mailto:comunicacio@iescarlesvallbona.cat\" style=\"padding-top:var(--wp--preset--spacing--70);padding-right:var(--wp--preset--spacing--80);padding-bottom:var(--wp--preset--spacing--70);padding-left:var(--wp--preset--spacing--80)\"><strong>Vull informaci\u00f3<\/strong><\/a><\/div>\n\n\n\n<div class=\"wp-block-button has-custom-font-size has-medium-font-size\"><a class=\"wp-block-button__link wp-element-button\" href=\"https:\/\/preinscripcio.gencat.cat\/ca\/estudis\/fp-grau-mitja\/inici\/\" style=\"padding-top:var(--wp--preset--spacing--70);padding-right:var(--wp--preset--spacing--80);padding-bottom:var(--wp--preset--spacing--70);padding-left:var(--wp--preset--spacing--80)\"><strong>Vull preinscriure\u2019m<\/strong><\/a><\/div>\n<\/div>\n\n\n\n<p><\/p>\n\n\n\n<p><\/p>\n\n\n","protected":false},"excerpt":{"rendered":"<p>Grau Mitj\u00e0 d&#8217;Activitats Comercials perfil professional Log\u00edstic Forma\u2019t per gestionar activitats comercials i log\u00edstiques amb el cicle de Gesti\u00f3 d\u2019Activitats Comercials (perfil log\u00edstic) a l\u2019Institut Carles Vallbona de Granollers. Aquest cicle t\u2019ofereix una formaci\u00f3 pr\u00e0ctica i especialitzada en comer\u00e7, gesti\u00f3 de magatzems, gesti\u00f3 de compres i m\u00e0rqueting en l\u2019activitat comercial, amb una orientaci\u00f3 espec\u00edfica al [&hellip;]<\/p>\n","protected":false},"author":6,"featured_media":0,"parent":634,"menu_order":0,"comment_status":"closed","ping_status":"closed","template":"","meta":{"_bbp_topic_count":0,"_bbp_reply_count":0,"_bbp_total_topic_count":0,"_bbp_total_reply_count":0,"_bbp_voice_count":0,"_bbp_anonymous_reply_count":0,"_bbp_topic_count_hidden":0,"_bbp_reply_count_hidden":0,"_bbp_forum_subforum_count":0,"site-sidebar-layout":"default","site-content-layout":"","ast-site-content-layout":"default","site-content-style":"default","site-sidebar-style":"default","ast-global-header-display":"","ast-banner-title-visibility":"","ast-main-header-display":"","ast-hfb-above-header-display":"","ast-hfb-below-header-display":"","ast-hfb-mobile-header-display":"","site-post-title":"disabled","ast-breadcrumbs-content":"","ast-featured-img":"","footer-sml-layout":"","theme-transparent-header-meta":"","adv-header-id-meta":"","stick-header-meta":"","header-above-stick-meta":"","header-main-stick-meta":"","header-below-stick-meta":"","astra-migrate-meta-layouts":"set","ast-page-background-enabled":"default","ast-page-background-meta":{"desktop":{"background-color":"var(--ast-global-color-4)","background-image":"","background-repeat":"repeat","background-position":"center center","background-size":"auto","background-attachment":"scroll","background-type":"","background-media":"","overlay-type":"","overlay-color":"","overlay-opacity":"","overlay-gradient":""},"tablet":{"background-color":"","background-image":"","background-repeat":"repeat","background-position":"center center","background-size":"auto","background-attachment":"scroll","background-type":"","background-media":"","overlay-type":"","overlay-color":"","overlay-opacity":"","overlay-gradient":""},"mobile":{"background-color":"","background-image":"","background-repeat":"repeat","background-position":"center center","background-size":"auto","background-attachment":"scroll","background-type":"","background-media":"","overlay-type":"","overlay-color":"","overlay-opacity":"","overlay-gradient":""}},"ast-content-background-meta":{"desktop":{"background-color":"var(--ast-global-color-5)","background-image":"","background-repeat":"repeat","background-position":"center center","background-size":"auto","background-attachment":"scroll","background-type":"","background-media":"","overlay-type":"","overlay-color":"","overlay-opacity":"","overlay-gradient":""},"tablet":{"background-color":"var(--ast-global-color-5)","background-image":"","background-repeat":"repeat","background-position":"center center","background-size":"auto","background-attachment":"scroll","background-type":"","background-media":"","overlay-type":"","overlay-color":"","overlay-opacity":"","overlay-gradient":""},"mobile":{"background-color":"var(--ast-global-color-5)","background-image":"","background-repeat":"repeat","background-position":"center center","background-size":"auto","background-attachment":"scroll","background-type":"","background-media":"","overlay-type":"","overlay-color":"","overlay-opacity":"","overlay-gradient":""}},"footnotes":""},"class_list":["post-5814","page","type-page","status-publish","hentry"],"post_mailing_queue_ids":[],"_links":{"self":[{"href":"https:\/\/agora.xtec.cat\/ies-carles-vallbona\/wp-json\/wp\/v2\/pages\/5814","targetHints":{"allow":["GET"]}}],"collection":[{"href":"https:\/\/agora.xtec.cat\/ies-carles-vallbona\/wp-json\/wp\/v2\/pages"}],"about":[{"href":"https:\/\/agora.xtec.cat\/ies-carles-vallbona\/wp-json\/wp\/v2\/types\/page"}],"author":[{"embeddable":true,"href":"https:\/\/agora.xtec.cat\/ies-carles-vallbona\/wp-json\/wp\/v2\/users\/6"}],"replies":[{"embeddable":true,"href":"https:\/\/agora.xtec.cat\/ies-carles-vallbona\/wp-json\/wp\/v2\/comments?post=5814"}],"version-history":[{"count":6,"href":"https:\/\/agora.xtec.cat\/ies-carles-vallbona\/wp-json\/wp\/v2\/pages\/5814\/revisions"}],"predecessor-version":[{"id":6692,"href":"https:\/\/agora.xtec.cat\/ies-carles-vallbona\/wp-json\/wp\/v2\/pages\/5814\/revisions\/6692"}],"up":[{"embeddable":true,"href":"https:\/\/agora.xtec.cat\/ies-carles-vallbona\/wp-json\/wp\/v2\/pages\/634"}],"wp:attachment":[{"href":"https:\/\/agora.xtec.cat\/ies-carles-vallbona\/wp-json\/wp\/v2\/media?parent=5814"}],"curies":[{"name":"wp","href":"https:\/\/api.w.org\/{rel}","templated":true}]}}