{"id":5420,"date":"2025-10-21T23:14:12","date_gmt":"2025-10-21T21:14:12","guid":{"rendered":"https:\/\/agora.xtec.cat\/ies-carles-vallbona\/?page_id=5420"},"modified":"2026-03-20T15:32:24","modified_gmt":"2026-03-20T14:32:24","slug":"gestio-administrativa-2","status":"publish","type":"page","link":"https:\/\/agora.xtec.cat\/ies-carles-vallbona\/fp\/administracio-i-comerc\/gestio-administrativa-2\/","title":{"rendered":"Gesti\u00f3 Administrativa"},"content":{"rendered":"\n<h1 class=\"wp-block-heading has-x-large-font-size\">Grau Mitj\u00e0 de Gesti\u00f3 Administrativa <\/h1>\n\n\n\n<div class=\"wp-block-getwid-banner has-animation-style2 has-text-animation-opacity-bottom has-foreground-50 alignfull\"><a href=\"#\" class=\"wp-block-getwid-banner__link\"><div class=\"wp-block-getwid-banner__wrapper\"><img loading=\"lazy\" decoding=\"async\" width=\"300\" height=\"200\" src=\"https:\/\/agora.xtec.cat\/ies-carles-vallbona\/wp-content\/uploads\/usu2364\/2025\/10\/ChatGPT-Image-21-doct.-del-2025-23_47_09-1-300x200.png\" alt=\"\" class=\"wp-block-getwid-banner__image wp-block-getwid-banner__source wp-image-5437\" srcset=\"https:\/\/agora.xtec.cat\/ies-carles-vallbona\/wp-content\/uploads\/usu2364\/2025\/10\/ChatGPT-Image-21-doct.-del-2025-23_47_09-1-300x200.png 300w, https:\/\/agora.xtec.cat\/ies-carles-vallbona\/wp-content\/uploads\/usu2364\/2025\/10\/ChatGPT-Image-21-doct.-del-2025-23_47_09-1-1024x683.png 1024w, https:\/\/agora.xtec.cat\/ies-carles-vallbona\/wp-content\/uploads\/usu2364\/2025\/10\/ChatGPT-Image-21-doct.-del-2025-23_47_09-1-768x512.png 768w, https:\/\/agora.xtec.cat\/ies-carles-vallbona\/wp-content\/uploads\/usu2364\/2025\/10\/ChatGPT-Image-21-doct.-del-2025-23_47_09-1.png 1536w\" sizes=\"auto, (max-width: 300px) 100vw, 300px\" \/><div class=\"wp-block-getwid-banner__caption\"><div class=\"wp-block-getwid-banner__caption-wrapper\"><span class=\"wp-block-getwid-banner__title\"> Gesti\u00f3 Administrativa<\/span><\/div><\/div><\/div><\/a><\/div>\n\n\n\n<div style=\"height:100px\" aria-hidden=\"true\" class=\"wp-block-spacer\"><\/div>\n\n\n\n<p class=\"has-medium-font-size\">El cicle formatiu de grau mitj\u00e0 en Gesti\u00f3 Administrativa de l\u2019Institut Carles Vallbona (Granollers) combina doc\u00e8ncia experta, recursos professionals i pr\u00e0ctiques en empresa (DUAL). En finalitzar, obtindr\u00e0s el t\u00edtol oficial i les compet\u00e8ncies per assumir tasques de suport administratiu en els \u00e0mbits laboral, comptable, comercial, financer i fiscal, amb clara orientaci\u00f3 a la inserci\u00f3 laboral.<\/p>\n\n\n\n<p class=\"has-medium-font-size\">La durada \u00e9s de 2.000 hores&nbsp;distribu\u00efdes en dos cursos acad\u00e8mics durant el torn de mat\u00ed. De les quals 1.485 s\u00f3n el centre educatiu i 515 (hores d&#8217;estada a l&#8217;empresa) en un centre de treball. <\/p>\n\n\n\n<div style=\"height:50px\" aria-hidden=\"true\" class=\"wp-block-spacer\"><\/div>\n\n\n\n<div class=\"wp-block-buttons is-content-justification-center is-layout-flex wp-container-core-buttons-is-layout-1 wp-block-buttons-is-layout-flex\">\n<div class=\"wp-block-button\"><a class=\"wp-block-button__link wp-element-button\" href=\"https:\/\/agora.xtec.cat\/ies-carles-vallbona\/wp-content\/uploads\/usu2364\/2025\/10\/Fulleto-FPGM_Gestio-administrativa.pdf\"><strong>F<\/strong>ull informatiu del cicle<\/a><\/div>\n<\/div>\n\n\n\n<div style=\"height:50px\" aria-hidden=\"true\" class=\"wp-block-spacer\"><\/div>\n\n\n\n<div class=\"wp-block-media-text has-media-on-the-right is-stacked-on-mobile\" style=\"border-width:5px;border-radius:0px;margin-top:0;margin-bottom:0;grid-template-columns:auto 38%\"><div class=\"wp-block-media-text__content\">\n<h3 class=\"wp-block-heading has-text-align-left\">Pla d\u2019estudis<\/h3>\n\n\n\n<ul class=\"wp-block-list\">\n<li>Comunicaci\u00f3 empresarial i atenci\u00f3 al client<\/li>\n\n\n\n<li>Operacions administratives de compravenda<\/li>\n\n\n\n<li>Operacions administratives de recursos humans<\/li>\n\n\n\n<li>Operacions auxiliars de gesti\u00f3 de tresoreria<\/li>\n\n\n\n<li>T\u00e8cnica comptable<\/li>\n\n\n\n<li>Tractament de la documentaci\u00f3 comptable<\/li>\n\n\n\n<li>Tractament inform\u00e0tic de la informaci\u00f3<\/li>\n\n\n\n<li>Angl\u00e8s<\/li>\n\n\n\n<li>Empresa i administraci\u00f3<\/li>\n\n\n\n<li>Empresa a l\u2019aula<\/li>\n\n\n\n<li>Digitalitzaci\u00f3 aplicada als sectors productius<\/li>\n\n\n\n<li>Sostenibilitat aplicada al sistema productiu<\/li>\n\n\n\n<li>Itinerari personal per a l&#8217;ocupabilitat I i II<\/li>\n\n\n\n<li>Catal\u00e0 professional<\/li>\n\n\n\n<li>Estada a l&#8217;empresa<\/li>\n\n\n\n<li>M\u00f2dul optatiu<\/li>\n<\/ul>\n<\/div><figure class=\"wp-block-media-text__media\"><img loading=\"lazy\" decoding=\"async\" width=\"960\" height=\"960\" src=\"https:\/\/agora.xtec.cat\/ies-carles-vallbona\/wp-content\/uploads\/usu2364\/2025\/10\/GAD-1.jpg\" alt=\"\" class=\"wp-image-5429 size-full\" srcset=\"https:\/\/agora.xtec.cat\/ies-carles-vallbona\/wp-content\/uploads\/usu2364\/2025\/10\/GAD-1.jpg 960w, https:\/\/agora.xtec.cat\/ies-carles-vallbona\/wp-content\/uploads\/usu2364\/2025\/10\/GAD-1-300x300.jpg 300w, https:\/\/agora.xtec.cat\/ies-carles-vallbona\/wp-content\/uploads\/usu2364\/2025\/10\/GAD-1-150x150.jpg 150w, https:\/\/agora.xtec.cat\/ies-carles-vallbona\/wp-content\/uploads\/usu2364\/2025\/10\/GAD-1-768x768.jpg 768w\" sizes=\"auto, (max-width: 960px) 100vw, 960px\" \/><\/figure><\/div>\n\n\n\n<div style=\"height:50px\" aria-hidden=\"true\" class=\"wp-block-spacer\"><\/div>\n\n\n\n<div class=\"wp-block-getwid-tabs\" data-active-tab=\"0\"><ul class=\"wp-block-getwid-tabs__nav-links\"><\/ul>\n<div class=\"wp-block-getwid-tabs__nav-link\"><span class=\"wp-block-getwid-tabs__title-wrapper\"><a href=\"#\"><span class=\"wp-block-getwid-tabs__title\">Sortides professionals<\/span><\/a><\/span><\/div><div class=\"wp-block-getwid-tabs__tab-content-wrapper\"><div class=\"wp-block-getwid-tabs__tab-content\">\n<p><br>La superaci\u00f3 d&#8217;aquest cicle formatiu permet accedir al&nbsp;<strong>m\u00f3n laboral<\/strong>&nbsp;com a:<\/p>\n\n\n\n<ul class=\"wp-block-list\">\n<li>&nbsp;Empleat o empleada en mitjans de pagament<\/li>\n\n\n\n<li>&nbsp;Auxiliar administratiu o administrativa<\/li>\n\n\n\n<li>&nbsp;Ajudant o ajudanta d&#8217;oficina<\/li>\n\n\n\n<li>&nbsp;Auxiliar administratiu o administrativa de cobraments i pagaments, de gesti\u00f3 de personal<\/li>\n\n\n\n<li>&nbsp;Administratiu o administrativa comercial<\/li>\n\n\n\n<li>&nbsp;Auxiliar administratiu o administrativa de les administracions p\u00fabliques<\/li>\n\n\n\n<li>&nbsp;Recepcionista<\/li>\n\n\n\n<li>&nbsp;Empleat o empleada d&#8217;atenci\u00f3 al p\u00fablic<\/li>\n\n\n\n<li>&nbsp;Empleat o empleada de tresoreria<\/li>\n\n\n\n<li>Empleat o empleada en mitjans de pagament<br><\/li>\n<\/ul>\n<\/div><\/div>\n\n\n\n<div class=\"wp-block-getwid-tabs__nav-link\"><span class=\"wp-block-getwid-tabs__title-wrapper\"><a href=\"#\"><span class=\"wp-block-getwid-tabs__title\">Sortides acad\u00e8miques<\/span><\/a><\/span><\/div><div class=\"wp-block-getwid-tabs__tab-content-wrapper\"><div class=\"wp-block-getwid-tabs__tab-content\">\n<p>Amb aquests estudis s\u2019obt\u00e9 el <strong>t\u00edtol de t\u00e8cnic\/a<\/strong>, que permet accedir al <strong>batxillerat<\/strong> o continuar a un <strong>cicle de grau superior<\/strong>. Els graus superiors relacionats s\u00f3n: <\/p>\n\n\n\n<ul class=\"wp-block-list\">\n<li><strong>CFGS d\u2019Administraci\u00f3 i Finances<\/strong> <\/li>\n\n\n\n<li><strong>CFGS d\u2019Assist\u00e8ncia a la Direcci\u00f3<\/strong>.<\/li>\n<\/ul>\n<\/div><\/div>\n\n\n\n<div class=\"wp-block-getwid-tabs__nav-link\"><span class=\"wp-block-getwid-tabs__title-wrapper\"><a href=\"#\"><span class=\"wp-block-getwid-tabs__title\">Qu\u00e8 necessito per accedir-hi<\/span><\/a><\/span><\/div><div class=\"wp-block-getwid-tabs__tab-content-wrapper\"><div class=\"wp-block-getwid-tabs__tab-content\">\n<p>Pots accedir als cicles de grau mitj\u00e0 si compleixes algun dels requisits seg\u00fcents:<\/p>\n\n\n\n<p>Tenir un d\u2019aquests t\u00edtols:<\/p>\n\n\n\n<ul class=\"wp-block-list\">\n<li>&nbsp;Graduat\/ada en educaci\u00f3 secund\u00e0ria obligat\u00f2ria.<\/li>\n\n\n\n<li>&nbsp;T\u00e8cnic\/a b\u00e0sic\/a.<\/li>\n\n\n\n<li>&nbsp;T\u00e8cnic\/a.<\/li>\n\n\n\n<li>&nbsp;T\u00e8cnic\/a superior.<\/li>\n\n\n\n<li>&nbsp;T\u00e8cnic\/a auxiliar.<\/li>\n\n\n\n<li>&nbsp;Batxillerat superior (plans educatius anteriors a la Llei org\u00e0nica 2\/2006, de 3 de maig).<\/li>\n\n\n\n<li>&nbsp;Titulacions equivalents per accedir als cicles formatius de grau superior.<\/li>\n<\/ul>\n\n\n\n<p>O b\u00e9, haver superat:<\/p>\n\n\n\n<ul class=\"wp-block-list\">\n<li>Altres estudis o cursos de formaci\u00f3 equivalents acad\u00e8micament.<\/li>\n\n\n\n<li>&nbsp;Una oferta formativa de certificat professional inclosa en el cicle.<\/li>\n\n\n\n<li>&nbsp;Un&nbsp;<a href=\"https:\/\/triaeducativa.gencat.cat\/ca\/estudis?curs-formacio-preparatori-acces-cicles-grau-mitja&amp;p_id=6750\">curs de formaci\u00f3 preparatori per a l&#8217;acc\u00e9s als cicles de grau mitj\u00e0<\/a>.<\/li>\n\n\n\n<li>&nbsp;Una&nbsp;<a href=\"https:\/\/triaeducativa.gencat.cat\/ca\/proves\/proves-acces\/fp\/fp-gm\/\">prova d&#8217;acc\u00e9s<\/a>.<\/li>\n\n\n\n<li>&nbsp;El segon curs del primer cicle experimental de reforma dels ensenyaments mitjans.<\/li>\n\n\n\n<li>&nbsp;El tercer curs del Pla 1963 o segon de comuns experimental dels ensenyaments d&#8217;arts aplicades i oficis art\u00edstics.<\/li>\n\n\n\n<li>&nbsp;El segon curs de BUP, amb un m\u00e0xim de dues mat\u00e8ries suspeses.<\/li>\n\n\n\n<li>&nbsp;Haver superat la prova d&#8217;acc\u00e9s a la universitat per a m\u00e9s grans de 25 o de 45 anys, o haver accedit a la universitat per tenir 40 anys o m\u00e9s i acreditar experi\u00e8ncia laboral o professional.<\/li>\n<\/ul>\n<\/div><\/div>\n<\/div>\n\n\n\n<div style=\"height:50px\" aria-hidden=\"true\" class=\"wp-block-spacer\"><\/div>\n\n\n\n<h3 class=\"wp-block-heading\">Preguntes freq\u00fcents (FAQ)<\/h3>\n\n\n\n<details class=\"wp-block-details is-layout-flow wp-block-details-is-layout-flow\"><summary><strong>Quina \u00e9s la durada i l\u2019horari del cicle?<\/strong><\/summary>\n<p>S\u00f3n <strong>2.000 hores<\/strong> distribu\u00efdes en <strong>dos cursos<\/strong> acad\u00e8mics. El <strong>torn \u00e9s de mat\u00ed<\/strong> durant el per\u00edode <strong>setembre\u2013maig<\/strong>.<\/p>\n\n\n\n<p><\/p>\n<\/details>\n\n\n\n<details class=\"wp-block-details is-layout-flow wp-block-details-is-layout-flow\"><summary><strong>Hi ha pr\u00e0ctiques en empreses?<\/strong><\/summary>\n<p>S\u00ed. El cicle inclou FP Dual General en empreses del sector per aplicar els aprenentatges en entorns reals.<\/p>\n\n\n\n<p><\/p>\n<\/details>\n\n\n\n<details class=\"wp-block-details is-layout-flow wp-block-details-is-layout-flow\"><summary><strong>Hi ha mobilitat internacional (Erasmus+)?<\/strong><\/summary>\n<p>L\u2019institut participa en <strong>Erasmus+<\/strong>. Segons convocat\u00f2ria i places, es poden oferir <strong>estades formatives a l\u2019estranger<\/strong>.<\/p>\n\n\n\n<p><\/p>\n<\/details>\n\n\n\n<details class=\"wp-block-details is-layout-flow wp-container-core-details-is-layout-4 wp-block-details-is-layout-flow\"><summary><strong><strong>Com s\u2019avalua l\u2019alumnat?<\/strong><\/strong><br><\/summary>\n<p>Mitjan\u00e7ant <strong>avaluaci\u00f3 cont\u00ednua<\/strong> de <strong>compet\u00e8ncies professionals<\/strong> i <strong>transversals<\/strong> (capacitats clau com l&#8217;organitzaci\u00f3, treball en equip, comunicaci\u00f3,etc.) i l\u2019assoliment dels <strong>resultats d\u2019aprenentatge<\/strong>.<\/p>\n\n\n\n<p><\/p>\n<\/details>\n\n\n\n<div style=\"height:50px\" aria-hidden=\"true\" class=\"wp-block-spacer\"><\/div>\n\n\n\n<div class=\"wp-block-buttons is-layout-flex wp-block-buttons-is-layout-flex\">\n<div class=\"wp-block-button has-custom-font-size has-medium-font-size\"><a class=\"wp-block-button__link wp-element-button\" href=\"mailto:comunicacio@iescarlesvallbona.cat\" style=\"padding-top:var(--wp--preset--spacing--70);padding-right:var(--wp--preset--spacing--80);padding-bottom:var(--wp--preset--spacing--70);padding-left:var(--wp--preset--spacing--80)\"><strong>Vull informaci\u00f3<\/strong><\/a><\/div>\n\n\n\n<div class=\"wp-block-button has-custom-font-size has-medium-font-size\"><a class=\"wp-block-button__link wp-element-button\" href=\"https:\/\/preinscripcio.gencat.cat\/ca\/estudis\/fp-grau-mitja\/inici\/\" style=\"padding-top:var(--wp--preset--spacing--70);padding-right:var(--wp--preset--spacing--80);padding-bottom:var(--wp--preset--spacing--70);padding-left:var(--wp--preset--spacing--80)\"><strong>Vull preinscriure\u2019m<\/strong><\/a><\/div>\n<\/div>\n\n\n\n<p><\/p>\n\n\n\n<p><\/p>\n\n\n","protected":false},"excerpt":{"rendered":"<p>Grau Mitj\u00e0 de Gesti\u00f3 Administrativa El cicle formatiu de grau mitj\u00e0 en Gesti\u00f3 Administrativa de l\u2019Institut Carles Vallbona (Granollers) combina doc\u00e8ncia experta, recursos professionals i pr\u00e0ctiques en empresa (DUAL). En finalitzar, obtindr\u00e0s el t\u00edtol oficial i les compet\u00e8ncies per assumir tasques de suport administratiu en els \u00e0mbits laboral, comptable, comercial, financer i fiscal, amb clara [&hellip;]<\/p>\n","protected":false},"author":6,"featured_media":0,"parent":631,"menu_order":0,"comment_status":"closed","ping_status":"closed","template":"","meta":{"_bbp_topic_count":0,"_bbp_reply_count":0,"_bbp_total_topic_count":0,"_bbp_total_reply_count":0,"_bbp_voice_count":0,"_bbp_anonymous_reply_count":0,"_bbp_topic_count_hidden":0,"_bbp_reply_count_hidden":0,"_bbp_forum_subforum_count":0,"site-sidebar-layout":"default","site-content-layout":"","ast-site-content-layout":"default","site-content-style":"default","site-sidebar-style":"default","ast-global-header-display":"","ast-banner-title-visibility":"","ast-main-header-display":"","ast-hfb-above-header-display":"","ast-hfb-below-header-display":"","ast-hfb-mobile-header-display":"","site-post-title":"disabled","ast-breadcrumbs-content":"","ast-featured-img":"","footer-sml-layout":"","theme-transparent-header-meta":"","adv-header-id-meta":"","stick-header-meta":"","header-above-stick-meta":"","header-main-stick-meta":"","header-below-stick-meta":"","astra-migrate-meta-layouts":"set","ast-page-background-enabled":"default","ast-page-background-meta":{"desktop":{"background-color":"var(--ast-global-color-4)","background-image":"","background-repeat":"repeat","background-position":"center center","background-size":"auto","background-attachment":"scroll","background-type":"","background-media":"","overlay-type":"","overlay-color":"","overlay-opacity":"","overlay-gradient":""},"tablet":{"background-color":"","background-image":"","background-repeat":"repeat","background-position":"center center","background-size":"auto","background-attachment":"scroll","background-type":"","background-media":"","overlay-type":"","overlay-color":"","overlay-opacity":"","overlay-gradient":""},"mobile":{"background-color":"","background-image":"","background-repeat":"repeat","background-position":"center center","background-size":"auto","background-attachment":"scroll","background-type":"","background-media":"","overlay-type":"","overlay-color":"","overlay-opacity":"","overlay-gradient":""}},"ast-content-background-meta":{"desktop":{"background-color":"var(--ast-global-color-5)","background-image":"","background-repeat":"repeat","background-position":"center center","background-size":"auto","background-attachment":"scroll","background-type":"","background-media":"","overlay-type":"","overlay-color":"","overlay-opacity":"","overlay-gradient":""},"tablet":{"background-color":"var(--ast-global-color-5)","background-image":"","background-repeat":"repeat","background-position":"center center","background-size":"auto","background-attachment":"scroll","background-type":"","background-media":"","overlay-type":"","overlay-color":"","overlay-opacity":"","overlay-gradient":""},"mobile":{"background-color":"var(--ast-global-color-5)","background-image":"","background-repeat":"repeat","background-position":"center center","background-size":"auto","background-attachment":"scroll","background-type":"","background-media":"","overlay-type":"","overlay-color":"","overlay-opacity":"","overlay-gradient":""}},"footnotes":""},"class_list":["post-5420","page","type-page","status-publish","hentry"],"post_mailing_queue_ids":[],"_links":{"self":[{"href":"https:\/\/agora.xtec.cat\/ies-carles-vallbona\/wp-json\/wp\/v2\/pages\/5420","targetHints":{"allow":["GET"]}}],"collection":[{"href":"https:\/\/agora.xtec.cat\/ies-carles-vallbona\/wp-json\/wp\/v2\/pages"}],"about":[{"href":"https:\/\/agora.xtec.cat\/ies-carles-vallbona\/wp-json\/wp\/v2\/types\/page"}],"author":[{"embeddable":true,"href":"https:\/\/agora.xtec.cat\/ies-carles-vallbona\/wp-json\/wp\/v2\/users\/6"}],"replies":[{"embeddable":true,"href":"https:\/\/agora.xtec.cat\/ies-carles-vallbona\/wp-json\/wp\/v2\/comments?post=5420"}],"version-history":[{"count":6,"href":"https:\/\/agora.xtec.cat\/ies-carles-vallbona\/wp-json\/wp\/v2\/pages\/5420\/revisions"}],"predecessor-version":[{"id":6684,"href":"https:\/\/agora.xtec.cat\/ies-carles-vallbona\/wp-json\/wp\/v2\/pages\/5420\/revisions\/6684"}],"up":[{"embeddable":true,"href":"https:\/\/agora.xtec.cat\/ies-carles-vallbona\/wp-json\/wp\/v2\/pages\/631"}],"wp:attachment":[{"href":"https:\/\/agora.xtec.cat\/ies-carles-vallbona\/wp-json\/wp\/v2\/media?parent=5420"}],"curies":[{"name":"wp","href":"https:\/\/api.w.org\/{rel}","templated":true}]}}