{"id":5030,"date":"2025-09-24T15:56:51","date_gmt":"2025-09-24T13:56:51","guid":{"rendered":"https:\/\/agora.xtec.cat\/ies-carles-vallbona\/?page_id=5030"},"modified":"2026-04-08T13:49:30","modified_gmt":"2026-04-08T11:49:30","slug":"complecio-destudis","status":"publish","type":"page","link":"https:\/\/agora.xtec.cat\/ies-carles-vallbona\/complecio-destudis\/","title":{"rendered":"Compleci\u00f3 d&#8217;estudis"},"content":{"rendered":"\n<h2 class=\"wp-block-heading\">Compleci\u00f3 d&#8217;estudis<\/h2>\n\n\n\n<p><strong>2a CONVOCAT\u00d2RIA COMPLECI\u00d3 ESTUDIS \u2014&gt; <\/strong>Si no et vas inscriure al mes d&#8217;octubre per finalitzar els teus estudis de pla anterior al 2024 pots matricular-te de l&#8217;1 al 15 de mar\u00e7 de 2026 per a la 2a convocat\u00f2ria. Passa per la secretaria del centre en horari d&#8217;atenci\u00f3 p\u00fablic. Les proves es realitzaran la setmana del 20 al 24 d&#8217;abril.<\/p>\n\n\n\n<p>Amb l\u2019entrada en vigor dels nous curr\u00edculums de Formaci\u00f3 Professional, alguns cicles formatius LOE han estat substitu\u00efts o extingits. Per garantir que l\u2019alumnat que no va poder finalitzar els estudis dins del termini ordinari tingui dret a completar la seva formaci\u00f3, el Departament d\u2019Educaci\u00f3 estableix un procediment de compleci\u00f3 regulat per&nbsp;<a href=\"https:\/\/portaldogc.gencat.cat\/utilsEADOP\/PDF\/9417\/2089256.pdf\" target=\"_blank\" rel=\"noopener\">l\u2019Ordre EDF\/74\/2025<\/a>.<\/p>\n\n\n\n<p>El termini per completar els cicles LOE a trav\u00e9s de compleci\u00f3 \u00e9s de dos cursos: <strong>2025-2026 i 2026-2027.<\/strong><\/p>\n\n\n\n<p>L&#8217;objectiu \u00e9s facilitar a l&#8217;alumnat que ha cursat un cicle formatiu LOE a l\u2019Institut, i no l\u2019ha finalitzat, la possibilitat de completar-lo dins el marc legal establert pel Departament d\u2019Educaci\u00f3.<\/p>\n\n\n\n<p><b>Nom\u00e9s poden sol\u00b7licitar la compleci\u00f3 a l&#8217;INS Carles Vallbona, les persones que hagin estat matriculats el seu darrer any del cicle formatiu a l&#8217;Institut, no cal que hagi estat durant el curs 24-25.<\/b><\/p>\n\n\n\n<p><strong>La compleci\u00f3 \u00e9s realitza mitjan\u00e7ant proves d&#8217;avaluaci\u00f3. L\u2019alumnat que s\u2019inscrigui en el proc\u00e9s de compleci\u00f3 haur\u00e0 de presentar-se a la prova d\u2019avaluaci\u00f3 presencial el dia o dies que s\u2019estableixin d\u2019acord amb els terminis indicats en l\u2019Ordre EDF\/74\/2025 (convocat\u00f2ries de novembre i abril).<br>L\u2019instrument d\u2019avaluaci\u00f3 utilitzat en la prova d\u2019avaluaci\u00f3 l\u2019establir\u00e0 l\u2019equip docent i pot consistir en una prova escrita, una prova pr\u00e0ctica, la presentaci\u00f3 i defensa d\u2019un projecte, una simulaci\u00f3 o altres, i es realitzar\u00e0 el dia establert.<\/strong><\/p>\n\n\n\n<p>En el per\u00edode indicat a l\u2019Ordre per a realitzar les proves d\u2019avaluaci\u00f3 (mes d\u2019abril i mes de novembre) els centres educatius<br>podran programar activitats presencials puntuals per a l\u2019alumnat que es presenti a les proves d\u2019avaluaci\u00f3 i que formaran part d\u2019aquestes.<\/p>\n\n\n\n<h5 class=\"wp-block-heading\"><u>Inscripci\u00f3 a les proves d\u2019avaluaci\u00f3 &nbsp; &nbsp;(alumnat que no ho va fer al mes de juny)<\/u><\/h5>\n\n\n\n<p>Les proves d\u2019avaluaci\u00f3 es convoquen&nbsp;<b>dues vegades<\/b> l\u2019any, amb els seg\u00fcents per\u00edodes d\u2019inscripci\u00f3 a la secretaria del centre, en horari d&#8217;atenci\u00f3 al p\u00fablic:<\/p>\n\n\n\n<ul class=\"wp-block-list\">\n<li>De l\u20191 al 15 d\u2019octubre \u2192 per presentar-se a la convocat\u00f2ria de novembre i abril.<\/li>\n\n\n\n<li>De l\u20191 al 15 de mar\u00e7 \u2192 per presentar-se a la convocat\u00f2ria d\u2019abril.<\/li>\n<\/ul>\n\n\n\n<h4 class=\"wp-block-heading\"><u>Convocat\u00f2ries de proves<\/u><\/h4>\n\n\n\n<ul class=\"wp-block-list\">\n<li><div>Convocat\u00f2ria de novembre: del 17 al 21 de novembre de 2025<\/div><\/li>\n\n\n\n<li><div>Convocat\u00f2ria d&#8217;abril: del 20 al 24 d&#8217;abril de 2026<\/div><\/li>\n<\/ul>\n\n\n\n<h4 class=\"wp-block-heading\"><strong><strong>Horaris proves compleci\u00f3 del 17 al 21 de novembre de 2025<\/strong><\/strong><\/h4>\n\n\n\n<figure class=\"wp-block-table\"><table class=\"has-fixed-layout\"><tbody><tr><td>Sistemes microinform\u00e0tics i xarxes (SMX)<\/td><td>Gesti\u00f3 administrativa (GAD)<\/td><td>Activitats comercials log\u00edstica (ACOlog)<\/td><\/tr><tr><td>Administraci\u00f3 de sistemes i xarxes (ASIX)<\/td><td>Gesti\u00f3 administrativa sanitari (GADSan)<\/td><td>Comer\u00e7 internacional (CIT)<\/td><\/tr><tr><td>Desenvolupament d&#8217;aplicacions multiplataforma (DAM)<\/td><td>Administraci\u00f3 i finances (ADFI)<\/td><td>Transport i log\u00edstica (TIL)<\/td><\/tr><tr><td>Desenvolupament d&#8217;aplicacions web (DAW)<\/td><td>&nbsp;<\/td><td>Gesti\u00f3 de vendes i espais comercials (GVEC)<\/td><\/tr><tr><td>&nbsp;<\/td><td>&nbsp;<\/td><td>M\u00e0rqueting i publicitat (MIP)<\/td><\/tr><\/tbody><\/table><\/figure>\n\n\n\n<p><strong><span style=\"color: #ff0000;\">IMPORTANT!<\/span><\/strong> Per poder fer els ex\u00e0mens \u00e9s <strong>obligatori<\/strong> &nbsp;realitzar el <strong>pagament<\/strong> de les <strong>taxes<\/strong> corresponents (25\u20ac per UF matriculada). Si no heu fet cap pagament o teniu dubtes poseu-vos en contacte amb secretaria\/oficines del centre abans de l&#8217;inici de la setmana de proves.&nbsp;<\/p>\n\n\n\n<p><span style=\"font-size: 24pt;\"><strong>Horaris proves compleci\u00f3 del 20 al 24 d&#8217;abril de 2026<\/strong><\/span><\/p>\n\n\n\n<p><strong><span style=\"color: #ff0000;\">IMPORTANT!<\/span><\/strong> Per poder fer els ex\u00e0mens \u00e9s <strong>obligatori<\/strong> &nbsp;realitzar el <strong>pagament<\/strong> de les <strong>taxes<\/strong> corresponents (25\u20ac per UF matriculada). Si no heu fet cap pagament o teniu dubtes poseu-vos en contacte amb secretaria\/oficines del centre abans de l&#8217;inici de la setmana de proves.&nbsp;<\/p>\n\n\n\n<figure class=\"wp-block-table\"><table class=\"has-fixed-layout\"><tbody><tr><td><a href=\"https:\/\/agora.xtec.cat\/ies-carles-vallbona\/wp-content\/uploads\/usu2364\/2026\/04\/SMX_2aC-2.pdf\">Sistemes microinform\u00e0tics i xarxes (SMX)<\/a><\/td><td><a href=\"https:\/\/agora.xtec.cat\/ies-carles-vallbona\/wp-content\/uploads\/usu2364\/2026\/04\/GAD_2aC-2.pdf\">Gesti\u00f3 administrativa (GAD)<\/a><\/td><td><a href=\"https:\/\/agora.xtec.cat\/ies-carles-vallbona\/wp-content\/uploads\/usu2364\/2026\/04\/ACOlog_2aC-2.pdf\">Activitats comercials log\u00edstica (ACOlog)<\/a><\/td><\/tr><tr><td><a href=\"https:\/\/agora.xtec.cat\/ies-carles-vallbona\/wp-content\/uploads\/usu2364\/2026\/04\/ASIX_2aC-2.pdf\">Administraci\u00f3 de sistemes i xarxes (ASIX)<\/a><\/td><td><a href=\"https:\/\/agora.xtec.cat\/ies-carles-vallbona\/wp-content\/uploads\/usu2364\/2026\/04\/GADSAN_2aC-2.pdf\">Gesti\u00f3 administrativa sanitari (GADSan)<\/a><\/td><td><a href=\"https:\/\/agora.xtec.cat\/ies-carles-vallbona\/wp-content\/uploads\/usu2364\/2026\/04\/CIT_2aC-2.pdf\">Comer\u00e7 internacional (CIT)<\/a><\/td><\/tr><tr><td><a href=\"https:\/\/agora.xtec.cat\/ies-carles-vallbona\/wp-content\/uploads\/usu2364\/2026\/04\/DAM_2aC-2.pdf\">Desenvolupament d&#8217;aplicacions multiplataforma (DAM)<\/a><\/td><td><a href=\"https:\/\/agora.xtec.cat\/ies-carles-vallbona\/wp-content\/uploads\/usu2364\/2026\/04\/ADFI_2aC-2.pdf\">Administraci\u00f3 i finances (ADFI)<\/a><\/td><td><a href=\"https:\/\/agora.xtec.cat\/ies-carles-vallbona\/wp-content\/uploads\/usu2364\/2026\/04\/TIL_2aC-2.pdf\">Transport i log\u00edstica (TIL)<\/a><\/td><\/tr><tr><td><a href=\"https:\/\/agora.xtec.cat\/ies-carles-vallbona\/wp-content\/uploads\/usu2364\/2026\/04\/DAW_2aC-2.pdf\">Desenvolupament d&#8217;aplicacions web (DAW)<\/a><\/td><td><\/td><td><a href=\"https:\/\/agora.xtec.cat\/ies-carles-vallbona\/wp-content\/uploads\/usu2364\/2026\/04\/GVEC_2aC-2.pdf\">Gesti\u00f3 de vendes i espais comercials (GVEC)<\/a><\/td><\/tr><tr><td><\/td><td><\/td><td><a href=\"https:\/\/agora.xtec.cat\/ies-carles-vallbona\/wp-content\/uploads\/usu2364\/2026\/04\/MIP_2aC-2.pdf\">M\u00e0rqueting i publicitat (MIP)<\/a><\/td><\/tr><\/tbody><\/table><\/figure>\n\n\n\n<p><\/p>\n","protected":false},"excerpt":{"rendered":"<p>Compleci\u00f3 d&#8217;estudis 2a CONVOCAT\u00d2RIA COMPLECI\u00d3 ESTUDIS \u2014&gt; Si no et vas inscriure al mes d&#8217;octubre per finalitzar els teus estudis de pla anterior al 2024 pots matricular-te de l&#8217;1 al 15 de mar\u00e7 de 2026 per a la 2a convocat\u00f2ria. Passa per la secretaria del centre en horari d&#8217;atenci\u00f3 p\u00fablic. Les proves es realitzaran la [&hellip;]<\/p>\n","protected":false},"author":1,"featured_media":0,"parent":0,"menu_order":0,"comment_status":"closed","ping_status":"closed","template":"","meta":{"_bbp_topic_count":0,"_bbp_reply_count":0,"_bbp_total_topic_count":0,"_bbp_total_reply_count":0,"_bbp_voice_count":0,"_bbp_anonymous_reply_count":0,"_bbp_topic_count_hidden":0,"_bbp_reply_count_hidden":0,"_bbp_forum_subforum_count":0,"site-sidebar-layout":"default","site-content-layout":"","ast-site-content-layout":"default","site-content-style":"default","site-sidebar-style":"default","ast-global-header-display":"","ast-banner-title-visibility":"","ast-main-header-display":"","ast-hfb-above-header-display":"","ast-hfb-below-header-display":"","ast-hfb-mobile-header-display":"","site-post-title":"","ast-breadcrumbs-content":"","ast-featured-img":"","footer-sml-layout":"","theme-transparent-header-meta":"","adv-header-id-meta":"","stick-header-meta":"","header-above-stick-meta":"","header-main-stick-meta":"","header-below-stick-meta":"","astra-migrate-meta-layouts":"set","ast-page-background-enabled":"default","ast-page-background-meta":{"desktop":{"background-color":"var(--ast-global-color-4)","background-image":"","background-repeat":"repeat","background-position":"center center","background-size":"auto","background-attachment":"scroll","background-type":"","background-media":"","overlay-type":"","overlay-color":"","overlay-opacity":"","overlay-gradient":""},"tablet":{"background-color":"","background-image":"","background-repeat":"repeat","background-position":"center center","background-size":"auto","background-attachment":"scroll","background-type":"","background-media":"","overlay-type":"","overlay-color":"","overlay-opacity":"","overlay-gradient":""},"mobile":{"background-color":"","background-image":"","background-repeat":"repeat","background-position":"center center","background-size":"auto","background-attachment":"scroll","background-type":"","background-media":"","overlay-type":"","overlay-color":"","overlay-opacity":"","overlay-gradient":""}},"ast-content-background-meta":{"desktop":{"background-color":"var(--ast-global-color-5)","background-image":"","background-repeat":"repeat","background-position":"center center","background-size":"auto","background-attachment":"scroll","background-type":"","background-media":"","overlay-type":"","overlay-color":"","overlay-opacity":"","overlay-gradient":""},"tablet":{"background-color":"var(--ast-global-color-5)","background-image":"","background-repeat":"repeat","background-position":"center center","background-size":"auto","background-attachment":"scroll","background-type":"","background-media":"","overlay-type":"","overlay-color":"","overlay-opacity":"","overlay-gradient":""},"mobile":{"background-color":"var(--ast-global-color-5)","background-image":"","background-repeat":"repeat","background-position":"center center","background-size":"auto","background-attachment":"scroll","background-type":"","background-media":"","overlay-type":"","overlay-color":"","overlay-opacity":"","overlay-gradient":""}},"footnotes":""},"class_list":["post-5030","page","type-page","status-publish","hentry"],"post_mailing_queue_ids":[],"_links":{"self":[{"href":"https:\/\/agora.xtec.cat\/ies-carles-vallbona\/wp-json\/wp\/v2\/pages\/5030","targetHints":{"allow":["GET"]}}],"collection":[{"href":"https:\/\/agora.xtec.cat\/ies-carles-vallbona\/wp-json\/wp\/v2\/pages"}],"about":[{"href":"https:\/\/agora.xtec.cat\/ies-carles-vallbona\/wp-json\/wp\/v2\/types\/page"}],"author":[{"embeddable":true,"href":"https:\/\/agora.xtec.cat\/ies-carles-vallbona\/wp-json\/wp\/v2\/users\/1"}],"replies":[{"embeddable":true,"href":"https:\/\/agora.xtec.cat\/ies-carles-vallbona\/wp-json\/wp\/v2\/comments?post=5030"}],"version-history":[{"count":5,"href":"https:\/\/agora.xtec.cat\/ies-carles-vallbona\/wp-json\/wp\/v2\/pages\/5030\/revisions"}],"predecessor-version":[{"id":6805,"href":"https:\/\/agora.xtec.cat\/ies-carles-vallbona\/wp-json\/wp\/v2\/pages\/5030\/revisions\/6805"}],"wp:attachment":[{"href":"https:\/\/agora.xtec.cat\/ies-carles-vallbona\/wp-json\/wp\/v2\/media?parent=5030"}],"curies":[{"name":"wp","href":"https:\/\/api.w.org\/{rel}","templated":true}]}}