{"id":4070,"date":"2024-12-02T15:49:53","date_gmt":"2024-12-02T14:49:53","guid":{"rendered":"https:\/\/agora.xtec.cat\/ies-carles-vallbona\/?page_id=4070"},"modified":"2025-12-02T10:41:26","modified_gmt":"2025-12-02T09:41:26","slug":"dades-del-centre","status":"publish","type":"page","link":"https:\/\/agora.xtec.cat\/ies-carles-vallbona\/estrategia-digital-de-centre\/dades-del-centre\/","title":{"rendered":"Dades del Centre"},"content":{"rendered":"<p><strong>Nom<\/strong>: Institut Carles Vallbona<br \/>\n<strong>Codi<\/strong>: 08043644<br \/>\n<strong>Horari<\/strong>: Dilluns a Divendres de 8.00 a 21:20<br \/>\n<strong>Adre\u00e7a<\/strong>: Carrer del Camp de les Moreres, 14, 08401 Granollers, Barcelona<br \/>\n<strong>Tel\u00e8fon<\/strong>: 938600021<br \/>\n<strong>Correu<\/strong>: a8043644@xtec.cat<\/p>\n<h2>Oferta Formativa<\/h2>\n<p><span style=\"font-weight: 400;\">L\u2019oferta educativa s\u2019est\u00e9n en 3 l\u00ednies d\u2019ESO que es divideixen en 4 subgrups, 3 l\u00ednies de batxillerat i 10 cicles formatius de grau mitj\u00e0 i grau superior de les fam\u00edlies professionals d\u2019Administraci\u00f3 i gesti\u00f3, Comer\u00e7 i m\u00e0rqueting i Inform\u00e0tica i comunicacions.<\/span><\/p>\n<table style=\"width: 97.0128%;\">\n<tbody>\n<tr>\n<td style=\"width: 26.6497%; text-align: center;\"><b>Curs 2025-26<\/b><\/td>\n<td style=\"width: 12.4365%; text-align: center;\"><b>ESO<\/b><\/td>\n<td style=\"width: 11.9289%; text-align: center;\"><b>BAT<\/b><\/td>\n<td style=\"width: 15.2284%; text-align: center;\"><b>CFGM<\/b><\/td>\n<td style=\"width: 14.7208%; text-align: center;\"><b>CGFS<\/b><\/td>\n<td style=\"width: 114.608%; text-align: center;\"><b>TOTAL<\/b><\/td>\n<\/tr>\n<tr>\n<td style=\"width: 26.6497%; text-align: center;\"><b>GRUPS<\/b><\/td>\n<td style=\"width: 12.4365%; text-align: center;\"><span style=\"font-weight: 400;\">12<\/span><\/td>\n<td style=\"width: 11.9289%; text-align: center;\"><span style=\"font-weight: 400;\">6<\/span><\/td>\n<td style=\"width: 15.2284%; text-align: center;\"><span style=\"font-weight: 400;\">8<\/span><\/td>\n<td style=\"width: 14.7208%; text-align: center;\"><span style=\"font-weight: 400;\">13<\/span><\/td>\n<td style=\"width: 114.608%; text-align: center;\"><span style=\"font-weight: 400;\">36<\/span><\/td>\n<\/tr>\n<\/tbody>\n<\/table>\n<h2>Infraestructura del Centre<\/h2>\n<p><span style=\"font-weight: 400;\">L\u2019edifici de l\u2019escola est\u00e0 constru\u00eft en tres plantes planta amb ascensor. Compta amb 36 aules, una biblioteca, aula de m\u00fasica, aula de dibuix, laboratori de ci\u00e8ncies, dos tallers de tecnologia i set aules d\u2019inform\u00e0tica.\u00a0<\/span><\/p>\n<ul>\n<li><span style=\"font-weight: 400;\">Les aules estan dotades de can\u00f3 de projecci\u00f3 i un ordinador per a \u00fas exclusiiu dels docents.<\/span><\/li>\n<li><span style=\"font-weight: 400;\">L\u2019alumnat de l&#8217;ESO disposa d&#8217;un<\/span> <span style=\"font-weight: 400;\">ordinador port\u00e0til com a dotaci\u00f3 del Departament.<\/span><\/li>\n<li><span style=\"font-weight: 400;\">Els docents disposen d&#8217;un ordinador dotat pel Departament d&#8217;Ensenyament.<\/span><\/li>\n<li><span style=\"font-weight: 400;\">Algunes aules disposen d&#8217;un carro de port\u00e0tils per a \u00fas de l&#8217;alumnat de cicles formatius.<\/span><\/li>\n<li>Una aula est\u00e0 equipada amb ordinadors Apple per les assignatures de disseny gr\u00e0fic.<\/li>\n<li><span style=\"font-weight: 400;\">Una aula est\u00e0 dedicada a la realitat virtual i disposa de dues impressores 3D i un esc\u00e0ner 3D.<\/span><\/li>\n<li><span style=\"font-weight: 400;\">La connectivitat del centre \u00e9s per fibra i Wi-Fi, aquesta \u00faltima desplegada pel Departament.<\/span><\/li>\n<li><span style=\"font-weight: 400;\">Les eines digitals d&#8217;aprenentatge que s&#8217;utilitzen s\u00f3n: <\/span>\n<ul>\n<li><span style=\"font-weight: 400;\">L\u2019espai Classroom a l\u2019ESO i Batxillerat.<\/span><\/li>\n<li><span style=\"font-weight: 400;\">L&#8217;entorn d&#8217;aprenentatge virtual Moodle a Cicles Formatius.<\/span><\/li>\n<\/ul>\n<\/li>\n<li>El domini @iescarlesvallbona.cat permet a docents i alumnat:\n<ul>\n<li>Disposar d&#8217;un correu electr\u00f2nic per la comunicaci\u00f3 interna.<\/li>\n<li>Accedir a les aplicacions del centre com Moodle o Classroom.<\/li>\n<\/ul>\n<\/li>\n<li>Com a plataformes de difusi\u00f3 dels projectes que es duen a terme es disposa d&#8217;un compte de Twitter i Facebook.<\/li>\n<\/ul>\n","protected":false},"excerpt":{"rendered":"<p>Nom: Institut Carles Vallbona Codi: 08043644 Horari: Dilluns a Divendres de 8.00 a 21:20 Adre\u00e7a: Carrer del Camp de les Moreres, 14, 08401 Granollers, Barcelona Tel\u00e8fon: 938600021 Correu: a8043644@xtec.cat Oferta Formativa L\u2019oferta educativa s\u2019est\u00e9n en 3 l\u00ednies d\u2019ESO que es divideixen en 4 subgrups, 3 l\u00ednies de batxillerat i 10 cicles formatius de grau mitj\u00e0 [&hellip;]<\/p>\n","protected":false},"author":8,"featured_media":0,"parent":1224,"menu_order":0,"comment_status":"closed","ping_status":"closed","template":"","meta":{"_bbp_topic_count":0,"_bbp_reply_count":0,"_bbp_total_topic_count":0,"_bbp_total_reply_count":0,"_bbp_voice_count":0,"_bbp_anonymous_reply_count":0,"_bbp_topic_count_hidden":0,"_bbp_reply_count_hidden":0,"_bbp_forum_subforum_count":0,"site-sidebar-layout":"default","site-content-layout":"","ast-site-content-layout":"default","site-content-style":"default","site-sidebar-style":"default","ast-global-header-display":"","ast-banner-title-visibility":"","ast-main-header-display":"","ast-hfb-above-header-display":"","ast-hfb-below-header-display":"","ast-hfb-mobile-header-display":"","site-post-title":"","ast-breadcrumbs-content":"","ast-featured-img":"","footer-sml-layout":"","theme-transparent-header-meta":"","adv-header-id-meta":"","stick-header-meta":"","header-above-stick-meta":"","header-main-stick-meta":"","header-below-stick-meta":"","astra-migrate-meta-layouts":"set","ast-page-background-enabled":"default","ast-page-background-meta":{"desktop":{"background-color":"var(--ast-global-color-4)","background-image":"","background-repeat":"repeat","background-position":"center center","background-size":"auto","background-attachment":"scroll","background-type":"","background-media":"","overlay-type":"","overlay-color":"","overlay-opacity":"","overlay-gradient":""},"tablet":{"background-color":"","background-image":"","background-repeat":"repeat","background-position":"center center","background-size":"auto","background-attachment":"scroll","background-type":"","background-media":"","overlay-type":"","overlay-color":"","overlay-opacity":"","overlay-gradient":""},"mobile":{"background-color":"","background-image":"","background-repeat":"repeat","background-position":"center center","background-size":"auto","background-attachment":"scroll","background-type":"","background-media":"","overlay-type":"","overlay-color":"","overlay-opacity":"","overlay-gradient":""}},"ast-content-background-meta":{"desktop":{"background-color":"var(--ast-global-color-5)","background-image":"","background-repeat":"repeat","background-position":"center center","background-size":"auto","background-attachment":"scroll","background-type":"","background-media":"","overlay-type":"","overlay-color":"","overlay-opacity":"","overlay-gradient":""},"tablet":{"background-color":"var(--ast-global-color-5)","background-image":"","background-repeat":"repeat","background-position":"center center","background-size":"auto","background-attachment":"scroll","background-type":"","background-media":"","overlay-type":"","overlay-color":"","overlay-opacity":"","overlay-gradient":""},"mobile":{"background-color":"var(--ast-global-color-5)","background-image":"","background-repeat":"repeat","background-position":"center center","background-size":"auto","background-attachment":"scroll","background-type":"","background-media":"","overlay-type":"","overlay-color":"","overlay-opacity":"","overlay-gradient":""}},"footnotes":""},"class_list":["post-4070","page","type-page","status-publish","hentry"],"post_mailing_queue_ids":[],"_links":{"self":[{"href":"https:\/\/agora.xtec.cat\/ies-carles-vallbona\/wp-json\/wp\/v2\/pages\/4070","targetHints":{"allow":["GET"]}}],"collection":[{"href":"https:\/\/agora.xtec.cat\/ies-carles-vallbona\/wp-json\/wp\/v2\/pages"}],"about":[{"href":"https:\/\/agora.xtec.cat\/ies-carles-vallbona\/wp-json\/wp\/v2\/types\/page"}],"author":[{"embeddable":true,"href":"https:\/\/agora.xtec.cat\/ies-carles-vallbona\/wp-json\/wp\/v2\/users\/8"}],"replies":[{"embeddable":true,"href":"https:\/\/agora.xtec.cat\/ies-carles-vallbona\/wp-json\/wp\/v2\/comments?post=4070"}],"version-history":[{"count":5,"href":"https:\/\/agora.xtec.cat\/ies-carles-vallbona\/wp-json\/wp\/v2\/pages\/4070\/revisions"}],"predecessor-version":[{"id":6119,"href":"https:\/\/agora.xtec.cat\/ies-carles-vallbona\/wp-json\/wp\/v2\/pages\/4070\/revisions\/6119"}],"up":[{"embeddable":true,"href":"https:\/\/agora.xtec.cat\/ies-carles-vallbona\/wp-json\/wp\/v2\/pages\/1224"}],"wp:attachment":[{"href":"https:\/\/agora.xtec.cat\/ies-carles-vallbona\/wp-json\/wp\/v2\/media?parent=4070"}],"curies":[{"name":"wp","href":"https:\/\/api.w.org\/{rel}","templated":true}]}}