{"id":39,"date":"2014-09-17T16:36:44","date_gmt":"2014-09-17T16:36:44","guid":{"rendered":"http:\/\/agora.xtec.cat\/ies-carles-vallbona\/?page_id=39"},"modified":"2025-12-16T13:17:07","modified_gmt":"2025-12-16T12:17:07","slug":"installacions","status":"publish","type":"page","link":"https:\/\/agora.xtec.cat\/ies-carles-vallbona\/linstitut\/installacions\/","title":{"rendered":"Instal\u00b7lacions"},"content":{"rendered":"<p>L&#8217;institut disposa de:<\/p>\n<table style=\"border-collapse: collapse; width: 100%; height: 96px;\">\n<tbody>\n<tr style=\"height: 32px;\">\n<td style=\"width: 20%; height: 32px; border-style: dotted; border-color: #000000;\"><strong>Sala Coworking<\/strong><\/td>\n<td style=\"width: 20%; height: 32px; border-style: dotted; border-color: #000000;\"><strong>Aula Realitat Virtual\/Polivalent<\/strong><\/td>\n<td style=\"width: 20%; height: 32px; border-style: dotted; border-color: #000000;\"><strong>Laboratori de biologia<\/strong><\/td>\n<td style=\"width: 20%; height: 32px; border-style: dotted; border-color: #000000;\"><strong>Laboratori de f\u00edsica i qu\u00edmica<\/strong><\/td>\n<td style=\"width: 20%; height: 32px; border-style: dotted; border-color: #000000;\"><strong>Aula de dibuix<\/strong><\/td>\n<\/tr>\n<tr style=\"height: 32px;\">\n<td style=\"width: 20%; height: 32px; border-style: dotted; border-color: #000000;\"><strong>Gimn\u00e0s i vestidors<\/strong><\/td>\n<td style=\"width: 20%; height: 32px; border-style: dotted; border-color: #000000;\"><strong>Aula de m\u00fasica<\/strong><\/td>\n<td style=\"width: 20%; height: 32px; border-style: dotted; border-color: #000000;\"><strong>Tallers d&#8217;inform\u00e0tica<\/strong><\/td>\n<td style=\"width: 20%; height: 32px; border-style: dotted; border-color: #000000;\"><strong>Taller de tecnologia<\/strong><\/td>\n<td style=\"width: 20%; height: 32px; border-style: dotted; border-color: #000000;\"><strong>Pista de v\u00f2lei<\/strong><\/td>\n<\/tr>\n<tr style=\"height: 32px;\">\n<td style=\"width: 20%; height: 32px; border-style: dotted; border-color: #000000;\"><strong>Pati de sorra\/ v\u00f2lei-platja<\/strong><\/td>\n<td style=\"width: 20%; height: 32px; border-style: dotted; border-color: #000000;\"><strong>Zona de p\u00edcnic<\/strong><\/td>\n<td style=\"width: 20%; height: 32px; border-style: dotted; border-color: #000000;\"><strong>Zona d&#8217;escalada\/roc\u00f2drom<\/strong><\/td>\n<td style=\"width: 20%; height: 32px; border-style: dotted; border-color: #000000;\"><strong>Pista de f\u00fatbol i b\u00e0squet<\/strong><\/td>\n<td style=\"width: 20%; height: 32px; border-style: dotted; border-color: #000000;\"><strong>\u00a0<\/strong><\/td>\n<\/tr>\n<\/tbody>\n<\/table>\n<p>Els alumnes del projecte singular tamb\u00e9 van elaborar un recorregut per l&#8217;institut per mostrar-vos les instal\u00b7lacions. <span style=\"color: #ff0000;\"><a style=\"color: #ff0000;\" href=\"https:\/\/drive.google.com\/file\/d\/1s2kTaRzRRgoD2L-iRMGHQe9vimOMTvSO\/view?usp=sharing\">Veure v\u00eddeo<\/a><\/span><\/p>\n<h4><span style=\"color: #ff0000;\">Tour virtual de l&#8217;institut<\/span><\/h4>\n<p><iframe loading=\"lazy\" title=\"YouTube video player\" src=\"https:\/\/www.youtube.com\/embed\/vq52NKXT7r0\" width=\"560\" height=\"315\" frameborder=\"0\" allowfullscreen=\"allowfullscreen\"><\/iframe><\/p>\n<h4><span style=\"color: #ff0000;\"><strong>Aula de realitat virtual<\/strong><\/span><\/h4>\n<table style=\"border-collapse: collapse; width: 100%;\">\n<tbody>\n<tr>\n<td style=\"width: 50%; border-style: hidden;\"><a href=\"https:\/\/agora.xtec.cat\/ies-carles-vallbona\/wp-content\/uploads\/usu2364\/2023\/03\/virtual2.jpg\"><img loading=\"lazy\" decoding=\"async\" class=\"wp-image-1578 aligncenter\" src=\"https:\/\/agora.xtec.cat\/ies-carles-vallbona\/wp-content\/uploads\/usu2364\/2023\/03\/virtual2.jpg\" alt=\"\" width=\"571\" height=\"428\" srcset=\"https:\/\/agora.xtec.cat\/ies-carles-vallbona\/wp-content\/uploads\/usu2364\/2023\/03\/virtual2.jpg 1000w, https:\/\/agora.xtec.cat\/ies-carles-vallbona\/wp-content\/uploads\/usu2364\/2023\/03\/virtual2-300x225.jpg 300w, https:\/\/agora.xtec.cat\/ies-carles-vallbona\/wp-content\/uploads\/usu2364\/2023\/03\/virtual2-768x576.jpg 768w, https:\/\/agora.xtec.cat\/ies-carles-vallbona\/wp-content\/uploads\/usu2364\/2023\/03\/virtual2-200x150.jpg 200w\" sizes=\"auto, (max-width: 571px) 100vw, 571px\" \/><\/a><\/td>\n<td style=\"width: 50%; border-style: hidden;\"><a href=\"https:\/\/agora.xtec.cat\/ies-carles-vallbona\/wp-content\/uploads\/usu2364\/2023\/03\/virtual1-rotated.jpg\"><img loading=\"lazy\" decoding=\"async\" class=\"wp-image-1577 aligncenter\" src=\"https:\/\/agora.xtec.cat\/ies-carles-vallbona\/wp-content\/uploads\/usu2364\/2023\/03\/virtual1-768x1024.jpg\" alt=\"\" width=\"328\" height=\"437\" srcset=\"https:\/\/agora.xtec.cat\/ies-carles-vallbona\/wp-content\/uploads\/usu2364\/2023\/03\/virtual1-768x1024.jpg 768w, https:\/\/agora.xtec.cat\/ies-carles-vallbona\/wp-content\/uploads\/usu2364\/2023\/03\/virtual1-225x300.jpg 225w, https:\/\/agora.xtec.cat\/ies-carles-vallbona\/wp-content\/uploads\/usu2364\/2023\/03\/virtual1-rotated.jpg 1000w\" sizes=\"auto, (max-width: 328px) 100vw, 328px\" \/><\/a><\/td>\n<\/tr>\n<\/tbody>\n<\/table>\n","protected":false},"excerpt":{"rendered":"<p>L&#8217;institut disposa de: Sala Coworking Aula Realitat Virtual\/Polivalent Laboratori de biologia Laboratori de f\u00edsica i qu\u00edmica Aula de dibuix Gimn\u00e0s i vestidors Aula de m\u00fasica Tallers d&#8217;inform\u00e0tica Taller de tecnologia Pista de v\u00f2lei Pati de sorra\/ v\u00f2lei-platja Zona de p\u00edcnic Zona d&#8217;escalada\/roc\u00f2drom Pista de f\u00fatbol i b\u00e0squet \u00a0 Els alumnes del projecte singular tamb\u00e9 van [&hellip;]<\/p>\n","protected":false},"author":1,"featured_media":0,"parent":19,"menu_order":30,"comment_status":"closed","ping_status":"closed","template":"","meta":{"_bbp_topic_count":0,"_bbp_reply_count":0,"_bbp_total_topic_count":0,"_bbp_total_reply_count":0,"_bbp_voice_count":0,"_bbp_anonymous_reply_count":0,"_bbp_topic_count_hidden":0,"_bbp_reply_count_hidden":0,"_bbp_forum_subforum_count":0,"site-sidebar-layout":"default","site-content-layout":"","ast-site-content-layout":"","site-content-style":"default","site-sidebar-style":"default","ast-global-header-display":"","ast-banner-title-visibility":"","ast-main-header-display":"","ast-hfb-above-header-display":"","ast-hfb-below-header-display":"","ast-hfb-mobile-header-display":"","site-post-title":"","ast-breadcrumbs-content":"","ast-featured-img":"","footer-sml-layout":"","theme-transparent-header-meta":"","adv-header-id-meta":"","stick-header-meta":"","header-above-stick-meta":"","header-main-stick-meta":"","header-below-stick-meta":"","astra-migrate-meta-layouts":"default","ast-page-background-enabled":"default","ast-page-background-meta":{"desktop":{"background-color":"var(--ast-global-color-4)","background-image":"","background-repeat":"repeat","background-position":"center center","background-size":"auto","background-attachment":"scroll","background-type":"","background-media":"","overlay-type":"","overlay-color":"","overlay-opacity":"","overlay-gradient":""},"tablet":{"background-color":"","background-image":"","background-repeat":"repeat","background-position":"center center","background-size":"auto","background-attachment":"scroll","background-type":"","background-media":"","overlay-type":"","overlay-color":"","overlay-opacity":"","overlay-gradient":""},"mobile":{"background-color":"","background-image":"","background-repeat":"repeat","background-position":"center center","background-size":"auto","background-attachment":"scroll","background-type":"","background-media":"","overlay-type":"","overlay-color":"","overlay-opacity":"","overlay-gradient":""}},"ast-content-background-meta":{"desktop":{"background-color":"var(--ast-global-color-5)","background-image":"","background-repeat":"repeat","background-position":"center center","background-size":"auto","background-attachment":"scroll","background-type":"","background-media":"","overlay-type":"","overlay-color":"","overlay-opacity":"","overlay-gradient":""},"tablet":{"background-color":"var(--ast-global-color-5)","background-image":"","background-repeat":"repeat","background-position":"center center","background-size":"auto","background-attachment":"scroll","background-type":"","background-media":"","overlay-type":"","overlay-color":"","overlay-opacity":"","overlay-gradient":""},"mobile":{"background-color":"var(--ast-global-color-5)","background-image":"","background-repeat":"repeat","background-position":"center center","background-size":"auto","background-attachment":"scroll","background-type":"","background-media":"","overlay-type":"","overlay-color":"","overlay-opacity":"","overlay-gradient":""}},"footnotes":""},"class_list":["post-39","page","type-page","status-publish","hentry"],"post_mailing_queue_ids":[],"_links":{"self":[{"href":"https:\/\/agora.xtec.cat\/ies-carles-vallbona\/wp-json\/wp\/v2\/pages\/39","targetHints":{"allow":["GET"]}}],"collection":[{"href":"https:\/\/agora.xtec.cat\/ies-carles-vallbona\/wp-json\/wp\/v2\/pages"}],"about":[{"href":"https:\/\/agora.xtec.cat\/ies-carles-vallbona\/wp-json\/wp\/v2\/types\/page"}],"author":[{"embeddable":true,"href":"https:\/\/agora.xtec.cat\/ies-carles-vallbona\/wp-json\/wp\/v2\/users\/1"}],"replies":[{"embeddable":true,"href":"https:\/\/agora.xtec.cat\/ies-carles-vallbona\/wp-json\/wp\/v2\/comments?post=39"}],"version-history":[{"count":7,"href":"https:\/\/agora.xtec.cat\/ies-carles-vallbona\/wp-json\/wp\/v2\/pages\/39\/revisions"}],"predecessor-version":[{"id":3758,"href":"https:\/\/agora.xtec.cat\/ies-carles-vallbona\/wp-json\/wp\/v2\/pages\/39\/revisions\/3758"}],"up":[{"embeddable":true,"href":"https:\/\/agora.xtec.cat\/ies-carles-vallbona\/wp-json\/wp\/v2\/pages\/19"}],"wp:attachment":[{"href":"https:\/\/agora.xtec.cat\/ies-carles-vallbona\/wp-json\/wp\/v2\/media?parent=39"}],"curies":[{"name":"wp","href":"https:\/\/api.w.org\/{rel}","templated":true}]}}