{"id":3310,"date":"2024-04-29T13:25:29","date_gmt":"2024-04-29T11:25:29","guid":{"rendered":"https:\/\/agora.xtec.cat\/ies-carles-vallbona\/?page_id=3310"},"modified":"2026-03-25T23:22:55","modified_gmt":"2026-03-25T22:22:55","slug":"preinscripcio-pfi-24-25","status":"publish","type":"page","link":"https:\/\/agora.xtec.cat\/ies-carles-vallbona\/preinscripcio-pfi-24-25\/","title":{"rendered":"Preinscripci\u00f3 PFI 26\/27"},"content":{"rendered":"<h5>INFORMACI\u00d3 GENERAL:<\/h5>\n<p>Els PFI de l&#8217;Institut s&#8217;imparteixen al Centre Vall\u00e9s (Carrer Vene\u00e7uela, 86, Granollers) Tel. 93 849 98 88<\/p>\n<p>L&#8217;institut anir\u00e0 publicant les llistes segons el calendari adjunt:<\/p>\n<table style=\"border-style: solid; width: 60.812934%; height: 413px;\">\n<tbody>\n<tr style=\"height: 26px;\">\n<td style=\"border-style: solid; border-color: #000000; background-color: #bd3131; height: 26px; width: 98.788695%;\" colspan=\"2\"><span style=\"color: #ffffff;\"><strong>CALENDARI\u00a0<\/strong><\/span><\/td>\n<\/tr>\n<tr style=\"height: 33px;\">\n<td style=\"border-style: solid; border-color: #000000; height: 33px; width: 30.224341%;\"><strong>30 d&#8217;abril<\/strong><\/td>\n<td style=\"border-style: solid; border-color: #000000; height: 33px; width: 68.564354%;\"><span style=\"color: #000000;\">Oferta inicial de places<\/span><\/td>\n<\/tr>\n<tr style=\"height: 33px;\">\n<td style=\"border-style: solid; border-color: #000000; height: 33px; width: 30.224341%;\"><strong>del 04 al 13 de <\/strong><b>maig<\/b><\/td>\n<td style=\"border-style: solid; border-color: #000000; height: 33px; width: 68.564354%;\">Presentaci\u00f3 de sol\u00b7licituds &#8211; preinscripci\u00f3<\/td>\n<\/tr>\n<tr style=\"height: 23px;\">\n<td style=\"border-style: solid; border-color: #000000; width: 30.224341%; height: 23px;\"><strong>del 04 al 14 de\u00a0<\/strong><b>maig<\/b><\/td>\n<td style=\"border-style: solid; border-color: #000000; width: 68.564354%; height: 23px;\">Presentaci\u00f3 documentaci\u00f3<\/td>\n<\/tr>\n<tr style=\"height: 33px;\">\n<td style=\"border-style: solid; border-color: #000000; height: 33px; width: 30.224341%;\"><strong>del 04 al 26 de maig<\/strong><\/td>\n<td style=\"border-style: solid; border-color: #000000; height: 33px; width: 68.564354%;\">Entrevistes d&#8217;orientaci\u00f3 i valoraci\u00f3<\/td>\n<\/tr>\n<tr style=\"height: 33px;\">\n<td style=\"border-style: solid; border-color: #000000; height: 33px; width: 30.224341%;\"><strong>26 de maig<\/strong><\/td>\n<td style=\"border-style: solid; border-color: #000000; height: 33px; width: 68.564354%;\"><span style=\"color: #000000;\">Llista de sol\u00b7licituds amb puntuaci\u00f3 provisional<\/span><\/td>\n<\/tr>\n<tr style=\"height: 33px;\">\n<td style=\"border-style: solid; border-color: #000000; height: 33px; width: 30.224341%;\"><strong>del 28 maig al 3 de juny<\/strong><\/td>\n<td style=\"border-style: solid; border-color: #000000; height: 33px; width: 68.564354%;\">Presentaci\u00f3 de reclamacions.<\/td>\n<\/tr>\n<tr style=\"height: 33px;\">\n<td style=\"border-style: solid; border-color: #000000; height: 33px; width: 30.224341%;\"><strong>08 de juny<\/strong><\/td>\n<td style=\"border-style: solid; border-color: #000000; height: 33px; width: 68.564354%;\"><span style=\"color: #000000;\">Llista de sol\u00b7licituds amb la puntuaci\u00f3 un cop resoltes les reclamacions<\/span><\/td>\n<\/tr>\n<tr style=\"height: 33px;\">\n<td style=\"border-style: solid; border-color: #000000; height: 10px; width: 30.224341%;\"><strong>08 de juny<\/strong><\/td>\n<td style=\"border-style: solid; border-color: #000000; height: 10px; width: 68.564354%;\">Sorteig per resoldre les sol\u00b7licituds de preinscripci\u00f3 empatades en punts.N\u00famero de desempat:<\/p>\n<p>N\u00famero m\u00e9s alt de sol\u00b7licitud:<\/td>\n<\/tr>\n<tr style=\"height: 33px;\">\n<td style=\"border-style: solid; border-color: #000000; height: 33px; width: 30.224341%;\"><strong>11 de juny<\/strong><\/td>\n<td style=\"border-style: solid; border-color: #000000; height: 33px; width: 68.564354%;\">Llista ordenada definitiva<\/td>\n<\/tr>\n<tr style=\"height: 47px;\">\n<td style=\"border-style: solid; border-color: #000000; height: 47px; width: 30.224341%;\"><strong>del 25 al 29 de juny<\/strong><\/td>\n<td style=\"border-style: solid; border-color: #000000; height: 47px; width: 68.564354%;\">Ampliaci\u00f3 de peticions de preinscripci\u00f3 per a alumnes sense pla\u00e7a assignada a cap centre<\/td>\n<\/tr>\n<tr style=\"height: 33px;\">\n<td style=\"border-style: solid; border-color: #000000; height: 33px; width: 30.224341%;\"><strong>01 de juliol<\/strong><\/td>\n<td style=\"border-style: solid; border-color: #000000; height: 33px; width: 68.564354%;\">Oferta final de places escolars<\/td>\n<\/tr>\n<tr style=\"height: 33px;\">\n<td style=\"border-style: solid; border-color: #000000; height: 10px; width: 30.224341%;\"><strong>03 de juliol<\/strong><\/td>\n<td style=\"border-style: solid; border-color: #000000; height: 10px; width: 68.564354%;\">Alumnat assignats al centre amb indicaci\u00f3 de la primera petici\u00f3Alumnat preinscrit al centre<\/p>\n<p>Llista d&#8217;espera<\/td>\n<\/tr>\n<tr style=\"height: 33px;\">\n<td style=\"border-style: solid; border-color: #000000; height: 33px; width: 30.224341%;\"><strong>del 06 a l&#8217;11 juliol<\/strong><\/td>\n<td style=\"border-style: solid; border-color: #000000; height: 33px; width: 68.564354%;\">Matriculaci\u00f3 PFI<\/td>\n<\/tr>\n<\/tbody>\n<\/table>\n<h5>Presentaci\u00f3 de les sol\u00b7licituds<\/h5>\n<p>Totes les sol\u00b7licituds s\u00f3n en format telem\u00e0tic mitjan\u00e7ant la web de la Generalitat <a href=\"https:\/\/preinscripcio.gencat.cat\/ca\/estudis\/pfi\/informat\/calendari\/\"><span style=\"color: #ff0000;\">aqu\u00ed.<\/span><\/a><\/p>\n<ul>\n<li>Cal disposar d\u2019un certificat digital o crear-ne un.<\/li>\n<\/ul>\n","protected":false},"excerpt":{"rendered":"<p>INFORMACI\u00d3 GENERAL: Els PFI de l&#8217;Institut s&#8217;imparteixen al Centre Vall\u00e9s (Carrer Vene\u00e7uela, 86, Granollers) Tel. 93 849 98 88 L&#8217;institut anir\u00e0 publicant les llistes segons el calendari adjunt: CALENDARI\u00a0 30 d&#8217;abril Oferta inicial de places del 04 al 13 de maig Presentaci\u00f3 de sol\u00b7licituds &#8211; preinscripci\u00f3 del 04 al 14 de\u00a0maig Presentaci\u00f3 documentaci\u00f3 del 04 [&hellip;]<\/p>\n","protected":false},"author":1,"featured_media":0,"parent":0,"menu_order":0,"comment_status":"closed","ping_status":"closed","template":"","meta":{"_bbp_topic_count":0,"_bbp_reply_count":0,"_bbp_total_topic_count":0,"_bbp_total_reply_count":0,"_bbp_voice_count":0,"_bbp_anonymous_reply_count":0,"_bbp_topic_count_hidden":0,"_bbp_reply_count_hidden":0,"_bbp_forum_subforum_count":0,"site-sidebar-layout":"default","site-content-layout":"","ast-site-content-layout":"default","site-content-style":"default","site-sidebar-style":"default","ast-global-header-display":"","ast-banner-title-visibility":"","ast-main-header-display":"","ast-hfb-above-header-display":"","ast-hfb-below-header-display":"","ast-hfb-mobile-header-display":"","site-post-title":"","ast-breadcrumbs-content":"","ast-featured-img":"","footer-sml-layout":"","theme-transparent-header-meta":"","adv-header-id-meta":"","stick-header-meta":"","header-above-stick-meta":"","header-main-stick-meta":"","header-below-stick-meta":"","astra-migrate-meta-layouts":"set","ast-page-background-enabled":"default","ast-page-background-meta":{"desktop":{"background-color":"var(--ast-global-color-4)","background-image":"","background-repeat":"repeat","background-position":"center center","background-size":"auto","background-attachment":"scroll","background-type":"","background-media":"","overlay-type":"","overlay-color":"","overlay-opacity":"","overlay-gradient":""},"tablet":{"background-color":"","background-image":"","background-repeat":"repeat","background-position":"center center","background-size":"auto","background-attachment":"scroll","background-type":"","background-media":"","overlay-type":"","overlay-color":"","overlay-opacity":"","overlay-gradient":""},"mobile":{"background-color":"","background-image":"","background-repeat":"repeat","background-position":"center center","background-size":"auto","background-attachment":"scroll","background-type":"","background-media":"","overlay-type":"","overlay-color":"","overlay-opacity":"","overlay-gradient":""}},"ast-content-background-meta":{"desktop":{"background-color":"var(--ast-global-color-5)","background-image":"","background-repeat":"repeat","background-position":"center center","background-size":"auto","background-attachment":"scroll","background-type":"","background-media":"","overlay-type":"","overlay-color":"","overlay-opacity":"","overlay-gradient":""},"tablet":{"background-color":"var(--ast-global-color-5)","background-image":"","background-repeat":"repeat","background-position":"center center","background-size":"auto","background-attachment":"scroll","background-type":"","background-media":"","overlay-type":"","overlay-color":"","overlay-opacity":"","overlay-gradient":""},"mobile":{"background-color":"var(--ast-global-color-5)","background-image":"","background-repeat":"repeat","background-position":"center center","background-size":"auto","background-attachment":"scroll","background-type":"","background-media":"","overlay-type":"","overlay-color":"","overlay-opacity":"","overlay-gradient":""}},"footnotes":""},"class_list":["post-3310","page","type-page","status-publish","hentry"],"post_mailing_queue_ids":[],"_links":{"self":[{"href":"https:\/\/agora.xtec.cat\/ies-carles-vallbona\/wp-json\/wp\/v2\/pages\/3310","targetHints":{"allow":["GET"]}}],"collection":[{"href":"https:\/\/agora.xtec.cat\/ies-carles-vallbona\/wp-json\/wp\/v2\/pages"}],"about":[{"href":"https:\/\/agora.xtec.cat\/ies-carles-vallbona\/wp-json\/wp\/v2\/types\/page"}],"author":[{"embeddable":true,"href":"https:\/\/agora.xtec.cat\/ies-carles-vallbona\/wp-json\/wp\/v2\/users\/1"}],"replies":[{"embeddable":true,"href":"https:\/\/agora.xtec.cat\/ies-carles-vallbona\/wp-json\/wp\/v2\/comments?post=3310"}],"version-history":[{"count":6,"href":"https:\/\/agora.xtec.cat\/ies-carles-vallbona\/wp-json\/wp\/v2\/pages\/3310\/revisions"}],"predecessor-version":[{"id":6723,"href":"https:\/\/agora.xtec.cat\/ies-carles-vallbona\/wp-json\/wp\/v2\/pages\/3310\/revisions\/6723"}],"wp:attachment":[{"href":"https:\/\/agora.xtec.cat\/ies-carles-vallbona\/wp-json\/wp\/v2\/media?parent=3310"}],"curies":[{"name":"wp","href":"https:\/\/api.w.org\/{rel}","templated":true}]}}