{"id":3309,"date":"2024-04-29T13:25:29","date_gmt":"2024-04-29T11:25:29","guid":{"rendered":"https:\/\/agora.xtec.cat\/ies-carles-vallbona\/?page_id=3309"},"modified":"2026-03-25T23:29:57","modified_gmt":"2026-03-25T22:29:57","slug":"preinscripcio-cfgs-24-25","status":"publish","type":"page","link":"https:\/\/agora.xtec.cat\/ies-carles-vallbona\/preinscripcio-cfgs-24-25\/","title":{"rendered":"Preinscripci\u00f3 CFGS 26\/27"},"content":{"rendered":"<h5 style=\"text-align: center;\">INFORMACI\u00d3 GENERAL:<\/h5>\n<p>Tota la informaci\u00f3 del proc\u00e9s de preinscripci\u00f3 i matr\u00edcula la trobareu a la p\u00e0gina web del <a href=\"https:\/\/preinscripcio.gencat.cat\/ca\/estudis\/fp-grau-superior\/inici\/\"><span style=\"color: #ff0000;\">Departament d&#8217;Educaci\u00f3<\/span><\/a><\/p>\n<table style=\"width: 98.097647%; border-collapse: collapse; border-color: #000000; border-style: solid; height: 103px;\">\n<tbody>\n<tr style=\"height: 32px;\">\n<td style=\"width: 53.868543%; background-color: #bd3131; border-style: solid; border-color: #000000; height: 32px;\" colspan=\"12\"><strong><span style=\"color: #ffffff;\">Places vacants fam\u00edlia <span style=\"caret-color: #ffffff;\">Inform\u00e1tica<\/span> i comunicacions<\/span><\/strong><\/td>\n<\/tr>\n<tr style=\"height: 32px;\">\n<td style=\"width: 17.847589%; text-align: center; border-style: solid; border-color: #000000; height: 10px;\" colspan=\"4\"><b>Administraci\u00f3 de sistemes i xarxes perfil ciberseguretat<\/b><\/td>\n<td style=\"text-align: center; border-style: solid; border-color: #000000; height: 10px; width: 19.2089%;\" colspan=\"4\"><strong>Desenvolupament d&#8217;aplicacions multiplataforma<\/strong><\/td>\n<td style=\"text-align: center; border-style: solid; border-color: #000000; width: 16.812054%; height: 10px;\" colspan=\"4\"><strong>Desenvolupament d&#8217;aplicacions web<\/strong><\/td>\n<\/tr>\n<tr style=\"height: 32px;\">\n<td style=\"width: 9.014474%; text-align: center; border-style: solid; border-color: #000000; height: 24px;\" colspan=\"2\">1r Curs<\/td>\n<td style=\"width: 8.833115%; text-align: center; border-style: solid; border-color: #000000; height: 24px;\" colspan=\"2\">2n Curs<\/td>\n<td style=\"width: 9.424098%; text-align: center; border-style: solid; border-color: #000000; height: 24px;\" colspan=\"2\">1r Curs<\/td>\n<td style=\"width: 9.784802%; text-align: center; border-style: solid; border-color: #000000; height: 24px;\" colspan=\"2\">2n Curs<\/td>\n<td style=\"width: 8.168457%; text-align: center; border-style: solid; border-color: #000000; height: 24px;\" colspan=\"2\">1r Curs<\/td>\n<td style=\"width: 8.643597%; text-align: center; border-style: solid; border-color: #000000; height: 24px;\" colspan=\"2\">2n Curs<\/td>\n<\/tr>\n<tr style=\"height: 31px;\">\n<td style=\"width: 4.485157%; text-align: center; border-style: solid; border-color: #000000; height: 10px;\">Ordin\u00e0ries<\/td>\n<td style=\"width: 4.529317%; text-align: center; border-style: solid; border-color: #000000; height: 10px;\">NEE<\/td>\n<td style=\"width: 4.350158%; text-align: center; border-style: solid; border-color: #000000; height: 10px;\">Ordin\u00e0ries<\/td>\n<td style=\"width: 4.482957%; text-align: center; border-style: solid; border-color: #000000; height: 10px;\">NEE<\/td>\n<td style=\"width: 4.849474%; text-align: center; border-style: solid; border-color: #000000; height: 10px;\">Ordin\u00e0ries<\/td>\n<td style=\"width: 4.574624%; text-align: center; border-style: solid; border-color: #000000; height: 10px;\">NEE<\/td>\n<td style=\"width: 4.791543%; text-align: center; border-style: solid; border-color: #000000; height: 10px;\">Ordin\u00e0ries<\/td>\n<td style=\"width: 4.993259%; text-align: center; border-style: solid; border-color: #000000; height: 10px;\">NEE<\/td>\n<td style=\"width: 4.120539%; text-align: center; border-style: solid; border-color: #000000; height: 10px;\">Ordin\u00e0ries<\/td>\n<td style=\"width: 4.047918%; text-align: center; border-style: solid; border-color: #000000; height: 10px;\">NEE<\/td>\n<td style=\"width: 4.123662%; text-align: center; border-style: solid; border-color: #000000; height: 10px;\">Ordin\u00e0ries<\/td>\n<td style=\"width: 4.519935%; text-align: center; border-style: solid; border-color: #000000; height: 10px;\">NEE<\/td>\n<\/tr>\n<tr style=\"height: 31px;\">\n<td style=\"width: 4.485157%; text-align: center; border-style: solid; border-color: #000000; height: 27px;\"><\/td>\n<td style=\"width: 4.529317%; text-align: center; border-style: solid; border-color: #000000; height: 27px;\"><\/td>\n<td style=\"width: 4.350158%; text-align: center; border-style: solid; border-color: #000000; height: 27px;\"><\/td>\n<td style=\"width: 4.482957%; text-align: center; border-style: solid; border-color: #000000; height: 27px;\"><\/td>\n<td style=\"width: 4.849474%; text-align: center; border-style: solid; border-color: #000000; height: 27px;\"><\/td>\n<td style=\"width: 4.574624%; text-align: center; border-style: solid; border-color: #000000; height: 27px;\"><\/td>\n<td style=\"width: 4.791543%; text-align: center; border-style: solid; border-color: #000000; height: 27px;\"><\/td>\n<td style=\"width: 4.993259%; text-align: center; border-style: solid; border-color: #000000; height: 27px;\"><\/td>\n<td style=\"width: 4.120539%; text-align: center; border-style: solid; border-color: #000000; height: 27px;\"><\/td>\n<td style=\"width: 4.047918%; text-align: center; border-style: solid; border-color: #000000; height: 27px;\"><\/td>\n<td style=\"width: 4.123662%; text-align: center; border-style: solid; border-color: #000000; height: 27px;\"><\/td>\n<td style=\"width: 4.519935%; text-align: center; border-style: solid; border-color: #000000; height: 27px;\"><\/td>\n<\/tr>\n<\/tbody>\n<\/table>\n<table style=\"border-collapse: collapse; border-color: #000000; border-style: solid; width: 98.134269%; height: 128px;\">\n<tbody>\n<tr style=\"height: 32px;\">\n<td style=\"width: 71.636196%; background-color: #bd3131; border-style: solid; border-color: #000000; height: 32px;\" colspan=\"16\"><span style=\"color: #ffffff;\"><strong>Places vacants fam\u00edlia Comer\u00e7 i m\u00e0rqueting<\/strong><\/span><\/td>\n<\/tr>\n<tr style=\"height: 32px;\">\n<td style=\"width: 17.42386%; text-align: center; border-style: solid; border-color: #000000; height: 10px;\" colspan=\"4\"><b>Comer\u00e7 internacional<\/b><\/td>\n<td style=\"text-align: center; border-style: solid; border-color: #000000; height: 10px; width: 18.855427%;\" colspan=\"4\"><strong>Transport I log\u00edstica<\/strong><\/td>\n<td style=\"text-align: center; border-style: solid; border-color: #000000; width: 16.725698%; height: 10px;\" colspan=\"4\"><strong>M\u00e0rqueting i publicitat<\/strong><\/td>\n<td style=\"width: 18.631211%; text-align: center; border-style: solid; border-color: #000000; height: 10px;\" colspan=\"4\"><strong>Gesti\u00f3 de vendes i espais comercials<\/strong><\/td>\n<\/tr>\n<tr style=\"height: 32px;\">\n<td style=\"width: 8.409983%; text-align: center; border-style: solid; border-color: #000000; height: 24px;\" colspan=\"2\">1r Curs<\/td>\n<td style=\"width: 9.013877%; text-align: center; border-style: solid; border-color: #000000; height: 24px;\" colspan=\"2\">2n Curs<\/td>\n<td style=\"width: 9.761471%; text-align: center; border-style: solid; border-color: #000000; height: 24px;\" colspan=\"2\">1r Curs<\/td>\n<td style=\"width: 9.093956%; text-align: center; border-style: solid; border-color: #000000; height: 24px;\" colspan=\"2\">2n Curs<\/td>\n<td style=\"width: 8.945659%; text-align: center; border-style: solid; border-color: #000000; height: 24px;\" colspan=\"2\">1r Curs<\/td>\n<td style=\"width: 7.780039%; text-align: center; border-style: solid; border-color: #000000; height: 24px;\" colspan=\"2\">2n Curs<\/td>\n<td style=\"width: 9.89877%; text-align: center; border-style: solid; border-color: #000000; height: 24px;\" colspan=\"2\">1r Curs<\/td>\n<td style=\"width: 8.732441%; text-align: center; border-style: solid; border-color: #000000; height: 24px;\" colspan=\"2\">2n Curs<\/td>\n<\/tr>\n<tr style=\"height: 31px;\">\n<td style=\"width: 4.485157%; text-align: center; border-style: solid; border-color: #000000; height: 31px;\">Ordin\u00e0ries<\/td>\n<td style=\"width: 3.924826%; text-align: center; border-style: solid; border-color: #000000; height: 31px;\">NEE<\/td>\n<td style=\"width: 4.954649%; text-align: center; border-style: solid; border-color: #000000; height: 31px;\">Ordin\u00e0ries<\/td>\n<td style=\"width: 4.059228%; text-align: center; border-style: solid; border-color: #000000; height: 31px;\">NEE<\/td>\n<td style=\"width: 5.273203%; text-align: center; border-style: solid; border-color: #000000; height: 31px;\">Ordin\u00e0ries<\/td>\n<td style=\"width: 4.488268%; text-align: center; border-style: solid; border-color: #000000; height: 31px;\">NEE<\/td>\n<td style=\"width: 4.877899%; text-align: center; border-style: solid; border-color: #000000; height: 31px;\">Ordin\u00e0ries<\/td>\n<td style=\"width: 4.216057%; text-align: center; border-style: solid; border-color: #000000; height: 31px;\">NEE<\/td>\n<td style=\"width: 4.897741%; text-align: center; border-style: solid; border-color: #000000; height: 31px;\">Ordin\u00e0ries<\/td>\n<td style=\"width: 4.047918%; text-align: center; border-style: solid; border-color: #000000; height: 31px;\">NEE<\/td>\n<td style=\"width: 4.123662%; text-align: center; border-style: solid; border-color: #000000; height: 31px;\">Ordin\u00e0ries<\/td>\n<td style=\"width: 3.656377%; text-align: center; border-style: solid; border-color: #000000; height: 31px;\">NEE<\/td>\n<td style=\"width: 5.701474%; text-align: center; border-style: solid; border-color: #000000; height: 31px;\">Ordin\u00e0ries<\/td>\n<td style=\"width: 4.197296%; text-align: center; border-style: solid; border-color: #000000; height: 31px;\">NEE<\/td>\n<td style=\"width: 5.220122%; text-align: center; border-style: solid; border-color: #000000; height: 31px;\">Ordin\u00e0ries<\/td>\n<td style=\"width: 3.512319%; text-align: center; border-style: solid; border-color: #000000; height: 31px;\">NEE<\/td>\n<\/tr>\n<tr style=\"height: 31px;\">\n<td style=\"width: 4.485157%; text-align: center; border-style: solid; border-color: #000000; height: 31px;\"><\/td>\n<td style=\"width: 3.924826%; text-align: center; border-style: solid; border-color: #000000; height: 31px;\"><\/td>\n<td style=\"width: 4.954649%; text-align: center; border-style: solid; border-color: #000000; height: 31px;\"><\/td>\n<td style=\"width: 4.059228%; text-align: center; border-style: solid; border-color: #000000; height: 31px;\"><\/td>\n<td style=\"width: 5.273203%; text-align: center; border-style: solid; border-color: #000000; height: 31px;\"><\/td>\n<td style=\"width: 4.488268%; text-align: center; border-style: solid; border-color: #000000; height: 31px;\"><\/td>\n<td style=\"width: 4.877899%; text-align: center; border-style: solid; border-color: #000000; height: 31px;\"><\/td>\n<td style=\"width: 4.216057%; text-align: center; border-style: solid; border-color: #000000; height: 31px;\"><\/td>\n<td style=\"width: 4.897741%; text-align: center; border-style: solid; border-color: #000000; height: 31px;\"><\/td>\n<td style=\"width: 4.047918%; text-align: center; border-style: solid; border-color: #000000; height: 31px;\"><\/td>\n<td style=\"width: 4.123662%; text-align: center; border-style: solid; border-color: #000000; height: 31px;\"><\/td>\n<td style=\"width: 3.656377%; text-align: center; border-style: solid; border-color: #000000; height: 31px;\"><\/td>\n<td style=\"width: 5.701474%; text-align: center; border-style: solid; border-color: #000000; height: 31px;\"><\/td>\n<td style=\"width: 4.197296%; text-align: center; border-style: solid; border-color: #000000; height: 31px;\"><\/td>\n<td style=\"width: 5.220122%; text-align: center; border-style: solid; border-color: #000000; height: 31px;\"><\/td>\n<td style=\"width: 3.512319%; text-align: center; border-style: solid; border-color: #000000; height: 31px;\"><\/td>\n<\/tr>\n<\/tbody>\n<\/table>\n<table style=\"border-collapse: collapse; border-color: #000000; border-style: solid; width: 0%; height: 72px;\">\n<tbody>\n<tr style=\"height: 32px;\">\n<td style=\"width: 2.936595%; background-color: #bd3131; border-style: solid; border-color: #000000; height: 32px;\" colspan=\"4\"><span style=\"color: #ffffff;\"><strong>Places vacants fam\u00edlia Administraci\u00f3 i gesti\u00f3<\/strong><\/span><\/td>\n<\/tr>\n<tr style=\"height: 32px;\">\n<td style=\"width: 2.936595%; text-align: center; border-style: solid; border-color: #000000; height: 10px;\" colspan=\"4\"><b>Administraci\u00f3 i finances<\/b><\/td>\n<\/tr>\n<tr style=\"height: 32px;\">\n<td style=\"width: 1.392758%; text-align: center; border-style: solid; border-color: #000000; height: 20px;\" colspan=\"2\">1r Curs<\/td>\n<td style=\"width: 1.543837%; text-align: center; border-style: solid; border-color: #000000; height: 20px;\" colspan=\"2\">2n Curs<\/td>\n<\/tr>\n<tr style=\"height: 31px;\">\n<td style=\"width: 0.696379%; text-align: center; border-style: solid; border-color: #000000; height: 10px;\"><\/td>\n<td style=\"width: 0.696379%; text-align: center; border-style: solid; border-color: #000000; height: 10px;\"><\/td>\n<td style=\"width: 0.696379%; text-align: center; border-style: solid; border-color: #000000; height: 10px;\"><\/td>\n<td style=\"width: 0.847458%; text-align: center; border-style: solid; border-color: #000000; height: 10px;\"><\/td>\n<\/tr>\n<\/tbody>\n<\/table>\n<p>CURS D&#8217;ESPECIALITZACI\u00d3 EN CIBERSEGURETAT: Tota la informaci\u00f3 <a href=\"https:\/\/agora.xtec.cat\/ies-carles-vallbona\/preinscripcio-curs-especialitzacio-ciberseguretat\/\">aqu\u00ed<\/a>.<\/p>\n<p>L&#8217;institut anir\u00e0 publicant les llistes segons el calendari adjunt:<\/p>\n<table style=\"border-style: solid; width: 82.788321%; height: 563px;\">\n<tbody>\n<tr style=\"height: 33px;\">\n<td style=\"border-style: solid; border-color: #000000; background-color: #bd3131; height: 33px; width: 131.838046%;\" colspan=\"2\"><span style=\"color: #ffffff;\"><strong>CALENDARI\u00a0<\/strong><\/span><\/td>\n<\/tr>\n<tr style=\"height: 33px;\">\n<td style=\"border-style: solid; border-color: #000000; height: 33px; width: 27.304824%;\"><strong>22 de maig<\/strong><\/td>\n<td style=\"border-style: solid; border-color: #000000; height: 33px; width: 104.533222%;\"><span style=\"color: #000000;\">Oferta inicial grau superior<\/span><\/td>\n<\/tr>\n<tr style=\"height: 33px;\">\n<td style=\"border-style: solid; border-color: #000000; height: 33px; width: 27.304824%;\"><strong>del 26 de maig al 01 de juny<\/strong><\/td>\n<td style=\"border-style: solid; border-color: #000000; height: 33px; width: 104.533222%;\"><span style=\"color: #000000;\">Presentaci\u00f3 de sol\u00b7licituds &#8211; preinscripci\u00f3<\/span><\/td>\n<\/tr>\n<tr style=\"height: 33px;\">\n<td style=\"border-style: solid; border-color: #000000; height: 33px; width: 27.304824%;\"><strong>del 26 de maig al 02 de juny<\/strong><\/td>\n<td style=\"border-style: solid; border-color: #000000; height: 33px; width: 104.533222%;\"><span style=\"color: #000000;\">Presentaci\u00f3 de la documentaci\u00f3.<\/span><\/td>\n<\/tr>\n<tr style=\"height: 33px;\">\n<td style=\"border-style: solid; border-color: #000000; height: 33px; width: 27.304824%;\"><span style=\"color: #000000;\"><strong>29 de juny<\/strong><\/span><\/td>\n<td style=\"border-style: solid; border-color: #000000; height: 33px; width: 104.533222%;\"><span style=\"color: #000000;\">Llista de sol\u00b7licituds amb puntuaci\u00f3 provisional<\/span><\/td>\n<\/tr>\n<tr style=\"height: 33px;\">\n<td style=\"border-style: solid; border-color: #000000; height: 33px; width: 27.304824%;\"><strong>del 29 de juny al 2 de juliol<\/strong><\/td>\n<td style=\"border-style: solid; border-color: #000000; height: 33px; width: 104.533222%;\"><span style=\"color: #000000;\">Presentaci\u00f3 de reclamacions.<\/span><\/td>\n<\/tr>\n<tr style=\"height: 33px;\">\n<td style=\"border-style: solid; border-color: #000000; height: 33px; width: 27.304824%;\"><strong>6 de juliol<\/strong><\/td>\n<td style=\"border-style: solid; border-color: #000000; height: 33px; width: 104.533222%;\"><span style=\"color: #000000;\">Sorteig per resoldre les sol\u00b7licituds de preinscripci\u00f3 empatades en punts <\/span><\/td>\n<\/tr>\n<tr style=\"height: 33px;\">\n<td style=\"border-style: solid; border-color: #000000; height: 33px; width: 27.304824%;\"><strong>7 de juliol<\/strong><\/td>\n<td style=\"border-style: solid; border-color: #000000; height: 33px; width: 104.533222%;\"><span style=\"color: #000000;\">Llista de sol\u00b7licituds amb la puntuaci\u00f3 un cop resoltes les reclamacions<\/span><\/td>\n<\/tr>\n<tr style=\"height: 33px;\">\n<td style=\"border-style: solid; border-color: #000000; height: 33px; width: 27.304824%;\"><strong>10 de juliol<\/strong><\/td>\n<td style=\"border-style: solid; border-color: #000000; height: 33px; width: 104.533222%;\">Oferta final de places<\/td>\n<\/tr>\n<tr style=\"height: 47px;\">\n<td style=\"border-style: solid; border-color: #000000; height: 18px; width: 27.304824%;\"><strong>10 de juliol<\/strong><\/td>\n<td style=\"border-style: solid; border-color: #000000; height: 18px; width: 104.533222%;\">Llista de places assignades de la primera tanda, amb indicaci\u00f3 de la petici\u00f3 atesa per l&#8217;alumnat<\/td>\n<\/tr>\n<tr style=\"height: 33px;\">\n<td style=\"border-style: solid; border-color: #000000; width: 27.304824%; height: 33px;\"><strong>del 10 al 14 de juliol<\/strong><\/td>\n<td style=\"border-style: solid; border-color: #000000; width: 104.533222%; height: 33px;\">Per\u00edode de <strong>confirmaci\u00f3 o ren\u00fancia de la pla\u00e7a<\/strong> assignada <strong>(TR\u00c0MIT TELEM\u00c0TIC)<\/strong><\/td>\n<\/tr>\n<tr style=\"height: 33px;\">\n<td style=\"border-style: solid; border-color: #000000; height: 21px; width: 27.304824%;\"><strong>del 10 al 16 de juliol\u00a0<\/strong><\/td>\n<td style=\"border-style: solid; border-color: #000000; height: 21px; width: 104.533222%;\">Per\u00edode de <strong>matriculaci\u00f3 <\/strong>\u00a0(nom\u00e9s si t&#8217;han assignat la 1a\u00a0opci\u00f3 i has confirmat la teva pla\u00e7a) <strong>AL CENTRE ASSIGNAT<\/strong><\/td>\n<\/tr>\n<tr style=\"height: 33px;\">\n<td style=\"border-style: solid; border-color: #000000; width: 27.304824%; height: 33px;\"><strong>24 de juliol <\/strong><\/td>\n<td style=\"border-style: solid; border-color: #000000; width: 104.533222%; height: 33px;\">Llista de places assignades de la segona tanda i en proposta d&#8217;assignaci\u00f3<\/td>\n<\/tr>\n<tr style=\"height: 33px;\">\n<td style=\"border-style: solid; border-color: #000000; height: 33px; width: 27.304824%;\"><strong>del 24 al 28 de juliol\u00a0<\/strong><\/td>\n<td style=\"border-style: solid; border-color: #000000; height: 33px; width: 104.533222%;\">Per\u00edode de <strong>confirmaci\u00f3 o ren\u00fancia<\/strong> de la pla\u00e7a assignada <strong><em>(tr\u00e0mit telem\u00e0tic<\/em>)<\/strong><\/td>\n<\/tr>\n<tr style=\"height: 33px;\">\n<td style=\"border-style: solid; border-color: #000000; width: 27.304824%; height: 33px;\"><strong>del 24 al 29 de juliol\u00a0<\/strong><\/td>\n<td style=\"border-style: solid; border-color: #000000; width: 104.533222%; height: 33px;\">Per\u00edode de <strong>matriculaci\u00f3<\/strong> (si has confirmat la teva pla\u00e7a en la 2a tanda) <strong>AL CENTRE ASSIGNAT<\/strong><\/td>\n<\/tr>\n<tr style=\"height: 33px;\">\n<td style=\"border-style: solid; border-color: #000000; width: 27.304824%; height: 33px;\"><strong>de l&#8217;1 al 3 de setembre<\/strong><\/td>\n<td style=\"border-style: solid; border-color: #000000; width: 104.533222%; height: 33px;\">Matr\u00edcula excepcional<\/td>\n<\/tr>\n<\/tbody>\n<\/table>\n<h5>Presentaci\u00f3 de les sol\u00b7licituds<\/h5>\n<p>Totes les sol\u00b7licituds s\u00f3n en format telem\u00e0tic mitjan\u00e7ant la web de la Generalitat <a href=\"https:\/\/preinscripcio.gencat.cat\/ca\/estudis\/fp-grau-superior\/preinscriute\/sollicitud\/\"><span style=\"color: #ff0000;\">aqu\u00ed.<\/span><\/a><\/p>\n<ul>\n<li>Cal disposar d\u2019un certificat digital o crear-ne un.<\/li>\n<\/ul>\n","protected":false},"excerpt":{"rendered":"<p>INFORMACI\u00d3 GENERAL: Tota la informaci\u00f3 del proc\u00e9s de preinscripci\u00f3 i matr\u00edcula la trobareu a la p\u00e0gina web del Departament d&#8217;Educaci\u00f3 Places vacants fam\u00edlia Inform\u00e1tica i comunicacions Administraci\u00f3 de sistemes i xarxes perfil ciberseguretat Desenvolupament d&#8217;aplicacions multiplataforma Desenvolupament d&#8217;aplicacions web 1r Curs 2n Curs 1r Curs 2n Curs 1r Curs 2n Curs Ordin\u00e0ries NEE Ordin\u00e0ries NEE [&hellip;]<\/p>\n","protected":false},"author":1,"featured_media":0,"parent":0,"menu_order":0,"comment_status":"closed","ping_status":"closed","template":"","meta":{"_bbp_topic_count":0,"_bbp_reply_count":0,"_bbp_total_topic_count":0,"_bbp_total_reply_count":0,"_bbp_voice_count":0,"_bbp_anonymous_reply_count":0,"_bbp_topic_count_hidden":0,"_bbp_reply_count_hidden":0,"_bbp_forum_subforum_count":0,"site-sidebar-layout":"default","site-content-layout":"","ast-site-content-layout":"default","site-content-style":"default","site-sidebar-style":"default","ast-global-header-display":"","ast-banner-title-visibility":"","ast-main-header-display":"","ast-hfb-above-header-display":"","ast-hfb-below-header-display":"","ast-hfb-mobile-header-display":"","site-post-title":"","ast-breadcrumbs-content":"","ast-featured-img":"","footer-sml-layout":"","theme-transparent-header-meta":"","adv-header-id-meta":"","stick-header-meta":"","header-above-stick-meta":"","header-main-stick-meta":"","header-below-stick-meta":"","astra-migrate-meta-layouts":"set","ast-page-background-enabled":"default","ast-page-background-meta":{"desktop":{"background-color":"var(--ast-global-color-4)","background-image":"","background-repeat":"repeat","background-position":"center center","background-size":"auto","background-attachment":"scroll","background-type":"","background-media":"","overlay-type":"","overlay-color":"","overlay-opacity":"","overlay-gradient":""},"tablet":{"background-color":"","background-image":"","background-repeat":"repeat","background-position":"center center","background-size":"auto","background-attachment":"scroll","background-type":"","background-media":"","overlay-type":"","overlay-color":"","overlay-opacity":"","overlay-gradient":""},"mobile":{"background-color":"","background-image":"","background-repeat":"repeat","background-position":"center center","background-size":"auto","background-attachment":"scroll","background-type":"","background-media":"","overlay-type":"","overlay-color":"","overlay-opacity":"","overlay-gradient":""}},"ast-content-background-meta":{"desktop":{"background-color":"var(--ast-global-color-5)","background-image":"","background-repeat":"repeat","background-position":"center center","background-size":"auto","background-attachment":"scroll","background-type":"","background-media":"","overlay-type":"","overlay-color":"","overlay-opacity":"","overlay-gradient":""},"tablet":{"background-color":"var(--ast-global-color-5)","background-image":"","background-repeat":"repeat","background-position":"center center","background-size":"auto","background-attachment":"scroll","background-type":"","background-media":"","overlay-type":"","overlay-color":"","overlay-opacity":"","overlay-gradient":""},"mobile":{"background-color":"var(--ast-global-color-5)","background-image":"","background-repeat":"repeat","background-position":"center center","background-size":"auto","background-attachment":"scroll","background-type":"","background-media":"","overlay-type":"","overlay-color":"","overlay-opacity":"","overlay-gradient":""}},"footnotes":""},"class_list":["post-3309","page","type-page","status-publish","hentry"],"post_mailing_queue_ids":[],"_links":{"self":[{"href":"https:\/\/agora.xtec.cat\/ies-carles-vallbona\/wp-json\/wp\/v2\/pages\/3309","targetHints":{"allow":["GET"]}}],"collection":[{"href":"https:\/\/agora.xtec.cat\/ies-carles-vallbona\/wp-json\/wp\/v2\/pages"}],"about":[{"href":"https:\/\/agora.xtec.cat\/ies-carles-vallbona\/wp-json\/wp\/v2\/types\/page"}],"author":[{"embeddable":true,"href":"https:\/\/agora.xtec.cat\/ies-carles-vallbona\/wp-json\/wp\/v2\/users\/1"}],"replies":[{"embeddable":true,"href":"https:\/\/agora.xtec.cat\/ies-carles-vallbona\/wp-json\/wp\/v2\/comments?post=3309"}],"version-history":[{"count":5,"href":"https:\/\/agora.xtec.cat\/ies-carles-vallbona\/wp-json\/wp\/v2\/pages\/3309\/revisions"}],"predecessor-version":[{"id":6722,"href":"https:\/\/agora.xtec.cat\/ies-carles-vallbona\/wp-json\/wp\/v2\/pages\/3309\/revisions\/6722"}],"wp:attachment":[{"href":"https:\/\/agora.xtec.cat\/ies-carles-vallbona\/wp-json\/wp\/v2\/media?parent=3309"}],"curies":[{"name":"wp","href":"https:\/\/api.w.org\/{rel}","templated":true}]}}