{"id":3308,"date":"2024-04-29T13:25:29","date_gmt":"2024-04-29T11:25:29","guid":{"rendered":"https:\/\/agora.xtec.cat\/ies-carles-vallbona\/?page_id=3308"},"modified":"2026-03-25T23:17:12","modified_gmt":"2026-03-25T22:17:12","slug":"preinscripcio-cfgm-24-25","status":"publish","type":"page","link":"https:\/\/agora.xtec.cat\/ies-carles-vallbona\/preinscripcio-cfgm-24-25\/","title":{"rendered":"Preinscripci\u00f3 CFGM 26\/27"},"content":{"rendered":"<h5>INFORMACI\u00d3 GENERAL:<\/h5>\n<p>Tota la informaci\u00f3 del proc\u00e9s de preinscripci\u00f3 i matr\u00edcula la trobareu a la p\u00e0gina web del <a href=\"https:\/\/preinscripcio.gencat.cat\/ca\/estudis\/fp-grau-mitja\/inici\/\"><span style=\"color: #ff0000;\">Departament d&#8217;Educaci\u00f3<\/span><\/a><\/p>\n<table style=\"width: 44.748417%; border-collapse: collapse; border-color: #000000; border-style: solid; height: 136px;\">\n<tbody>\n<tr style=\"height: 32px;\">\n<td style=\"width: 10.306299%; background-color: #bd3131; border-style: solid; border-color: #000000; height: 43px;\" colspan=\"8\"><span style=\"color: #ffffff;\"><strong>Places vacants fam\u00edlia Administraci\u00f3 i\u00a0<\/strong><\/span><span style=\"color: #ffffff;\"><span style=\"caret-color: #ffffff;\"><b>gesti\u00f3<\/b><\/span><\/span><\/td>\n<\/tr>\n<tr style=\"height: 32px;\">\n<td style=\"text-align: center; border-style: solid; border-color: #000000; width: 5.157641%; height: 11px;\" colspan=\"4\"><strong>Gesti\u00f3 administrativa (mat\u00ed)<\/strong><\/td>\n<td style=\"width: 5.148658%; text-align: center; border-style: solid; border-color: #000000; height: 11px;\" colspan=\"4\"><strong>Gesti\u00f3 administrativa perfil sanitari (tarda)<\/strong><\/td>\n<\/tr>\n<tr style=\"height: 32px;\">\n<td style=\"width: 2.877268%; text-align: center; border-style: solid; border-color: #000000; height: 20px;\" colspan=\"2\">1r Curs<\/td>\n<td style=\"width: 2.280373%; text-align: center; border-style: solid; border-color: #000000; height: 20px;\" colspan=\"2\">2n Curs<\/td>\n<td style=\"width: 3.698332%; text-align: center; border-style: solid; border-color: #000000; height: 20px;\" colspan=\"2\">1r Curs<\/td>\n<td style=\"width: 1.450326%; text-align: center; border-style: solid; border-color: #000000; height: 20px;\" colspan=\"2\">2n Curs<\/td>\n<\/tr>\n<tr style=\"height: 31px;\">\n<td style=\"width: 1.426942%; text-align: center; border-style: solid; border-color: #000000; height: 31px;\">Ordin\u00e0ries<\/td>\n<td style=\"width: 1.450326%; text-align: center; border-style: solid; border-color: #000000; height: 31px;\">NEE<\/td>\n<td style=\"width: 1.55521%; text-align: center; border-style: solid; border-color: #000000; height: 31px;\">Ordin\u00e0ries<\/td>\n<td style=\"width: 0.725163%; text-align: center; border-style: solid; border-color: #000000; height: 31px;\">NEE<\/td>\n<td style=\"width: 1.55521%; text-align: center; border-style: solid; border-color: #000000; height: 31px;\">Ordin\u00e0ries<\/td>\n<td style=\"width: 2.143122%; text-align: center; border-style: solid; border-color: #000000; height: 31px;\">NEE<\/td>\n<td style=\"width: 0.725163%; text-align: center; border-style: solid; border-color: #000000; height: 31px;\">Ordin\u00e0ries<\/td>\n<td style=\"width: 0.725163%; text-align: center; border-style: solid; border-color: #000000; height: 31px;\">NEE<\/td>\n<\/tr>\n<tr style=\"height: 31px;\">\n<td style=\"width: 1.426942%; text-align: center; border-style: solid; border-color: #000000; height: 31px;\"><\/td>\n<td style=\"width: 1.450326%; text-align: center; border-style: solid; border-color: #000000; height: 31px;\"><\/td>\n<td style=\"width: 1.55521%; text-align: center; border-style: solid; border-color: #000000; height: 31px;\"><\/td>\n<td style=\"width: 0.725163%; text-align: center; border-style: solid; border-color: #000000; height: 31px;\"><\/td>\n<td style=\"width: 1.55521%; text-align: center; border-style: solid; border-color: #000000; height: 31px;\"><\/td>\n<td style=\"width: 2.143122%; text-align: center; border-style: solid; border-color: #000000; height: 31px;\"><\/td>\n<td style=\"width: 0.725163%; text-align: center; border-style: solid; border-color: #000000; height: 31px;\"><\/td>\n<td style=\"width: 0.725163%; text-align: center; border-style: solid; border-color: #000000; height: 31px;\"><\/td>\n<\/tr>\n<\/tbody>\n<\/table>\n<table style=\"width: 44.748417%; border-collapse: collapse; border-color: #000000; border-style: solid; height: 140px;\">\n<tbody>\n<tr style=\"height: 32px;\">\n<td style=\"width: 7.179114%; background-color: #bd3131; border-style: solid; border-color: #000000; height: 43px;\" colspan=\"8\"><span style=\"color: #ffffff;\"><strong>Places vacants fam\u00edlia Comer\u00e7 i m\u00e0rqueting<\/strong><\/span><\/td>\n<\/tr>\n<tr style=\"height: 32px;\">\n<td style=\"width: 2.900652%; text-align: center; border-style: solid; border-color: #000000; height: 11px;\" colspan=\"4\"><strong>Activitats Comercials (mat\u00ed)<\/strong><\/td>\n<td style=\"text-align: center; border-style: solid; border-color: #000000; height: 11px; width: 4.278462%;\" colspan=\"4\"><strong>Activitats comercials perfil <\/strong><b>log\u00edstic (tarda)<\/b><\/td>\n<\/tr>\n<tr style=\"height: 32px;\">\n<td style=\"width: 1.450326%; text-align: center; border-style: solid; border-color: #000000; height: 24px;\" colspan=\"2\">1r Curs<\/td>\n<td style=\"width: 1.450326%; text-align: center; border-style: solid; border-color: #000000; height: 24px;\" colspan=\"2\">2n Curs<\/td>\n<td style=\"width: 2.828136%; text-align: center; border-style: solid; border-color: #000000; height: 24px;\" colspan=\"2\">1r Curs<\/td>\n<td style=\"width: 1.450326%; text-align: center; border-style: solid; border-color: #000000; height: 24px;\" colspan=\"2\">2n Curs<\/td>\n<\/tr>\n<tr style=\"height: 31px;\">\n<td style=\"width: 0.725163%; text-align: center; border-style: solid; border-color: #000000; height: 31px;\">Ordin\u00e0ries<\/td>\n<td style=\"width: 0.725163%; text-align: center; border-style: solid; border-color: #000000; height: 31px;\">NEE<\/td>\n<td style=\"width: 0.725163%; text-align: center; border-style: solid; border-color: #000000; height: 31px;\">Ordin\u00e0ries<\/td>\n<td style=\"width: 0.725163%; text-align: center; border-style: solid; border-color: #000000; height: 31px;\">NEE<\/td>\n<td style=\"width: 0.725163%; text-align: center; border-style: solid; border-color: #000000; height: 31px;\">Ordin\u00e0ries<\/td>\n<td style=\"width: 2.102973%; text-align: center; border-style: solid; border-color: #000000; height: 31px;\">NEE<\/td>\n<td style=\"width: 0.725163%; text-align: center; border-style: solid; border-color: #000000; height: 31px;\">Ordin\u00e0ries<\/td>\n<td style=\"width: 0.725163%; text-align: center; border-style: solid; border-color: #000000; height: 31px;\">NEE<\/td>\n<\/tr>\n<tr style=\"height: 31px;\">\n<td style=\"width: 0.725163%; text-align: center; border-style: solid; border-color: #000000; height: 31px;\"><\/td>\n<td style=\"width: 0.725163%; text-align: center; border-style: solid; border-color: #000000; height: 31px;\"><\/td>\n<td style=\"width: 0.725163%; text-align: center; border-style: solid; border-color: #000000; height: 31px;\"><\/td>\n<td style=\"width: 0.725163%; text-align: center; border-style: solid; border-color: #000000; height: 31px;\"><\/td>\n<td style=\"width: 0.725163%; text-align: center; border-style: solid; border-color: #000000; height: 31px;\"><\/td>\n<td style=\"width: 2.102973%; text-align: center; border-style: solid; border-color: #000000; height: 31px;\"><\/td>\n<td style=\"width: 0.725163%; text-align: center; border-style: solid; border-color: #000000; height: 31px;\"><\/td>\n<td style=\"width: 0.725163%; text-align: center; border-style: solid; border-color: #000000; height: 31px;\"><\/td>\n<\/tr>\n<\/tbody>\n<\/table>\n<table style=\"width: 44.56165%; border-collapse: collapse; border-color: #000000; border-style: solid; height: 110px;\">\n<tbody>\n<tr style=\"height: 32px;\">\n<td style=\"width: 25.254045%; background-color: #bd3131; border-style: solid; border-color: #000000; height: 32px;\" colspan=\"6\"><span style=\"color: #ffffff;\"><strong>Places vacants fam\u00edlia Inform\u00e0tica i comunicacions<\/strong><\/span><\/td>\n<\/tr>\n<tr style=\"height: 32px;\">\n<td style=\"text-align: center; border-style: solid; border-color: #000000; width: 25.254045%; height: 10px;\" colspan=\"6\"><strong style=\"font-family: inherit; font-size: 0.875em;\">Sistemes microinform\u00e0tics i xarxes<\/strong><\/td>\n<\/tr>\n<tr style=\"height: 32px;\">\n<td style=\"width: 9.518434%; text-align: center; border-style: solid; border-color: #000000; height: 14px;\" colspan=\"2\">1r Curs (Mat\u00ed)<\/td>\n<td style=\"width: 9.950399%; text-align: center; border-style: solid; border-color: #000000; height: 14px;\" colspan=\"2\">2n Curs (Mat\u00ed)<\/td>\n<td style=\"width: 5.785212%; text-align: center; border-style: solid; border-color: #000000; height: 14px;\" colspan=\"2\">2n Curs (tarda)<\/td>\n<\/tr>\n<tr style=\"height: 31px;\">\n<td style=\"width: 4.572869%; text-align: center; border-style: solid; border-color: #000000; height: 29px;\">Ordin\u00e0ries<\/td>\n<td style=\"width: 4.945565%; text-align: center; border-style: solid; border-color: #000000; height: 29px;\">NEE<\/td>\n<td style=\"width: 5.421082%; text-align: center; border-style: solid; border-color: #000000; height: 29px;\">Ordin\u00e0ries<\/td>\n<td style=\"width: 4.529317%; text-align: center; border-style: solid; border-color: #000000; height: 29px;\">NEE<\/td>\n<td style=\"width: 3.08054%; text-align: center; border-style: solid; border-color: #000000; height: 29px;\">Ordin\u00e0ries<\/td>\n<td style=\"width: 2.704672%; text-align: center; border-style: solid; border-color: #000000; height: 29px;\">NEE<\/td>\n<\/tr>\n<tr style=\"height: 31px;\">\n<td style=\"width: 4.572869%; text-align: center; border-style: solid; border-color: #000000; height: 25px;\"><\/td>\n<td style=\"width: 4.945565%; text-align: center; border-style: solid; border-color: #000000; height: 25px;\"><\/td>\n<td style=\"width: 5.421082%; text-align: center; border-style: solid; border-color: #000000; height: 25px;\"><\/td>\n<td style=\"width: 4.529317%; text-align: center; border-style: solid; border-color: #000000; height: 25px;\"><\/td>\n<td style=\"width: 3.08054%; text-align: center; border-style: solid; border-color: #000000; height: 25px;\"><\/td>\n<td style=\"width: 2.704672%; text-align: center; border-style: solid; border-color: #000000; height: 25px;\"><\/td>\n<\/tr>\n<\/tbody>\n<\/table>\n<table style=\"width: 44.56165%; border-collapse: collapse; border-color: #000000; border-style: solid; height: 109px;\">\n<tbody>\n<tr style=\"height: 32px;\">\n<td style=\"width: 10.784257%; background-color: #bd3131; border-style: solid; border-color: #000000; height: 32px;\" colspan=\"2\"><span style=\"color: #ffffff;\"><strong>Places vacants fam\u00edlia Sanitat<\/strong><\/span><\/td>\n<\/tr>\n<tr style=\"height: 32px;\">\n<td style=\"text-align: center; border-style: solid; border-color: #000000; width: 10.784257%; height: 10px;\" colspan=\"2\"><strong style=\"font-family: inherit; font-size: 0.875em;\">Cures d&#8217;auxiliar d&#8217;infermeria<\/strong><\/td>\n<\/tr>\n<tr style=\"height: 32px;\">\n<td style=\"width: 10.784257%; text-align: center; border-style: solid; border-color: #000000; height: 14px;\" colspan=\"2\">1r Curs (Mat\u00ed)<\/td>\n<\/tr>\n<tr style=\"height: 31px;\">\n<td style=\"width: 4.572869%; text-align: center; border-style: solid; border-color: #000000; height: 29px;\">Ordin\u00e0ries<\/td>\n<td style=\"width: 6.211388%; text-align: center; border-style: solid; border-color: #000000; height: 29px;\">NEE<\/td>\n<\/tr>\n<tr style=\"height: 31px;\">\n<td style=\"width: 4.572869%; text-align: center; border-style: solid; border-color: #000000; height: 24px;\"><\/td>\n<td style=\"width: 6.211388%; text-align: center; border-style: solid; border-color: #000000; height: 24px;\"><\/td>\n<\/tr>\n<\/tbody>\n<\/table>\n<table style=\"width: 44.56165%; border-collapse: collapse; border-color: #000000; border-style: solid; height: 109px;\">\n<tbody>\n<tr style=\"height: 32px;\">\n<td style=\"width: 10.784257%; background-color: #bd3131; border-style: solid; border-color: #000000; height: 32px;\" colspan=\"2\"><span style=\"color: #ffffff;\"><strong>Places vacants fam\u00edlia Serveis socioculturals i a la comunitat<\/strong><\/span><\/td>\n<\/tr>\n<tr style=\"height: 32px;\">\n<td style=\"text-align: center; border-style: solid; border-color: #000000; width: 10.784257%; height: 10px;\" colspan=\"2\"><strong style=\"font-family: inherit; font-size: 0.875em;\">Ateni\u00f3 a persones en situaci\u00f3 de depend\u00e8ncia<\/strong><\/td>\n<\/tr>\n<tr style=\"height: 32px;\">\n<td style=\"width: 10.784257%; text-align: center; border-style: solid; border-color: #000000; height: 14px;\" colspan=\"2\">1r Curs (Mat\u00ed)<\/td>\n<\/tr>\n<tr style=\"height: 31px;\">\n<td style=\"width: 4.572869%; text-align: center; border-style: solid; border-color: #000000; height: 29px;\">Ordin\u00e0ries<\/td>\n<td style=\"width: 6.211388%; text-align: center; border-style: solid; border-color: #000000; height: 29px;\">NEE<\/td>\n<\/tr>\n<tr style=\"height: 31px;\">\n<td style=\"width: 4.572869%; text-align: center; border-style: solid; border-color: #000000; height: 24px;\"><\/td>\n<td style=\"width: 6.211388%; text-align: center; border-style: solid; border-color: #000000; height: 24px;\"><\/td>\n<\/tr>\n<\/tbody>\n<\/table>\n<p>L&#8217;institut anir\u00e0 publicant les llistes segons el calendari adjunt:<\/p>\n<table style=\"border-style: solid; width: 82.788321%; height: 563px;\">\n<tbody>\n<tr style=\"height: 33px;\">\n<td style=\"border-style: solid; border-color: #000000; background-color: #bd3131; height: 33px; width: 131.838046%;\" colspan=\"2\"><span style=\"color: #ffffff;\"><strong>CALENDARI\u00a0<\/strong><\/span><\/td>\n<\/tr>\n<tr style=\"height: 33px;\">\n<td style=\"border-style: solid; border-color: #000000; height: 33px; width: 27.304824%;\"><strong>22 de maig<\/strong><\/td>\n<td style=\"border-style: solid; border-color: #000000; height: 33px; width: 104.533222%;\"><span style=\"color: #000000;\"><span style=\"color: #ff0000;\">Oferta inicial grau mitj\u00e0<\/span><\/span><\/td>\n<\/tr>\n<tr style=\"height: 33px;\">\n<td style=\"border-style: solid; border-color: #000000; height: 33px; width: 27.304824%;\"><strong>del 26 de maig al 01 de juny<\/strong><\/td>\n<td style=\"border-style: solid; border-color: #000000; height: 33px; width: 104.533222%;\"><span style=\"color: #000000;\">Presentaci\u00f3 de sol\u00b7licituds &#8211; preinscripci\u00f3<\/span><\/td>\n<\/tr>\n<tr style=\"height: 33px;\">\n<td style=\"border-style: solid; border-color: #000000; height: 33px; width: 27.304824%;\"><strong>del 26 de maig al 02 de juny<\/strong><\/td>\n<td style=\"border-style: solid; border-color: #000000; height: 33px; width: 104.533222%;\"><span style=\"color: #000000;\">Presentaci\u00f3 de la documentaci\u00f3.<\/span><\/td>\n<\/tr>\n<tr style=\"height: 33px;\">\n<td style=\"border-style: solid; border-color: #000000; height: 33px; width: 27.304824%;\"><span style=\"color: #000000;\"><strong>29 de juny<\/strong><\/span><\/td>\n<td style=\"border-style: solid; border-color: #000000; height: 33px; width: 104.533222%;\"><span style=\"color: #000000;\">Llista de sol\u00b7licituds amb puntuaci\u00f3 provisional<\/span><\/td>\n<\/tr>\n<tr style=\"height: 33px;\">\n<td style=\"border-style: solid; border-color: #000000; height: 33px; width: 27.304824%;\"><strong>del 29 de juny al 2 de juliol<\/strong><\/td>\n<td style=\"border-style: solid; border-color: #000000; height: 33px; width: 104.533222%;\"><span style=\"color: #000000;\">Presentaci\u00f3 de reclamacions.<\/span><\/td>\n<\/tr>\n<tr style=\"height: 33px;\">\n<td style=\"border-style: solid; border-color: #000000; height: 33px; width: 27.304824%;\"><strong>6 de juliol<\/strong><\/td>\n<td style=\"border-style: solid; border-color: #000000; height: 33px; width: 104.533222%;\"><span style=\"color: #000000;\">Sorteig per resoldre les sol\u00b7licituds de preinscripci\u00f3 empatades en punts <\/span><\/td>\n<\/tr>\n<tr style=\"height: 33px;\">\n<td style=\"border-style: solid; border-color: #000000; height: 33px; width: 27.304824%;\"><strong>7 de juliol<\/strong><\/td>\n<td style=\"border-style: solid; border-color: #000000; height: 33px; width: 104.533222%;\"><span style=\"color: #000000;\">Llista de sol\u00b7licituds amb la puntuaci\u00f3 un cop resoltes les reclamacions<\/span><\/td>\n<\/tr>\n<tr style=\"height: 33px;\">\n<td style=\"border-style: solid; border-color: #000000; height: 33px; width: 27.304824%;\"><strong>10 de juliol<\/strong><\/td>\n<td style=\"border-style: solid; border-color: #000000; height: 33px; width: 104.533222%;\">Oferta final de places<\/td>\n<\/tr>\n<tr style=\"height: 47px;\">\n<td style=\"border-style: solid; border-color: #000000; height: 18px; width: 27.304824%;\"><strong>10 de juliol<\/strong><\/td>\n<td style=\"border-style: solid; border-color: #000000; height: 18px; width: 104.533222%;\">Llista de places assignades de la primera tanda, amb indicaci\u00f3 de la petici\u00f3 atesa per l&#8217;alumnat<\/td>\n<\/tr>\n<tr style=\"height: 33px;\">\n<td style=\"border-style: solid; border-color: #000000; width: 27.304824%; height: 33px;\"><strong>del 10 al 14 de juliol<\/strong><\/td>\n<td style=\"border-style: solid; border-color: #000000; width: 104.533222%; height: 33px;\">Per\u00edode de <strong>confirmaci\u00f3 o ren\u00fancia de la pla\u00e7a<\/strong> assignada <strong>(TR\u00c0MIT TELEM\u00c0TIC)<\/strong><\/td>\n<\/tr>\n<tr style=\"height: 33px;\">\n<td style=\"border-style: solid; border-color: #000000; height: 21px; width: 27.304824%;\"><strong>del 10 al 16 de juliol\u00a0<\/strong><\/td>\n<td style=\"border-style: solid; border-color: #000000; height: 21px; width: 104.533222%;\">Per\u00edode de <strong>matriculaci\u00f3 <\/strong>\u00a0(nom\u00e9s si t&#8217;han assignat la 1a\u00a0opci\u00f3 i has confirmat la teva pla\u00e7a) <strong>AL CENTRE ASSIGNAT<\/strong><\/td>\n<\/tr>\n<tr style=\"height: 33px;\">\n<td style=\"border-style: solid; border-color: #000000; width: 27.304824%; height: 33px;\"><strong>24 de juliol <\/strong><\/td>\n<td style=\"border-style: solid; border-color: #000000; width: 104.533222%; height: 33px;\">Llista de places assignades de la segona tanda i en proposta d&#8217;assignaci\u00f3<\/td>\n<\/tr>\n<tr style=\"height: 33px;\">\n<td style=\"border-style: solid; border-color: #000000; height: 33px; width: 27.304824%;\"><strong>del 24 al 28 de juliol\u00a0<\/strong><\/td>\n<td style=\"border-style: solid; border-color: #000000; height: 33px; width: 104.533222%;\">Per\u00edode de <strong>confirmaci\u00f3 o ren\u00fancia<\/strong> de la pla\u00e7a assignada <strong><em>(tr\u00e0mit telem\u00e0tic<\/em>)<\/strong><\/td>\n<\/tr>\n<tr style=\"height: 33px;\">\n<td style=\"border-style: solid; border-color: #000000; width: 27.304824%; height: 33px;\"><strong>del 24 al 29 de juliol\u00a0<\/strong><\/td>\n<td style=\"border-style: solid; border-color: #000000; width: 104.533222%; height: 33px;\">Per\u00edode de <strong>matriculaci\u00f3<\/strong> (si has confirmat la teva pla\u00e7a en la 2a tanda) <strong>AL CENTRE ASSIGNAT<\/strong><\/td>\n<\/tr>\n<tr style=\"height: 33px;\">\n<td style=\"border-style: solid; border-color: #000000; width: 27.304824%; height: 33px;\"><strong>de l&#8217;1 al 3 de setembre<\/strong><\/td>\n<td style=\"border-style: solid; border-color: #000000; width: 104.533222%; height: 33px;\">Matr\u00edcula excepcional<\/td>\n<\/tr>\n<\/tbody>\n<\/table>\n<h5>Presentaci\u00f3 de les sol\u00b7licituds<\/h5>\n<p>Totes les sol\u00b7licituds s\u00f3n en format telem\u00e0tic mitjan\u00e7ant la web de la Generalitat <a href=\"https:\/\/preinscripcio.gencat.cat\/ca\/estudis\/fp-grau-mitja\/preinscriute\/sollicitud\/\"><span style=\"color: #ff0000;\">aqu\u00ed.<\/span><\/a><\/p>\n<ul>\n<li>Cal disposar d\u2019un certificat digital o crear-ne un.<\/li>\n<\/ul>\n","protected":false},"excerpt":{"rendered":"<p>INFORMACI\u00d3 GENERAL: Tota la informaci\u00f3 del proc\u00e9s de preinscripci\u00f3 i matr\u00edcula la trobareu a la p\u00e0gina web del Departament d&#8217;Educaci\u00f3 Places vacants fam\u00edlia Administraci\u00f3 i\u00a0gesti\u00f3 Gesti\u00f3 administrativa (mat\u00ed) Gesti\u00f3 administrativa perfil sanitari (tarda) 1r Curs 2n Curs 1r Curs 2n Curs Ordin\u00e0ries NEE Ordin\u00e0ries NEE Ordin\u00e0ries NEE Ordin\u00e0ries NEE Places vacants fam\u00edlia Comer\u00e7 i m\u00e0rqueting [&hellip;]<\/p>\n","protected":false},"author":1,"featured_media":0,"parent":0,"menu_order":0,"comment_status":"closed","ping_status":"closed","template":"","meta":{"_bbp_topic_count":0,"_bbp_reply_count":0,"_bbp_total_topic_count":0,"_bbp_total_reply_count":0,"_bbp_voice_count":0,"_bbp_anonymous_reply_count":0,"_bbp_topic_count_hidden":0,"_bbp_reply_count_hidden":0,"_bbp_forum_subforum_count":0,"site-sidebar-layout":"default","site-content-layout":"","ast-site-content-layout":"default","site-content-style":"default","site-sidebar-style":"default","ast-global-header-display":"","ast-banner-title-visibility":"","ast-main-header-display":"","ast-hfb-above-header-display":"","ast-hfb-below-header-display":"","ast-hfb-mobile-header-display":"","site-post-title":"","ast-breadcrumbs-content":"","ast-featured-img":"","footer-sml-layout":"","theme-transparent-header-meta":"","adv-header-id-meta":"","stick-header-meta":"","header-above-stick-meta":"","header-main-stick-meta":"","header-below-stick-meta":"","astra-migrate-meta-layouts":"set","ast-page-background-enabled":"default","ast-page-background-meta":{"desktop":{"background-color":"var(--ast-global-color-4)","background-image":"","background-repeat":"repeat","background-position":"center center","background-size":"auto","background-attachment":"scroll","background-type":"","background-media":"","overlay-type":"","overlay-color":"","overlay-opacity":"","overlay-gradient":""},"tablet":{"background-color":"","background-image":"","background-repeat":"repeat","background-position":"center center","background-size":"auto","background-attachment":"scroll","background-type":"","background-media":"","overlay-type":"","overlay-color":"","overlay-opacity":"","overlay-gradient":""},"mobile":{"background-color":"","background-image":"","background-repeat":"repeat","background-position":"center center","background-size":"auto","background-attachment":"scroll","background-type":"","background-media":"","overlay-type":"","overlay-color":"","overlay-opacity":"","overlay-gradient":""}},"ast-content-background-meta":{"desktop":{"background-color":"var(--ast-global-color-5)","background-image":"","background-repeat":"repeat","background-position":"center center","background-size":"auto","background-attachment":"scroll","background-type":"","background-media":"","overlay-type":"","overlay-color":"","overlay-opacity":"","overlay-gradient":""},"tablet":{"background-color":"var(--ast-global-color-5)","background-image":"","background-repeat":"repeat","background-position":"center center","background-size":"auto","background-attachment":"scroll","background-type":"","background-media":"","overlay-type":"","overlay-color":"","overlay-opacity":"","overlay-gradient":""},"mobile":{"background-color":"var(--ast-global-color-5)","background-image":"","background-repeat":"repeat","background-position":"center center","background-size":"auto","background-attachment":"scroll","background-type":"","background-media":"","overlay-type":"","overlay-color":"","overlay-opacity":"","overlay-gradient":""}},"footnotes":""},"class_list":["post-3308","page","type-page","status-publish","hentry"],"post_mailing_queue_ids":[],"_links":{"self":[{"href":"https:\/\/agora.xtec.cat\/ies-carles-vallbona\/wp-json\/wp\/v2\/pages\/3308","targetHints":{"allow":["GET"]}}],"collection":[{"href":"https:\/\/agora.xtec.cat\/ies-carles-vallbona\/wp-json\/wp\/v2\/pages"}],"about":[{"href":"https:\/\/agora.xtec.cat\/ies-carles-vallbona\/wp-json\/wp\/v2\/types\/page"}],"author":[{"embeddable":true,"href":"https:\/\/agora.xtec.cat\/ies-carles-vallbona\/wp-json\/wp\/v2\/users\/1"}],"replies":[{"embeddable":true,"href":"https:\/\/agora.xtec.cat\/ies-carles-vallbona\/wp-json\/wp\/v2\/comments?post=3308"}],"version-history":[{"count":6,"href":"https:\/\/agora.xtec.cat\/ies-carles-vallbona\/wp-json\/wp\/v2\/pages\/3308\/revisions"}],"predecessor-version":[{"id":6721,"href":"https:\/\/agora.xtec.cat\/ies-carles-vallbona\/wp-json\/wp\/v2\/pages\/3308\/revisions\/6721"}],"wp:attachment":[{"href":"https:\/\/agora.xtec.cat\/ies-carles-vallbona\/wp-json\/wp\/v2\/media?parent=3308"}],"curies":[{"name":"wp","href":"https:\/\/api.w.org\/{rel}","templated":true}]}}