{"id":27,"date":"2014-09-17T16:24:03","date_gmt":"2014-09-17T16:24:03","guid":{"rendered":"http:\/\/agora.xtec.cat\/ies-carles-vallbona\/?page_id=27"},"modified":"2025-10-26T02:19:41","modified_gmt":"2025-10-26T01:19:41","slug":"historia","status":"publish","type":"page","link":"https:\/\/agora.xtec.cat\/ies-carles-vallbona\/linstitut\/historia\/","title":{"rendered":"Hist\u00f2ria"},"content":{"rendered":"<h3>L&#8217;institut<\/h3>\n<p class=\"my-2 [&amp;+p]:mt-4 [&amp;_strong:has(+br)]:inline-block [&amp;_strong:has(+br)]:pb-2\">L\u2019edifici de l&#8217;Institut Carles Vallbona de Granollers es va crear i comen\u00e7ar a funcionar l\u2019any 1988, per\u00f2 4 anys abans ja havien comen\u00e7at les classes en barracons.<\/p>\n<p class=\"my-2 [&amp;+p]:mt-4 [&amp;_strong:has(+br)]:inline-block [&amp;_strong:has(+br)]:pb-2\">El projecte es va iniciar degut a l&#8217;exc\u00e9s d&#8217;estudiants que tenia \u00a0l\u2019Institut Antoni Cumella en el curs 1984-1985 i aquest motiu oblig\u00e0 a construir, per part del Departament d\u2019Ensenyament de la Generalitat, uns barracons al lloc on avui ocupa l\u2019IES Carles Vallbona.\u00a0 Granollers va gestionar uns terrenys de l\u2019antiga f\u00e0brica Roca Umbert i el nou centre iniciava el curs aquell mateix any 1984 amb el curs de 1r de BUP i sense el nom definitiu, ja que inicialment depenia de l&#8217;Antoni Cumella.<\/p>\n<p><a href=\"https:\/\/agora.xtec.cat\/ies-carles-vallbona\/wp-content\/uploads\/usu2364\/2025\/10\/image.png\"><img loading=\"lazy\" decoding=\"async\" class=\"alignnone size-large wp-image-5620\" src=\"https:\/\/agora.xtec.cat\/ies-carles-vallbona\/wp-content\/uploads\/usu2364\/2025\/10\/image-1024x400.png\" alt=\"Noticia de 1984. Granollers necessita un nou institut \" width=\"1024\" height=\"400\" srcset=\"https:\/\/agora.xtec.cat\/ies-carles-vallbona\/wp-content\/uploads\/usu2364\/2025\/10\/image-1024x400.png 1024w, https:\/\/agora.xtec.cat\/ies-carles-vallbona\/wp-content\/uploads\/usu2364\/2025\/10\/image-300x117.png 300w, https:\/\/agora.xtec.cat\/ies-carles-vallbona\/wp-content\/uploads\/usu2364\/2025\/10\/image-768x300.png 768w, https:\/\/agora.xtec.cat\/ies-carles-vallbona\/wp-content\/uploads\/usu2364\/2025\/10\/image.png 1379w\" sizes=\"auto, (max-width: 1024px) 100vw, 1024px\" \/><\/a><\/p>\n<p class=\"my-2 [&amp;+p]:mt-4 [&amp;_strong:has(+br)]:inline-block [&amp;_strong:has(+br)]:pb-2\">Hist\u00f2ria de l\u2019<a href=\"http:\/\/blog.iesacumella.cat\/historia-del-centre\/capitol-5-algunes-notes-sobre-levolucio-de-linstitut\/\">Institut Antoni Cumella<\/a><\/p>\n<p><a href=\"https:\/\/agora.xtec.cat\/ies-carles-vallbona\/wp-content\/uploads\/usu2364\/2025\/10\/Noticia-novembre-1988.png\"><img loading=\"lazy\" decoding=\"async\" class=\"alignnone size-full wp-image-5621\" src=\"https:\/\/agora.xtec.cat\/ies-carles-vallbona\/wp-content\/uploads\/usu2364\/2025\/10\/Noticia-novembre-1988.png\" alt=\"Noticia nou institut 1988 encara no inagurat. \" width=\"493\" height=\"690\" srcset=\"https:\/\/agora.xtec.cat\/ies-carles-vallbona\/wp-content\/uploads\/usu2364\/2025\/10\/Noticia-novembre-1988.png 493w, https:\/\/agora.xtec.cat\/ies-carles-vallbona\/wp-content\/uploads\/usu2364\/2025\/10\/Noticia-novembre-1988-214x300.png 214w\" sizes=\"auto, (max-width: 493px) 100vw, 493px\" \/><\/a>\u00a0 <a href=\"https:\/\/agora.xtec.cat\/ies-carles-vallbona\/wp-content\/uploads\/usu2364\/2025\/10\/Cens-escolar-IES-al-desembre-1988.png\"><img loading=\"lazy\" decoding=\"async\" class=\"alignnone size-full wp-image-5623\" src=\"https:\/\/agora.xtec.cat\/ies-carles-vallbona\/wp-content\/uploads\/usu2364\/2025\/10\/Cens-escolar-IES-al-desembre-1988.png\" alt=\"\" width=\"638\" height=\"526\" srcset=\"https:\/\/agora.xtec.cat\/ies-carles-vallbona\/wp-content\/uploads\/usu2364\/2025\/10\/Cens-escolar-IES-al-desembre-1988.png 638w, https:\/\/agora.xtec.cat\/ies-carles-vallbona\/wp-content\/uploads\/usu2364\/2025\/10\/Cens-escolar-IES-al-desembre-1988-300x247.png 300w\" sizes=\"auto, (max-width: 638px) 100vw, 638px\" \/><\/a><\/p>\n<p>L\u2019edifici definitiu de l\u2019institut es va inaugurar el 1988 amb el nom d&#8217;Institut d&#8217;Estudis Secundaris, com a centre de BUP i FP (a la imatge anterior veieu el cens d&#8217;alumnes del curs 1988-89). Disposava de laboratoris, tallers d\u2019electricitat i inform\u00e0tica, gimn\u00e0s, biblioteca i aules adaptades a les especialitats de formaci\u00f3 professional \u2014una caracter\u00edstica pionera en el moment de la seva obertura.<\/p>\n<p><a href=\"https:\/\/agora.xtec.cat\/ies-carles-vallbona\/wp-content\/uploads\/usu2364\/2025\/10\/Noticia-febrer-1989.png\"><img loading=\"lazy\" decoding=\"async\" class=\"alignnone size-large wp-image-5626\" src=\"https:\/\/agora.xtec.cat\/ies-carles-vallbona\/wp-content\/uploads\/usu2364\/2025\/10\/Noticia-febrer-1989-1024x619.png\" alt=\"\" width=\"1024\" height=\"619\" srcset=\"https:\/\/agora.xtec.cat\/ies-carles-vallbona\/wp-content\/uploads\/usu2364\/2025\/10\/Noticia-febrer-1989-1024x619.png 1024w, https:\/\/agora.xtec.cat\/ies-carles-vallbona\/wp-content\/uploads\/usu2364\/2025\/10\/Noticia-febrer-1989-300x181.png 300w, https:\/\/agora.xtec.cat\/ies-carles-vallbona\/wp-content\/uploads\/usu2364\/2025\/10\/Noticia-febrer-1989-768x464.png 768w, https:\/\/agora.xtec.cat\/ies-carles-vallbona\/wp-content\/uploads\/usu2364\/2025\/10\/Noticia-febrer-1989.png 1028w\" sizes=\"auto, (max-width: 1024px) 100vw, 1024px\" \/><\/a> Publicat: febrer 1989<\/p>\n<p><a href=\"https:\/\/agora.xtec.cat\/ies-carles-vallbona\/wp-content\/uploads\/usu2364\/2025\/10\/Noticia-febrer-1989_2.png\"><img loading=\"lazy\" decoding=\"async\" class=\"alignnone size-full wp-image-5627\" src=\"https:\/\/agora.xtec.cat\/ies-carles-vallbona\/wp-content\/uploads\/usu2364\/2025\/10\/Noticia-febrer-1989_2.png\" alt=\"Text de l'arquitecte de l'institut i detalls dels espais\" width=\"796\" height=\"689\" srcset=\"https:\/\/agora.xtec.cat\/ies-carles-vallbona\/wp-content\/uploads\/usu2364\/2025\/10\/Noticia-febrer-1989_2.png 796w, https:\/\/agora.xtec.cat\/ies-carles-vallbona\/wp-content\/uploads\/usu2364\/2025\/10\/Noticia-febrer-1989_2-300x260.png 300w, https:\/\/agora.xtec.cat\/ies-carles-vallbona\/wp-content\/uploads\/usu2364\/2025\/10\/Noticia-febrer-1989_2-768x665.png 768w\" sizes=\"auto, (max-width: 796px) 100vw, 796px\" \/><\/a><\/p>\n<p>Durant els anys 1990 i 2000, l\u2019institut va experimentar diverses reformes i ampliacions per adaptar-se al creixement d\u2019alumnat i a les noves necessitats tecnol\u00f2giques amb noves aules multim\u00e8dia i sala d&#8217;actes. L\u2019institut va consolidar la seva oferta d\u2019estudis d\u2019ESO, batxillerat i formaci\u00f3 professional en \u00e0rees com comer\u00e7, inform\u00e0tica i gesti\u00f3.<\/p>\n<p>El 1992 canvia el nom de l&#8217;institut per l&#8217;actual nom Carles Vallbona.<\/p>\n<p><a href=\"https:\/\/agora.xtec.cat\/ies-carles-vallbona\/wp-content\/uploads\/usu2364\/2025\/10\/Noticia-1992-nom-institut.png\"><img loading=\"lazy\" decoding=\"async\" class=\"alignnone size-full wp-image-5628\" src=\"https:\/\/agora.xtec.cat\/ies-carles-vallbona\/wp-content\/uploads\/usu2364\/2025\/10\/Noticia-1992-nom-institut.png\" alt=\"Canvia el nom de l'institut per Carles Vallbona al 1992\" width=\"665\" height=\"669\" srcset=\"https:\/\/agora.xtec.cat\/ies-carles-vallbona\/wp-content\/uploads\/usu2364\/2025\/10\/Noticia-1992-nom-institut.png 665w, https:\/\/agora.xtec.cat\/ies-carles-vallbona\/wp-content\/uploads\/usu2364\/2025\/10\/Noticia-1992-nom-institut-298x300.png 298w, https:\/\/agora.xtec.cat\/ies-carles-vallbona\/wp-content\/uploads\/usu2364\/2025\/10\/Noticia-1992-nom-institut-150x150.png 150w\" sizes=\"auto, (max-width: 665px) 100vw, 665px\" \/><\/a><\/p>\n<p>Actualment, l\u2019Institut Carles Vallbona continua sent un referent de formaci\u00f3 professional i innovaci\u00f3 educativa a la comarca del Vall\u00e8s Oriental. Disposa d\u2019un edifici modern, projectes de recerca educativa i col\u00b7laboracions amb empreses i institucions locals.<\/p>\n<p>Les imatges s\u00f3n de l&#8217;arxiu digital de Granollers, de les revistes <strong>Granollers informatiu. Butllet\u00ed de l&#8217;Ajuntament de Granollers. <\/strong><a style=\"font-size: revert; background-color: rgba(0, 0, 0, 0); font-weight: inherit;\" href=\"https:\/\/arxiumunicipal.granollers.cat\/ArxiuDigital\/viewer.vm?id=459997&amp;lang=ca&amp;page=5\">Enlla\u00e7 a l&#8217;article de la inaguraci\u00f3<\/a><\/p>\n<h3><\/h3>\n<h3><strong>Doctor Carles Vallbona<\/strong><\/h3>\n<p style=\"text-align: left;\"><span style=\"font-family: inherit; font-size: 1em;\"><img loading=\"lazy\" decoding=\"async\" class=\" wp-image-549 alignleft\" src=\"https:\/\/agora.xtec.cat\/ies-carles-vallbona\/wp-content\/uploads\/usu2364\/2023\/01\/Carles_Vallbona.png\" alt=\"\" width=\"168\" height=\"235\" \/>El doctor Carles Vallbona i Calb\u00f3 va n\u00e9ixer a Granollers el 29-6-1927 i va morir a Austin, Texas, el 5-8-2015. Va ser professor de Serveis Distingits en Medicina Familiar i Comunit\u00e0ria al Baylor College of Medicine de Houston, Texas.<\/span><\/p>\n<p>Tamb\u00e9, va ser director m\u00e8dic del Programa de Salut Comunit\u00e0ria del Harris County Hospital District. Llicenciat en <strong>Medicina i Cirurgia<\/strong> per la Universitat de Barcelona (1950), es doctor\u00e0 en Medicina i Cirurgia a la mateixa universitat l&#8217;any 1959.<\/p>\n<p>Durant el per\u00edode 1952-1953 va fer un internat de Pediatria a l&#8217;H\u00f4pital des Enfants Malades de Par\u00eds i, durant el 1955-1956, una resid\u00e8ncia de Pediatria a la University of Louisville School of Medicine i al Baylor College of Medicine. Tenia el t\u00edtol de<strong> pediatre i puericultor<\/strong> de l&#8217;Escola de Puericultura de Barcelona (1952) i fou diplomat per l&#8217;American Board of Pediatrics (1958).<\/p>\n<p>Va ser membre del professorat del Baylor College of Medicine des de 1956 i va exercir funcions de doc\u00e8ncia, recerca i serveis m\u00e8dics en diferents departaments i als hospitals afiliats al Baylor.<\/p>\n<p>Va ser autor de m\u00e9s de 240 articles i cap\u00edtols de llibres sobre temes de medicina comunit\u00e0ria, especialment pel que fa a la prevenci\u00f3 de malalties com la hipertensi\u00f3 i de trastorns cardiovasculars, i l&#8217;aplicaci\u00f3 de sistemes d&#8217;immunitzaci\u00f3, i sobre q\u00fcestions relacionades amb la informatitzaci\u00f3 dels processos de recollida i processament de dades m\u00e8diques.<\/p>\n<p>Va continuar formant part del consell editorial de diverses revistes cient\u00edfiques. Va ser un dels col\u00b7laboradors de la Direcci\u00f3 General de Salut P\u00fablica de la Conselleria de Sanitat i Seguretat Social de la Generalitat de Catalunya, president del Consell Assessor de la Promoci\u00f3 de Salut per l&#8217;Activitat F\u00edsica i membre del Comit\u00e8 Coordinador del Programa Nacional d&#8217;Educaci\u00f3 sobre la Hipertensi\u00f3 dels Instituts Nacionals de Salut dels Estats Units.<\/p>\n<p>Va ser objecte de nombrosos <strong>premis i distincions<\/strong> tant a Catalunya com als Estats Units (destaquem, per exemple, el Premi Joan Dal\u00f2s, atorgat pel Centre Cardiovascular Sant Jordi, de Barcelona, el 1998; la Medalla d&#8217;Or del 3r Congr\u00e9s Effort, de Barcelona, el 1997;\u00a0 el nomenament de doctor honoris causa per la Universitat Aut\u00f2noma de Barcelona, el 1997, \u00a0va ser distingit com a fill predilecte de Granollers (1998) i va guanyar la creu de Sant Jordi (2015).<\/p>\n<p>Va ser consultor de diverses institucions internacionals, com l&#8217;Organitzaci\u00f3 Mundial de la Salut (OMS), l&#8217;Organitzaci\u00f3 Panamericana de Salut i el Banc Mundial. Tamb\u00e9, <a href=\"https:\/\/agora.xtec.cat\/ies-carles-vallbona\/wp-content\/uploads\/usu2364\/2023\/01\/vallbona.png\"><img loading=\"lazy\" decoding=\"async\" class=\"wp-image-581 alignright\" src=\"https:\/\/agora.xtec.cat\/ies-carles-vallbona\/wp-content\/uploads\/usu2364\/2023\/01\/vallbona.png\" alt=\"\" width=\"384\" height=\"319\" srcset=\"https:\/\/agora.xtec.cat\/ies-carles-vallbona\/wp-content\/uploads\/usu2364\/2023\/01\/vallbona.png 322w, https:\/\/agora.xtec.cat\/ies-carles-vallbona\/wp-content\/uploads\/usu2364\/2023\/01\/vallbona-300x250.png 300w\" sizes=\"auto, (max-width: 384px) 100vw, 384px\" \/><\/a>va participar en organitzacions volunt\u00e0ries de salut, com l&#8217;Unicef, l&#8217;American Heart Association, l&#8217;American Lung Association o l&#8217;American Red Cross, a Houston , Texas .<\/p>\n<p>A banda de les activitats acad\u00e8miques que va portar a terme tant als Estats Units com a Catalunya, el Dr. Carles Vallbona realitz\u00e0 recerca sobre l&#8217;aplicaci\u00f3 dels camps magn\u00e8tics en el tractament del dolor.<\/p>\n<p>Va ser el principal investigador del primer estudi cient\u00edfic rigor\u00f3s que ha demostrat l&#8217;efic\u00e0cia dels imants est\u00e0tics i la transcend\u00e8ncia del seu treball va tenir ress\u00f2 internacional. El Dr. Vallbona considerava que la recerca sobre les aplicacions dels camps magn\u00e8tics en el control de problemes de salut obria moltes perspectives i esperava aportar-hi noves idees.<\/p>\n","protected":false},"excerpt":{"rendered":"<p>L&#8217;institut L\u2019edifici de l&#8217;Institut Carles Vallbona de Granollers es va crear i comen\u00e7ar a funcionar l\u2019any 1988, per\u00f2 4 anys abans ja havien comen\u00e7at les classes en barracons. El projecte es va iniciar degut a l&#8217;exc\u00e9s d&#8217;estudiants que tenia \u00a0l\u2019Institut Antoni Cumella en el curs 1984-1985 i aquest motiu oblig\u00e0 a construir, per part del [&hellip;]<\/p>\n","protected":false},"author":1,"featured_media":0,"parent":19,"menu_order":20,"comment_status":"closed","ping_status":"closed","template":"","meta":{"_bbp_topic_count":0,"_bbp_reply_count":0,"_bbp_total_topic_count":0,"_bbp_total_reply_count":0,"_bbp_voice_count":0,"_bbp_anonymous_reply_count":0,"_bbp_topic_count_hidden":0,"_bbp_reply_count_hidden":0,"_bbp_forum_subforum_count":0,"site-sidebar-layout":"default","site-content-layout":"","ast-site-content-layout":"default","site-content-style":"default","site-sidebar-style":"default","ast-global-header-display":"","ast-banner-title-visibility":"","ast-main-header-display":"","ast-hfb-above-header-display":"","ast-hfb-below-header-display":"","ast-hfb-mobile-header-display":"","site-post-title":"","ast-breadcrumbs-content":"","ast-featured-img":"","footer-sml-layout":"","theme-transparent-header-meta":"","adv-header-id-meta":"","stick-header-meta":"","header-above-stick-meta":"","header-main-stick-meta":"","header-below-stick-meta":"","astra-migrate-meta-layouts":"set","ast-page-background-enabled":"default","ast-page-background-meta":{"desktop":{"background-color":"var(--ast-global-color-4)","background-image":"","background-repeat":"repeat","background-position":"center center","background-size":"auto","background-attachment":"scroll","background-type":"","background-media":"","overlay-type":"","overlay-color":"","overlay-opacity":"","overlay-gradient":""},"tablet":{"background-color":"","background-image":"","background-repeat":"repeat","background-position":"center center","background-size":"auto","background-attachment":"scroll","background-type":"","background-media":"","overlay-type":"","overlay-color":"","overlay-opacity":"","overlay-gradient":""},"mobile":{"background-color":"","background-image":"","background-repeat":"repeat","background-position":"center center","background-size":"auto","background-attachment":"scroll","background-type":"","background-media":"","overlay-type":"","overlay-color":"","overlay-opacity":"","overlay-gradient":""}},"ast-content-background-meta":{"desktop":{"background-color":"var(--ast-global-color-5)","background-image":"","background-repeat":"repeat","background-position":"center center","background-size":"auto","background-attachment":"scroll","background-type":"","background-media":"","overlay-type":"","overlay-color":"","overlay-opacity":"","overlay-gradient":""},"tablet":{"background-color":"var(--ast-global-color-5)","background-image":"","background-repeat":"repeat","background-position":"center center","background-size":"auto","background-attachment":"scroll","background-type":"","background-media":"","overlay-type":"","overlay-color":"","overlay-opacity":"","overlay-gradient":""},"mobile":{"background-color":"var(--ast-global-color-5)","background-image":"","background-repeat":"repeat","background-position":"center center","background-size":"auto","background-attachment":"scroll","background-type":"","background-media":"","overlay-type":"","overlay-color":"","overlay-opacity":"","overlay-gradient":""}},"footnotes":""},"class_list":["post-27","page","type-page","status-publish","hentry"],"post_mailing_queue_ids":[],"_links":{"self":[{"href":"https:\/\/agora.xtec.cat\/ies-carles-vallbona\/wp-json\/wp\/v2\/pages\/27","targetHints":{"allow":["GET"]}}],"collection":[{"href":"https:\/\/agora.xtec.cat\/ies-carles-vallbona\/wp-json\/wp\/v2\/pages"}],"about":[{"href":"https:\/\/agora.xtec.cat\/ies-carles-vallbona\/wp-json\/wp\/v2\/types\/page"}],"author":[{"embeddable":true,"href":"https:\/\/agora.xtec.cat\/ies-carles-vallbona\/wp-json\/wp\/v2\/users\/1"}],"replies":[{"embeddable":true,"href":"https:\/\/agora.xtec.cat\/ies-carles-vallbona\/wp-json\/wp\/v2\/comments?post=27"}],"version-history":[{"count":5,"href":"https:\/\/agora.xtec.cat\/ies-carles-vallbona\/wp-json\/wp\/v2\/pages\/27\/revisions"}],"predecessor-version":[{"id":5625,"href":"https:\/\/agora.xtec.cat\/ies-carles-vallbona\/wp-json\/wp\/v2\/pages\/27\/revisions\/5625"}],"up":[{"embeddable":true,"href":"https:\/\/agora.xtec.cat\/ies-carles-vallbona\/wp-json\/wp\/v2\/pages\/19"}],"wp:attachment":[{"href":"https:\/\/agora.xtec.cat\/ies-carles-vallbona\/wp-json\/wp\/v2\/media?parent=27"}],"curies":[{"name":"wp","href":"https:\/\/api.w.org\/{rel}","templated":true}]}}