{"id":2662,"date":"2023-10-23T14:06:11","date_gmt":"2023-10-23T12:06:11","guid":{"rendered":"https:\/\/agora.xtec.cat\/ies-carles-vallbona\/?page_id=2662"},"modified":"2024-11-29T16:28:47","modified_gmt":"2024-11-29T15:28:47","slug":"transparencia-i-acces-a-la-informacio-publica-del-centre","status":"publish","type":"page","link":"https:\/\/agora.xtec.cat\/ies-carles-vallbona\/transparencia-i-acces-a-la-informacio-publica-del-centre\/","title":{"rendered":"Transpar\u00e8ncia i acc\u00e9s a la informaci\u00f3 p\u00fablica del centre"},"content":{"rendered":"<table style=\"border-collapse: collapse; width: 100%;\">\n<tbody>\n<tr>\n<td style=\"width: 25%; border-color: #000000; background-color: #db7272;\"><strong>Pressupost 2023<\/strong><\/td>\n<td style=\"width: 25%; border-color: #000000; background-color: #db7272;\"><strong>Fitxes i traject\u00f2ria professional dels \u00f2rgans de govern<\/strong><\/td>\n<td style=\"width: 25%; border-color: #000000; background-color: #db7272;\"><strong>Acords consell escolar<\/strong><\/td>\n<td style=\"width: 25%; border-color: #000000; background-color: #db7272;\"><strong>Relaci\u00f3 de convenis vigents<\/strong><\/td>\n<\/tr>\n<tr>\n<td style=\"width: 25%;\"><span style=\"color: #ff0000;\"><a style=\"color: #ff0000;\" href=\"https:\/\/agora.xtec.cat\/ies-carles-vallbona\/wp-content\/uploads\/usu2364\/2023\/11\/PRESSUPOST-2023.pdf\">PRESSUPOST 2023<\/a><\/span><\/p>\n<p><span style=\"color: #ff0000;\"><a style=\"color: #ff0000;\" href=\"https:\/\/agora.xtec.cat\/ies-carles-vallbona\/wp-content\/uploads\/usu2364\/2024\/11\/20241106162821313.pdf\">PRESSUPOST 2024<\/a><\/span><\/td>\n<td style=\"width: 25%;\">\n<ul>\n<li><span style=\"color: #ff0000;\"><a style=\"color: #ff0000;\" href=\"https:\/\/agora.xtec.cat\/ies-carles-vallbona\/wp-content\/uploads\/usu2364\/2023\/10\/Fitxa_PTP-Chus.pdf\">Directora<\/a><\/span><\/li>\n<li><span style=\"color: #ff0000;\"><a style=\"color: #ff0000;\" href=\"https:\/\/agora.xtec.cat\/ies-carles-vallbona\/wp-content\/uploads\/usu2364\/2023\/10\/Fitxa_PTP.pdf\">Cap d&#8217;estudis FP<\/a><\/span><\/li>\n<li><span style=\"color: #ff0000;\"><a style=\"color: #ff0000;\" href=\"https:\/\/agora.xtec.cat\/ies-carles-vallbona\/wp-content\/uploads\/usu2364\/2023\/10\/Fitxa_PTP_Alicia_Floriach.pdf\">Cap d&#8217;estudis ESO i Batxillerat<\/a><\/span><\/li>\n<li><a href=\"https:\/\/agora.xtec.cat\/ies-carles-vallbona\/wp-content\/uploads\/usu2364\/2024\/11\/Fitxa_PTP-3-Signat.pdf\"><span style=\"color: #ff0000;\">Cap d&#8217;estudis adjunta<\/span><\/a><\/li>\n<li><span style=\"color: #ff0000;\"><a style=\"color: #ff0000;\" href=\"https:\/\/agora.xtec.cat\/ies-carles-vallbona\/wp-content\/uploads\/usu2364\/2023\/10\/Fitxa_PTP-1.pdf\">Secret\u00e0ria<\/a><\/span><\/li>\n<li><span style=\"color: #ff0000;\"><a style=\"color: #ff0000;\" href=\"https:\/\/agora.xtec.cat\/ies-carles-vallbona\/wp-content\/uploads\/usu2364\/2023\/10\/Fitxa_PTP_signat.pdf\">Coordinadora pedag\u00f2gica<\/a><\/span><\/li>\n<\/ul>\n<\/td>\n<td style=\"width: 25%;\"><span style=\"color: #ff0000;\">ACORDS CONSELL ESCOLAR<\/span><\/p>\n<div>Acords vigents del Consell Escolar:<\/div>\n<div><\/div>\n<div>&#8211; Aprovaci\u00f3 del pressupost de l&#8217;any 2024<\/div>\n<div>&#8211; Aprovaci\u00f3 de les quotes per al\u00a0 curs 2024\/2025<\/div>\n<div>&#8211; Aprovaci\u00f3 del Calendari Escolar per al\u00a0 curs 2024\/2025<\/div>\n<div>&#8211; Aprovaci\u00f3 d&#8217;horaris excepcionals per al\u00a0 curs 2024\/2025<\/div>\n<div>&#8211; Aprovaci\u00f3 de la mem\u00f2ria del curs 2023\/2024<\/div>\n<div>&#8211; Aprovaci\u00f3 de la PGAC per al\u00a0 curs 2024\/2025<\/div>\n<div>&#8211; Aprovaci\u00f3 dels canvis a les NOFC<\/div>\n<div>&#8211; Aprovaci\u00f3 de les sortides per al\u00a0 curs 2024\/2025<\/div>\n<div>&#8211; Aprovaci\u00f3 de la participaci\u00f3 del centre al programa Florence<\/div>\n<\/td>\n<td style=\"width: 25%;\">\n<div>Convenis<\/div>\n<div><\/div>\n<div>Actualment, el centre t\u00e9 signats 2 convenis de col\u00b7laboraci\u00f3 vigents durant el curs actual 2024\/205:<\/div>\n<div>&#8211; Conveni entre l&#8217;Institut Carles Vallbona i l&#8217;Associaci\u00f3 Esportiva Carles Vallbona de Granollers<\/div>\n<div>&#8211; Conveni entre l&#8217;Institut Carles Vallbona i la Fundaci\u00f3 per a la formaci\u00f3 i l&#8217;estudi Paco Puerto<\/div>\n<\/td>\n<\/tr>\n<\/tbody>\n<\/table>\n","protected":false},"excerpt":{"rendered":"<p>Pressupost 2023 Fitxes i traject\u00f2ria professional dels \u00f2rgans de govern Acords consell escolar Relaci\u00f3 de convenis vigents PRESSUPOST 2023 PRESSUPOST 2024 Directora Cap d&#8217;estudis FP Cap d&#8217;estudis ESO i Batxillerat Cap d&#8217;estudis adjunta Secret\u00e0ria Coordinadora pedag\u00f2gica ACORDS CONSELL ESCOLAR Acords vigents del Consell Escolar: &#8211; Aprovaci\u00f3 del pressupost de l&#8217;any 2024 &#8211; Aprovaci\u00f3 de les [&hellip;]<\/p>\n","protected":false},"author":1,"featured_media":0,"parent":0,"menu_order":0,"comment_status":"closed","ping_status":"closed","template":"","meta":{"_bbp_topic_count":0,"_bbp_reply_count":0,"_bbp_total_topic_count":0,"_bbp_total_reply_count":0,"_bbp_voice_count":0,"_bbp_anonymous_reply_count":0,"_bbp_topic_count_hidden":0,"_bbp_reply_count_hidden":0,"_bbp_forum_subforum_count":0,"site-sidebar-layout":"default","site-content-layout":"","ast-site-content-layout":"","site-content-style":"default","site-sidebar-style":"default","ast-global-header-display":"","ast-banner-title-visibility":"","ast-main-header-display":"","ast-hfb-above-header-display":"","ast-hfb-below-header-display":"","ast-hfb-mobile-header-display":"","site-post-title":"","ast-breadcrumbs-content":"","ast-featured-img":"","footer-sml-layout":"","theme-transparent-header-meta":"","adv-header-id-meta":"","stick-header-meta":"","header-above-stick-meta":"","header-main-stick-meta":"","header-below-stick-meta":"","astra-migrate-meta-layouts":"default","ast-page-background-enabled":"default","ast-page-background-meta":{"desktop":{"background-color":"var(--ast-global-color-4)","background-image":"","background-repeat":"repeat","background-position":"center center","background-size":"auto","background-attachment":"scroll","background-type":"","background-media":"","overlay-type":"","overlay-color":"","overlay-opacity":"","overlay-gradient":""},"tablet":{"background-color":"","background-image":"","background-repeat":"repeat","background-position":"center center","background-size":"auto","background-attachment":"scroll","background-type":"","background-media":"","overlay-type":"","overlay-color":"","overlay-opacity":"","overlay-gradient":""},"mobile":{"background-color":"","background-image":"","background-repeat":"repeat","background-position":"center center","background-size":"auto","background-attachment":"scroll","background-type":"","background-media":"","overlay-type":"","overlay-color":"","overlay-opacity":"","overlay-gradient":""}},"ast-content-background-meta":{"desktop":{"background-color":"var(--ast-global-color-5)","background-image":"","background-repeat":"repeat","background-position":"center center","background-size":"auto","background-attachment":"scroll","background-type":"","background-media":"","overlay-type":"","overlay-color":"","overlay-opacity":"","overlay-gradient":""},"tablet":{"background-color":"var(--ast-global-color-5)","background-image":"","background-repeat":"repeat","background-position":"center center","background-size":"auto","background-attachment":"scroll","background-type":"","background-media":"","overlay-type":"","overlay-color":"","overlay-opacity":"","overlay-gradient":""},"mobile":{"background-color":"var(--ast-global-color-5)","background-image":"","background-repeat":"repeat","background-position":"center center","background-size":"auto","background-attachment":"scroll","background-type":"","background-media":"","overlay-type":"","overlay-color":"","overlay-opacity":"","overlay-gradient":""}},"footnotes":""},"class_list":["post-2662","page","type-page","status-publish","hentry"],"post_mailing_queue_ids":[],"_links":{"self":[{"href":"https:\/\/agora.xtec.cat\/ies-carles-vallbona\/wp-json\/wp\/v2\/pages\/2662","targetHints":{"allow":["GET"]}}],"collection":[{"href":"https:\/\/agora.xtec.cat\/ies-carles-vallbona\/wp-json\/wp\/v2\/pages"}],"about":[{"href":"https:\/\/agora.xtec.cat\/ies-carles-vallbona\/wp-json\/wp\/v2\/types\/page"}],"author":[{"embeddable":true,"href":"https:\/\/agora.xtec.cat\/ies-carles-vallbona\/wp-json\/wp\/v2\/users\/1"}],"replies":[{"embeddable":true,"href":"https:\/\/agora.xtec.cat\/ies-carles-vallbona\/wp-json\/wp\/v2\/comments?post=2662"}],"version-history":[{"count":8,"href":"https:\/\/agora.xtec.cat\/ies-carles-vallbona\/wp-json\/wp\/v2\/pages\/2662\/revisions"}],"predecessor-version":[{"id":4038,"href":"https:\/\/agora.xtec.cat\/ies-carles-vallbona\/wp-json\/wp\/v2\/pages\/2662\/revisions\/4038"}],"wp:attachment":[{"href":"https:\/\/agora.xtec.cat\/ies-carles-vallbona\/wp-json\/wp\/v2\/media?parent=2662"}],"curies":[{"name":"wp","href":"https:\/\/api.w.org\/{rel}","templated":true}]}}