{"id":2343,"date":"2023-06-29T17:16:50","date_gmt":"2023-06-29T15:16:50","guid":{"rendered":"https:\/\/agora.xtec.cat\/ies-carles-vallbona\/?page_id=2343"},"modified":"2026-03-25T23:10:58","modified_gmt":"2026-03-25T22:10:58","slug":"preinscripcio-curs-especialitzacio-ciberseguretat","status":"publish","type":"page","link":"https:\/\/agora.xtec.cat\/ies-carles-vallbona\/preinscripcio-curs-especialitzacio-ciberseguretat\/","title":{"rendered":"Preinscripci\u00f3 Curs Especialitzaci\u00f3 Ciberseguretat Curs 26-27"},"content":{"rendered":"<div>\n<p><span style=\"color: #ff0000;\"><strong>Calendari preinscripci\u00f3 Curs d&#8217;Especialitzaci\u00f3 Ciberseguretat<\/strong><\/span><\/p>\n<p>PROPERAMENT M\u00c9S INFORMACI\u00d3<\/p>\n<ul>\n<li>El proc\u00e9s de preinscripci\u00f3\u00a0<strong>s&#8217;inicia durant el mes de juny i acaba amb la formalitzaci\u00f3 de la matr\u00edcula, al juliol.<\/strong><\/li>\n<li><strong>Durant tot aquest temps, hi ha dates i terminis associats a actuacions clau<\/strong>\u00a0que has de tenir presents, ja que determinen l&#8217;assignaci\u00f3 final de places als centres educatius.<\/li>\n<\/ul>\n<p>Aix\u00ed, has d&#8217;estar pendent de les dates i de les gestions espec\u00edfiques de cada moment del proc\u00e9s:<\/p>\n<ul>\n<li style=\"list-style-type: none;\">\n<ul>\n<li>Oferta de places:<\/li>\n<li>Per\u00edode de presentaci\u00f3 de sol\u00b7licituds: <strong>\u00a0<\/strong>(online a trav\u00e9s d&#8217;un\u00a0formulari)<\/li>\n<li>Data, hora i lloc del sorteig per obtenir el n\u00famero de desempat:<strong>\u00a0 El sorteig tindr\u00e0 lloc a partir de les 11:30 hores, a l&#8217;Institut Carles Vallbona. \u00a0N\u00daMERO DE DESEMPAT:\u00a0<\/strong><\/li>\n<li>Publicaci\u00f3 de la llista de sol\u00b7licituds de preinscripci\u00f3 al centre amb la puntuaci\u00f3 provisional:<\/li>\n<li>Termini per presentar reclamacions: <strong>\u00a0&#8211; Podeu presentar reclamacions adjuntant la documentaci\u00f3 al correu: matricula@iescarlesvallbona.cat<\/strong><\/li>\n<li>Llista de sol\u00b7licituds amb la puntuaci\u00f3 resoltes les reclamacions:<\/li>\n<li>Llista d&#8217;alumnes admesos:<\/li>\n<li>Llista d&#8217;espera<\/li>\n<li>Per\u00edode de matr\u00edcula: \u00a0(rebr\u00e0s tota la informaci\u00f3 al teu correu electr\u00f2nic si has obtingut pla\u00e7a)<\/li>\n<\/ul>\n<\/li>\n<\/ul>\n<\/div>\n<div>\n<p>Documentaci\u00f3 identificativa<\/p>\n<ol>\n<li>Si \u00e9s major d&#8217;edat:\n<ul>\n<li>DNI, NIE, passaport o document d&#8217;identitat d&#8217;un pa\u00eds membre de la Uni\u00f3 Europea.<\/li>\n<\/ul>\n<\/li>\n<li>Si \u00e9s menor d&#8217;edat:\n<ul>\n<li>Certificaci\u00f3 electr\u00f2nica de la inscripci\u00f3 de naixement o llibre de fam\u00edlia o altres documents relatius a la filiaci\u00f3.<br \/>\nQuan l&#8217;alumne estigui en situaci\u00f3 d&#8217;acolliment, el document que cal aportar \u00e9s la resoluci\u00f3 d&#8217;acolliment del Departament de Drets Socials.<\/li>\n<li>DNI del pare, la mare, el tutor o la tutora de l&#8217;alumne.<br \/>\nSi el sol\u00b7licitant \u00e9s estranger, necessitar\u00e0 la targeta de resid\u00e8ncia on consta el NIE o el passaport; i si \u00e9s estranger d&#8217;un pa\u00eds membre de la Uni\u00f3 Europea, li caldr\u00e0 adjuntar el document d&#8217;identitat del pa\u00eds d&#8217;origen.<\/li>\n<\/ul>\n<p>De manera excepcional, es poden acreditar les dades d&#8217;identificaci\u00f3 o de filiaci\u00f3 de l&#8217;alumnat estranger amb el document d&#8217;identitat, el llibre de fam\u00edlia del pa\u00eds d&#8217;origen o la documentaci\u00f3 alternativa que la persona pugui aportar. El director o la directora del centre educatiu corresponent valorar\u00e0 i examinar\u00e0 la documentaci\u00f3 presentada.<\/li>\n<\/ol>\n<p>Documentaci\u00f3 acreditativa del cicle de formaci\u00f3 professional realitzat.<\/p>\n<p>Cal presentar el\u00a0certificat de la qualificaci\u00f3 mitjana del cicle de formaci\u00f3 professional que permet l&#8217;acc\u00e9s.<\/p>\n<p>L&#8217;alumnat amb titulacions estrangeres han d&#8217;acreditar que han iniciat el tr\u00e0mit d&#8217;homologaci\u00f3 o convalidaci\u00f3 amb la presentaci\u00f3 del volant d&#8217;inscripci\u00f3 condicional vigent. La matr\u00edcula queda condicionada a la resoluci\u00f3 positiva de la sol\u00b7licitud d&#8217;homologaci\u00f3 o convalidaci\u00f3.<\/p>\n<\/div>\n","protected":false},"excerpt":{"rendered":"<p>Calendari preinscripci\u00f3 Curs d&#8217;Especialitzaci\u00f3 Ciberseguretat PROPERAMENT M\u00c9S INFORMACI\u00d3 El proc\u00e9s de preinscripci\u00f3\u00a0s&#8217;inicia durant el mes de juny i acaba amb la formalitzaci\u00f3 de la matr\u00edcula, al juliol. Durant tot aquest temps, hi ha dates i terminis associats a actuacions clau\u00a0que has de tenir presents, ja que determinen l&#8217;assignaci\u00f3 final de places als centres educatius. Aix\u00ed, [&hellip;]<\/p>\n","protected":false},"author":1,"featured_media":0,"parent":0,"menu_order":0,"comment_status":"closed","ping_status":"closed","template":"","meta":{"_bbp_topic_count":0,"_bbp_reply_count":0,"_bbp_total_topic_count":0,"_bbp_total_reply_count":0,"_bbp_voice_count":0,"_bbp_anonymous_reply_count":0,"_bbp_topic_count_hidden":0,"_bbp_reply_count_hidden":0,"_bbp_forum_subforum_count":0,"site-sidebar-layout":"default","site-content-layout":"","ast-site-content-layout":"default","site-content-style":"default","site-sidebar-style":"default","ast-global-header-display":"","ast-banner-title-visibility":"","ast-main-header-display":"","ast-hfb-above-header-display":"","ast-hfb-below-header-display":"","ast-hfb-mobile-header-display":"","site-post-title":"","ast-breadcrumbs-content":"","ast-featured-img":"","footer-sml-layout":"","theme-transparent-header-meta":"","adv-header-id-meta":"","stick-header-meta":"","header-above-stick-meta":"","header-main-stick-meta":"","header-below-stick-meta":"","astra-migrate-meta-layouts":"set","ast-page-background-enabled":"default","ast-page-background-meta":{"desktop":{"background-color":"var(--ast-global-color-4)","background-image":"","background-repeat":"repeat","background-position":"center center","background-size":"auto","background-attachment":"scroll","background-type":"","background-media":"","overlay-type":"","overlay-color":"","overlay-opacity":"","overlay-gradient":""},"tablet":{"background-color":"","background-image":"","background-repeat":"repeat","background-position":"center center","background-size":"auto","background-attachment":"scroll","background-type":"","background-media":"","overlay-type":"","overlay-color":"","overlay-opacity":"","overlay-gradient":""},"mobile":{"background-color":"","background-image":"","background-repeat":"repeat","background-position":"center center","background-size":"auto","background-attachment":"scroll","background-type":"","background-media":"","overlay-type":"","overlay-color":"","overlay-opacity":"","overlay-gradient":""}},"ast-content-background-meta":{"desktop":{"background-color":"var(--ast-global-color-5)","background-image":"","background-repeat":"repeat","background-position":"center center","background-size":"auto","background-attachment":"scroll","background-type":"","background-media":"","overlay-type":"","overlay-color":"","overlay-opacity":"","overlay-gradient":""},"tablet":{"background-color":"var(--ast-global-color-5)","background-image":"","background-repeat":"repeat","background-position":"center center","background-size":"auto","background-attachment":"scroll","background-type":"","background-media":"","overlay-type":"","overlay-color":"","overlay-opacity":"","overlay-gradient":""},"mobile":{"background-color":"var(--ast-global-color-5)","background-image":"","background-repeat":"repeat","background-position":"center center","background-size":"auto","background-attachment":"scroll","background-type":"","background-media":"","overlay-type":"","overlay-color":"","overlay-opacity":"","overlay-gradient":""}},"footnotes":""},"class_list":["post-2343","page","type-page","status-publish","hentry"],"post_mailing_queue_ids":[],"_links":{"self":[{"href":"https:\/\/agora.xtec.cat\/ies-carles-vallbona\/wp-json\/wp\/v2\/pages\/2343","targetHints":{"allow":["GET"]}}],"collection":[{"href":"https:\/\/agora.xtec.cat\/ies-carles-vallbona\/wp-json\/wp\/v2\/pages"}],"about":[{"href":"https:\/\/agora.xtec.cat\/ies-carles-vallbona\/wp-json\/wp\/v2\/types\/page"}],"author":[{"embeddable":true,"href":"https:\/\/agora.xtec.cat\/ies-carles-vallbona\/wp-json\/wp\/v2\/users\/1"}],"replies":[{"embeddable":true,"href":"https:\/\/agora.xtec.cat\/ies-carles-vallbona\/wp-json\/wp\/v2\/comments?post=2343"}],"version-history":[{"count":6,"href":"https:\/\/agora.xtec.cat\/ies-carles-vallbona\/wp-json\/wp\/v2\/pages\/2343\/revisions"}],"predecessor-version":[{"id":6716,"href":"https:\/\/agora.xtec.cat\/ies-carles-vallbona\/wp-json\/wp\/v2\/pages\/2343\/revisions\/6716"}],"wp:attachment":[{"href":"https:\/\/agora.xtec.cat\/ies-carles-vallbona\/wp-json\/wp\/v2\/media?parent=2343"}],"curies":[{"name":"wp","href":"https:\/\/api.w.org\/{rel}","templated":true}]}}