{"id":2089,"date":"2023-05-18T12:14:34","date_gmt":"2023-05-18T10:14:34","guid":{"rendered":"https:\/\/agora.xtec.cat\/ies-carles-vallbona\/?page_id=2089"},"modified":"2025-06-04T13:44:09","modified_gmt":"2025-06-04T11:44:09","slug":"fase2-objectius","status":"publish","type":"page","link":"https:\/\/agora.xtec.cat\/ies-carles-vallbona\/estrategia-digital-de-centre\/fase2-objectius\/","title":{"rendered":"Fase 2 &#8211; Objectius"},"content":{"rendered":"<h4>Com s\u2019estableixen els Objectius del EDC?<\/h4>\n<p>Despr\u00e9s de realitzar la diagnosi, per poder concretar els objectius de l\u2019EDC, cal determinar la visi\u00f3 del centre en l\u2019\u00e0mbit digital i tenir en compte els objectius del PEC i del projecte de direcci\u00f3, sense perdre de vista els objectius del\u00a0<a href=\"https:\/\/educacio.gencat.cat\/web\/.content\/home\/departament\/publicacions\/colleccions\/pla-educacio-digital\/pla-educacio-digital-catalunya\/pla-educacio-digital.pdf\" target=\"_blank\" rel=\"noopener noreferrer\">PEDC<\/a>. La conjunci\u00f3 d\u2019aquests aspectes determinar\u00e0 els objectius de l\u2019EDC.<\/p>\n<p><a href=\"https:\/\/agora.xtec.cat\/ies-dperramon\/wp-content\/uploads\/usu947\/2022\/07\/obj.png\"><img loading=\"lazy\" decoding=\"async\" class=\"wp-image-6126 aligncenter\" src=\"https:\/\/agora.xtec.cat\/ies-dperramon\/wp-content\/uploads\/usu947\/2022\/07\/obj.png\" sizes=\"auto, (max-width: 670px) 100vw, 670px\" srcset=\"https:\/\/agora.xtec.cat\/ies-dperramon\/wp-content\/uploads\/usu947\/2022\/07\/obj.png 974w, https:\/\/agora.xtec.cat\/ies-dperramon\/wp-content\/uploads\/usu947\/2022\/07\/obj-300x123.png 300w, https:\/\/agora.xtec.cat\/ies-dperramon\/wp-content\/uploads\/usu947\/2022\/07\/obj-768x315.png 768w\" alt=\"\" width=\"670\" height=\"274\" \/><\/a><\/p>\n<p><strong>Objectius:<\/strong><\/p>\n<p>1: Creaci\u00f3 de c\u00e0psules formatives per dotar de la compet\u00e8ncia digital al docent. Donant import\u00e0ncia a recursos digitals, seguretat inform\u00e0tica i recursos pel docent per aplicar a l&#8217;aula.<\/p>\n<p>2: Actualitzar els protocols de comunicaci\u00f3 amb la comunitat educativa.<\/p>\n<p>3:Desplegament de la compet\u00e8ncia digital a l\u2019ESO, Batxillerat i Cicles Formatius.<\/p>\n<p>4: Investigar i implementar quines adaptacions individuals es poden incorporar a la pr\u00e0ctica docent per a millorar l\u2019aprenentatge atenent les necessitats de l\u2019alumnat.<\/p>\n<p><span style=\"font-weight: 400;\">A partir de la diagnosi, els membres de la comissi\u00f3 van proposar una pluja d&#8217;objectius amb l&#8217;enfocament de ser clars, ambiciosos i alhora assolibles, i que es poguessin mesurar mitjan\u00e7ant indicadors concrets. Posteriorment, es va procedir a realitzar una selecci\u00f3 tenint en compte diversos criteris com la necessitat, la viabilitat, els recursos disponibles i el grau d&#8217;impacte. A partir d&#8217;aquest proc\u00e9s, es va crear una llista prioritzada d&#8217;objectius que van donar lloc als objectius derivats de la diagnosi del centre.<\/span><\/p>\n<p><span style=\"font-weight: 400;\">El centre t\u00e9 com a objectiu vetllar per assolir que el centre, fam\u00edlies, alumnat i docents s\u2019esdevinguin digitalment competents per poder abordar la inclusi\u00f3 i afavorir l\u2019aprenentatge de l\u2019alumnat.<\/span><\/p>\n<p><span style=\"font-weight: 400;\">A m\u00e9s de la diagnosi de centre, s\u2019ha tingut en compte en la redacci\u00f3 dels objectius de l\u2019EDC, es t\u00e9 en compte la visi\u00f3 de centre.<\/span><\/p>\n<p><iframe style=\"width:100%; height: 100vh; border: none;\" src=\"https:\/\/docs.google.com\/spreadsheets\/d\/e\/2PACX-1vRLeZR6hQbXYd-33iXosnyq18CsCzUVIiCMECnvM5XYaWy_zlaqOE62qGjVlTzmgsactWz_f-zfjmq3\/pubhtml?gid=678081410&amp;single=true&amp;widget=true&amp;headers=false\"><\/iframe><\/p>\n","protected":false},"excerpt":{"rendered":"<p>Com s\u2019estableixen els Objectius del EDC? Despr\u00e9s de realitzar la diagnosi, per poder concretar els objectius de l\u2019EDC, cal determinar la visi\u00f3 del centre en l\u2019\u00e0mbit digital i tenir en compte els objectius del PEC i del projecte de direcci\u00f3, sense perdre de vista els objectius del\u00a0PEDC. La conjunci\u00f3 d\u2019aquests aspectes determinar\u00e0 els objectius de [&hellip;]<\/p>\n","protected":false},"author":1,"featured_media":0,"parent":1224,"menu_order":1,"comment_status":"closed","ping_status":"closed","template":"page-templates\/side-menu.php","meta":{"_bbp_topic_count":0,"_bbp_reply_count":0,"_bbp_total_topic_count":0,"_bbp_total_reply_count":0,"_bbp_voice_count":0,"_bbp_anonymous_reply_count":0,"_bbp_topic_count_hidden":0,"_bbp_reply_count_hidden":0,"_bbp_forum_subforum_count":0,"site-sidebar-layout":"default","site-content-layout":"","ast-site-content-layout":"","site-content-style":"default","site-sidebar-style":"default","ast-global-header-display":"","ast-banner-title-visibility":"","ast-main-header-display":"","ast-hfb-above-header-display":"","ast-hfb-below-header-display":"","ast-hfb-mobile-header-display":"","site-post-title":"","ast-breadcrumbs-content":"","ast-featured-img":"","footer-sml-layout":"","theme-transparent-header-meta":"","adv-header-id-meta":"","stick-header-meta":"","header-above-stick-meta":"","header-main-stick-meta":"","header-below-stick-meta":"","astra-migrate-meta-layouts":"default","ast-page-background-enabled":"default","ast-page-background-meta":{"desktop":{"background-color":"var(--ast-global-color-4)","background-image":"","background-repeat":"repeat","background-position":"center center","background-size":"auto","background-attachment":"scroll","background-type":"","background-media":"","overlay-type":"","overlay-color":"","overlay-opacity":"","overlay-gradient":""},"tablet":{"background-color":"","background-image":"","background-repeat":"repeat","background-position":"center center","background-size":"auto","background-attachment":"scroll","background-type":"","background-media":"","overlay-type":"","overlay-color":"","overlay-opacity":"","overlay-gradient":""},"mobile":{"background-color":"","background-image":"","background-repeat":"repeat","background-position":"center center","background-size":"auto","background-attachment":"scroll","background-type":"","background-media":"","overlay-type":"","overlay-color":"","overlay-opacity":"","overlay-gradient":""}},"ast-content-background-meta":{"desktop":{"background-color":"var(--ast-global-color-5)","background-image":"","background-repeat":"repeat","background-position":"center center","background-size":"auto","background-attachment":"scroll","background-type":"","background-media":"","overlay-type":"","overlay-color":"","overlay-opacity":"","overlay-gradient":""},"tablet":{"background-color":"var(--ast-global-color-5)","background-image":"","background-repeat":"repeat","background-position":"center center","background-size":"auto","background-attachment":"scroll","background-type":"","background-media":"","overlay-type":"","overlay-color":"","overlay-opacity":"","overlay-gradient":""},"mobile":{"background-color":"var(--ast-global-color-5)","background-image":"","background-repeat":"repeat","background-position":"center center","background-size":"auto","background-attachment":"scroll","background-type":"","background-media":"","overlay-type":"","overlay-color":"","overlay-opacity":"","overlay-gradient":""}},"footnotes":""},"class_list":["post-2089","page","type-page","status-publish","hentry"],"post_mailing_queue_ids":[],"_links":{"self":[{"href":"https:\/\/agora.xtec.cat\/ies-carles-vallbona\/wp-json\/wp\/v2\/pages\/2089","targetHints":{"allow":["GET"]}}],"collection":[{"href":"https:\/\/agora.xtec.cat\/ies-carles-vallbona\/wp-json\/wp\/v2\/pages"}],"about":[{"href":"https:\/\/agora.xtec.cat\/ies-carles-vallbona\/wp-json\/wp\/v2\/types\/page"}],"author":[{"embeddable":true,"href":"https:\/\/agora.xtec.cat\/ies-carles-vallbona\/wp-json\/wp\/v2\/users\/1"}],"replies":[{"embeddable":true,"href":"https:\/\/agora.xtec.cat\/ies-carles-vallbona\/wp-json\/wp\/v2\/comments?post=2089"}],"version-history":[{"count":6,"href":"https:\/\/agora.xtec.cat\/ies-carles-vallbona\/wp-json\/wp\/v2\/pages\/2089\/revisions"}],"predecessor-version":[{"id":4793,"href":"https:\/\/agora.xtec.cat\/ies-carles-vallbona\/wp-json\/wp\/v2\/pages\/2089\/revisions\/4793"}],"up":[{"embeddable":true,"href":"https:\/\/agora.xtec.cat\/ies-carles-vallbona\/wp-json\/wp\/v2\/pages\/1224"}],"wp:attachment":[{"href":"https:\/\/agora.xtec.cat\/ies-carles-vallbona\/wp-json\/wp\/v2\/media?parent=2089"}],"curies":[{"name":"wp","href":"https:\/\/api.w.org\/{rel}","templated":true}]}}