{"id":2082,"date":"2023-05-18T12:03:30","date_gmt":"2023-05-18T10:03:30","guid":{"rendered":"https:\/\/agora.xtec.cat\/ies-carles-vallbona\/?page_id=2082"},"modified":"2025-12-02T10:48:24","modified_gmt":"2025-12-02T09:48:24","slug":"cultura-digital","status":"publish","type":"page","link":"https:\/\/agora.xtec.cat\/ies-carles-vallbona\/estrategia-digital-de-centre\/cultura-digital\/","title":{"rendered":"Cultura Digital"},"content":{"rendered":"\n<h4 class=\"wp-block-heading\">Qu\u00e8 \u00e9s la Cultura Digital?<\/h4>\n\n\n\n<p>S\u00f3n el conjunt d&#8217;accions, procediments, protocols i acords relacionats amb tots els \u00e0mbits digitals del centre organitzats en forma de recull i posat a disposici\u00f3 de la comunitat educativa.<\/p>\n\n\n\n<p>La seg\u00fcent taula recull tota la documentaci\u00f3 relativa a la cultura digital del centre:<\/p>\n\n\n\n<figure class=\"wp-block-table\"><table class=\"has-fixed-layout\"><tbody><tr><td><strong>Acr\u00f2nim<\/strong><\/td><td><strong>Descripci\u00f3<\/strong><\/td><td><strong>Document (Visualitzaci\u00f3 i Desc\u00e0rrega)<\/strong><\/td><\/tr><tr><td>NOFC<\/td><td>Normes d&#8217;Organitzaci\u00f3 i Funcionament del Centre<\/td><td><figure><a href=\"https:\/\/drive.google.com\/file\/d\/1wz3lCdHKuM431ou7w4jrGRycumX5PZlX\/view?usp=sharing\" target=\"_blank\" rel=\"noopener\"><img loading=\"lazy\" decoding=\"async\" class=\"alignnone wp-image-4154\" src=\"https:\/\/agora.xtec.cat\/ies-carles-vallbona\/wp-content\/uploads\/usu2364\/2025\/01\/logo-pdf.png\" alt=\"\" width=\"45\" height=\"45\"><\/a><\/figure><\/td><\/tr><tr><td>PGAC<\/td><td>Programaci\u00f3 General Anual de Centre<\/td><td><figure><a href=\"https:\/\/drive.google.com\/file\/d\/12qA-28PZx9ls8meBV43FjGDa_3Azj_Oq\/view\" target=\"_blank\" rel=\"noopener\"><img loading=\"lazy\" decoding=\"async\" class=\"alignnone wp-image-4154\" src=\"https:\/\/agora.xtec.cat\/ies-carles-vallbona\/wp-content\/uploads\/usu2364\/2025\/01\/logo-pdf.png\" alt=\"\" width=\"45\" height=\"45\"><\/a><\/figure><\/td><\/tr><tr><td>PEC<\/td><td>Projecte Educatiu de Centre<\/td><td><figure><a href=\"https:\/\/agora.xtec.cat\/ies-carles-vallbona\/wp-content\/uploads\/usu2364\/2023\/04\/PEC_projecte_educatiu_centre_2223_R1.pdf\" target=\"_blank\" rel=\"noopener\"><img loading=\"lazy\" decoding=\"async\" class=\"alignnone wp-image-4154\" src=\"https:\/\/agora.xtec.cat\/ies-carles-vallbona\/wp-content\/uploads\/usu2364\/2025\/01\/logo-pdf.png\" alt=\"\" width=\"45\" height=\"45\"><\/a><\/figure><\/td><\/tr><tr><td>PCC<\/td><td>Projecte de Comunicaci\u00f3 de Centre<\/td><td><figure><a href=\"https:\/\/agora.xtec.cat\/ies-carles-vallbona\/wp-content\/uploads\/usu2364\/2023\/04\/DIR_2223_pla_comunicacio_centre_R1.pdf\" target=\"_blank\" rel=\"noopener\"><img loading=\"lazy\" decoding=\"async\" class=\"alignnone wp-image-4154\" src=\"https:\/\/agora.xtec.cat\/ies-carles-vallbona\/wp-content\/uploads\/usu2364\/2025\/01\/logo-pdf.png\" alt=\"\" width=\"45\" height=\"45\"><\/a><\/figure><\/td><\/tr><tr><td>PDC<\/td><td>Projecte de Direcci\u00f3 de Centre<\/td><td><figure><a href=\"https:\/\/drive.google.com\/file\/d\/1UZobw8SZCXjPFbn1oFX4__r3a9VEAXFk\/view\" target=\"_blank\" rel=\"noopener\"><img loading=\"lazy\" decoding=\"async\" class=\"alignnone wp-image-4154\" src=\"https:\/\/agora.xtec.cat\/ies-carles-vallbona\/wp-content\/uploads\/usu2364\/2025\/01\/logo-pdf.png\" alt=\"\" width=\"45\" height=\"45\"><\/a><\/figure><\/td><\/tr><tr><td>CCA<\/td><td>Comunicaci\u00f3 amb la Comunitat Educativa<\/td><td><figure><a href=\"https:\/\/drive.google.com\/drive\/folders\/1xAIbIR6UXq3Qu-rQPLvoLA3T_GQO9GNv\" target=\"_blank\" rel=\"noopener\"><img loading=\"lazy\" decoding=\"async\" class=\"alignnone wp-image-4154\" src=\"https:\/\/agora.xtec.cat\/ies-carles-vallbona\/wp-content\/uploads\/usu2364\/2025\/01\/logo-carpeta.png\" alt=\"\" width=\"56\" height=\"56\"><\/a><\/figure><\/td><\/tr><tr><td>PDXS<\/td><td>Plataformes Digitals i Xarxes Socials<\/td><td><figure><a href=\"https:\/\/docs.google.com\/document\/d\/1GUcsAJ18h9cvkKxipvSShzATyCnOHILyBAkDqgA5HKg\" target=\"_blank\" rel=\"noopener\"><img loading=\"lazy\" decoding=\"async\" class=\"alignnone wp-image-4179\" src=\"https:\/\/agora.xtec.cat\/ies-carles-vallbona\/wp-content\/uploads\/usu2364\/2025\/01\/logo-document.png\" alt=\"\" width=\"45\" height=\"45\"><\/a><\/figure><\/td><\/tr><tr><td>PADD<\/td><td>Pla d&#8217;Acollida Digital (Docents)<\/td><td><figure><a href=\"https:\/\/drive.google.com\/file\/d\/1HgNL9g-ARBIeovqRMKXdfpfU5zoRCy5H\/view?usp=sharing\" target=\"_blank\" rel=\"noopener\"><img loading=\"lazy\" decoding=\"async\" class=\"alignnone wp-image-4179\" src=\"https:\/\/agora.xtec.cat\/ies-carles-vallbona\/wp-content\/uploads\/usu2364\/2025\/01\/logo-pdf.png\" alt=\"\" width=\"45\" height=\"45\"><\/a><\/figure><\/td><\/tr><tr><td>AC<\/td><td>Actes del Claustre<\/td><td><figure><a href=\"https:\/\/drive.google.com\/drive\/folders\/1CJUZ_qgTCjZpitLSXvfR9gbHG1OJUSST\" target=\"_blank\" rel=\"noopener\"><img loading=\"lazy\" decoding=\"async\" class=\"alignnone wp-image-4154\" src=\"https:\/\/agora.xtec.cat\/ies-carles-vallbona\/wp-content\/uploads\/usu2364\/2025\/01\/logo-carpeta.png\" alt=\"\" width=\"56\" height=\"56\"><\/a><\/figure><\/td><\/tr><tr><td>ACE<\/td><td>Actes del Consell Escolar<\/td><td><figure><a href=\"https:\/\/drive.google.com\/drive\/folders\/1J9Ym0UZWAuSbA7dUfeSlr-EfBH3jc_cN\" target=\"_blank\" rel=\"noopener\"><img loading=\"lazy\" decoding=\"async\" class=\"alignnone wp-image-4154\" src=\"https:\/\/agora.xtec.cat\/ies-carles-vallbona\/wp-content\/uploads\/usu2364\/2025\/01\/logo-carpeta.png\" alt=\"\" width=\"56\" height=\"56\"><\/a><\/figure><\/td><\/tr><tr><td>CRP<\/td><td>Calendaris i Reunions del Professorat<\/td><td><figure><a href=\"https:\/\/drive.google.com\/drive\/folders\/1CnpG-TOM3G9gol83Dx4akuxwvLTRfXen\" target=\"_blank\" rel=\"noopener\"><img loading=\"lazy\" decoding=\"async\" class=\"alignnone wp-image-4154\" src=\"https:\/\/agora.xtec.cat\/ies-carles-vallbona\/wp-content\/uploads\/usu2364\/2025\/01\/logo-carpeta.png\" alt=\"\" width=\"56\" height=\"56\"><\/a><\/figure><\/td><\/tr><tr><td>FC<\/td><td>Formularis del Centre<\/td><td><figure><a href=\"https:\/\/docs.google.com\/document\/d\/19HESOBrQeVksEloo8xi3_s4x5b2D3Y5nISqn8DZKpIU\" target=\"_blank\" rel=\"noopener\"><img loading=\"lazy\" decoding=\"async\" class=\"alignnone wp-image-4179\" src=\"https:\/\/agora.xtec.cat\/ies-carles-vallbona\/wp-content\/uploads\/usu2364\/2025\/01\/logo-document.png\" alt=\"\" width=\"45\" height=\"45\"><\/a><\/figure><\/td><\/tr><tr><td>CDA<\/td><td>Compet\u00e8ncia Digital de l&#8217;Alumnat (Organitzaci\u00f3 i Assoliment)<\/td><td><figure><a href=\"https:\/\/agora.xtec.cat\/ies-carles-vallbona\/estrategia-digital-de-centre\/fase1-diagnosi\/alumnat\/\" target=\"_blank\" rel=\"noopener\"><img loading=\"lazy\" decoding=\"async\" class=\"alignnone wp-image-4179\" src=\"https:\/\/agora.xtec.cat\/ies-carles-vallbona\/wp-content\/uploads\/usu2364\/2025\/01\/logo-document.png\" alt=\"\" width=\"45\" height=\"45\"><\/a><\/figure><\/td><\/tr><tr><td>SDC<\/td><td>Serveis Digitals del Centre<\/td><td>En Proc\u00e9s<\/td><\/tr><tr><td>PADA<\/td><td>Pla d&#8217;Acollida Digital (Alumnat)<\/td><td>En Proc\u00e9s<\/td><\/tr><\/tbody><\/table><\/figure>\n\n\n\n<h4 class=\"wp-block-heading\">Pla d&#8217;Acollida Digital Docent (PADD)<\/h4>\n\n\n\n<p>A la seg\u00fcent taula es presenta amb detall els diferents apartats del pla d&#8217;acollida digital docent i la guia del professorat.<\/p>\n\n\n\n<figure class=\"wp-block-table\"><table class=\"has-fixed-layout\"><tbody><tr><td><strong>APARTAT<\/strong><\/td><td><strong>DESCRIPCI\u00d3<\/strong><\/td><\/tr><tr><td>Dades \u00fatils del centre<\/td><td>Codi de centre, tel\u00e8fons de contacte i correus electr\u00f2nics.<\/td><\/tr><tr><td>Organitzaci\u00f3 de la documentaci\u00f3<\/td><td>Explicaci\u00f3 i acc\u00e9s al gestor documental del centre (sistema de carpetes compartides).<\/td><\/tr><tr><td>Marc horari i calendaris<\/td><td>Horaris dels diferents cursos, d&#8217;oficines i localitzaci\u00f3 dels calendaris del curs.\n<p>Explicaci\u00f3 de la jornada laboral docent (horari lectiu i hores de perman\u00e8ncia al centre).<\/p>\n<p>Procediment de fitxatge i notificaci\u00f3 d&#8217;abs\u00e8ncies a trav\u00e9s de la plataforma IEDUCA.<\/p>\n<\/td><\/tr><tr><td>Pl\u00e0nols del centre<\/td><td>Distribuci\u00f3 de les aules, sales de reunions, entrades i sortides d&#8217;emerg\u00e8ncia, departaments, etc.<\/td><\/tr><tr><td>Pla d&#8217;emerg\u00e8ncia<\/td><td>Resum del pla d&#8217;emerg\u00e8ncia i evacuaci\u00f3 (procediment pel professorat que es troba al centre).<\/td><\/tr><tr><td>Eines TIC del centre<\/td><td>Connexi\u00f3 a les Wi-Fi de docents i alumnes, com informar sobre una avaria detectada, com imprimir activitats o ex\u00e0mens, com s&#8217;utilitza Google Classroom i Moodle, etc.<\/td><\/tr><tr><td>Protocol d&#8217;abs\u00e8ncies i sortides<\/td><td>Explicaci\u00f3 detallada del procediment que ha de fer el professorat en cas de falta.\n<p>Explicaci\u00f3 detallada del procediment per realitzar una sortida amb l&#8217;alumnat fora del centre.<\/p>\n<\/td><\/tr><tr><td>Avaluaci\u00f3 de l&#8217;alumnat<\/td><td>Procediment detallat per avaluar a l&#8217;alumnat amb la plataforma ESFERA.<\/td><\/tr><tr><td>Auditories del centre<\/td><td>Explicaci\u00f3 del proc\u00e9s d&#8217;auditoria interna i externa del centre i els protocols a seguir en la creaci\u00f3 de documents i correus electr\u00f2nics (logotips, noms de fitxers, signatura del correu, etc.).<\/td><\/tr><\/tbody><\/table><\/figure>\n\n\n\n<h4 class=\"wp-block-heading\">Documents Pla d&#8217;Acollida Digital Docent<\/h4>\n\n\n\n<p>En l&#8217;acollida del professorat nou, se&#8217;ls presenta les eines digitals que s&#8217;utilitzen al centre. Tamb\u00e9 es comparteixen tutorials i documents que permeten el desenvolupament de l&#8217;activitat acad\u00e8mica. La documentaci\u00f3 es presenta en diferents cursos de Moodle entre altres opcions:<\/p>\n\n\n\n<figure class=\"wp-block-table\"><table class=\"has-fixed-layout\"><tbody><tr><td><strong>T\u00edtol<\/strong><\/td><td><strong>Descripci\u00f3<\/strong><\/td><td><strong>Enlla\u00e7os<\/strong><\/td><\/tr><tr><td>Curs Moodle: Coordinaci\u00f3 TIC<\/td><td>Comunicaci\u00f3 amb coordinaci\u00f3<br><p>Comunicaci\u00f3 d&#8217;incid\u00e8ncies<\/p><p>Xarxes sense fils i extensions de tel\u00e8fons<\/p><p>Carros de port\u00e0tils del centre<\/p><br><p>Pantalles digitals (videotutorials)<\/p><p>Port\u00e0tils de l&#8217;alumnat (PEDC)<\/p><\/td><td><a href=\"https:\/\/moodle.iescarlesvallbona.cat\/course\/view.php?id=662\">Curs Moodle TIC<\/a>\n<p><a href=\"https:\/\/projectes.xtec.cat\/digital\/equipaments-i-infraestructures\/ordinadors\/ordinadors-docents\/\">Informaci\u00f3 Ordinadors Docents<\/a><\/p>\n<p><a href=\"https:\/\/projectes.xtec.cat\/digital\/equipaments-i-infraestructures\/ordinadors\/ordinadors-alumnat\/\">Informaci\u00f3 Ordinadors Alumnat<\/a><\/p>\n<p><a href=\"https:\/\/projectes.xtec.cat\/digital\/equipaments-i-infraestructures\/panells-digitals\/panell-newline\/\">Formaci\u00f3 Panells Digitals<\/a><\/p>\n<\/td><\/tr><tr><td>Curs Moodle: Coordinaci\u00f3 PRL<\/td><td>1.- Gesti\u00f3 de la Prevenci\u00f3 i Normativa PRL<br><p>2.- Informe Avaluaci\u00f3 de riscos de l&#8217;institut i Pla de Prevenci\u00f3 del Centre.<\/p><p>3.- Pla d&#8217;Emerg\u00e8ncia 24-25 : Protocols d&#8217;emerg\u00e8ncia (d&#8217;evacuaci\u00f3 i confinament).<\/p><p>4.- Presentaci\u00f3 simulacre d&#8217;evacuaci\u00f3 (per professorat i alumnat.<\/p><p>5.- Guia de recomanacions de Prevenci\u00f3 del personal docent.<\/p><p>6.- C\u00e0psules de formaci\u00f3 de PRL.<\/p><\/td><td><a href=\"https:\/\/moodle.iescarlesvallbona.cat\/course\/view.php?id=1291\">Curs Moodle PRL<\/a>\n<p><a href=\"https:\/\/docs.google.com\/forms\/d\/e\/1FAIpQLSerjCcj5Ii8xdxNrhX3xbcrvrh5QCQWiP31eegV2itSHBl3CQ\/viewform\">Formulari: Registre d&#8217;incid\u00e8ncies i riscos laborals<\/a><\/p>\n<p><a href=\"https:\/\/docs.google.com\/forms\/d\/e\/1FAIpQLScZ-WSRwwLxZX8QS4IsMQUUBF2eUm5OVJZS2KONk5v8VEYA1Q\/viewform\">Formulari: Registre de bones pr\u00e0ctiques \u00fas de la veu <\/a><\/p>\n<\/td><\/tr><tr><td>Eines de Google per l&#8217;educaci\u00f3<\/td><td>Google Classroom: Creaci\u00f3 d&#8217;aules virtuals.<br><p>Google Drive: Gestor de documents al n\u00favol.<\/p><p>Google Forms: Generaci\u00f3 de formularis<\/p><p>Google Gmail: Aplicaci\u00f3 per la gesti\u00f3 de correus electr\u00f2nics.<\/p><p>Google Calendar: Calendari pel centre, el professorat i alumnat<\/p><\/td><td><a href=\"https:\/\/classroom.google.com\/\">Enlla\u00e7 a Google Classroom<\/a><br><p><a href=\"https:\/\/drive.google.com\/\">Enlla\u00e7 a Google Drive<\/a><\/p><br><p><a href=\"https:\/\/forms.google.com\/\">Enlla\u00e7 a Google Forms<\/a><\/p><p><a href=\"https:\/\/mail.google.com\/\">Enlla\u00e7 a Google Gmail<\/a><\/p><p><a href=\"https:\/\/calendar.google.com\/\">Enlla\u00e7 a Google Calendar<\/a><\/p><\/td><\/tr><tr><td>Eina IEDUCA<\/td><td>Formaci\u00f3 presencial (setembre)<br><p>Calendari, Agenda i Horaris<\/p><p>Control de pres\u00e8ncia (professorat)<\/p><p>Control d&#8217;assist\u00e8ncia (alumnat)<\/p><p>Gesti\u00f3 d&#8217;abs\u00e8ncies i sortides<\/p><\/td><td><a href=\"https:\/\/inscarlesvallbona.ieduca.com\/\">Enlla\u00e7 a IEDUCA<\/a>\n<p><a href=\"https:\/\/www.youtube.com\/watch?v=E-r6-4w__1k\">Formaci\u00f3 IEDUCA<\/a><\/p>\n<\/td><\/tr><tr><td>Eina ESFERA<\/td><td>Formaci\u00f3 presencial (setembre)<br><p>Introducci\u00f3 de notes i comentaris a l&#8217;expedient acad\u00e8mic de l&#8217;alumnat<\/p><\/td><td><a href=\"https:\/\/bfgh.aplicacions.ensenyament.gencat.cat\/bfgh\/#\/\">Enlla\u00e7 a ESFERA<\/a><\/td><\/tr><tr><td>Tutoria Alumnat<\/td><td>Formaci\u00f3 presencial (setembre)<\/td><td>&nbsp;<\/td><\/tr><tr><td>Tutoria FCT<\/td><td>Formaci\u00f3 presencial (setembre)<\/td><td>&nbsp;<\/td><\/tr><\/tbody><\/table><\/figure>\n\n\n\n<h4 class=\"wp-block-heading\">Comunicaci\u00f3 amb la Comunitat Educativa<\/h4>\n\n\n\n<p>A la seg\u00fcent taula es presenta una relaci\u00f3 de documents per tal de facilitar la comunicaci\u00f3 del centre amb la comunitat educativa.<\/p>\n\n\n\n<figure class=\"wp-block-table\"><table class=\"has-fixed-layout\"><tbody><tr><td><strong>COMUNICACI\u00d3 A FAM\u00cdLIES<\/strong><\/td><td><strong>COMUNICACI\u00d3 AMB ELS DOCENTS<\/strong><\/td><td><strong>COMUNICACI\u00d3 AMB L&#8217;ALUMNAT<\/strong><\/td><\/tr><tr><td>Formulari de Comprom\u00eds dels Port\u00e0tils<\/td><td>Protocol avaria del port\u00e0til<\/td><td>Petici\u00f3 ordinador en pr\u00e9stec del centre<\/td><\/tr><tr><td><a href=\"https:\/\/docs.google.com\/document\/d\/1a4_laPdhh0SAEPGmy6B2oeBzrytsLnkmrifjmdG5KJg\/edit?usp=sharing\">Protocol d&#8217;avaria de port\u00e0til<\/a>.<\/td><td>Protocol avaria ordinador\/projector de l\u2019aula<\/td><td>Petici\u00f3 incid\u00e8ncia del port\u00e0til<\/td><\/tr><tr><td>Carta Retorn del Port\u00e0til<\/td><td>Carta Retorn del Port\u00e0til<\/td><td>&nbsp;<\/td><\/tr><tr><td>Autoritzaci\u00f3 alumnes menors de 14 anys: \u00fas d\u2019imatges, publicaci\u00f3<br>de dades de car\u00e0cter personal i de material que elaboren.<\/td><td>Autoritzaci\u00f3 del professorat i personal del centre<a href=\"https:\/\/drive.google.com\/file\/d\/1CR9O6P_73prwQnKx7bozH3Dc-EW70xac\/view?usp=sharing\">:<\/a> \u00fas d\u2019imatges, publicaci\u00f3 de dades de car\u00e0cter personal i de material que elaboren.<\/td><td>&nbsp;<\/td><\/tr><tr><td>Autoritzaci\u00f3 alumnat major de 14 anys: \u00fas d\u2019imatges, publicaci\u00f3 de dades de car\u00e0cter personal i de material que elaboren.<\/td><td>&nbsp;<\/td><td>&nbsp;<\/td><\/tr><\/tbody><\/table><\/figure>\n\n\n\n<h4 class=\"wp-block-heading\">Plataformes Digitals i Xarxes Socials<\/h4>\n\n\n\n<h5 class=\"wp-block-heading\">Plataforma Digital de Centre<\/h5>\n\n\n\n<p>El centre utilitza un domini GSuite for Education propi. L\u2019 alumnat, professorat i personal d\u2019administraci\u00f3 disposen d\u2019un usuari <strong><span class=\"\"><span class=\"\">@iescarlesvallbona<\/span>.<\/span>cat<\/strong> per a la comunicaci\u00f3.<strong><br><\/strong><\/p>\n\n\n\n<p>En el cas de l&#8217;ESO i Batxillerat, \u00e9s disposa de la plataforma Google Classroom.<\/p>\n\n\n\n<p>A m\u00e9s a m\u00e9s disposa de l\u2019Entorn Virtual Moodle per a cada mat\u00e8ria i curs, en el cas de cicles i per a la mat\u00e8ria de Tecnologia.<\/p>\n\n\n\n<h5 class=\"wp-block-heading\">Xarxes Socials<\/h5>\n\n\n\n<ul class=\"wp-block-list\">\n<li>\n<ul class=\"wp-block-list\">\n<li><a href=\"https:\/\/www.instagram.com\/institut_carlesvallbona\/\">Instragram Institut Carles Vallbona<\/a><\/li>\n\n\n\n<li><a href=\"https:\/\/x.com\/icarlesvallbona?lang=ca\">X (Twitter) Institut Carles Vallbona<\/a><\/li>\n\n\n\n<li><a href=\"https:\/\/www.youtube.com\/@institutcarlesvallbona2809\">Youtube Institut Carles Vallbona<\/a><\/li>\n<\/ul>\n<\/li>\n<\/ul>\n\n\n\n<h4 class=\"wp-block-heading\">Seguiment Acad\u00e8mic de l\u2019Alumnat<\/h4>\n\n\n\n<p>Tot el seguiment dels alumnes, acad\u00e8mic i personal, es fa a trav\u00e9s de fulls de c\u00e0lcul que el centre ha creat i que t\u00e9 organitzat en unitats compartides.<\/p>\n","protected":false},"excerpt":{"rendered":"<p>Qu\u00e8 \u00e9s la Cultura Digital? S\u00f3n el conjunt d&#8217;accions, procediments, protocols i acords relacionats amb tots els \u00e0mbits digitals del centre organitzats en forma de recull i posat a disposici\u00f3 de la comunitat educativa. La seg\u00fcent taula recull tota la documentaci\u00f3 relativa a la cultura digital del centre: Acr\u00f2nim Descripci\u00f3 Document (Visualitzaci\u00f3 i Desc\u00e0rrega) NOFC [&hellip;]<\/p>\n","protected":false},"author":1,"featured_media":0,"parent":1224,"menu_order":5,"comment_status":"closed","ping_status":"closed","template":"","meta":{"_bbp_topic_count":0,"_bbp_reply_count":0,"_bbp_total_topic_count":0,"_bbp_total_reply_count":0,"_bbp_voice_count":0,"_bbp_anonymous_reply_count":0,"_bbp_topic_count_hidden":0,"_bbp_reply_count_hidden":0,"_bbp_forum_subforum_count":0,"site-sidebar-layout":"default","site-content-layout":"","ast-site-content-layout":"default","site-content-style":"default","site-sidebar-style":"default","ast-global-header-display":"","ast-banner-title-visibility":"","ast-main-header-display":"","ast-hfb-above-header-display":"","ast-hfb-below-header-display":"","ast-hfb-mobile-header-display":"","site-post-title":"","ast-breadcrumbs-content":"","ast-featured-img":"","footer-sml-layout":"","theme-transparent-header-meta":"","adv-header-id-meta":"","stick-header-meta":"","header-above-stick-meta":"","header-main-stick-meta":"","header-below-stick-meta":"","astra-migrate-meta-layouts":"set","ast-page-background-enabled":"default","ast-page-background-meta":{"desktop":{"background-color":"var(--ast-global-color-4)","background-image":"","background-repeat":"repeat","background-position":"center center","background-size":"auto","background-attachment":"scroll","background-type":"","background-media":"","overlay-type":"","overlay-color":"","overlay-opacity":"","overlay-gradient":""},"tablet":{"background-color":"","background-image":"","background-repeat":"repeat","background-position":"center center","background-size":"auto","background-attachment":"scroll","background-type":"","background-media":"","overlay-type":"","overlay-color":"","overlay-opacity":"","overlay-gradient":""},"mobile":{"background-color":"","background-image":"","background-repeat":"repeat","background-position":"center center","background-size":"auto","background-attachment":"scroll","background-type":"","background-media":"","overlay-type":"","overlay-color":"","overlay-opacity":"","overlay-gradient":""}},"ast-content-background-meta":{"desktop":{"background-color":"var(--ast-global-color-5)","background-image":"","background-repeat":"repeat","background-position":"center center","background-size":"auto","background-attachment":"scroll","background-type":"","background-media":"","overlay-type":"","overlay-color":"","overlay-opacity":"","overlay-gradient":""},"tablet":{"background-color":"var(--ast-global-color-5)","background-image":"","background-repeat":"repeat","background-position":"center center","background-size":"auto","background-attachment":"scroll","background-type":"","background-media":"","overlay-type":"","overlay-color":"","overlay-opacity":"","overlay-gradient":""},"mobile":{"background-color":"var(--ast-global-color-5)","background-image":"","background-repeat":"repeat","background-position":"center center","background-size":"auto","background-attachment":"scroll","background-type":"","background-media":"","overlay-type":"","overlay-color":"","overlay-opacity":"","overlay-gradient":""}},"footnotes":""},"class_list":["post-2082","page","type-page","status-publish","hentry"],"post_mailing_queue_ids":[],"_links":{"self":[{"href":"https:\/\/agora.xtec.cat\/ies-carles-vallbona\/wp-json\/wp\/v2\/pages\/2082","targetHints":{"allow":["GET"]}}],"collection":[{"href":"https:\/\/agora.xtec.cat\/ies-carles-vallbona\/wp-json\/wp\/v2\/pages"}],"about":[{"href":"https:\/\/agora.xtec.cat\/ies-carles-vallbona\/wp-json\/wp\/v2\/types\/page"}],"author":[{"embeddable":true,"href":"https:\/\/agora.xtec.cat\/ies-carles-vallbona\/wp-json\/wp\/v2\/users\/1"}],"replies":[{"embeddable":true,"href":"https:\/\/agora.xtec.cat\/ies-carles-vallbona\/wp-json\/wp\/v2\/comments?post=2082"}],"version-history":[{"count":5,"href":"https:\/\/agora.xtec.cat\/ies-carles-vallbona\/wp-json\/wp\/v2\/pages\/2082\/revisions"}],"predecessor-version":[{"id":6123,"href":"https:\/\/agora.xtec.cat\/ies-carles-vallbona\/wp-json\/wp\/v2\/pages\/2082\/revisions\/6123"}],"up":[{"embeddable":true,"href":"https:\/\/agora.xtec.cat\/ies-carles-vallbona\/wp-json\/wp\/v2\/pages\/1224"}],"wp:attachment":[{"href":"https:\/\/agora.xtec.cat\/ies-carles-vallbona\/wp-json\/wp\/v2\/media?parent=2082"}],"curies":[{"name":"wp","href":"https:\/\/api.w.org\/{rel}","templated":true}]}}