{"id":2023,"date":"2023-05-04T13:22:32","date_gmt":"2023-05-04T11:22:32","guid":{"rendered":"https:\/\/agora.xtec.cat\/ies-carles-vallbona\/?page_id=2023"},"modified":"2026-04-08T10:29:53","modified_gmt":"2026-04-08T08:29:53","slug":"programa-de-formacio-i-insercio-pfi","status":"publish","type":"page","link":"https:\/\/agora.xtec.cat\/ies-carles-vallbona\/programa-de-formacio-i-insercio-pfi\/","title":{"rendered":"Programes de Formaci\u00f3 i Inserci\u00f3 (PFI)"},"content":{"rendered":"<p>Els PFI de l&#8217;Institut Carles Vallbona es realitzen al Centre Vall\u00e8s (<a tabindex=\"0\" href=\"https:\/\/www.google.com\/maps\/place\/\/data=!4m2!3m1!1s0x12a4c7d75a8ce371:0x43e62ebcb1960196?sa=X&amp;ved=1t:8290&amp;ictx=111\" data-url=\"\/maps\/place\/\/data=!4m2!3m1!1s0x12a4c7d75a8ce371:0x43e62ebcb1960196?sa=X&amp;ved=2ahUKEwjX74S8vLaMAxWiVfEDHWAOM3UQ4kB6BAgGEAA\" data-sb=\"\/url?sa=t&amp;source=web&amp;rct=j&amp;opi=89978449&amp;url=\/maps\/place\/\/data%3D!4m2!3m1!1s0x12a4c7d75a8ce371:0x43e62ebcb1960196%3Fsa%3DX%26ved%3D1t:8290%26ictx%3D111&amp;ved=2ahUKEwjX74S8vLaMAxWiVfEDHWAOM3UQ4kB6BAgmEAM&amp;usg=AOvVaw37a3cGiMhoZfdeiXysYEzb\">Carrer de Vene\u00e7uela, 86, 08402 Granollers, Barcelona<\/a>)<\/p>\n<p><strong>Comer\u00e7 i m\u00e0rqueting:\u00a0<\/strong><strong>Auxiliar de comer\u00e7 i atenci\u00f3 p\u00fablic<\/strong><\/p>\n<p><strong>Electricitat i mec\u00e0nica:\u00a0<\/strong><strong>Auxiliar de fabricaci\u00f3 mec\u00e0nica\u00a0<\/strong><\/p>\n<p><strong>Sanitat: A<\/strong><strong>uxiliar en centres\u00a0<\/strong><b>sanitaris\u00a0<\/b><\/p>\n<p>Teniu m\u00e9s informaci\u00f3 a la <a href=\"https:\/\/centrevalles.cat\/pfi\/\">web<\/a> o trucant al tel\u00e8fon 93 849 98 88<\/p>\n<p><img loading=\"lazy\" decoding=\"async\" class=\"details-image\" draggable=\"false\" src=\"https:\/\/agora.xtec.cat\/ies-carles-vallbona\/wp-content\/uploads\/usu2364\/2026\/04\/Cartell-difusio-preinscripcio-PFI-GRANOLLERS-CURS-2026-27-pdf.jpg\" alt=\"\" width=\"475\" height=\"672\" \/><\/p>\n","protected":false},"excerpt":{"rendered":"<p>Els PFI de l&#8217;Institut Carles Vallbona es realitzen al Centre Vall\u00e8s (Carrer de Vene\u00e7uela, 86, 08402 Granollers, Barcelona) Comer\u00e7 i m\u00e0rqueting:\u00a0Auxiliar de comer\u00e7 i atenci\u00f3 p\u00fablic Electricitat i mec\u00e0nica:\u00a0Auxiliar de fabricaci\u00f3 mec\u00e0nica\u00a0 Sanitat: Auxiliar en centres\u00a0sanitaris\u00a0 Teniu m\u00e9s informaci\u00f3 a la web o trucant al tel\u00e8fon 93 849 98 88<\/p>\n","protected":false},"author":1,"featured_media":0,"parent":0,"menu_order":0,"comment_status":"closed","ping_status":"closed","template":"","meta":{"_bbp_topic_count":0,"_bbp_reply_count":0,"_bbp_total_topic_count":0,"_bbp_total_reply_count":0,"_bbp_voice_count":0,"_bbp_anonymous_reply_count":0,"_bbp_topic_count_hidden":0,"_bbp_reply_count_hidden":0,"_bbp_forum_subforum_count":0,"site-sidebar-layout":"default","site-content-layout":"","ast-site-content-layout":"default","site-content-style":"default","site-sidebar-style":"default","ast-global-header-display":"","ast-banner-title-visibility":"","ast-main-header-display":"","ast-hfb-above-header-display":"","ast-hfb-below-header-display":"","ast-hfb-mobile-header-display":"","site-post-title":"","ast-breadcrumbs-content":"","ast-featured-img":"","footer-sml-layout":"","theme-transparent-header-meta":"","adv-header-id-meta":"","stick-header-meta":"","header-above-stick-meta":"","header-main-stick-meta":"","header-below-stick-meta":"","astra-migrate-meta-layouts":"set","ast-page-background-enabled":"default","ast-page-background-meta":{"desktop":{"background-color":"var(--ast-global-color-4)","background-image":"","background-repeat":"repeat","background-position":"center center","background-size":"auto","background-attachment":"scroll","background-type":"","background-media":"","overlay-type":"","overlay-color":"","overlay-opacity":"","overlay-gradient":""},"tablet":{"background-color":"","background-image":"","background-repeat":"repeat","background-position":"center center","background-size":"auto","background-attachment":"scroll","background-type":"","background-media":"","overlay-type":"","overlay-color":"","overlay-opacity":"","overlay-gradient":""},"mobile":{"background-color":"","background-image":"","background-repeat":"repeat","background-position":"center center","background-size":"auto","background-attachment":"scroll","background-type":"","background-media":"","overlay-type":"","overlay-color":"","overlay-opacity":"","overlay-gradient":""}},"ast-content-background-meta":{"desktop":{"background-color":"var(--ast-global-color-5)","background-image":"","background-repeat":"repeat","background-position":"center center","background-size":"auto","background-attachment":"scroll","background-type":"","background-media":"","overlay-type":"","overlay-color":"","overlay-opacity":"","overlay-gradient":""},"tablet":{"background-color":"var(--ast-global-color-5)","background-image":"","background-repeat":"repeat","background-position":"center center","background-size":"auto","background-attachment":"scroll","background-type":"","background-media":"","overlay-type":"","overlay-color":"","overlay-opacity":"","overlay-gradient":""},"mobile":{"background-color":"var(--ast-global-color-5)","background-image":"","background-repeat":"repeat","background-position":"center center","background-size":"auto","background-attachment":"scroll","background-type":"","background-media":"","overlay-type":"","overlay-color":"","overlay-opacity":"","overlay-gradient":""}},"footnotes":""},"class_list":["post-2023","page","type-page","status-publish","hentry"],"post_mailing_queue_ids":[],"_links":{"self":[{"href":"https:\/\/agora.xtec.cat\/ies-carles-vallbona\/wp-json\/wp\/v2\/pages\/2023","targetHints":{"allow":["GET"]}}],"collection":[{"href":"https:\/\/agora.xtec.cat\/ies-carles-vallbona\/wp-json\/wp\/v2\/pages"}],"about":[{"href":"https:\/\/agora.xtec.cat\/ies-carles-vallbona\/wp-json\/wp\/v2\/types\/page"}],"author":[{"embeddable":true,"href":"https:\/\/agora.xtec.cat\/ies-carles-vallbona\/wp-json\/wp\/v2\/users\/1"}],"replies":[{"embeddable":true,"href":"https:\/\/agora.xtec.cat\/ies-carles-vallbona\/wp-json\/wp\/v2\/comments?post=2023"}],"version-history":[{"count":6,"href":"https:\/\/agora.xtec.cat\/ies-carles-vallbona\/wp-json\/wp\/v2\/pages\/2023\/revisions"}],"predecessor-version":[{"id":6802,"href":"https:\/\/agora.xtec.cat\/ies-carles-vallbona\/wp-json\/wp\/v2\/pages\/2023\/revisions\/6802"}],"wp:attachment":[{"href":"https:\/\/agora.xtec.cat\/ies-carles-vallbona\/wp-json\/wp\/v2\/media?parent=2023"}],"curies":[{"name":"wp","href":"https:\/\/api.w.org\/{rel}","templated":true}]}}