{"id":2019,"date":"2023-05-04T13:20:22","date_gmt":"2023-05-04T11:20:22","guid":{"rendered":"https:\/\/agora.xtec.cat\/ies-carles-vallbona\/?page_id=2019"},"modified":"2026-03-26T16:53:14","modified_gmt":"2026-03-26T15:53:14","slug":"proves-dacces-cicles-formatius","status":"publish","type":"page","link":"https:\/\/agora.xtec.cat\/ies-carles-vallbona\/proves-dacces-cicles-formatius\/","title":{"rendered":"Proves d&#8217;acc\u00e9s cicles formatius"},"content":{"rendered":"\n<p>Podeu trobar tota la informaci\u00f3 oficial de les proves d&#8217;acc\u00e9s a:<\/p>\n\n\n\n<p><a href=\"https:\/\/triaeducativa.gencat.cat\/ca\/proves\/proves-acces\/fp\/fp-gm\/\">Prova d&#8217;acc\u00e9s a cicles formatius de grau mitj\u00e0<\/a><\/p>\n\n\n\n<p><a href=\"https:\/\/triaeducativa.gencat.cat\/ca\/proves\/proves-acces\/fp\/fp-gs\/\">Prova d&#8217;acc\u00e9s a cicles formatius de grau superior<\/a><\/p>\n\n\n\n<p>Comissi\u00f3 avaluadora Proves Acc\u00e9s CFGM<\/p>\n\n\n\n<p>Comissi\u00f3 avaluadora Proves Acc\u00e9s CFGS<\/p>\n\n\n\n<figure class=\"wp-block-table\"><table class=\"has-fixed-layout\"><tbody><tr><td><span style=\"color: #0000ff;\">PROVES D&#8217;ACC\u00c9S DE GRAU MITJ\u00c0<\/span>  <br>13 de maig de 2026 &#8211; 15:30h<\/td><\/tr><tr><td><span style=\"color: #000000;\"><a style=\"color: #000000;\" href=\"https:\/\/agora.xtec.cat\/ies-carles-vallbona\/wp-content\/uploads\/usu2364\/2025\/04\/Materia-especific-Proves-CFGM.pdf\">Material espec\u00edfic prova d&#8217;acc\u00e9s grau mitj\u00e0<\/a><\/span><\/td><\/tr><\/tbody><\/table><\/figure>\n\n\n\n<figure class=\"wp-block-table\"><table class=\"has-fixed-layout\"><tbody><tr><td><span style=\"color: #0000ff;\">PROVES D&#8217;ACC\u00c9S DE GRAU SUPERIOR<\/span> <br>Part comuna: 20 de maig de 2026 a les 15:30h<br>Part espec\u00edfica: 21 de maig de 2026 a les 15:30h<\/td><\/tr><tr><td><span style=\"color: #000000;\"><a style=\"color: #000000;\" href=\"https:\/\/agora.xtec.cat\/ies-carles-vallbona\/wp-content\/uploads\/usu2364\/2025\/04\/Materia-especific-Proves-CFGS.pdf\">Material espec\u00edfic prova d&#8217;acc\u00e9s grau superior<\/a><\/span><\/td><\/tr><\/tbody><\/table><\/figure>\n\n\n\n<h4 class=\"wp-block-heading\"><b>RECLAMACIONS<\/b><\/h4>\n\n\n\n<p>INST\u00c0NCIA DE RECLAMACI\u00d3 PROVES D&#8217;ACC\u00c9S A CFGM<\/p>\n\n\n\n<p><a href=\"https:\/\/agora.xtec.cat\/ies-carles-vallbona\/wp-content\/uploads\/usu2364\/2025\/06\/SOL\u00b7LICITUD-DE-RECLAMACIO-PROVES-DACCES-A-CFGS-2025.pdf\">INST\u00c0NCIA DE RECLAMACI\u00d3 PROVES D&#8217;ACC\u00c9S A CFGS<\/a><\/p>\n\n\n\n<p>Les persones aspirants tenen dret a presentar un reclamaci\u00f3 sobre la qualificaci\u00f3 provisional obtinguda. L&#8217;ha de presentar per escrit la persona aspirant, o si \u00e9s menor, d&#8217;edat el progenitor o el\/la tutor\/a legal, a la secretaria del centre en el seg\u00fcent horari:<\/p>\n\n\n\n<ul class=\"wp-block-list\">\n<li>Dimecres de 10 a 13h o de 16 a 17h<\/li>\n\n\n\n<li>Dimecres de 10 a 13h o de 16 a 17h<\/li>\n\n\n\n<li>Divendres de 10 a 12h.<\/li>\n<\/ul>\n\n\n\n<p>La comissi\u00f3 avaluadora resol les reclamacions amb la publicaci\u00f3 de les qualificacions definitives.<\/p>\n\n\n\n<p><\/p>\n","protected":false},"excerpt":{"rendered":"<p>Podeu trobar tota la informaci\u00f3 oficial de les proves d&#8217;acc\u00e9s a: Prova d&#8217;acc\u00e9s a cicles formatius de grau mitj\u00e0 Prova d&#8217;acc\u00e9s a cicles formatius de grau superior Comissi\u00f3 avaluadora Proves Acc\u00e9s CFGM Comissi\u00f3 avaluadora Proves Acc\u00e9s CFGS PROVES D&#8217;ACC\u00c9S DE GRAU MITJ\u00c0 13 de maig de 2026 &#8211; 15:30h Material espec\u00edfic prova d&#8217;acc\u00e9s grau mitj\u00e0 [&hellip;]<\/p>\n","protected":false},"author":1,"featured_media":0,"parent":0,"menu_order":0,"comment_status":"closed","ping_status":"closed","template":"","meta":{"_bbp_topic_count":0,"_bbp_reply_count":0,"_bbp_total_topic_count":0,"_bbp_total_reply_count":0,"_bbp_voice_count":0,"_bbp_anonymous_reply_count":0,"_bbp_topic_count_hidden":0,"_bbp_reply_count_hidden":0,"_bbp_forum_subforum_count":0,"site-sidebar-layout":"default","site-content-layout":"","ast-site-content-layout":"default","site-content-style":"default","site-sidebar-style":"default","ast-global-header-display":"","ast-banner-title-visibility":"","ast-main-header-display":"","ast-hfb-above-header-display":"","ast-hfb-below-header-display":"","ast-hfb-mobile-header-display":"","site-post-title":"","ast-breadcrumbs-content":"","ast-featured-img":"","footer-sml-layout":"","theme-transparent-header-meta":"","adv-header-id-meta":"","stick-header-meta":"","header-above-stick-meta":"","header-main-stick-meta":"","header-below-stick-meta":"","astra-migrate-meta-layouts":"set","ast-page-background-enabled":"default","ast-page-background-meta":{"desktop":{"background-color":"var(--ast-global-color-4)","background-image":"","background-repeat":"repeat","background-position":"center center","background-size":"auto","background-attachment":"scroll","background-type":"","background-media":"","overlay-type":"","overlay-color":"","overlay-opacity":"","overlay-gradient":""},"tablet":{"background-color":"","background-image":"","background-repeat":"repeat","background-position":"center center","background-size":"auto","background-attachment":"scroll","background-type":"","background-media":"","overlay-type":"","overlay-color":"","overlay-opacity":"","overlay-gradient":""},"mobile":{"background-color":"","background-image":"","background-repeat":"repeat","background-position":"center center","background-size":"auto","background-attachment":"scroll","background-type":"","background-media":"","overlay-type":"","overlay-color":"","overlay-opacity":"","overlay-gradient":""}},"ast-content-background-meta":{"desktop":{"background-color":"var(--ast-global-color-5)","background-image":"","background-repeat":"repeat","background-position":"center center","background-size":"auto","background-attachment":"scroll","background-type":"","background-media":"","overlay-type":"","overlay-color":"","overlay-opacity":"","overlay-gradient":""},"tablet":{"background-color":"var(--ast-global-color-5)","background-image":"","background-repeat":"repeat","background-position":"center center","background-size":"auto","background-attachment":"scroll","background-type":"","background-media":"","overlay-type":"","overlay-color":"","overlay-opacity":"","overlay-gradient":""},"mobile":{"background-color":"var(--ast-global-color-5)","background-image":"","background-repeat":"repeat","background-position":"center center","background-size":"auto","background-attachment":"scroll","background-type":"","background-media":"","overlay-type":"","overlay-color":"","overlay-opacity":"","overlay-gradient":""}},"footnotes":""},"class_list":["post-2019","page","type-page","status-publish","hentry"],"post_mailing_queue_ids":[],"_links":{"self":[{"href":"https:\/\/agora.xtec.cat\/ies-carles-vallbona\/wp-json\/wp\/v2\/pages\/2019","targetHints":{"allow":["GET"]}}],"collection":[{"href":"https:\/\/agora.xtec.cat\/ies-carles-vallbona\/wp-json\/wp\/v2\/pages"}],"about":[{"href":"https:\/\/agora.xtec.cat\/ies-carles-vallbona\/wp-json\/wp\/v2\/types\/page"}],"author":[{"embeddable":true,"href":"https:\/\/agora.xtec.cat\/ies-carles-vallbona\/wp-json\/wp\/v2\/users\/1"}],"replies":[{"embeddable":true,"href":"https:\/\/agora.xtec.cat\/ies-carles-vallbona\/wp-json\/wp\/v2\/comments?post=2019"}],"version-history":[{"count":6,"href":"https:\/\/agora.xtec.cat\/ies-carles-vallbona\/wp-json\/wp\/v2\/pages\/2019\/revisions"}],"predecessor-version":[{"id":6727,"href":"https:\/\/agora.xtec.cat\/ies-carles-vallbona\/wp-json\/wp\/v2\/pages\/2019\/revisions\/6727"}],"wp:attachment":[{"href":"https:\/\/agora.xtec.cat\/ies-carles-vallbona\/wp-json\/wp\/v2\/media?parent=2019"}],"curies":[{"name":"wp","href":"https:\/\/api.w.org\/{rel}","templated":true}]}}