{"id":1670,"date":"2023-03-16T09:36:36","date_gmt":"2023-03-16T08:36:36","guid":{"rendered":"https:\/\/agora.xtec.cat\/ies-carles-vallbona\/?page_id=1670"},"modified":"2026-02-24T16:07:26","modified_gmt":"2026-02-24T15:07:26","slug":"politica-de-qualitat","status":"publish","type":"page","link":"https:\/\/agora.xtec.cat\/ies-carles-vallbona\/politica-de-qualitat\/","title":{"rendered":"Pol\u00edtica del sistema de gesti\u00f3 integrat"},"content":{"rendered":"\n<p><span style=\"color: #000000; font-weight: normal; font-size: 1em;\">L\u2019Institut Carles Vallbona \u00e9s un centre educatiu de la Generalitat de Catalunya que t\u00e9 implementat un model de gesti\u00f3 basat en la norma ISO 9001, ISO 14001 i en el model d\u2019excel\u00b7l\u00e8ncia e2cat, que cerca la millora cont\u00ednua en la qualitat a l\u2019educaci\u00f3, per la qual cosa el seu funcionament est\u00e0 alineat amb la normativa vigent i els requisits establerts per l\u2019administraci\u00f3 educativa.<\/span><\/p>\n\n\n\n<div>\n<p><span style=\"color: #000000;\">La comunitat educativa vetlla per l\u2019actualitzaci\u00f3 dels elements curriculars i les metodologies d\u2019aprenentatge, aix\u00ed com pel manteniment i millora de les instal\u00b7lacions i equipaments, per tal de respondre adequadament a les necessitats i expectatives dels diferents grups d\u2019inter\u00e8s.<\/span><\/p>\n<p>El centre adquireix el comprom\u00eds amb la protecci\u00f3 del medi, el qual compren la prevenci\u00f3 ambiental i atmosf\u00e8rica i altres compromisos com la utilitzaci\u00f3 sostenible dels recursos, la mitigaci\u00f3 del canvi clim\u00e0tic i l\u2019adaptaci\u00f3 a aquest canvi clim\u00e0tic, millorant de forma cont\u00ednua les pr\u00e0ctiques ambientals i adoptant com a refer\u00e8ncia la norma ISO 14001, i complint tota la normativa i els requisits legals i altres requisits que ens pertoquen\/afecten. Tamb\u00e9 treballa per eliminar els perills i reduir els riscos associats a la seguretat i salut en el treball, i promoure la participaci\u00f3 de tots els membres de la comunitat educativa.<\/p>\n<p>El comprom\u00eds de la qualitat en l&#8217;educaci\u00f3 i la gesti\u00f3 ambiental afecta a tota l\u2019organitzaci\u00f3 del centre, que accepta aquest repte i assumeix la responsabilitat de participar activament en el desenvolupament i millora cont\u00ednua del centre. La direcci\u00f3 del centre vetlla i proporciona els mitjans que estiguin al seu abast per assolir els objectius.<\/p>\n<\/div>\n\n\n\n<div>\n<p dir=\"ltr\">&nbsp;&nbsp;&nbsp;&nbsp;&nbsp;&nbsp;&nbsp;&nbsp;&nbsp;&nbsp;&nbsp;&nbsp;&nbsp;&nbsp;&nbsp;&nbsp;&nbsp;&nbsp;&nbsp;&nbsp;&nbsp;&nbsp;&nbsp;&nbsp;&nbsp;&nbsp;&nbsp;&nbsp;&nbsp;&nbsp;<wbr>&nbsp;&nbsp;&nbsp;&nbsp;&nbsp;&nbsp;&nbsp;&nbsp;&nbsp;&nbsp;&nbsp;&nbsp;&nbsp;&nbsp;&nbsp;&nbsp;&nbsp;&nbsp;&nbsp;&nbsp;&nbsp;&nbsp;&nbsp;&nbsp;&nbsp;&nbsp;&nbsp;&nbsp;&nbsp;&nbsp;<wbr><\/p>\n<\/div>\n\n\n\n<figure class=\"wp-block-image alignleft size-large\"><img loading=\"lazy\" decoding=\"async\" width=\"1024\" height=\"549\" src=\"https:\/\/agora.xtec.cat\/ies-carles-vallbona\/wp-content\/uploads\/usu2364\/2026\/02\/image-5-1024x549.png\" alt=\"\" class=\"wp-image-6556\" srcset=\"https:\/\/agora.xtec.cat\/ies-carles-vallbona\/wp-content\/uploads\/usu2364\/2026\/02\/image-5-1024x549.png 1024w, https:\/\/agora.xtec.cat\/ies-carles-vallbona\/wp-content\/uploads\/usu2364\/2026\/02\/image-5-300x161.png 300w, https:\/\/agora.xtec.cat\/ies-carles-vallbona\/wp-content\/uploads\/usu2364\/2026\/02\/image-5-768x412.png 768w, https:\/\/agora.xtec.cat\/ies-carles-vallbona\/wp-content\/uploads\/usu2364\/2026\/02\/image-5.png 1081w\" sizes=\"auto, (max-width: 1024px) 100vw, 1024px\" \/><\/figure>\n\n\n\n<p><\/p>\n","protected":false},"excerpt":{"rendered":"<p>L\u2019Institut Carles Vallbona \u00e9s un centre educatiu de la Generalitat de Catalunya que t\u00e9 implementat un model de gesti\u00f3 basat en la norma ISO 9001, ISO 14001 i en el model d\u2019excel\u00b7l\u00e8ncia e2cat, que cerca la millora cont\u00ednua en la qualitat a l\u2019educaci\u00f3, per la qual cosa el seu funcionament est\u00e0 alineat amb la normativa [&hellip;]<\/p>\n","protected":false},"author":1,"featured_media":0,"parent":0,"menu_order":0,"comment_status":"closed","ping_status":"closed","template":"","meta":{"_bbp_topic_count":0,"_bbp_reply_count":0,"_bbp_total_topic_count":0,"_bbp_total_reply_count":0,"_bbp_voice_count":0,"_bbp_anonymous_reply_count":0,"_bbp_topic_count_hidden":0,"_bbp_reply_count_hidden":0,"_bbp_forum_subforum_count":0,"site-sidebar-layout":"default","site-content-layout":"","ast-site-content-layout":"default","site-content-style":"default","site-sidebar-style":"default","ast-global-header-display":"","ast-banner-title-visibility":"","ast-main-header-display":"","ast-hfb-above-header-display":"","ast-hfb-below-header-display":"","ast-hfb-mobile-header-display":"","site-post-title":"","ast-breadcrumbs-content":"","ast-featured-img":"","footer-sml-layout":"","theme-transparent-header-meta":"","adv-header-id-meta":"","stick-header-meta":"","header-above-stick-meta":"","header-main-stick-meta":"","header-below-stick-meta":"","astra-migrate-meta-layouts":"set","ast-page-background-enabled":"default","ast-page-background-meta":{"desktop":{"background-color":"var(--ast-global-color-4)","background-image":"","background-repeat":"repeat","background-position":"center center","background-size":"auto","background-attachment":"scroll","background-type":"","background-media":"","overlay-type":"","overlay-color":"","overlay-opacity":"","overlay-gradient":""},"tablet":{"background-color":"","background-image":"","background-repeat":"repeat","background-position":"center center","background-size":"auto","background-attachment":"scroll","background-type":"","background-media":"","overlay-type":"","overlay-color":"","overlay-opacity":"","overlay-gradient":""},"mobile":{"background-color":"","background-image":"","background-repeat":"repeat","background-position":"center center","background-size":"auto","background-attachment":"scroll","background-type":"","background-media":"","overlay-type":"","overlay-color":"","overlay-opacity":"","overlay-gradient":""}},"ast-content-background-meta":{"desktop":{"background-color":"var(--ast-global-color-5)","background-image":"","background-repeat":"repeat","background-position":"center center","background-size":"auto","background-attachment":"scroll","background-type":"","background-media":"","overlay-type":"","overlay-color":"","overlay-opacity":"","overlay-gradient":""},"tablet":{"background-color":"var(--ast-global-color-5)","background-image":"","background-repeat":"repeat","background-position":"center center","background-size":"auto","background-attachment":"scroll","background-type":"","background-media":"","overlay-type":"","overlay-color":"","overlay-opacity":"","overlay-gradient":""},"mobile":{"background-color":"var(--ast-global-color-5)","background-image":"","background-repeat":"repeat","background-position":"center center","background-size":"auto","background-attachment":"scroll","background-type":"","background-media":"","overlay-type":"","overlay-color":"","overlay-opacity":"","overlay-gradient":""}},"footnotes":""},"class_list":["post-1670","page","type-page","status-publish","hentry"],"post_mailing_queue_ids":[],"_links":{"self":[{"href":"https:\/\/agora.xtec.cat\/ies-carles-vallbona\/wp-json\/wp\/v2\/pages\/1670","targetHints":{"allow":["GET"]}}],"collection":[{"href":"https:\/\/agora.xtec.cat\/ies-carles-vallbona\/wp-json\/wp\/v2\/pages"}],"about":[{"href":"https:\/\/agora.xtec.cat\/ies-carles-vallbona\/wp-json\/wp\/v2\/types\/page"}],"author":[{"embeddable":true,"href":"https:\/\/agora.xtec.cat\/ies-carles-vallbona\/wp-json\/wp\/v2\/users\/1"}],"replies":[{"embeddable":true,"href":"https:\/\/agora.xtec.cat\/ies-carles-vallbona\/wp-json\/wp\/v2\/comments?post=1670"}],"version-history":[{"count":6,"href":"https:\/\/agora.xtec.cat\/ies-carles-vallbona\/wp-json\/wp\/v2\/pages\/1670\/revisions"}],"predecessor-version":[{"id":6557,"href":"https:\/\/agora.xtec.cat\/ies-carles-vallbona\/wp-json\/wp\/v2\/pages\/1670\/revisions\/6557"}],"wp:attachment":[{"href":"https:\/\/agora.xtec.cat\/ies-carles-vallbona\/wp-json\/wp\/v2\/media?parent=1670"}],"curies":[{"name":"wp","href":"https:\/\/api.w.org\/{rel}","templated":true}]}}