{"id":1455,"date":"2023-02-16T18:57:30","date_gmt":"2023-02-16T17:57:30","guid":{"rendered":"https:\/\/agora.xtec.cat\/ies-carles-vallbona\/?page_id=1455"},"modified":"2026-03-18T18:52:25","modified_gmt":"2026-03-18T17:52:25","slug":"borsa-de-treball","status":"publish","type":"page","link":"https:\/\/agora.xtec.cat\/ies-carles-vallbona\/borsa-de-treball\/","title":{"rendered":"Borsa de treball"},"content":{"rendered":"\n<h2 class=\"wp-block-heading has-text-align-center\"><figure><a href=\"https:\/\/agora.xtec.cat\/ies-carles-vallbona\/wp-content\/uploads\/usu2364\/2025\/09\/Logo_BorsadeTreball.png\"><img loading=\"lazy\" decoding=\"async\" class=\"size-medium wp-image-5036 aligncenter\" src=\"https:\/\/agora.xtec.cat\/ies-carles-vallbona\/wp-content\/uploads\/usu2364\/2025\/09\/Logo_BorsadeTreball-300x120.png\" alt=\"\" width=\"300\" height=\"120\" srcset=\"https:\/\/agora.xtec.cat\/ies-carles-vallbona\/wp-content\/uploads\/usu2364\/2025\/09\/Logo_BorsadeTreball-300x120.png 300w, https:\/\/agora.xtec.cat\/ies-carles-vallbona\/wp-content\/uploads\/usu2364\/2025\/09\/Logo_BorsadeTreball-1024x409.png 1024w, https:\/\/agora.xtec.cat\/ies-carles-vallbona\/wp-content\/uploads\/usu2364\/2025\/09\/Logo_BorsadeTreball-768x307.png 768w, https:\/\/agora.xtec.cat\/ies-carles-vallbona\/wp-content\/uploads\/usu2364\/2025\/09\/Logo_BorsadeTreball.png 1378w\" sizes=\"auto, (max-width: 300px) 100vw, 300px\" \/><\/a><\/figure><\/h2>\n\n\n\n<h5 class=\"wp-block-heading\"><b>Quina finalitat t\u00e9?<\/b><\/h5>\n\n\n\n<p><span style=\"font-weight: 400;\">\u00c9s un servei totalment gratu\u00eft adre\u00e7at a les empreses, l\u2019alumnat i ex-alumnat de l\u2019institut. T\u00e9 com a finalitat posar en contacte l\u2019oferta i la demanda per a la inserci\u00f3 al m\u00f3n laboral dels nostres estudiants.<\/span><\/p>\n\n\n\n<h5 class=\"wp-block-heading\"><b>A qui m\u2019he d\u2019adre\u00e7ar?<\/b><\/h5>\n\n\n\n<p><span style=\"font-weight: 400;\">Per a qualsevol consulta o incid\u00e8ncia amb la borsa de treball, pots contactar amb l\u2019administrador de la borsa a&nbsp;<\/span><a href=\"mailto:borsatreball@icv.cat\"><span style=\"font-weight: 400;\">borsatreball@icv.cat<\/span><\/a><\/p>\n\n\n\n<h4 class=\"wp-block-heading\">&nbsp;<\/h4>\n\n\n\n<h4 class=\"wp-block-heading\">\u00a0<\/h4>\n\n\n\n<h3 class=\"wp-block-heading\"><b>Empreses<\/b><\/h3>\n\n\n\n<p><span style=\"font-weight: 400;\">Les empreses la primera vegada que accedeixen han de registrar-se. Una vegada registrades i validades per l\u2019administrador de la borsa, podran publicar les ofertes de treball directament.&nbsp;<\/span><\/p>\n\n\n\n<div class=\"wp-block-getwid-button-group\"><div class=\"wp-block-getwid-button-group__wrapper has-alignment-center\">\n<div class=\"wp-block-button\"><a class=\"wp-block-button__link wp-element-button\" href=\"https:\/\/inscarlesvallbona.ieduca.com\/borsa\"><span style=\"font-weight: 400;\">Registre d\u2019empreses<\/span><\/a><\/div>\n\n\n\n<div class=\"wp-block-button\"><a class=\"wp-block-button__link wp-element-button\" href=\"https:\/\/agora.xtec.cat\/ies-carles-vallbona\/wp-content\/uploads\/usu2364\/2025\/09\/Borsa-de-treball-Registre-empreses.pdf\"><span style=\"font-weight: 400;\">Manual de registre per empreses<\/span><\/a><\/div>\n<\/div><\/div>\n\n\n\n<div style=\"height:50px\" aria-hidden=\"true\" class=\"wp-block-spacer\"><\/div>\n\n\n\n<h3 class=\"wp-block-heading\"><b>Alumnes i ex-alumnes<\/b><\/h3>\n\n\n\n<p><span style=\"font-weight: 400;\">Els alumnes o ex-alumnes del centre, una vegada registrats, podran consultar i aplicar a les ofertes publicades.<\/span><\/p>\n\n\n\n<div class=\"wp-block-getwid-button-group\"><div class=\"wp-block-getwid-button-group__wrapper has-alignment-center\">\n<div class=\"wp-block-button\"><a class=\"wp-block-button__link wp-element-button\" href=\"https:\/\/inscarlesvallbona.ieduca.com\/borsa\"><span style=\"font-weight: 400;\">Registre d\u2019a<\/span>lumnes i ex-alumnes<\/a><\/div>\n\n\n\n<div class=\"wp-block-button\"><a class=\"wp-block-button__link wp-element-button\" href=\"https:\/\/agora.xtec.cat\/ies-carles-vallbona\/wp-content\/uploads\/usu2364\/2025\/11\/Borsa-de-treball-Manual-Alumnat.pdf\"><span style=\"font-weight: 400;\">Manual de registre per a<\/span>lumnes i ex-alumnes<\/a><\/div>\n<\/div><\/div>\n\n\n\n<div style=\"height:50px\" aria-hidden=\"true\" class=\"wp-block-spacer\"><\/div>\n\n\n\n<h5 class=\"wp-block-heading\"><b>Pol\u00edtica de privacitat<\/b><\/h5>\n\n\n\n<p><span style=\"font-weight: 400;\">En el cas que faciliteu les vostres dades personals a trav\u00e9s d\u2019aquesta seu electr\u00f2nica, el tractament que se\u2019n pot derivar se sotmet al Reglament (UE 2016\/679)<\/span><\/p>\n","protected":false},"excerpt":{"rendered":"<p>Quina finalitat t\u00e9? \u00c9s un servei totalment gratu\u00eft adre\u00e7at a les empreses, l\u2019alumnat i ex-alumnat de l\u2019institut. T\u00e9 com a finalitat posar en contacte l\u2019oferta i la demanda per a la inserci\u00f3 al m\u00f3n laboral dels nostres estudiants. A qui m\u2019he d\u2019adre\u00e7ar? Per a qualsevol consulta o incid\u00e8ncia amb la borsa de treball, pots contactar [&hellip;]<\/p>\n","protected":false},"author":1,"featured_media":0,"parent":0,"menu_order":0,"comment_status":"closed","ping_status":"closed","template":"","meta":{"_bbp_topic_count":0,"_bbp_reply_count":0,"_bbp_total_topic_count":0,"_bbp_total_reply_count":0,"_bbp_voice_count":0,"_bbp_anonymous_reply_count":0,"_bbp_topic_count_hidden":0,"_bbp_reply_count_hidden":0,"_bbp_forum_subforum_count":0,"site-sidebar-layout":"default","site-content-layout":"","ast-site-content-layout":"default","site-content-style":"default","site-sidebar-style":"default","ast-global-header-display":"","ast-banner-title-visibility":"","ast-main-header-display":"","ast-hfb-above-header-display":"","ast-hfb-below-header-display":"","ast-hfb-mobile-header-display":"","site-post-title":"","ast-breadcrumbs-content":"","ast-featured-img":"","footer-sml-layout":"","theme-transparent-header-meta":"","adv-header-id-meta":"","stick-header-meta":"","header-above-stick-meta":"","header-main-stick-meta":"","header-below-stick-meta":"","astra-migrate-meta-layouts":"set","ast-page-background-enabled":"default","ast-page-background-meta":{"desktop":{"background-color":"var(--ast-global-color-4)","background-image":"","background-repeat":"repeat","background-position":"center center","background-size":"auto","background-attachment":"scroll","background-type":"","background-media":"","overlay-type":"","overlay-color":"","overlay-opacity":"","overlay-gradient":""},"tablet":{"background-color":"","background-image":"","background-repeat":"repeat","background-position":"center center","background-size":"auto","background-attachment":"scroll","background-type":"","background-media":"","overlay-type":"","overlay-color":"","overlay-opacity":"","overlay-gradient":""},"mobile":{"background-color":"","background-image":"","background-repeat":"repeat","background-position":"center center","background-size":"auto","background-attachment":"scroll","background-type":"","background-media":"","overlay-type":"","overlay-color":"","overlay-opacity":"","overlay-gradient":""}},"ast-content-background-meta":{"desktop":{"background-color":"var(--ast-global-color-5)","background-image":"","background-repeat":"repeat","background-position":"center center","background-size":"auto","background-attachment":"scroll","background-type":"","background-media":"","overlay-type":"","overlay-color":"","overlay-opacity":"","overlay-gradient":""},"tablet":{"background-color":"var(--ast-global-color-5)","background-image":"","background-repeat":"repeat","background-position":"center center","background-size":"auto","background-attachment":"scroll","background-type":"","background-media":"","overlay-type":"","overlay-color":"","overlay-opacity":"","overlay-gradient":""},"mobile":{"background-color":"var(--ast-global-color-5)","background-image":"","background-repeat":"repeat","background-position":"center center","background-size":"auto","background-attachment":"scroll","background-type":"","background-media":"","overlay-type":"","overlay-color":"","overlay-opacity":"","overlay-gradient":""}},"footnotes":""},"class_list":["post-1455","page","type-page","status-publish","hentry"],"post_mailing_queue_ids":[],"_links":{"self":[{"href":"https:\/\/agora.xtec.cat\/ies-carles-vallbona\/wp-json\/wp\/v2\/pages\/1455","targetHints":{"allow":["GET"]}}],"collection":[{"href":"https:\/\/agora.xtec.cat\/ies-carles-vallbona\/wp-json\/wp\/v2\/pages"}],"about":[{"href":"https:\/\/agora.xtec.cat\/ies-carles-vallbona\/wp-json\/wp\/v2\/types\/page"}],"author":[{"embeddable":true,"href":"https:\/\/agora.xtec.cat\/ies-carles-vallbona\/wp-json\/wp\/v2\/users\/1"}],"replies":[{"embeddable":true,"href":"https:\/\/agora.xtec.cat\/ies-carles-vallbona\/wp-json\/wp\/v2\/comments?post=1455"}],"version-history":[{"count":6,"href":"https:\/\/agora.xtec.cat\/ies-carles-vallbona\/wp-json\/wp\/v2\/pages\/1455\/revisions"}],"predecessor-version":[{"id":6660,"href":"https:\/\/agora.xtec.cat\/ies-carles-vallbona\/wp-json\/wp\/v2\/pages\/1455\/revisions\/6660"}],"wp:attachment":[{"href":"https:\/\/agora.xtec.cat\/ies-carles-vallbona\/wp-json\/wp\/v2\/media?parent=1455"}],"curies":[{"name":"wp","href":"https:\/\/api.w.org\/{rel}","templated":true}]}}