{"id":1285,"date":"2023-02-11T18:56:54","date_gmt":"2023-02-11T17:56:54","guid":{"rendered":"https:\/\/agora.xtec.cat\/ies-carles-vallbona\/?page_id=1285"},"modified":"2026-03-25T22:53:20","modified_gmt":"2026-03-25T21:53:20","slug":"convalidacions","status":"publish","type":"page","link":"https:\/\/agora.xtec.cat\/ies-carles-vallbona\/convalidacions\/","title":{"rendered":"Convalidacions"},"content":{"rendered":"<header class=\"entry-header\">\n<h3 class=\"entry-title\"><\/h3>\n<\/header>\n<div class=\"entry-content\">\n<p>Per sol\u00b7licitar convalidacions la persona <strong>ha d\u2019estar matriculada en el cicle formatiu<\/strong>\u00a0d\u2019algun m\u00f2dul professional d\u2019un t\u00edtol LOE; per tant,\u00a0<strong>ha de disposar del requisit d\u2019acc\u00e9s.<\/strong><\/p>\n<p><strong>Per m\u00e9s informaci\u00f3:<\/strong><\/p>\n<p>Fitxes resum, basades en el RD del t\u00edtol LOE que podeu trobar a l\u2019adre\u00e7a:\u00a0<span style=\"color: #ff0000;\"><a style=\"color: #ff0000;\" href=\"http:\/\/www.xtec.cat\/web\/curriculum\/professionals\/fp\/titolsloe\" target=\"_blank\" rel=\"noopener\">http:\/\/www.xtec.cat\/web\/curriculum\/professionals\/fp\/titolsloe<\/a><\/span><\/p>\n<p><strong><u>Q\u00fcestions a tenir en compte<\/u><\/strong><\/p>\n<p><span style=\"font-family: arial, sans-serif;\">Els m\u00f2duls professionals i les mat\u00e8ries d&#8217;estudis universitaris oficials que hagin estat pr\u00e8viament convalidats, reconeguts\u00a0o superats per compensaci\u00f3, no podran ser aportats per sol\u00b7licitar la convalidaci\u00f3 d&#8217;altres m\u00f2duls professionals.\u00a0<\/span><\/p>\n<p><span style=\"font-family: arial, sans-serif;\">Els m\u00f2duls professionals de FOL i EIE que en la distribuci\u00f3 de la nova FP passen a ser <b>IPO1 i IPO2 seran convalidables amb FOL i EIE provinent de cicles LOE.<\/b><\/span><\/p>\n<p><span style=\"font-family: arial, sans-serif;\">Per l&#8217;<b>alumnat nou o repetidor de 1r<\/b> que es matricula al nou pla d&#8217;estudis, les <b><span class=\"il\">convalidacions<\/span><\/b>, seran per <b>m\u00f2dul professional complert<\/b>.\u00a0<\/span>Per tant, moltes <span class=\"il\">convalidacions<\/span> singulars en les que s&#8217;atorgava\u00a0alguna UF solta, ja no es podran sol\u00b7licitar.<\/p>\n<p><span style=\"font-family: arial, sans-serif;\">Tot l&#8217;<b>alumnat repetidor de 1r <\/b>ha de demanar la convalidaci\u00f3 dels m\u00f2duls aprovats aportant el certificat de notes del curs anterior i nom\u00e9s es convalidar\u00e0 si t\u00e9 <b>TOT el m\u00f2dul aprovat<\/b>.<\/span><\/p>\n<p><span style=\"font-family: arial, sans-serif;\">El m\u00f2dul professional de\u00a0<strong>Projecte<\/strong>, en t\u00edtols de grau superior, no \u00e9s objecte de convalidaci\u00f3.\u00a0<\/span><\/p>\n<div>\n<p><span style=\"font-family: arial, sans-serif;\">Les\u00a0<span class=\"il\">convalidacions<\/span>\u00a0entre estudis universitaris i de formaci\u00f3 professional es podran sol\u00b7licitar quan aquests \u00faltims pertanyin a l&#8217;<strong>espai europeu\u00a0de l&#8217;educaci\u00f3 superior<\/strong>. A m\u00e9s, el nombre de m\u00f2duls professionals dels cicles de grau superior convalidats no podr\u00e0 superar el 60% de la totalitat de cr\u00e8dits ECTS que estableix el Reial decret pel qual s&#8217;estableix el t\u00edtol de t\u00e8cnic o t\u00e8cnica superior i es fixen els aspectes b\u00e0sics del curr\u00edculum, sempre que s&#8217;aportin ensenyaments universitaris que estiguin relacionats amb el camp de coneixement i hi hagi similitud entre les compet\u00e8ncies, coneixements i resultats d&#8217;aprenentatge. \u00a0<\/span><\/p>\n<\/div>\n<div>\n<p><strong><span style=\"font-family: arial, sans-serif;\"><span class=\"il\">Convalidacions<\/span>\u00a0de les unitats formatives en llengua estrangera<\/span><\/strong><\/p>\n<p><span style=\"font-family: arial, sans-serif;\">El m\u00f2dul professional d&#8217;Angl\u00e8s o Llengua Estrangera, sempre que es tracti de la mateixa llengua, \u00e9s\u00a0objecte de convalidaci\u00f3 amb m\u00f2duls professionals o certificacions acad\u00e8miques oficials de nivell avan\u00e7at B2, per a cicles formatius de grau superior, de nivell intermedi B1 o superior, per a cicles formatius de grau mitj\u00e0, i titulacions universit\u00e0ries oficials en Filologia o Traducci\u00f3 i Interpretaci\u00f3, de la mateixa especialitat que la llengua estrangera que es desitja convalidar.\u00a0<\/span><\/p>\n<p><span style=\"font-family: arial, sans-serif;\">S\u2019aplica la\u00a0<a title=\"Ves al DOGC\" href=\"https:\/\/dogc.gencat.cat\/ca\/document-del-dogc\/?documentId=903200\" target=\"_blank\" rel=\"noopener\" data-saferedirecturl=\"https:\/\/www.google.com\/url?q=https:\/\/dogc.gencat.cat\/ca\/document-del-dogc\/?documentId%3D903200&amp;source=gmail&amp;ust=1733302306908000&amp;usg=AOvVaw1Iu6GhwP896TOF01hFURay\">Resoluci\u00f3\u00a0EDU\/1714\/2021<\/a>, de 3 de juny, d&#8217;actualitzaci\u00f3 de t\u00edtols, diplomes i certificats d&#8217;acreditaci\u00f3 de la compet\u00e8ncia en lleng\u00fces estrangeres en l&#8217;\u00e0mbit del Departament d&#8217;Educaci\u00f3, que estableix les equival\u00e8ncies de t\u00edtols.<\/span><\/p>\n<\/div>\n<div>\n<p><strong>PROTOCOL A SEGUIR PER DEMANAR LA CONVALIDACI\u00d3:<\/strong><\/p>\n<ul>\n<li><strong>Tutor\/a:<\/strong><br \/>\nAssessorar a l\u2019alumne\/a sobre les convalidacions que pot demanar en funci\u00f3 de les seves circumst\u00e0ncies.<br \/>\nRevisar la documentaci\u00f3 de l\u2019alumne\/a abans que la lliuri a la Secretaria del centre.<\/li>\n<li><strong>Alumne\/a:<\/strong>Aportar la documentaci\u00f3 necessaria (Original i fotoc\u00f2pia) segons la convalidaci\u00f3 que demana.<br \/>\nMostrar la documentaci\u00f3 al tutor\/a i lliurar-la a la Secretaria del Centre.<br \/>\n<strong>Horari de Secretaria: Matins de 10:30 a 13:00h. Tardes de 16:00 a 17:00h<\/strong><\/li>\n<\/ul>\n<\/div>\n<p><strong>Documentaci\u00f3 a aportar:<\/strong><br \/>\n<a href=\"https:\/\/agora.xtec.cat\/ies-carles-vallbona\/wp-content\/uploads\/usu2364\/2024\/12\/Sollicitud_Convalidacions.pdf\">Model d\u2019inst\u00e0ncia de sol\u00b7licitud de convalidaci\u00f3<\/a><br \/>\nModel d\u2019informe per demanar la convalidaci\u00f3 a DGFP Departament d\u2019Ensenyament (si \u00e9s el cas)<br \/>\nOriginal i fotoc\u00f2pia del certificat de qualificacions, programes de les mat\u00e8ries cursades, acreditaci\u00f3 oficial de nivell de llengua estrangera, etc.<\/p>\n<p>En tot cas, cal que es documenti tot all\u00f2 que motiva la petici\u00f3 de convalidaci\u00f3.<\/p>\n<p><strong>Terminis: <\/strong>Hi ha dos terminis per realitzar la sol\u00b7licitud.<\/p>\n<p>1r Termini: de l&#8217;1 al 31 d&#8217;octubre<\/p>\n<p>2n termini: de l&#8217;1 al 31 de mar\u00e7<\/p>\n<p><strong>Resoluci\u00f3<\/strong>: Es far\u00e0 arribar a l\u2019alumne\/a a trav\u00e9s del tutor\/a.<\/p>\n<\/div>\n","protected":false},"excerpt":{"rendered":"<p>Per sol\u00b7licitar convalidacions la persona ha d\u2019estar matriculada en el cicle formatiu\u00a0d\u2019algun m\u00f2dul professional d\u2019un t\u00edtol LOE; per tant,\u00a0ha de disposar del requisit d\u2019acc\u00e9s. Per m\u00e9s informaci\u00f3: Fitxes resum, basades en el RD del t\u00edtol LOE que podeu trobar a l\u2019adre\u00e7a:\u00a0http:\/\/www.xtec.cat\/web\/curriculum\/professionals\/fp\/titolsloe Q\u00fcestions a tenir en compte Els m\u00f2duls professionals i les mat\u00e8ries d&#8217;estudis universitaris oficials [&hellip;]<\/p>\n","protected":false},"author":1,"featured_media":0,"parent":0,"menu_order":0,"comment_status":"closed","ping_status":"closed","template":"","meta":{"_bbp_topic_count":0,"_bbp_reply_count":0,"_bbp_total_topic_count":0,"_bbp_total_reply_count":0,"_bbp_voice_count":0,"_bbp_anonymous_reply_count":0,"_bbp_topic_count_hidden":0,"_bbp_reply_count_hidden":0,"_bbp_forum_subforum_count":0,"site-sidebar-layout":"default","site-content-layout":"","ast-site-content-layout":"default","site-content-style":"default","site-sidebar-style":"default","ast-global-header-display":"","ast-banner-title-visibility":"","ast-main-header-display":"","ast-hfb-above-header-display":"","ast-hfb-below-header-display":"","ast-hfb-mobile-header-display":"","site-post-title":"","ast-breadcrumbs-content":"","ast-featured-img":"","footer-sml-layout":"","theme-transparent-header-meta":"","adv-header-id-meta":"","stick-header-meta":"","header-above-stick-meta":"","header-main-stick-meta":"","header-below-stick-meta":"","astra-migrate-meta-layouts":"set","ast-page-background-enabled":"default","ast-page-background-meta":{"desktop":{"background-color":"var(--ast-global-color-4)","background-image":"","background-repeat":"repeat","background-position":"center center","background-size":"auto","background-attachment":"scroll","background-type":"","background-media":"","overlay-type":"","overlay-color":"","overlay-opacity":"","overlay-gradient":""},"tablet":{"background-color":"","background-image":"","background-repeat":"repeat","background-position":"center center","background-size":"auto","background-attachment":"scroll","background-type":"","background-media":"","overlay-type":"","overlay-color":"","overlay-opacity":"","overlay-gradient":""},"mobile":{"background-color":"","background-image":"","background-repeat":"repeat","background-position":"center center","background-size":"auto","background-attachment":"scroll","background-type":"","background-media":"","overlay-type":"","overlay-color":"","overlay-opacity":"","overlay-gradient":""}},"ast-content-background-meta":{"desktop":{"background-color":"var(--ast-global-color-5)","background-image":"","background-repeat":"repeat","background-position":"center center","background-size":"auto","background-attachment":"scroll","background-type":"","background-media":"","overlay-type":"","overlay-color":"","overlay-opacity":"","overlay-gradient":""},"tablet":{"background-color":"var(--ast-global-color-5)","background-image":"","background-repeat":"repeat","background-position":"center center","background-size":"auto","background-attachment":"scroll","background-type":"","background-media":"","overlay-type":"","overlay-color":"","overlay-opacity":"","overlay-gradient":""},"mobile":{"background-color":"var(--ast-global-color-5)","background-image":"","background-repeat":"repeat","background-position":"center center","background-size":"auto","background-attachment":"scroll","background-type":"","background-media":"","overlay-type":"","overlay-color":"","overlay-opacity":"","overlay-gradient":""}},"footnotes":""},"class_list":["post-1285","page","type-page","status-publish","hentry"],"post_mailing_queue_ids":[],"_links":{"self":[{"href":"https:\/\/agora.xtec.cat\/ies-carles-vallbona\/wp-json\/wp\/v2\/pages\/1285","targetHints":{"allow":["GET"]}}],"collection":[{"href":"https:\/\/agora.xtec.cat\/ies-carles-vallbona\/wp-json\/wp\/v2\/pages"}],"about":[{"href":"https:\/\/agora.xtec.cat\/ies-carles-vallbona\/wp-json\/wp\/v2\/types\/page"}],"author":[{"embeddable":true,"href":"https:\/\/agora.xtec.cat\/ies-carles-vallbona\/wp-json\/wp\/v2\/users\/1"}],"replies":[{"embeddable":true,"href":"https:\/\/agora.xtec.cat\/ies-carles-vallbona\/wp-json\/wp\/v2\/comments?post=1285"}],"version-history":[{"count":6,"href":"https:\/\/agora.xtec.cat\/ies-carles-vallbona\/wp-json\/wp\/v2\/pages\/1285\/revisions"}],"predecessor-version":[{"id":6710,"href":"https:\/\/agora.xtec.cat\/ies-carles-vallbona\/wp-json\/wp\/v2\/pages\/1285\/revisions\/6710"}],"wp:attachment":[{"href":"https:\/\/agora.xtec.cat\/ies-carles-vallbona\/wp-json\/wp\/v2\/media?parent=1285"}],"curies":[{"name":"wp","href":"https:\/\/api.w.org\/{rel}","templated":true}]}}